{"id":14518,"date":"2018-08-22T11:01:09","date_gmt":"2018-08-22T09:01:09","guid":{"rendered":"https:\/\/www.msn.unipi.it\/?page_id=14518"},"modified":"2025-10-14T09:57:37","modified_gmt":"2025-10-14T07:57:37","slug":"documenti","status":"publish","type":"page","link":"https:\/\/www.msn.unipi.it\/it\/documenti\/","title":{"rendered":"Documenti"},"content":{"rendered":"<h4><strong><span class=\"lightviolet\">Regolamenti:<\/span><\/strong><\/h4>\n<ul>\n<li><a href=\"https:\/\/www.msn.unipi.it\/wp-content\/uploads\/2024\/08\/regolamento-MSN.pdf\" target=\"_blank\" rel=\"noopener\">Regolamento del Museo di Storia Naturale dell&#8217;Universit\u00e0 di Pisa<\/a><\/li>\n<\/ul>\n<hr class=\"clear\" \/>\n<h4><strong><span class=\"lightviolet\">Bilancio sociale del Museo<\/span><\/strong><\/h4>\n<p><a href=\"https:\/\/www.msn.unipi.it\/wp-content\/uploads\/2025\/07\/BILANCIO-SOCIALE-MUSEO-STORIA-NATURALE-UNIPI-2024.pdf\">Bilancio sociale del Museo 2024<\/a><\/p>\n<hr class=\"clear\" \/>\n<h4><strong><span class=\"lightviolet\">Relazioni annuali relative alle attivit\u00e0 del Museo:<\/span><\/strong><\/h4>\n<p><a href=\"https:\/\/www.msn.unipi.it\/wp-content\/uploads\/2025\/07\/Relazione-Attivita-Museo-di-Storia-Naturale-Universita-di-Pisa-2024.pdf\">Relazione annuale delle attivit\u00e0 del Museo anno 2024<\/a><br \/>\n<a href=\"https:\/\/www.msn.unipi.it\/wp-content\/uploads\/2024\/09\/Relazione-Attivita-Museo-di-Storia-Naturale-Universita-di-Pisa-2023.pdf\">Relazione annuale delle attivit\u00e0 del Museo anno 2023<\/a><br \/>\n<a href=\"https:\/\/www.msn.unipi.it\/wp-content\/uploads\/2023\/08\/Relazione-Attivita-Museo-di-Storia-Naturale-Universita-di-Pisa-2022-WEB.pdf\" target=\"_blank\" rel=\"noopener\">Relazione annuale delle attivit\u00e0 del Museo anno 2022<\/a><br \/>\n<a href=\"https:\/\/www.msn.unipi.it\/wp-content\/uploads\/2022\/08\/Relazione-Attivita-Museo-di-Storia-Naturale-Universita-di-Pisa-2021_web.pdf\">Relazione annuale delle attivit\u00e0 del Museo anno 2021<\/a><br \/>\n<a href=\"https:\/\/www.msn.unipi.it\/wp-content\/uploads\/2021\/08\/Relazione-Attivita-Museo-di-Storia-Naturale-Universita-di-Pisa-2020-web.pdf\" target=\"_blank\" rel=\"noopener\">Relazione annuale delle attivit\u00e0 del Museo anno 2020<\/a><br \/>\n<a href=\"https:\/\/www.msn.unipi.it\/wp-content\/uploads\/2020\/12\/Relazione-attivita-Museo-di-Storia-Naturale-Universita-di-Pisa-2019.pdf\">Relazione annuale delle attivit\u00e0 del Museo anno 2019<\/a><br \/>\n<a href=\"https:\/\/www.msn.unipi.it\/wp-content\/uploads\/2019\/11\/Relazione-Attivit\u00e0-Museo-di-Storia-Naturale-Universit\u00e0-di-Pisa-2018-WEB.pdf\" target=\"_blank\" rel=\"noopener noreferrer\">Relazione annuale delle attivit\u00e0 del Museo anno 2018<\/a><br \/>\n<a href=\"https:\/\/www.msn.unipi.it\/wp-content\/uploads\/2019\/03\/Relazione-attivit\u00e0-Museo-di-Storia-Naturale-2017-web.pdf\">Relazione annuale delle attivit\u00e0 del Museo anno 2017<\/a><br \/>\n<a href=\"https:\/\/www.msn.unipi.it\/wp-content\/uploads\/2018\/08\/RELAZIONE-MUSEO-DI-STORIA-NATURALE-2016-sito-web-1.pdf\" target=\"_blank\" rel=\"noopener noreferrer\">Relazione annuale delle attivit\u00e0 del Museo anno 2016<\/a><br \/>\n<a href=\"https:\/\/www.msn.unipi.it\/wp-content\/uploads\/2018\/08\/RELAZIONE-MUSEO-DI-STORIA-NATURALE-2015-sito-web.pdf\" target=\"_blank\" rel=\"noopener noreferrer\">Relazione annuale delle attivit\u00e0 del Museo anno 2015<\/a><\/p>\n<hr class=\"clear\" \/>\n<h4><strong><span class=\"lightviolet\">Relazioni annuali relative alla fruizione da parte dei visitatori:<\/span><\/strong><\/h4>\n<p><a href=\"https:\/\/www.msn.unipi.it\/wp-content\/uploads\/2025\/07\/RELAZIONE-CUSTOMER-SATISFACTION-2024.pdf\" target=\"_blank\" rel=\"noopener\">Analisi della fruizione dei visitatori del Museo anno 2024<\/a><br \/>\n<a href=\"https:\/\/www.msn.unipi.it\/wp-content\/uploads\/2025\/01\/RELAZIONE-CUSTOMER-SATISFACTION-2023_FG_PS.pdf\" target=\"_blank\" rel=\"noopener\">Analisi della fruizione dei visitatori del Museo anno 2023<\/a><br \/>\n<a href=\"https:\/\/www.msn.unipi.it\/wp-content\/uploads\/2023\/11\/RELAZIONE-CUSTOMER-SATISFACTION-2022.pdf\" target=\"_blank\" rel=\"noopener\">Analisi della fruizione dei visitatori del Museo anno 2022<\/a><br \/>\n<a href=\"https:\/\/www.msn.unipi.it\/wp-content\/uploads\/2022\/07\/RELAZIONE-CUSTOMER-SATISFACTION-2021.pdf\" target=\"_blank\" rel=\"noopener\">Analisi della fruizione dei visitatori del Museo anno 2021<\/a><br \/>\n<a href=\"https:\/\/www.msn.unipi.it\/wp-content\/uploads\/2021\/03\/RELAZIONE-CUSTOMER-SATISFACTION-2020.pdf\" target=\"_blank\" rel=\"noopener\">Analisi della fruizione dei visitatori del Museo anno 2020<\/a><br \/>\n<a href=\"https:\/\/www.msn.unipi.it\/wp-content\/uploads\/2020\/08\/ANALISI_CUSTOMER_SATISFACTION_MSN_UNIPI_2019.pdf\">Analisi della fruizione dei visitatori del Museo anno 2019<\/a><br \/>\n<a href=\"https:\/\/www.msn.unipi.it\/wp-content\/uploads\/2019\/03\/Analisi-fruizione-2018-.pdf\">Analisi della fruizione dei visitatori del Museo anno 2018<\/a><br \/>\n<a href=\"https:\/\/www.msn.unipi.it\/wp-content\/uploads\/2018\/08\/Analisi-fruizione-2017.pdf\" target=\"_blank\" rel=\"noopener noreferrer\">Analisi della fruizione dei visitatori del Museo anno 2017<\/a><\/p>\n<hr class=\"clear\" \/>\n<h4><strong><span class=\"lightviolet\">Relazioni annuali relative alle attivit\u00e0 dei Servizi Educativi del Museo:<\/span><\/strong><\/h4>\n<ul>\n<li><a href=\"https:\/\/www.msn.unipi.it\/wp-content\/uploads\/2025\/10\/REPORT-2024-25-def-Angela.pdf\" target=\"_blank\" rel=\"noopener\">Report attivit\u00e0 Servizi Educativi 2024-2025<\/a><\/li>\n<li><a href=\"https:\/\/www.msn.unipi.it\/wp-content\/uploads\/2024\/09\/REPORT-SERVIZI-EDUCATIVI-2023-24-PER-SITO-finale.pdf\" target=\"_blank\" rel=\"noopener\">Report attivit\u00e0 Servizi Educativi 2023-2024<\/a><\/li>\n<li><a href=\"https:\/\/www.msn.unipi.it\/wp-content\/uploads\/2024\/01\/REPORT-2022-23-servizi-di-educazione-e-mediazione.pdf\" target=\"_blank\" rel=\"noopener\">Report attivit\u00e0 Servizi Educativi 2022-2023<\/a><\/li>\n<li><a href=\"https:\/\/www.msn.unipi.it\/wp-content\/uploads\/2023\/04\/Report-attivita-Area-Educativa-a.s.-2021-2022.pdf\" target=\"_blank\" rel=\"noopener\">Report attivit\u00e0 Servizi Educativi 2021-2022<\/a><\/li>\n<li><a href=\"https:\/\/www.msn.unipi.it\/wp-content\/uploads\/2021\/12\/Report-Area-Educativa-2020-2021.pdf\" target=\"_blank\" rel=\"noopener\">Report attivit\u00e0 Servizi Educativi 2020-2021<\/a><\/li>\n<li><a href=\"https:\/\/www.msn.unipi.it\/wp-content\/uploads\/2020\/08\/Report-attivit\u00e0-Area-Educativa-a.s.-2019-2020-1.pdf\">Report attivit\u00e0 Servizi Educativi 2019-2020<\/a><\/li>\n<li><a href=\"https:\/\/www.msn.unipi.it\/wp-content\/uploads\/2019\/08\/Report-sulle-attivit\u00e0-dellArea-Educativa-a.s.-2018-2019.pdf\" target=\"_blank\" rel=\"noopener noreferrer\">Report attivit\u00e0 Servizi Educativi 2018-2019<\/a> &#8211;\u00a0<a href=\"https:\/\/www.powtoon.com\/c\/cq0w2rBNbVl\/1\/m\" target=\"_blank\" rel=\"noopener noreferrer\">Video-report sulle attivit\u00e0 Servizi Educativi 2018-2019<\/a><\/li>\n<li><a href=\"https:\/\/www.msn.unipi.it\/wp-content\/uploads\/2018\/07\/Report-sulle-attivit\u00e0-dei-servizi-Educativi-a.s.-2017-2018.pdf\" target=\"_blank\" rel=\"noopener noreferrer\">Report attivit\u00e0 Servizi Educativi 2017-2018<\/a><\/li>\n<li><a href=\"http:\/\/www.msn.unipi.it\/wp-content\/uploads\/2017\/09\/Report-2016-2017-per-sito.pdf\">Report attivit\u00e0 Servizi Educativi 2016-2017<\/a><\/li>\n<li><a href=\"http:\/\/www.msn.unipi.it\/wp-content\/uploads\/2016\/07\/Report-sulle-attivit\u00e0-dei-servizi-Educativi-a.s.-2015-2016-SITO-WEB.pdf\">Report attivit\u00e0 Servizi Educativi 2015-2016<\/a><\/li>\n<li><a href=\"http:\/\/www.msn.unipi.it\/wp-content\/uploads\/2015\/07\/Report-sulle-attivit\u00e0-dei-servizi-Educativi-a.s.-2014-2015.pdf\">Report attivit\u00e0 Servizi Educativi 2014-2015<\/a><\/li>\n<li><a href=\"http:\/\/www.msn.unipi.it\/wp-content\/uploads\/2014\/07\/BILANCIO-SERVIZI-EDUCATIVI-2013-2014-pdf.pdf\">Report attivit\u00e0 Servizi Educativi 2013-2014<\/a><\/li>\n<li><a href=\"http:\/\/www.msn.unipi.it\/wp-content\/uploads\/2013\/07\/Report-Servizi-Educativi-2012-2013-e-Programmazione-2013-2014.pdf\">Report attivit\u00e0 Servizi Educativi 2012-2013<\/a><\/li>\n<li><a href=\"http:\/\/www.msn.unipi.it\/wp-content\/uploads\/2012\/09\/Report-CEA-2011-2012.pdf\">Report attivit\u00e0 Servizi Educativi<\/a><a href=\"http:\/\/www.msn.unipi.it\/wp-content\/uploads\/2012\/09\/Report-CEA-2011-2012.pdf\"> 2011-2012<\/a><\/li>\n<li><a href=\"https:\/\/www.msn.unipi.it\/wp-content\/uploads\/2022\/12\/PRESENTAZIONE-DATI-CEA-2010-2011.ppt\">Report attivit\u00e0 Servizi Educativi 2010-2011<\/a><\/li>\n<li><a href=\"https:\/\/www.msn.unipi.it\/wp-content\/uploads\/2022\/12\/PRESENTAZIONE-DATI-CEA-2009-2010.ppt\" target=\"_blank\" rel=\"noopener\">Report attivit\u00e0 Servizi Educativi 2009-2010<\/a><\/li>\n<li><a href=\"https:\/\/www.msn.unipi.it\/wp-content\/uploads\/2022\/12\/PRESENTAZIONE-DATI-CEA-2007-2008.ppt\" target=\"_blank\" rel=\"noopener\">Report attivit\u00e0 Servizi Educativi 2007-2008<\/a><\/li>\n<li><\/li>\n<\/ul>\n<hr class=\"clear\" \/>\n<ul>\n<li><\/li>\n<\/ul>\n","protected":false},"excerpt":{"rendered":"<p>Regolamenti: Regolamento del Museo di Storia Naturale dell&#8217;Universit\u00e0 di Pisa Bilancio sociale del Museo Bilancio sociale del Museo 2024 Relazioni annuali relative alle attivit\u00e0 del Museo: Relazione annuale delle attivit\u00e0 del Museo anno 2024 Relazione annuale delle attivit\u00e0 del Museo anno 2023 Relazione annuale delle attivit\u00e0 del Museo anno 2022 Relazione annuale delle attivit\u00e0 del&nbsp; <a href=\"https:\/\/www.msn.unipi.it\/it\/documenti\/\">&hellip;  <i class=\"fa fa-chevron-right\"><\/i><\/a><\/p>\n","protected":false},"author":7,"featured_media":7520,"parent":0,"menu_order":0,"comment_status":"closed","ping_status":"closed","template":"","meta":{"footnotes":""},"class_list":["post-14518","page","type-page","status-publish","has-post-thumbnail","hentry"],"yoast_head":"<!-- This site is optimized with the Yoast SEO plugin v26.8 - https:\/\/yoast.com\/product\/yoast-seo-wordpress\/ -->\n<title>Documenti - Museo di Storia Naturale dell&#039;Universit\u00e0 di Pisa<\/title>\n<meta name=\"description\" content=\"Regolamenti: Regolamento del Museo di Storia Naturale dell&#039;Universit\u00e0 di Pisa Bilancio sociale del Museo Bilancio sociale del Museo 2024 Relazioni annuali\" \/>\n<meta name=\"robots\" content=\"index, follow, max-snippet:-1, max-image-preview:large, max-video-preview:-1\" \/>\n<link rel=\"canonical\" href=\"https:\/\/www.msn.unipi.it\/it\/documenti\/\" \/>\n<meta property=\"og:locale\" content=\"it_IT\" \/>\n<meta property=\"og:type\" content=\"article\" \/>\n<meta property=\"og:title\" content=\"Documenti - Museo di Storia Naturale dell&#039;Universit\u00e0 di Pisa\" \/>\n<meta property=\"og:description\" content=\"Regolamenti: Regolamento del Museo di Storia Naturale dell&#039;Universit\u00e0 di Pisa Bilancio sociale del Museo Bilancio sociale del Museo 2024 Relazioni annuali\" \/>\n<meta property=\"og:url\" content=\"https:\/\/www.msn.unipi.it\/it\/documenti\/\" \/>\n<meta property=\"og:site_name\" content=\"Museo di Storia Naturale dell&#039;Universit\u00e0 di Pisa\" \/>\n<meta property=\"article:publisher\" content=\"https:\/\/www.facebook.com\/Museo-di-Storia-Naturale-Universit%c3%a0-di-Pisa-277794215612108\/\" \/>\n<meta property=\"article:modified_time\" content=\"2025-10-14T07:57:37+00:00\" \/>\n<meta property=\"og:image\" content=\"https:\/\/www.msn.unipi.it\/wp-content\/uploads\/2011\/04\/ammoniteTG.jpg\" \/>\n\t<meta property=\"og:image:width\" content=\"2048\" \/>\n\t<meta property=\"og:image:height\" content=\"341\" \/>\n\t<meta property=\"og:image:type\" content=\"image\/jpeg\" \/>\n<meta name=\"twitter:card\" content=\"summary_large_image\" \/>\n<meta name=\"twitter:site\" content=\"@msncalci\" \/>\n<meta name=\"twitter:label1\" content=\"Tempo di lettura stimato\" \/>\n\t<meta name=\"twitter:data1\" content=\"2 minuti\" \/>\n<script type=\"application\/ld+json\" class=\"yoast-schema-graph\">{\"@context\":\"https:\/\/schema.org\",\"@graph\":[{\"@type\":\"WebPage\",\"@id\":\"https:\/\/www.msn.unipi.it\/it\/documenti\/\",\"url\":\"https:\/\/www.msn.unipi.it\/it\/documenti\/\",\"name\":\"Documenti - Museo di Storia Naturale dell&#039;Universit\u00e0 di Pisa\",\"isPartOf\":{\"@id\":\"https:\/\/www.msn.unipi.it\/it\/#website\"},\"primaryImageOfPage\":{\"@id\":\"https:\/\/www.msn.unipi.it\/it\/documenti\/#primaryimage\"},\"image\":{\"@id\":\"https:\/\/www.msn.unipi.it\/it\/documenti\/#primaryimage\"},\"thumbnailUrl\":\"https:\/\/www.msn.unipi.it\/wp-content\/uploads\/2011\/04\/ammoniteTG.jpg\",\"datePublished\":\"2018-08-22T09:01:09+00:00\",\"dateModified\":\"2025-10-14T07:57:37+00:00\",\"description\":\"Regolamenti: Regolamento del Museo di Storia Naturale dell'Universit\u00e0 di Pisa Bilancio sociale del Museo Bilancio sociale del Museo 2024 Relazioni annuali\",\"breadcrumb\":{\"@id\":\"https:\/\/www.msn.unipi.it\/it\/documenti\/#breadcrumb\"},\"inLanguage\":\"it-IT\",\"potentialAction\":[{\"@type\":\"ReadAction\",\"target\":[\"https:\/\/www.msn.unipi.it\/it\/documenti\/\"]}]},{\"@type\":\"ImageObject\",\"inLanguage\":\"it-IT\",\"@id\":\"https:\/\/www.msn.unipi.it\/it\/documenti\/#primaryimage\",\"url\":\"https:\/\/www.msn.unipi.it\/wp-content\/uploads\/2011\/04\/ammoniteTG.jpg\",\"contentUrl\":\"https:\/\/www.msn.unipi.it\/wp-content\/uploads\/2011\/04\/ammoniteTG.jpg\",\"width\":2048,\"height\":341},{\"@type\":\"BreadcrumbList\",\"@id\":\"https:\/\/www.msn.unipi.it\/it\/documenti\/#breadcrumb\",\"itemListElement\":[{\"@type\":\"ListItem\",\"position\":1,\"name\":\"Home\",\"item\":\"https:\/\/www.msn.unipi.it\/it\/\"},{\"@type\":\"ListItem\",\"position\":2,\"name\":\"Documenti\"}]},{\"@type\":\"WebSite\",\"@id\":\"https:\/\/www.msn.unipi.it\/it\/#website\",\"url\":\"https:\/\/www.msn.unipi.it\/it\/\",\"name\":\"Museo di Storia Naturale dell&#039;Universit\u00e0 di Pisa\",\"description\":\"\",\"publisher\":{\"@id\":\"https:\/\/www.msn.unipi.it\/it\/#organization\"},\"potentialAction\":[{\"@type\":\"SearchAction\",\"target\":{\"@type\":\"EntryPoint\",\"urlTemplate\":\"https:\/\/www.msn.unipi.it\/it\/?s={search_term_string}\"},\"query-input\":{\"@type\":\"PropertyValueSpecification\",\"valueRequired\":true,\"valueName\":\"search_term_string\"}}],\"inLanguage\":\"it-IT\"},{\"@type\":\"Organization\",\"@id\":\"https:\/\/www.msn.unipi.it\/it\/#organization\",\"name\":\"Museo di Storia Naturale dell'Universit\u00e0 di Pisa\",\"url\":\"https:\/\/www.msn.unipi.it\/it\/\",\"logo\":{\"@type\":\"ImageObject\",\"inLanguage\":\"it-IT\",\"@id\":\"https:\/\/www.msn.unipi.it\/it\/#\/schema\/logo\/image\/\",\"url\":\"https:\/\/www.msn.unipi.it\/wp-content\/uploads\/2016\/07\/footer-logo.png\",\"contentUrl\":\"https:\/\/www.msn.unipi.it\/wp-content\/uploads\/2016\/07\/footer-logo.png\",\"width\":220,\"height\":95,\"caption\":\"Museo di Storia Naturale dell'Universit\u00e0 di Pisa\"},\"image\":{\"@id\":\"https:\/\/www.msn.unipi.it\/it\/#\/schema\/logo\/image\/\"},\"sameAs\":[\"https:\/\/www.facebook.com\/Museo-di-Storia-Naturale-Universit\u00e0-di-Pisa-277794215612108\/\",\"https:\/\/x.com\/msncalci\",\"https:\/\/www.instagram.com\/museostorianaturale_calci\/\",\"https:\/\/www.youtube.com\/channel\/UCDaMBe_RegmdCnxLPmryMxw\"]}]}<\/script>\n<!-- \/ Yoast SEO plugin. -->","yoast_head_json":{"title":"Documenti - Museo di Storia Naturale dell&#039;Universit\u00e0 di Pisa","description":"Regolamenti: Regolamento del Museo di Storia Naturale dell'Universit\u00e0 di Pisa Bilancio sociale del Museo Bilancio sociale del Museo 2024 Relazioni annuali","robots":{"index":"index","follow":"follow","max-snippet":"max-snippet:-1","max-image-preview":"max-image-preview:large","max-video-preview":"max-video-preview:-1"},"canonical":"https:\/\/www.msn.unipi.it\/it\/documenti\/","og_locale":"it_IT","og_type":"article","og_title":"Documenti - Museo di Storia Naturale dell&#039;Universit\u00e0 di Pisa","og_description":"Regolamenti: Regolamento del Museo di Storia Naturale dell'Universit\u00e0 di Pisa Bilancio sociale del Museo Bilancio sociale del Museo 2024 Relazioni annuali","og_url":"https:\/\/www.msn.unipi.it\/it\/documenti\/","og_site_name":"Museo di Storia Naturale dell&#039;Universit\u00e0 di Pisa","article_publisher":"https:\/\/www.facebook.com\/Museo-di-Storia-Naturale-Universit%c3%a0-di-Pisa-277794215612108\/","article_modified_time":"2025-10-14T07:57:37+00:00","og_image":[{"width":2048,"height":341,"url":"https:\/\/www.msn.unipi.it\/wp-content\/uploads\/2011\/04\/ammoniteTG.jpg","type":"image\/jpeg"}],"twitter_card":"summary_large_image","twitter_site":"@msncalci","twitter_misc":{"Tempo di lettura stimato":"2 minuti"},"schema":{"@context":"https:\/\/schema.org","@graph":[{"@type":"WebPage","@id":"https:\/\/www.msn.unipi.it\/it\/documenti\/","url":"https:\/\/www.msn.unipi.it\/it\/documenti\/","name":"Documenti - Museo di Storia Naturale dell&#039;Universit\u00e0 di Pisa","isPartOf":{"@id":"https:\/\/www.msn.unipi.it\/it\/#website"},"primaryImageOfPage":{"@id":"https:\/\/www.msn.unipi.it\/it\/documenti\/#primaryimage"},"image":{"@id":"https:\/\/www.msn.unipi.it\/it\/documenti\/#primaryimage"},"thumbnailUrl":"https:\/\/www.msn.unipi.it\/wp-content\/uploads\/2011\/04\/ammoniteTG.jpg","datePublished":"2018-08-22T09:01:09+00:00","dateModified":"2025-10-14T07:57:37+00:00","description":"Regolamenti: Regolamento del Museo di Storia Naturale dell'Universit\u00e0 di Pisa Bilancio sociale del Museo Bilancio sociale del Museo 2024 Relazioni annuali","breadcrumb":{"@id":"https:\/\/www.msn.unipi.it\/it\/documenti\/#breadcrumb"},"inLanguage":"it-IT","potentialAction":[{"@type":"ReadAction","target":["https:\/\/www.msn.unipi.it\/it\/documenti\/"]}]},{"@type":"ImageObject","inLanguage":"it-IT","@id":"https:\/\/www.msn.unipi.it\/it\/documenti\/#primaryimage","url":"https:\/\/www.msn.unipi.it\/wp-content\/uploads\/2011\/04\/ammoniteTG.jpg","contentUrl":"https:\/\/www.msn.unipi.it\/wp-content\/uploads\/2011\/04\/ammoniteTG.jpg","width":2048,"height":341},{"@type":"BreadcrumbList","@id":"https:\/\/www.msn.unipi.it\/it\/documenti\/#breadcrumb","itemListElement":[{"@type":"ListItem","position":1,"name":"Home","item":"https:\/\/www.msn.unipi.it\/it\/"},{"@type":"ListItem","position":2,"name":"Documenti"}]},{"@type":"WebSite","@id":"https:\/\/www.msn.unipi.it\/it\/#website","url":"https:\/\/www.msn.unipi.it\/it\/","name":"Museo di Storia Naturale dell&#039;Universit\u00e0 di Pisa","description":"","publisher":{"@id":"https:\/\/www.msn.unipi.it\/it\/#organization"},"potentialAction":[{"@type":"SearchAction","target":{"@type":"EntryPoint","urlTemplate":"https:\/\/www.msn.unipi.it\/it\/?s={search_term_string}"},"query-input":{"@type":"PropertyValueSpecification","valueRequired":true,"valueName":"search_term_string"}}],"inLanguage":"it-IT"},{"@type":"Organization","@id":"https:\/\/www.msn.unipi.it\/it\/#organization","name":"Museo di Storia Naturale dell'Universit\u00e0 di Pisa","url":"https:\/\/www.msn.unipi.it\/it\/","logo":{"@type":"ImageObject","inLanguage":"it-IT","@id":"https:\/\/www.msn.unipi.it\/it\/#\/schema\/logo\/image\/","url":"https:\/\/www.msn.unipi.it\/wp-content\/uploads\/2016\/07\/footer-logo.png","contentUrl":"https:\/\/www.msn.unipi.it\/wp-content\/uploads\/2016\/07\/footer-logo.png","width":220,"height":95,"caption":"Museo di Storia Naturale dell'Universit\u00e0 di Pisa"},"image":{"@id":"https:\/\/www.msn.unipi.it\/it\/#\/schema\/logo\/image\/"},"sameAs":["https:\/\/www.facebook.com\/Museo-di-Storia-Naturale-Universit\u00e0-di-Pisa-277794215612108\/","https:\/\/x.com\/msncalci","https:\/\/www.instagram.com\/museostorianaturale_calci\/","https:\/\/www.youtube.com\/channel\/UCDaMBe_RegmdCnxLPmryMxw"]}]}},"jetpack_sharing_enabled":true,"_links":{"self":[{"href":"https:\/\/www.msn.unipi.it\/it\/wp-json\/wp\/v2\/pages\/14518","targetHints":{"allow":["GET"]}}],"collection":[{"href":"https:\/\/www.msn.unipi.it\/it\/wp-json\/wp\/v2\/pages"}],"about":[{"href":"https:\/\/www.msn.unipi.it\/it\/wp-json\/wp\/v2\/types\/page"}],"author":[{"embeddable":true,"href":"https:\/\/www.msn.unipi.it\/it\/wp-json\/wp\/v2\/users\/7"}],"replies":[{"embeddable":true,"href":"https:\/\/www.msn.unipi.it\/it\/wp-json\/wp\/v2\/comments?post=14518"}],"version-history":[{"count":11,"href":"https:\/\/www.msn.unipi.it\/it\/wp-json\/wp\/v2\/pages\/14518\/revisions"}],"predecessor-version":[{"id":31436,"href":"https:\/\/www.msn.unipi.it\/it\/wp-json\/wp\/v2\/pages\/14518\/revisions\/31436"}],"wp:featuredmedia":[{"embeddable":true,"href":"https:\/\/www.msn.unipi.it\/it\/wp-json\/wp\/v2\/media\/7520"}],"wp:attachment":[{"href":"https:\/\/www.msn.unipi.it\/it\/wp-json\/wp\/v2\/media?parent=14518"}],"curies":[{"name":"wp","href":"https:\/\/api.w.org\/{rel}","templated":true}]}}