{"id":16083,"date":"2019-02-25T12:39:22","date_gmt":"2019-02-25T11:39:22","guid":{"rendered":"https:\/\/www.msn.unipi.it\/?page_id=16083"},"modified":"2025-08-20T12:04:00","modified_gmt":"2025-08-20T10:04:00","slug":"offerta-educativa","status":"publish","type":"page","link":"https:\/\/www.msn.unipi.it\/it\/educazione\/scuola\/offerta-educativa\/","title":{"rendered":"Offerta educativa 2025-2026"},"content":{"rendered":"<p>\u201cUn Museo da Scoprire\u201d \u00e8 il programma di attivit\u00e0 educative e culturali che il Museo offre alle scuole avvalendosi di una esperienza di oltre 30 anni di attivit\u00e0 didattiche e di divulgazione scientifica.<\/p>\n<p>Le attivit\u00e0 e i laboratori proposti intendono avvicinare gli studenti e le studentesse al mondo naturale con particolare attenzione alle problematiche ad esso legate, e con l\u2019obiettivo di sensibilizzare all\u2019importanza della salvaguardia della natura e delle sue preziose specie.<\/p>\n<p><a href=\"https:\/\/www.msn.unipi.it\/wp-content\/uploads\/2025\/07\/Offerta-Educativa-25-26.pdf\" target=\"_blank\" rel=\"noopener\"><strong>Scarica la brochure in formato pdf<\/strong><\/a><\/p>\n<div class=\"_3d-flip-book  fb3d-fullscreen-mode full-size\" data-id=\"31112\" data-mode=\"fullscreen\" data-title=\"false\" data-template=\"short-white-book-view\" data-lightbox=\"dark-shadow\" data-urlparam=\"fb3d-page\" data-page-n=\"0\" data-pdf=\"\" data-tax=\"null\" data-thumbnail=\"\" data-cols=\"3\" data-book-template=\"default\" data-trigger=\"\"><\/div><script type=\"text\/javascript\">window.FB3D_CLIENT_DATA = window.FB3D_CLIENT_DATA || [];FB3D_CLIENT_DATA.push('eyJwb3N0cyI6eyIzMTExMiI6eyJJRCI6MzExMTIsInRpdGxlIjoiQnJvY2h1cmUgMjAyNSIsInR5cGUiOiJwZGYiLCJyZWFkeV9mdW5jdGlvbiI6IiIsImJvb2tfc3R5bGUiOiJmbGF0IiwiYm9va190ZW1wbGF0ZSI6Im5vbmUiLCJvdXRsaW5lIjpbXSwiZGF0YSI6eyJwb3N0X0lEIjoiMzExMTMiLCJndWlkIjoiaHR0cHM6XC9cL3d3dy5tc24udW5pcGkuaXRcL3dwLWNvbnRlbnRcL3VwbG9hZHNcLzIwMjVcLzA4XC9Ccm9jaHVyZTI1LTI2LnBkZiIsInBkZl9wYWdlcyI6IjE2IiwicGFnZXNfY3VzdG9taXphdGlvbiI6Im5vbmUifSwidGh1bWJuYWlsIjp7ImRhdGEiOnsicG9zdF9JRCI6IjAifSwidHlwZSI6ImF1dG8ifSwicHJvcHMiOnsiYmFja2dyb3VuZENvbG9yIjoiYXV0byIsImJhY2tncm91bmRJbWFnZSI6ImF1dG8iLCJiYWNrZ3JvdW5kU3R5bGUiOiJhdXRvIiwiaGlnaGxpZ2h0TGlua3MiOiJhdXRvIiwibGlnaHRpbmciOiJhdXRvIiwic2luZ2xlUGFnZU1vZGUiOiJhdXRvIiwiY2FjaGVkUGFnZXMiOiJhdXRvIiwicmVuZGVySW5hY3RpdmVQYWdlcyI6ImF1dG8iLCJyZW5kZXJJbmFjdGl2ZVBhZ2VzT25Nb2JpbGUiOiJhdXRvIiwicmVuZGVyV2hpbGVGbGlwcGluZyI6ImF1dG8iLCJwcmVsb2FkUGFnZXMiOiJhdXRvIiwiYXV0b1BsYXlEdXJhdGlvbiI6ImF1dG8iLCJydGwiOiJhdXRvIiwiaW50ZXJhY3RpdmVDb3JuZXJzIjoiYXV0byIsIm1heERlcHRoIjoiYXV0byIsInNoZWV0Ijp7InN0YXJ0VmVsb2NpdHkiOiJhdXRvIiwid2F2ZSI6ImF1dG8iLCJzaGFwZSI6ImF1dG8iLCJ3aWR0aFRleGVscyI6ImF1dG8iLCJjb2xvciI6ImF1dG8iLCJzaWRlIjoiYXV0byIsInN0cmV0Y2hJbWFnZXMiOiJhdXRvIiwiY29ybmVyRGV2aWF0aW9uIjoiYXV0byIsImZsZXhpYmlsaXR5IjoiYXV0byIsImZsZXhpYmxlQ29ybmVyIjoiYXV0byIsImJlbmRpbmciOiJhdXRvIiwiaGVpZ2h0VGV4ZWxzIjoiYXV0byJ9LCJjb3ZlciI6eyJ3YXZlIjoiYXV0byIsImNvbG9yIjoiYXV0byIsInNpZGUiOiJhdXRvIiwic3RyZXRjaEltYWdlcyI6ImF1dG8iLCJiaW5kZXJUZXh0dXJlIjoiYXV0byIsImRlcHRoIjoiYXV0byIsInBhZGRpbmciOiJhdXRvIiwic3RhcnRWZWxvY2l0eSI6ImF1dG8iLCJmbGV4aWJpbGl0eSI6ImF1dG8iLCJmbGV4aWJsZUNvcm5lciI6ImF1dG8iLCJiZW5kaW5nIjoiYXV0byIsIndpZHRoVGV4ZWxzIjoiYXV0byIsImhlaWdodFRleGVscyI6ImF1dG8iLCJtYXNzIjoiYXV0byIsInNoYXBlIjoiYXV0byJ9LCJwYWdlIjp7IndhdmUiOiJhdXRvIiwiY29sb3IiOiJhdXRvIiwic2lkZSI6ImF1dG8iLCJzdHJldGNoSW1hZ2VzIjoiYXV0byIsImRlcHRoIjoiYXV0byIsInN0YXJ0VmVsb2NpdHkiOiJhdXRvIiwiZmxleGliaWxpdHkiOiJhdXRvIiwiZmxleGlibGVDb3JuZXIiOiJhdXRvIiwiYmVuZGluZyI6ImF1dG8iLCJ3aWR0aFRleGVscyI6ImF1dG8iLCJoZWlnaHRUZXhlbHMiOiJhdXRvIiwibWFzcyI6ImF1dG8iLCJzaGFwZSI6ImF1dG8ifSwiaGVpZ2h0IjoiYXV0byIsIndpZHRoIjoiYXV0byIsImdyYXZpdHkiOiJhdXRvIiwicGFnZXNGb3JQcmVkaWN0aW5nIjoiYXV0byJ9LCJjb250cm9sUHJvcHMiOnsiYWN0aW9ucyI6eyJjbWRUb2MiOnsiZW5hYmxlZCI6ImF1dG8iLCJlbmFibGVkSW5OYXJyb3ciOiJhdXRvIiwiYWN0aXZlIjoiYXV0byIsImRlZmF1bHRUYWIiOiJhdXRvIn0sImNtZEF1dG9QbGF5Ijp7ImVuYWJsZWQiOiJhdXRvIiwiZW5hYmxlZEluTmFycm93IjoiYXV0byIsImFjdGl2ZSI6ImF1dG8ifSwiY21kU2F2ZSI6eyJlbmFibGVkIjoiYXV0byIsImVuYWJsZWRJbk5hcnJvdyI6ImF1dG8ifSwiY21kUHJpbnQiOnsiZW5hYmxlZCI6ImF1dG8iLCJlbmFibGVkSW5OYXJyb3ciOiJhdXRvIn0sImNtZFNpbmdsZVBhZ2UiOnsiZW5hYmxlZCI6ImF1dG8iLCJlbmFibGVkSW5OYXJyb3ciOiJhdXRvIiwiYWN0aXZlIjoiYXV0byIsImFjdGl2ZUZvck1vYmlsZSI6ImF1dG8ifSwid2lkVG9vbGJhciI6eyJlbmFibGVkIjoiYXV0byIsImVuYWJsZWRJbk5hcnJvdyI6ImF1dG8ifX19LCJhdXRvVGh1bWJuYWlsIjoiaHR0cHM6XC9cL3d3dy5tc24udW5pcGkuaXRcL3dwLWNvbnRlbnRcL3VwbG9hZHNcLzNkLWZsaXAtYm9va1wvYXV0by10aHVtYm5haWxzXC8zMTExMi5wbmciLCJwb3N0X25hbWUiOiJicm9jaHVyZS0yMDI1IiwicG9zdF90eXBlIjoiM2QtZmxpcC1ib29rIn19LCJwYWdlcyI6W10sImZpcnN0UGFnZXMiOltdfQ==');window.FB3D_CLIENT_LOCALE && FB3D_CLIENT_LOCALE.render && FB3D_CLIENT_LOCALE.render();<\/script>\n<p>&nbsp;<\/p>\n<hr class=\"clear\" \/>\n<div class=\"blockpost clearfix\">\n<p><img loading=\"lazy\" decoding=\"async\" class=\"alignnone wp-image-24977 size-thumbnail\" src=\"https:\/\/www.msn.unipi.it\/wp-content\/uploads\/2022\/10\/giraffa-dormigliona-2-150x150.jpg\" alt=\"\" width=\"150\" height=\"150\" srcset=\"https:\/\/www.msn.unipi.it\/wp-content\/uploads\/2022\/10\/giraffa-dormigliona-2-150x150.jpg 150w, https:\/\/www.msn.unipi.it\/wp-content\/uploads\/2022\/10\/giraffa-dormigliona-2-450x450.jpg 450w, https:\/\/www.msn.unipi.it\/wp-content\/uploads\/2022\/10\/giraffa-dormigliona-2.jpg 709w\" sizes=\"auto, (max-width: 150px) 100vw, 150px\" \/><\/p>\n<h4><a href=\"https:\/\/www.msn.unipi.it\/it\/educazione\/scuola\/offerta-educativa\/attivita-infanzia\/\" target=\"_blank\" rel=\"noopener noreferrer\">Infanzia<\/a><\/h4>\n\n<\/div>\n<hr \/>\n<div class=\"blockpost clearfix\">\n<p><img loading=\"lazy\" decoding=\"async\" class=\"alignnone wp-image-25085 size-thumbnail\" src=\"https:\/\/www.msn.unipi.it\/wp-content\/uploads\/2022\/10\/upupa-copertina-CMYK-2-150x150.jpg\" alt=\"\" width=\"150\" height=\"150\" srcset=\"https:\/\/www.msn.unipi.it\/wp-content\/uploads\/2022\/10\/upupa-copertina-CMYK-2-150x150.jpg 150w, https:\/\/www.msn.unipi.it\/wp-content\/uploads\/2022\/10\/upupa-copertina-CMYK-2-450x450.jpg 450w, https:\/\/www.msn.unipi.it\/wp-content\/uploads\/2022\/10\/upupa-copertina-CMYK-2-800x800.jpg 800w, https:\/\/www.msn.unipi.it\/wp-content\/uploads\/2022\/10\/upupa-copertina-CMYK-2-768x768.jpg 768w, https:\/\/www.msn.unipi.it\/wp-content\/uploads\/2022\/10\/upupa-copertina-CMYK-2-1536x1536.jpg 1536w, https:\/\/www.msn.unipi.it\/wp-content\/uploads\/2022\/10\/upupa-copertina-CMYK-2.jpg 2048w\" sizes=\"auto, (max-width: 150px) 100vw, 150px\" \/><\/p>\n<h4>Primaria<\/h4>\n<p><a href=\"https:\/\/www.msn.unipi.it\/it\/educazione\/scuola\/offerta-educativa\/attivita-per-le-classi-1-e-2\/\" target=\"_blank\" rel=\"noopener noreferrer\"><strong>ATTIVIT\u00c0 \u00a0per le classi I e II della primaria<\/strong><\/a><br \/>\n<a href=\"https:\/\/www.msn.unipi.it\/it\/educazione\/scuola\/offerta-educativa\/attivita-per-le-classi-3-4-e-5\/\" target=\"_blank\" rel=\"noopener noreferrer\"><strong>ATTIVIT\u00c0 \u00a0per le classi III, IV e V della primaria<\/strong><\/a><\/p>\n\n<\/div>\n<hr \/>\n<div class=\"blockpost clearfix\">\n<p><img loading=\"lazy\" decoding=\"async\" class=\"alignnone wp-image-24988 size-thumbnail\" src=\"https:\/\/www.msn.unipi.it\/wp-content\/uploads\/2022\/10\/giraffa-con-zaino-pinocchio-150x150.jpg\" alt=\"\" width=\"150\" height=\"150\" srcset=\"https:\/\/www.msn.unipi.it\/wp-content\/uploads\/2022\/10\/giraffa-con-zaino-pinocchio-150x150.jpg 150w, https:\/\/www.msn.unipi.it\/wp-content\/uploads\/2022\/10\/giraffa-con-zaino-pinocchio-450x450.jpg 450w, https:\/\/www.msn.unipi.it\/wp-content\/uploads\/2022\/10\/giraffa-con-zaino-pinocchio.jpg 709w\" sizes=\"auto, (max-width: 150px) 100vw, 150px\" \/><\/p>\n<h4><a href=\"https:\/\/www.msn.unipi.it\/it\/educazione\/scuola\/offerta-educativa\/attivita-secondaria\/\" target=\"_blank\" rel=\"noopener noreferrer\">Secondaria di primo grado<\/a><\/h4>\n\n<\/div>\n<hr \/>\n<div class=\"blockpost clearfix\">\n<p><img loading=\"lazy\" decoding=\"async\" class=\"alignnone size-full wp-image-30923\" src=\"https:\/\/www.msn.unipi.it\/wp-content\/uploads\/2025\/07\/elefante-secondaria-2-1.jpg\" alt=\"\" width=\"150\" height=\"150\" \/><\/p>\n<h4><a href=\"https:\/\/www.msn.unipi.it\/it\/educazione\/scuola\/offerta-educativa\/attivita-secondaria-di-secondo-grado\/\" target=\"_blank\" rel=\"noopener noreferrer\">Secondaria di secondo grado<\/a><\/h4>\n\n<\/div>\n<hr \/>\n<div class=\"blockpost clearfix\">\n<p><img loading=\"lazy\" decoding=\"async\" class=\"alignnone wp-image-24993 size-thumbnail\" src=\"https:\/\/www.msn.unipi.it\/wp-content\/uploads\/2022\/10\/visite-guidate-150x150.jpg\" alt=\"\" width=\"150\" height=\"150\" srcset=\"https:\/\/www.msn.unipi.it\/wp-content\/uploads\/2022\/10\/visite-guidate-150x150.jpg 150w, https:\/\/www.msn.unipi.it\/wp-content\/uploads\/2022\/10\/visite-guidate-450x450.jpg 450w, https:\/\/www.msn.unipi.it\/wp-content\/uploads\/2022\/10\/visite-guidate.jpg 709w\" sizes=\"auto, (max-width: 150px) 100vw, 150px\" \/><\/p>\n<h4><a href=\"https:\/\/www.msn.unipi.it\/it\/educazione\/scuola\/offerta-educativa\/visite-guidate\/\" target=\"_blank\" rel=\"noopener noreferrer\">Visite guidate<\/a><\/h4>\n\n<\/div>\n<hr \/>\n<div class=\"blockpost clearfix\">\n<p><img loading=\"lazy\" decoding=\"async\" class=\"alignnone wp-image-24995 size-thumbnail\" src=\"https:\/\/www.msn.unipi.it\/wp-content\/uploads\/2022\/10\/escursioni-150x150.jpg\" alt=\"\" width=\"150\" height=\"150\" srcset=\"https:\/\/www.msn.unipi.it\/wp-content\/uploads\/2022\/10\/escursioni-150x150.jpg 150w, https:\/\/www.msn.unipi.it\/wp-content\/uploads\/2022\/10\/escursioni-450x450.jpg 450w, https:\/\/www.msn.unipi.it\/wp-content\/uploads\/2022\/10\/escursioni.jpg 703w\" sizes=\"auto, (max-width: 150px) 100vw, 150px\" \/><\/p>\n<h4><a href=\"https:\/\/www.msn.unipi.it\/it\/educazione\/scuola\/offerta-educativa\/escursioni\/\" target=\"_blank\" rel=\"noopener noreferrer\">Escursioni<\/a><\/h4>\n\n<\/div>\n<hr \/>\n","protected":false},"excerpt":{"rendered":"<p>\u201cUn Museo da Scoprire\u201d \u00e8 il programma di attivit\u00e0 educative e culturali che il Museo offre alle scuole avvalendosi di una esperienza di oltre 30 anni di attivit\u00e0 didattiche e di divulgazione scientifica. Le attivit\u00e0 e i laboratori proposti intendono avvicinare gli studenti e le studentesse al mondo naturale con particolare attenzione alle problematiche ad&nbsp; <a href=\"https:\/\/www.msn.unipi.it\/it\/educazione\/scuola\/offerta-educativa\/\">&hellip;  <i class=\"fa fa-chevron-right\"><\/i><\/a><\/p>\n","protected":false},"author":8,"featured_media":7525,"parent":16068,"menu_order":0,"comment_status":"closed","ping_status":"closed","template":"","meta":{"footnotes":""},"class_list":["post-16083","page","type-page","status-publish","has-post-thumbnail","hentry"],"yoast_head":"<!-- This site is optimized with the Yoast SEO plugin v26.8 - https:\/\/yoast.com\/product\/yoast-seo-wordpress\/ -->\n<title>Offerta educativa 2025-2026 - Museo di Storia Naturale dell&#039;Universit\u00e0 di Pisa<\/title>\n<meta name=\"description\" content=\"\u201cUn Museo da Scoprire\u201d \u00e8 il programma di attivit\u00e0 educative e culturali che il Museo offre alle scuole avvalendosi di una esperienza di oltre 30 anni di\" \/>\n<meta name=\"robots\" content=\"index, follow, max-snippet:-1, max-image-preview:large, max-video-preview:-1\" \/>\n<link rel=\"canonical\" href=\"https:\/\/www.msn.unipi.it\/it\/educazione\/scuola\/offerta-educativa\/\" \/>\n<meta property=\"og:locale\" content=\"it_IT\" \/>\n<meta property=\"og:type\" content=\"article\" \/>\n<meta property=\"og:title\" content=\"Offerta educativa 2025-2026 - Museo di Storia Naturale dell&#039;Universit\u00e0 di Pisa\" \/>\n<meta property=\"og:description\" content=\"\u201cUn Museo da Scoprire\u201d \u00e8 il programma di attivit\u00e0 educative e culturali che il Museo offre alle scuole avvalendosi di una esperienza di oltre 30 anni di\" \/>\n<meta property=\"og:url\" content=\"https:\/\/www.msn.unipi.it\/it\/educazione\/scuola\/offerta-educativa\/\" \/>\n<meta property=\"og:site_name\" content=\"Museo di Storia Naturale dell&#039;Universit\u00e0 di Pisa\" \/>\n<meta property=\"article:publisher\" content=\"https:\/\/www.facebook.com\/Museo-di-Storia-Naturale-Universit%c3%a0-di-Pisa-277794215612108\/\" \/>\n<meta property=\"article:modified_time\" content=\"2025-08-20T10:04:00+00:00\" \/>\n<meta property=\"og:image\" content=\"https:\/\/www.msn.unipi.it\/wp-content\/uploads\/2011\/04\/madreporaTG.jpg\" \/>\n\t<meta property=\"og:image:width\" content=\"2048\" \/>\n\t<meta property=\"og:image:height\" content=\"342\" \/>\n\t<meta property=\"og:image:type\" content=\"image\/jpeg\" \/>\n<meta name=\"twitter:card\" content=\"summary_large_image\" \/>\n<meta name=\"twitter:site\" content=\"@msncalci\" \/>\n<meta name=\"twitter:label1\" content=\"Tempo di lettura stimato\" \/>\n\t<meta name=\"twitter:data1\" content=\"3 minuti\" \/>\n<script type=\"application\/ld+json\" class=\"yoast-schema-graph\">{\"@context\":\"https:\/\/schema.org\",\"@graph\":[{\"@type\":\"WebPage\",\"@id\":\"https:\/\/www.msn.unipi.it\/it\/educazione\/scuola\/offerta-educativa\/\",\"url\":\"https:\/\/www.msn.unipi.it\/it\/educazione\/scuola\/offerta-educativa\/\",\"name\":\"Offerta educativa 2025-2026 - Museo di Storia Naturale dell&#039;Universit\u00e0 di Pisa\",\"isPartOf\":{\"@id\":\"https:\/\/www.msn.unipi.it\/it\/#website\"},\"primaryImageOfPage\":{\"@id\":\"https:\/\/www.msn.unipi.it\/it\/educazione\/scuola\/offerta-educativa\/#primaryimage\"},\"image\":{\"@id\":\"https:\/\/www.msn.unipi.it\/it\/educazione\/scuola\/offerta-educativa\/#primaryimage\"},\"thumbnailUrl\":\"https:\/\/www.msn.unipi.it\/wp-content\/uploads\/2011\/04\/madreporaTG.jpg\",\"datePublished\":\"2019-02-25T11:39:22+00:00\",\"dateModified\":\"2025-08-20T10:04:00+00:00\",\"description\":\"\u201cUn Museo da Scoprire\u201d \u00e8 il programma di attivit\u00e0 educative e culturali che il Museo offre alle scuole avvalendosi di una esperienza di oltre 30 anni di\",\"breadcrumb\":{\"@id\":\"https:\/\/www.msn.unipi.it\/it\/educazione\/scuola\/offerta-educativa\/#breadcrumb\"},\"inLanguage\":\"it-IT\",\"potentialAction\":[{\"@type\":\"ReadAction\",\"target\":[\"https:\/\/www.msn.unipi.it\/it\/educazione\/scuola\/offerta-educativa\/\"]}]},{\"@type\":\"ImageObject\",\"inLanguage\":\"it-IT\",\"@id\":\"https:\/\/www.msn.unipi.it\/it\/educazione\/scuola\/offerta-educativa\/#primaryimage\",\"url\":\"https:\/\/www.msn.unipi.it\/wp-content\/uploads\/2011\/04\/madreporaTG.jpg\",\"contentUrl\":\"https:\/\/www.msn.unipi.it\/wp-content\/uploads\/2011\/04\/madreporaTG.jpg\",\"width\":2048,\"height\":342},{\"@type\":\"BreadcrumbList\",\"@id\":\"https:\/\/www.msn.unipi.it\/it\/educazione\/scuola\/offerta-educativa\/#breadcrumb\",\"itemListElement\":[{\"@type\":\"ListItem\",\"position\":1,\"name\":\"Home\",\"item\":\"https:\/\/www.msn.unipi.it\/it\/\"},{\"@type\":\"ListItem\",\"position\":2,\"name\":\"Educazione\",\"item\":\"https:\/\/www.msn.unipi.it\/it\/educazione\/\"},{\"@type\":\"ListItem\",\"position\":3,\"name\":\"Scuola\",\"item\":\"https:\/\/www.msn.unipi.it\/it\/educazione\/scuola\/\"},{\"@type\":\"ListItem\",\"position\":4,\"name\":\"Offerta educativa 2025-2026\"}]},{\"@type\":\"WebSite\",\"@id\":\"https:\/\/www.msn.unipi.it\/it\/#website\",\"url\":\"https:\/\/www.msn.unipi.it\/it\/\",\"name\":\"Museo di Storia Naturale dell&#039;Universit\u00e0 di Pisa\",\"description\":\"\",\"publisher\":{\"@id\":\"https:\/\/www.msn.unipi.it\/it\/#organization\"},\"potentialAction\":[{\"@type\":\"SearchAction\",\"target\":{\"@type\":\"EntryPoint\",\"urlTemplate\":\"https:\/\/www.msn.unipi.it\/it\/?s={search_term_string}\"},\"query-input\":{\"@type\":\"PropertyValueSpecification\",\"valueRequired\":true,\"valueName\":\"search_term_string\"}}],\"inLanguage\":\"it-IT\"},{\"@type\":\"Organization\",\"@id\":\"https:\/\/www.msn.unipi.it\/it\/#organization\",\"name\":\"Museo di Storia Naturale dell'Universit\u00e0 di Pisa\",\"url\":\"https:\/\/www.msn.unipi.it\/it\/\",\"logo\":{\"@type\":\"ImageObject\",\"inLanguage\":\"it-IT\",\"@id\":\"https:\/\/www.msn.unipi.it\/it\/#\/schema\/logo\/image\/\",\"url\":\"https:\/\/www.msn.unipi.it\/wp-content\/uploads\/2016\/07\/footer-logo.png\",\"contentUrl\":\"https:\/\/www.msn.unipi.it\/wp-content\/uploads\/2016\/07\/footer-logo.png\",\"width\":220,\"height\":95,\"caption\":\"Museo di Storia Naturale dell'Universit\u00e0 di Pisa\"},\"image\":{\"@id\":\"https:\/\/www.msn.unipi.it\/it\/#\/schema\/logo\/image\/\"},\"sameAs\":[\"https:\/\/www.facebook.com\/Museo-di-Storia-Naturale-Universit\u00e0-di-Pisa-277794215612108\/\",\"https:\/\/x.com\/msncalci\",\"https:\/\/www.instagram.com\/museostorianaturale_calci\/\",\"https:\/\/www.youtube.com\/channel\/UCDaMBe_RegmdCnxLPmryMxw\"]}]}<\/script>\n<!-- \/ Yoast SEO plugin. -->","yoast_head_json":{"title":"Offerta educativa 2025-2026 - Museo di Storia Naturale dell&#039;Universit\u00e0 di Pisa","description":"\u201cUn Museo da Scoprire\u201d \u00e8 il programma di attivit\u00e0 educative e culturali che il Museo offre alle scuole avvalendosi di una esperienza di oltre 30 anni di","robots":{"index":"index","follow":"follow","max-snippet":"max-snippet:-1","max-image-preview":"max-image-preview:large","max-video-preview":"max-video-preview:-1"},"canonical":"https:\/\/www.msn.unipi.it\/it\/educazione\/scuola\/offerta-educativa\/","og_locale":"it_IT","og_type":"article","og_title":"Offerta educativa 2025-2026 - Museo di Storia Naturale dell&#039;Universit\u00e0 di Pisa","og_description":"\u201cUn Museo da Scoprire\u201d \u00e8 il programma di attivit\u00e0 educative e culturali che il Museo offre alle scuole avvalendosi di una esperienza di oltre 30 anni di","og_url":"https:\/\/www.msn.unipi.it\/it\/educazione\/scuola\/offerta-educativa\/","og_site_name":"Museo di Storia Naturale dell&#039;Universit\u00e0 di Pisa","article_publisher":"https:\/\/www.facebook.com\/Museo-di-Storia-Naturale-Universit%c3%a0-di-Pisa-277794215612108\/","article_modified_time":"2025-08-20T10:04:00+00:00","og_image":[{"width":2048,"height":342,"url":"https:\/\/www.msn.unipi.it\/wp-content\/uploads\/2011\/04\/madreporaTG.jpg","type":"image\/jpeg"}],"twitter_card":"summary_large_image","twitter_site":"@msncalci","twitter_misc":{"Tempo di lettura stimato":"3 minuti"},"schema":{"@context":"https:\/\/schema.org","@graph":[{"@type":"WebPage","@id":"https:\/\/www.msn.unipi.it\/it\/educazione\/scuola\/offerta-educativa\/","url":"https:\/\/www.msn.unipi.it\/it\/educazione\/scuola\/offerta-educativa\/","name":"Offerta educativa 2025-2026 - Museo di Storia Naturale dell&#039;Universit\u00e0 di Pisa","isPartOf":{"@id":"https:\/\/www.msn.unipi.it\/it\/#website"},"primaryImageOfPage":{"@id":"https:\/\/www.msn.unipi.it\/it\/educazione\/scuola\/offerta-educativa\/#primaryimage"},"image":{"@id":"https:\/\/www.msn.unipi.it\/it\/educazione\/scuola\/offerta-educativa\/#primaryimage"},"thumbnailUrl":"https:\/\/www.msn.unipi.it\/wp-content\/uploads\/2011\/04\/madreporaTG.jpg","datePublished":"2019-02-25T11:39:22+00:00","dateModified":"2025-08-20T10:04:00+00:00","description":"\u201cUn Museo da Scoprire\u201d \u00e8 il programma di attivit\u00e0 educative e culturali che il Museo offre alle scuole avvalendosi di una esperienza di oltre 30 anni di","breadcrumb":{"@id":"https:\/\/www.msn.unipi.it\/it\/educazione\/scuola\/offerta-educativa\/#breadcrumb"},"inLanguage":"it-IT","potentialAction":[{"@type":"ReadAction","target":["https:\/\/www.msn.unipi.it\/it\/educazione\/scuola\/offerta-educativa\/"]}]},{"@type":"ImageObject","inLanguage":"it-IT","@id":"https:\/\/www.msn.unipi.it\/it\/educazione\/scuola\/offerta-educativa\/#primaryimage","url":"https:\/\/www.msn.unipi.it\/wp-content\/uploads\/2011\/04\/madreporaTG.jpg","contentUrl":"https:\/\/www.msn.unipi.it\/wp-content\/uploads\/2011\/04\/madreporaTG.jpg","width":2048,"height":342},{"@type":"BreadcrumbList","@id":"https:\/\/www.msn.unipi.it\/it\/educazione\/scuola\/offerta-educativa\/#breadcrumb","itemListElement":[{"@type":"ListItem","position":1,"name":"Home","item":"https:\/\/www.msn.unipi.it\/it\/"},{"@type":"ListItem","position":2,"name":"Educazione","item":"https:\/\/www.msn.unipi.it\/it\/educazione\/"},{"@type":"ListItem","position":3,"name":"Scuola","item":"https:\/\/www.msn.unipi.it\/it\/educazione\/scuola\/"},{"@type":"ListItem","position":4,"name":"Offerta educativa 2025-2026"}]},{"@type":"WebSite","@id":"https:\/\/www.msn.unipi.it\/it\/#website","url":"https:\/\/www.msn.unipi.it\/it\/","name":"Museo di Storia Naturale dell&#039;Universit\u00e0 di Pisa","description":"","publisher":{"@id":"https:\/\/www.msn.unipi.it\/it\/#organization"},"potentialAction":[{"@type":"SearchAction","target":{"@type":"EntryPoint","urlTemplate":"https:\/\/www.msn.unipi.it\/it\/?s={search_term_string}"},"query-input":{"@type":"PropertyValueSpecification","valueRequired":true,"valueName":"search_term_string"}}],"inLanguage":"it-IT"},{"@type":"Organization","@id":"https:\/\/www.msn.unipi.it\/it\/#organization","name":"Museo di Storia Naturale dell'Universit\u00e0 di Pisa","url":"https:\/\/www.msn.unipi.it\/it\/","logo":{"@type":"ImageObject","inLanguage":"it-IT","@id":"https:\/\/www.msn.unipi.it\/it\/#\/schema\/logo\/image\/","url":"https:\/\/www.msn.unipi.it\/wp-content\/uploads\/2016\/07\/footer-logo.png","contentUrl":"https:\/\/www.msn.unipi.it\/wp-content\/uploads\/2016\/07\/footer-logo.png","width":220,"height":95,"caption":"Museo di Storia Naturale dell'Universit\u00e0 di Pisa"},"image":{"@id":"https:\/\/www.msn.unipi.it\/it\/#\/schema\/logo\/image\/"},"sameAs":["https:\/\/www.facebook.com\/Museo-di-Storia-Naturale-Universit\u00e0-di-Pisa-277794215612108\/","https:\/\/x.com\/msncalci","https:\/\/www.instagram.com\/museostorianaturale_calci\/","https:\/\/www.youtube.com\/channel\/UCDaMBe_RegmdCnxLPmryMxw"]}]}},"jetpack_sharing_enabled":true,"_links":{"self":[{"href":"https:\/\/www.msn.unipi.it\/it\/wp-json\/wp\/v2\/pages\/16083","targetHints":{"allow":["GET"]}}],"collection":[{"href":"https:\/\/www.msn.unipi.it\/it\/wp-json\/wp\/v2\/pages"}],"about":[{"href":"https:\/\/www.msn.unipi.it\/it\/wp-json\/wp\/v2\/types\/page"}],"author":[{"embeddable":true,"href":"https:\/\/www.msn.unipi.it\/it\/wp-json\/wp\/v2\/users\/8"}],"replies":[{"embeddable":true,"href":"https:\/\/www.msn.unipi.it\/it\/wp-json\/wp\/v2\/comments?post=16083"}],"version-history":[{"count":13,"href":"https:\/\/www.msn.unipi.it\/it\/wp-json\/wp\/v2\/pages\/16083\/revisions"}],"predecessor-version":[{"id":31116,"href":"https:\/\/www.msn.unipi.it\/it\/wp-json\/wp\/v2\/pages\/16083\/revisions\/31116"}],"up":[{"embeddable":true,"href":"https:\/\/www.msn.unipi.it\/it\/wp-json\/wp\/v2\/pages\/16068"}],"wp:featuredmedia":[{"embeddable":true,"href":"https:\/\/www.msn.unipi.it\/it\/wp-json\/wp\/v2\/media\/7525"}],"wp:attachment":[{"href":"https:\/\/www.msn.unipi.it\/it\/wp-json\/wp\/v2\/media?parent=16083"}],"curies":[{"name":"wp","href":"https:\/\/api.w.org\/{rel}","templated":true}]}}