{"id":16098,"date":"2019-02-25T13:31:41","date_gmt":"2019-02-25T12:31:41","guid":{"rendered":"https:\/\/www.msn.unipi.it\/?page_id=16098"},"modified":"2025-11-12T10:53:16","modified_gmt":"2025-11-12T09:53:16","slug":"extrascuola","status":"publish","type":"page","link":"https:\/\/www.msn.unipi.it\/it\/educazione\/extrascuola\/","title":{"rendered":"Extrascuola"},"content":{"rendered":"<h2 style=\"text-align: center;\"><strong><span class=\"lightviolet\">CAMPUS AL MUSEO<\/span><\/strong><\/h2>\n<p>Dal 2015 i Servizi Educativi del Museo offrono attivit\u00e0 anche nell\u2019ambito extrascolastico. Le attivit\u00e0 sono rivolte ai bambini in et\u00e0 scolare, per offrire alle famiglie una migliore conciliazione tra vita familiare e vita lavorativa, con proposte di qualit\u00e0, nei periodi di riposo scolastico: vacanze estive, vacanze natalizie e pasquali.<br \/>\nIl progetto Campus al Museo, divenuto poi S-passo al Museo, \u00e8 stato promosso dalla Regione Toscana, da Unicoop Firenze, dai Musei e dalle Biblioteche della Toscana.<br \/>\nLe esperienze proposte al Museo sono state realizzate con personale interno ed anche in collaborazione con altri enti o associazioni: <a href=\"http:\/\/www.associazioneferonia.it\/\">Associazione di Guide Ambientali \u201cFeronia\u201d<\/a>, <a href=\"http:\/\/www.polidisciplinari.cuspisa.it\/\">Cus Pisa Junior<\/a>. Dal 2019 il Museo collabora anche con <a href=\"https:\/\/palazzoblu.it\/\" target=\"_blank\" rel=\"noopener noreferrer\">Palazzo Blu<\/a> e con <a href=\"https:\/\/www.kinzicacoop.it\/\" target=\"_blank\" rel=\"noopener noreferrer\">Kinzica Societ\u00e0 Cooperativa.<\/a><\/p>\n<hr class=\"clear\" \/>\n<h3><span class=\"lightviolet\">Campi Settembrini al Museo 2025<\/span><\/h3>\n<p>Il Museo di Storia Naturale presenta i Campi settembrini al Museo 2025, che si svolgeranno dal 1 al 12 settembre.<\/p>\n<p>I campi al Museo, realizzati in collaborazione con l\u2019Associazione Feronia, sono vere e proprie esperienze di educazione al patrimonio per avvicinare i bambini alla bellezza della natura, alle conoscenze scientifiche e culturali e alle tradizioni.<br \/>\nLe attivit\u00e0 si svolgono nella sede del Museo in Via Roma 79 a Calci.<br \/>\nOltre a garantire il gioco e il divertimento, tutte le attivit\u00e0 hanno lo scopo di sviluppare la capacit\u00e0 di osservazione, la curiosit\u00e0, la creativit\u00e0, l\u2019uso dei sensi e la manualit\u00e0.<br \/>\nI campi sono infine preziose occasioni per conoscere nuovi amici e vivere momenti intensi di gruppo, di cooperazione e socializzazione, per divertirsi e star bene con s\u00e9 stessi e con gli altri.<\/p>\n<p>Coordinamento pedagogico e organizzativo:<br \/>\nAngela Dini (Servizi Educazione e Mediazione del Museo), Silvia Lisa Asciamprener e Marcella Parisi (Feronia Aps).<\/p>\n<p><a href=\"https:\/\/www.msn.unipi.it\/it\/eventi\/campi-settembrini-2025\/\"><strong>SCOPRI IL PROGRAMMA COMPLETO DEI CAMPI SETTEMBRINI 2025<\/strong><\/a><\/p>\n<p><a href=\"https:\/\/www.msn.unipi.it\/wp-content\/uploads\/2025\/07\/campi-settembrini-25.jpg\" data-lbwps-width=\"1162\" data-lbwps-height=\"2048\" data-lbwps-srcsmall=\"https:\/\/www.msn.unipi.it\/wp-content\/uploads\/2025\/07\/campi-settembrini-25-255x450.jpg\"><img loading=\"lazy\" decoding=\"async\" class=\"aligncenter wp-image-30955 size-medium\" src=\"https:\/\/www.msn.unipi.it\/wp-content\/uploads\/2025\/07\/campi-settembrini-25-255x450.jpg\" alt=\"locandina campi settembrini 2025\" width=\"255\" height=\"450\" srcset=\"https:\/\/www.msn.unipi.it\/wp-content\/uploads\/2025\/07\/campi-settembrini-25-255x450.jpg 255w, https:\/\/www.msn.unipi.it\/wp-content\/uploads\/2025\/07\/campi-settembrini-25-454x800.jpg 454w, https:\/\/www.msn.unipi.it\/wp-content\/uploads\/2025\/07\/campi-settembrini-25-768x1354.jpg 768w, https:\/\/www.msn.unipi.it\/wp-content\/uploads\/2025\/07\/campi-settembrini-25-872x1536.jpg 872w, https:\/\/www.msn.unipi.it\/wp-content\/uploads\/2025\/07\/campi-settembrini-25.jpg 1162w\" sizes=\"auto, (max-width: 255px) 100vw, 255px\" \/><\/a><\/p>\n<p>&nbsp;<\/p>\n<p>&nbsp;<\/p>\n<hr class=\"clear\" \/>\n<div class=\"blockpost clearfix\">\n<p><a href=\"https:\/\/www.msn.unipi.it\/wp-content\/uploads\/2019\/06\/EXTRASCUOLA-QUADRATO.jpg\" data-lbwps-width=\"1427\" data-lbwps-height=\"1427\" data-lbwps-srcsmall=\"https:\/\/www.msn.unipi.it\/wp-content\/uploads\/2019\/06\/EXTRASCUOLA-QUADRATO-450x450.jpg\"><img loading=\"lazy\" decoding=\"async\" class=\"wp-image-17287 size-thumbnail alignnone\" src=\"https:\/\/www.msn.unipi.it\/wp-content\/uploads\/2019\/06\/EXTRASCUOLA-QUADRATO-150x150.jpg\" alt=\"\" width=\"150\" height=\"150\" srcset=\"https:\/\/www.msn.unipi.it\/wp-content\/uploads\/2019\/06\/EXTRASCUOLA-QUADRATO-150x150.jpg 150w, https:\/\/www.msn.unipi.it\/wp-content\/uploads\/2019\/06\/EXTRASCUOLA-QUADRATO-450x450.jpg 450w, https:\/\/www.msn.unipi.it\/wp-content\/uploads\/2019\/06\/EXTRASCUOLA-QUADRATO-768x768.jpg 768w, https:\/\/www.msn.unipi.it\/wp-content\/uploads\/2019\/06\/EXTRASCUOLA-QUADRATO-800x800.jpg 800w, https:\/\/www.msn.unipi.it\/wp-content\/uploads\/2019\/06\/EXTRASCUOLA-QUADRATO.jpg 1427w\" sizes=\"auto, (max-width: 150px) 100vw, 150px\" \/><\/a><\/p>\n<h4><a href=\"https:\/\/www.msn.unipi.it\/it\/servizi-educativi\/attivita-extrascolastiche\/\">Archivio extrascuola<\/a><\/h4>\n<p>Scopri di pi\u00f9<\/p>\n\n<\/div>\n<hr \/>\n","protected":false},"excerpt":{"rendered":"<p>CAMPUS AL MUSEO Dal 2015 i Servizi Educativi del Museo offrono attivit\u00e0 anche nell\u2019ambito extrascolastico. Le attivit\u00e0 sono rivolte ai bambini in et\u00e0 scolare, per offrire alle famiglie una migliore conciliazione tra vita familiare e vita lavorativa, con proposte di qualit\u00e0, nei periodi di riposo scolastico: vacanze estive, vacanze natalizie e pasquali. Il progetto Campus&nbsp; <a href=\"https:\/\/www.msn.unipi.it\/it\/educazione\/extrascuola\/\">&hellip;  <i class=\"fa fa-chevron-right\"><\/i><\/a><\/p>\n","protected":false},"author":8,"featured_media":7525,"parent":16081,"menu_order":0,"comment_status":"closed","ping_status":"closed","template":"","meta":{"footnotes":""},"class_list":["post-16098","page","type-page","status-publish","has-post-thumbnail","hentry"],"yoast_head":"<!-- This site is optimized with the Yoast SEO plugin v26.8 - https:\/\/yoast.com\/product\/yoast-seo-wordpress\/ -->\n<title>Extrascuola - Museo di Storia Naturale dell&#039;Universit\u00e0 di Pisa<\/title>\n<meta name=\"description\" content=\"CAMPUS AL MUSEO Dal 2015 i Servizi Educativi del Museo offrono attivit\u00e0 anche nell\u2019ambito extrascolastico. Le attivit\u00e0 sono rivolte ai bambini in et\u00e0\" \/>\n<meta name=\"robots\" content=\"index, follow, max-snippet:-1, max-image-preview:large, max-video-preview:-1\" \/>\n<link rel=\"canonical\" href=\"https:\/\/www.msn.unipi.it\/it\/educazione\/extrascuola\/\" \/>\n<meta property=\"og:locale\" content=\"it_IT\" \/>\n<meta property=\"og:type\" content=\"article\" \/>\n<meta property=\"og:title\" content=\"Extrascuola - Museo di Storia Naturale dell&#039;Universit\u00e0 di Pisa\" \/>\n<meta property=\"og:description\" content=\"CAMPUS AL MUSEO Dal 2015 i Servizi Educativi del Museo offrono attivit\u00e0 anche nell\u2019ambito extrascolastico. Le attivit\u00e0 sono rivolte ai bambini in et\u00e0\" \/>\n<meta property=\"og:url\" content=\"https:\/\/www.msn.unipi.it\/it\/educazione\/extrascuola\/\" \/>\n<meta property=\"og:site_name\" content=\"Museo di Storia Naturale dell&#039;Universit\u00e0 di Pisa\" \/>\n<meta property=\"article:publisher\" content=\"https:\/\/www.facebook.com\/Museo-di-Storia-Naturale-Universit%c3%a0-di-Pisa-277794215612108\/\" \/>\n<meta property=\"article:modified_time\" content=\"2025-11-12T09:53:16+00:00\" \/>\n<meta property=\"og:image\" content=\"https:\/\/www.msn.unipi.it\/wp-content\/uploads\/2011\/04\/madreporaTG.jpg\" \/>\n\t<meta property=\"og:image:width\" content=\"2048\" \/>\n\t<meta property=\"og:image:height\" content=\"342\" \/>\n\t<meta property=\"og:image:type\" content=\"image\/jpeg\" \/>\n<meta name=\"twitter:card\" content=\"summary_large_image\" \/>\n<meta name=\"twitter:site\" content=\"@msncalci\" \/>\n<meta name=\"twitter:label1\" content=\"Tempo di lettura stimato\" \/>\n\t<meta name=\"twitter:data1\" content=\"3 minuti\" \/>\n<script type=\"application\/ld+json\" class=\"yoast-schema-graph\">{\"@context\":\"https:\/\/schema.org\",\"@graph\":[{\"@type\":\"WebPage\",\"@id\":\"https:\/\/www.msn.unipi.it\/it\/educazione\/extrascuola\/\",\"url\":\"https:\/\/www.msn.unipi.it\/it\/educazione\/extrascuola\/\",\"name\":\"Extrascuola - Museo di Storia Naturale dell&#039;Universit\u00e0 di Pisa\",\"isPartOf\":{\"@id\":\"https:\/\/www.msn.unipi.it\/it\/#website\"},\"primaryImageOfPage\":{\"@id\":\"https:\/\/www.msn.unipi.it\/it\/educazione\/extrascuola\/#primaryimage\"},\"image\":{\"@id\":\"https:\/\/www.msn.unipi.it\/it\/educazione\/extrascuola\/#primaryimage\"},\"thumbnailUrl\":\"https:\/\/www.msn.unipi.it\/wp-content\/uploads\/2011\/04\/madreporaTG.jpg\",\"datePublished\":\"2019-02-25T12:31:41+00:00\",\"dateModified\":\"2025-11-12T09:53:16+00:00\",\"description\":\"CAMPUS AL MUSEO Dal 2015 i Servizi Educativi del Museo offrono attivit\u00e0 anche nell\u2019ambito extrascolastico. Le attivit\u00e0 sono rivolte ai bambini in et\u00e0\",\"breadcrumb\":{\"@id\":\"https:\/\/www.msn.unipi.it\/it\/educazione\/extrascuola\/#breadcrumb\"},\"inLanguage\":\"it-IT\",\"potentialAction\":[{\"@type\":\"ReadAction\",\"target\":[\"https:\/\/www.msn.unipi.it\/it\/educazione\/extrascuola\/\"]}]},{\"@type\":\"ImageObject\",\"inLanguage\":\"it-IT\",\"@id\":\"https:\/\/www.msn.unipi.it\/it\/educazione\/extrascuola\/#primaryimage\",\"url\":\"https:\/\/www.msn.unipi.it\/wp-content\/uploads\/2011\/04\/madreporaTG.jpg\",\"contentUrl\":\"https:\/\/www.msn.unipi.it\/wp-content\/uploads\/2011\/04\/madreporaTG.jpg\",\"width\":2048,\"height\":342},{\"@type\":\"BreadcrumbList\",\"@id\":\"https:\/\/www.msn.unipi.it\/it\/educazione\/extrascuola\/#breadcrumb\",\"itemListElement\":[{\"@type\":\"ListItem\",\"position\":1,\"name\":\"Home\",\"item\":\"https:\/\/www.msn.unipi.it\/it\/\"},{\"@type\":\"ListItem\",\"position\":2,\"name\":\"Educazione\",\"item\":\"https:\/\/www.msn.unipi.it\/it\/educazione\/\"},{\"@type\":\"ListItem\",\"position\":3,\"name\":\"Extrascuola\"}]},{\"@type\":\"WebSite\",\"@id\":\"https:\/\/www.msn.unipi.it\/it\/#website\",\"url\":\"https:\/\/www.msn.unipi.it\/it\/\",\"name\":\"Museo di Storia Naturale dell&#039;Universit\u00e0 di Pisa\",\"description\":\"\",\"publisher\":{\"@id\":\"https:\/\/www.msn.unipi.it\/it\/#organization\"},\"potentialAction\":[{\"@type\":\"SearchAction\",\"target\":{\"@type\":\"EntryPoint\",\"urlTemplate\":\"https:\/\/www.msn.unipi.it\/it\/?s={search_term_string}\"},\"query-input\":{\"@type\":\"PropertyValueSpecification\",\"valueRequired\":true,\"valueName\":\"search_term_string\"}}],\"inLanguage\":\"it-IT\"},{\"@type\":\"Organization\",\"@id\":\"https:\/\/www.msn.unipi.it\/it\/#organization\",\"name\":\"Museo di Storia Naturale dell'Universit\u00e0 di Pisa\",\"url\":\"https:\/\/www.msn.unipi.it\/it\/\",\"logo\":{\"@type\":\"ImageObject\",\"inLanguage\":\"it-IT\",\"@id\":\"https:\/\/www.msn.unipi.it\/it\/#\/schema\/logo\/image\/\",\"url\":\"https:\/\/www.msn.unipi.it\/wp-content\/uploads\/2016\/07\/footer-logo.png\",\"contentUrl\":\"https:\/\/www.msn.unipi.it\/wp-content\/uploads\/2016\/07\/footer-logo.png\",\"width\":220,\"height\":95,\"caption\":\"Museo di Storia Naturale dell'Universit\u00e0 di Pisa\"},\"image\":{\"@id\":\"https:\/\/www.msn.unipi.it\/it\/#\/schema\/logo\/image\/\"},\"sameAs\":[\"https:\/\/www.facebook.com\/Museo-di-Storia-Naturale-Universit\u00e0-di-Pisa-277794215612108\/\",\"https:\/\/x.com\/msncalci\",\"https:\/\/www.instagram.com\/museostorianaturale_calci\/\",\"https:\/\/www.youtube.com\/channel\/UCDaMBe_RegmdCnxLPmryMxw\"]}]}<\/script>\n<!-- \/ Yoast SEO plugin. -->","yoast_head_json":{"title":"Extrascuola - Museo di Storia Naturale dell&#039;Universit\u00e0 di Pisa","description":"CAMPUS AL MUSEO Dal 2015 i Servizi Educativi del Museo offrono attivit\u00e0 anche nell\u2019ambito extrascolastico. Le attivit\u00e0 sono rivolte ai bambini in et\u00e0","robots":{"index":"index","follow":"follow","max-snippet":"max-snippet:-1","max-image-preview":"max-image-preview:large","max-video-preview":"max-video-preview:-1"},"canonical":"https:\/\/www.msn.unipi.it\/it\/educazione\/extrascuola\/","og_locale":"it_IT","og_type":"article","og_title":"Extrascuola - Museo di Storia Naturale dell&#039;Universit\u00e0 di Pisa","og_description":"CAMPUS AL MUSEO Dal 2015 i Servizi Educativi del Museo offrono attivit\u00e0 anche nell\u2019ambito extrascolastico. Le attivit\u00e0 sono rivolte ai bambini in et\u00e0","og_url":"https:\/\/www.msn.unipi.it\/it\/educazione\/extrascuola\/","og_site_name":"Museo di Storia Naturale dell&#039;Universit\u00e0 di Pisa","article_publisher":"https:\/\/www.facebook.com\/Museo-di-Storia-Naturale-Universit%c3%a0-di-Pisa-277794215612108\/","article_modified_time":"2025-11-12T09:53:16+00:00","og_image":[{"width":2048,"height":342,"url":"https:\/\/www.msn.unipi.it\/wp-content\/uploads\/2011\/04\/madreporaTG.jpg","type":"image\/jpeg"}],"twitter_card":"summary_large_image","twitter_site":"@msncalci","twitter_misc":{"Tempo di lettura stimato":"3 minuti"},"schema":{"@context":"https:\/\/schema.org","@graph":[{"@type":"WebPage","@id":"https:\/\/www.msn.unipi.it\/it\/educazione\/extrascuola\/","url":"https:\/\/www.msn.unipi.it\/it\/educazione\/extrascuola\/","name":"Extrascuola - Museo di Storia Naturale dell&#039;Universit\u00e0 di Pisa","isPartOf":{"@id":"https:\/\/www.msn.unipi.it\/it\/#website"},"primaryImageOfPage":{"@id":"https:\/\/www.msn.unipi.it\/it\/educazione\/extrascuola\/#primaryimage"},"image":{"@id":"https:\/\/www.msn.unipi.it\/it\/educazione\/extrascuola\/#primaryimage"},"thumbnailUrl":"https:\/\/www.msn.unipi.it\/wp-content\/uploads\/2011\/04\/madreporaTG.jpg","datePublished":"2019-02-25T12:31:41+00:00","dateModified":"2025-11-12T09:53:16+00:00","description":"CAMPUS AL MUSEO Dal 2015 i Servizi Educativi del Museo offrono attivit\u00e0 anche nell\u2019ambito extrascolastico. Le attivit\u00e0 sono rivolte ai bambini in et\u00e0","breadcrumb":{"@id":"https:\/\/www.msn.unipi.it\/it\/educazione\/extrascuola\/#breadcrumb"},"inLanguage":"it-IT","potentialAction":[{"@type":"ReadAction","target":["https:\/\/www.msn.unipi.it\/it\/educazione\/extrascuola\/"]}]},{"@type":"ImageObject","inLanguage":"it-IT","@id":"https:\/\/www.msn.unipi.it\/it\/educazione\/extrascuola\/#primaryimage","url":"https:\/\/www.msn.unipi.it\/wp-content\/uploads\/2011\/04\/madreporaTG.jpg","contentUrl":"https:\/\/www.msn.unipi.it\/wp-content\/uploads\/2011\/04\/madreporaTG.jpg","width":2048,"height":342},{"@type":"BreadcrumbList","@id":"https:\/\/www.msn.unipi.it\/it\/educazione\/extrascuola\/#breadcrumb","itemListElement":[{"@type":"ListItem","position":1,"name":"Home","item":"https:\/\/www.msn.unipi.it\/it\/"},{"@type":"ListItem","position":2,"name":"Educazione","item":"https:\/\/www.msn.unipi.it\/it\/educazione\/"},{"@type":"ListItem","position":3,"name":"Extrascuola"}]},{"@type":"WebSite","@id":"https:\/\/www.msn.unipi.it\/it\/#website","url":"https:\/\/www.msn.unipi.it\/it\/","name":"Museo di Storia Naturale dell&#039;Universit\u00e0 di Pisa","description":"","publisher":{"@id":"https:\/\/www.msn.unipi.it\/it\/#organization"},"potentialAction":[{"@type":"SearchAction","target":{"@type":"EntryPoint","urlTemplate":"https:\/\/www.msn.unipi.it\/it\/?s={search_term_string}"},"query-input":{"@type":"PropertyValueSpecification","valueRequired":true,"valueName":"search_term_string"}}],"inLanguage":"it-IT"},{"@type":"Organization","@id":"https:\/\/www.msn.unipi.it\/it\/#organization","name":"Museo di Storia Naturale dell'Universit\u00e0 di Pisa","url":"https:\/\/www.msn.unipi.it\/it\/","logo":{"@type":"ImageObject","inLanguage":"it-IT","@id":"https:\/\/www.msn.unipi.it\/it\/#\/schema\/logo\/image\/","url":"https:\/\/www.msn.unipi.it\/wp-content\/uploads\/2016\/07\/footer-logo.png","contentUrl":"https:\/\/www.msn.unipi.it\/wp-content\/uploads\/2016\/07\/footer-logo.png","width":220,"height":95,"caption":"Museo di Storia Naturale dell'Universit\u00e0 di Pisa"},"image":{"@id":"https:\/\/www.msn.unipi.it\/it\/#\/schema\/logo\/image\/"},"sameAs":["https:\/\/www.facebook.com\/Museo-di-Storia-Naturale-Universit\u00e0-di-Pisa-277794215612108\/","https:\/\/x.com\/msncalci","https:\/\/www.instagram.com\/museostorianaturale_calci\/","https:\/\/www.youtube.com\/channel\/UCDaMBe_RegmdCnxLPmryMxw"]}]}},"jetpack_sharing_enabled":true,"_links":{"self":[{"href":"https:\/\/www.msn.unipi.it\/it\/wp-json\/wp\/v2\/pages\/16098","targetHints":{"allow":["GET"]}}],"collection":[{"href":"https:\/\/www.msn.unipi.it\/it\/wp-json\/wp\/v2\/pages"}],"about":[{"href":"https:\/\/www.msn.unipi.it\/it\/wp-json\/wp\/v2\/types\/page"}],"author":[{"embeddable":true,"href":"https:\/\/www.msn.unipi.it\/it\/wp-json\/wp\/v2\/users\/8"}],"replies":[{"embeddable":true,"href":"https:\/\/www.msn.unipi.it\/it\/wp-json\/wp\/v2\/comments?post=16098"}],"version-history":[{"count":12,"href":"https:\/\/www.msn.unipi.it\/it\/wp-json\/wp\/v2\/pages\/16098\/revisions"}],"predecessor-version":[{"id":31576,"href":"https:\/\/www.msn.unipi.it\/it\/wp-json\/wp\/v2\/pages\/16098\/revisions\/31576"}],"up":[{"embeddable":true,"href":"https:\/\/www.msn.unipi.it\/it\/wp-json\/wp\/v2\/pages\/16081"}],"wp:featuredmedia":[{"embeddable":true,"href":"https:\/\/www.msn.unipi.it\/it\/wp-json\/wp\/v2\/media\/7525"}],"wp:attachment":[{"href":"https:\/\/www.msn.unipi.it\/it\/wp-json\/wp\/v2\/media?parent=16098"}],"curies":[{"name":"wp","href":"https:\/\/api.w.org\/{rel}","templated":true}]}}