{"id":169,"date":"2011-05-18T15:47:08","date_gmt":"2011-05-18T15:47:08","guid":{"rendered":"http:\/\/labcd.humnet.unipi.it\/demo\/museocalci\/?page_id=169"},"modified":"2014-07-29T12:46:35","modified_gmt":"2014-07-29T10:46:35","slug":"progetti","status":"publish","type":"page","link":"https:\/\/www.msn.unipi.it\/it\/progetti\/","title":{"rendered":"Archivio attivit\u00e0"},"content":{"rendered":"<p style=\"text-align: justify;\">Oltre alle attivit\u00e0 proposte per le scuole i <span style=\"color: #ff0000;\"><strong>Servizi Educativi <\/strong><\/span>organizzano eventi di divulgazione scientifica a richiesta di gruppi privati o in collaborazione con Enti pubblici e privati all&#8217;interno di manifestazioni programmate sia a livello nazionale che territoriale.<\/p>\n<p style=\"text-align: justify;\"><span style=\"text-decoration: underline;\"><strong>2014<\/strong><\/span><\/p>\n<p style=\"text-align: justify;\"><span style=\"color: #ff0000;\"><strong>Bat Night,<\/strong><span style=\"color: #000000;\"> 14 giugno 2014<\/span><\/span><\/p>\n<p style=\"text-align: justify;\"><span style=\"color: #ff0000;\"><strong>Amico Museo &#8220;La natura tra le mani&#8221;<\/strong><\/span>: incontro con gli ospiti del Caff\u00e9 Alzheimer, 30 maggio 2014<\/p>\n<p style=\"text-align: justify;\"><strong><span style=\"color: #ff0000;\">La notte dei Musei<\/span>,\u00a0<\/strong>17 maggio 2014<\/p>\n<p style=\"text-align: justify;\"><span style=\"color: #ff0000;\"><strong>I Tesori del Monte Pisano II. Le piante e i funghi. Presentazione del volume e mostra illustrazioni di Patrizia Scaglia e Silvia Battaglini<\/strong><\/span>, 13 marzo 2014<\/p>\n<p style=\"text-align: justify;\"><span style=\"text-decoration: underline;\"><span style=\"color: #000000;\"><strong>2013<\/strong><\/span><\/span><\/p>\n<p style=\"text-align: justify;\"><span style=\"color: #ff0000;\"><strong>Festa dell\u2019olio<\/strong><\/span>: \u00a0\u201cSeguendo il canto degli uccelli\u2026\u201d &#8211;\u00a0Un incontro per famiglie sugli uccelli della Toscana,\u00a0in collaborazione con il Comune di Calci, 17 novembre 2013<\/p>\n<p style=\"text-align: justify;\"><span style=\"color: #ff0000;\"><strong>Il Museo al Convegno &#8220;Le geoscienze a scuola&#8221;<\/strong><\/span>, 16-17 settembre 2013<\/p>\n<p style=\"text-align: justify;\"><strong><span style=\"color: #ff0000;\">Festa del Parco Regionale &#8220;Migliarino &#8211; San Rossore &#8211; Massaciuccoli&#8221;<\/span><\/strong>, 12 luglio 2013<\/p>\n<p style=\"text-align: justify;\"><span style=\"color: #ff0000;\"><strong>Amico Museo &#8220;Uomo, Orso, Lupo: chi ha paura di chi?&#8221;<\/strong><\/span>: seminario e lettura di fiabe per bambini, 2 giugno 2013<\/p>\n<p style=\"text-align: justify;\"><strong><span style=\"color: #ff0000;\">La notte dei Musei<\/span> <\/strong>18 maggio 2013<\/p>\n<p style=\"text-align: justify;\"><strong><span style=\"color: #ff0000;\">Mostra illustrazioni di Patrizia Scaglia &#8220;I tesori del Monte Pisano I. gli animali&#8221;<\/span><\/strong>, marzo &#8211; aprile 2013.<\/p>\n<p style=\"text-align: justify;\"><span style=\"color: #ff0000;\"><strong>Piante Galileo<\/strong><\/span>: seminari e laboratori scientifici per le scuole secondarie, gennaio 2013<\/p>\n<p style=\"text-align: justify;\"><span style=\"text-decoration: underline;\"><span style=\"color: #000000;\"><strong>2012<\/strong><\/span><\/span><\/p>\n<p style=\"text-align: justify;\"><span style=\"color: #000000;\"><strong><span style=\"color: #ff0000;\">Speciale Natale<\/span><\/strong>: quattro visite guidate domenicali animate con caccia al tesoro, dicembre 2012<\/span><\/p>\n<p style=\"text-align: justify;\"><span style=\"color: #000000;\"><span style=\"color: #ff0000;\"><strong>Piante Galileo<\/strong><\/span>: seminari e laboratori scientifici per le scuole secondarie, novembre e dicembre 2012<\/span><\/p>\n<p style=\"text-align: justify;\"><strong><span style=\"color: #ff0000;\">Amico Museo<\/span><\/strong>: Scienza a Spicchi: collaborazioni con il Museo per la divulgazione scientifica, 5-20 maggio 2012<\/p>\n<p style=\"text-align: justify;\"><span style=\"color: #ff0000;\"><strong>Capodanno Pisano<\/strong><\/span>: Realizzazione del laboratorio \u201cPiccoli artisti al Museo\u201d e \u201cVisita guidata tecnologica alle sale degli Uccelli e dei Monti Pisani\u201d, 25 marzo 2012<\/p>\n<p style=\"text-align: justify;\"><span style=\"text-decoration: underline;\"><span style=\"color: #000000;\"><strong>2011 <\/strong><\/span><\/span><\/p>\n<p style=\"text-align: justify;\"><strong><span style=\"color: #ff0000;\">Festa dell\u2019olio<\/span><\/strong>: Realizzazione di laboratori didattici su pesci e dinosauri, in collaborazione con il Comune di Calci, 20 novembre 2011<\/p>\n<p style=\"text-align: justify;\"><strong><span style=\"color: #ff0000;\">Biodiversamente<\/span><\/strong>: Festival dell\u2019Ecoscienza promosso da WWF e Associazione Nazionale Musei Scientifici, 22 ottobre 2011<\/p>\n<p style=\"text-align: justify;\"><strong><span style=\"color: #ff0000;\">Presentazione del libro \u201c<em>Desideri<\/em>\u201d<\/span><\/strong> di Brunella Danesi, Redazione di Naturalmente, 7 settembre 2011<\/p>\n<p style=\"text-align: justify;\"><strong><span style=\"color: #ff0000;\">La notte dei dinosauri<\/span><\/strong> 14 maggio 2011<\/p>\n<p style=\"text-align: justify;\"><strong><span style=\"color: #ff0000;\">Il d\u00ec di Festa<\/span><\/strong>: Unicoop Firenze in collaborazione con la cooperativa Capitolium, 16 gennaio, 20 febbraio, 20 marzo, 17 aprile, 1 maggio 2011<\/p>\n<p style=\"text-align: justify;\"><strong><span style=\"color: #ff0000;\">Capodanno Pisano<\/span><\/strong>: 26 marzo 2011<\/p>\n<p style=\"text-align: justify;\"><span style=\"text-decoration: underline;\"><span style=\"color: #000000;\"><strong>2010<\/strong><\/span><\/span><\/p>\n<p style=\"text-align: justify;\"><span style=\"color: #ff0000;\"><strong>Museo in Festa!<\/strong><\/span> Tutti al Museo con Babbo Natale e la Befana, 19 e 26 dicembre 2010, 2 e 6 gennaio 2011<\/p>\n<p style=\"text-align: justify;\"><strong><span style=\"color: #ff0000;\">Settembre Pedagogico<\/span><\/strong> presso il Pisa Book Junior Stazione Leopolda di Pisa, 22,23,24 ottobre 2010<\/p>\n<p style=\"text-align: justify;\"><strong><span style=\"color: #ff0000;\">\u201cChi scava scova\u201d<\/span><\/strong> in collaborazione con Unicoop Firenze-Juice S.r.l. presso il Centro commerciale Coop di Pontedera, 12 settembre 2010<\/p>\n<p style=\"text-align: justify;\"><strong><span style=\"color: #ff0000;\">Serate Estive 2010<\/span><\/strong>: visite guidate serali, 17 e 31 luglio, 1 e 14 agosto 2010<\/p>\n<p style=\"text-align: justify;\"><strong><span style=\"color: #ff0000;\">Proposte per l\u2019estate Giocare con la Natura<\/span><\/strong>: forme, colori e dimensioni. Due eventi speciali dedicati a nonni e nipoti in collaborazione con il Museo della Grafica, 7 e 14 luglio 2010<\/p>\n<p style=\"text-align: justify;\"><strong><span style=\"color: #ff0000;\">Accordo con la Societ\u00e0 Italiana di Protistologia Onlus<\/span><\/strong> per la realizzazione di laboratori didattici dai titoli: \u201cMicrocosmo di una goccia d\u2019acqua\u201d e \u201cAlla scoperta dei microrganismi eucarioti\u201d, 2 luglio 2010<\/p>\n<p style=\"text-align: justify;\"><strong><span style=\"color: #ff0000;\">La notte dei musei<\/span><\/strong>: 15 maggio 2010<\/p>\n<p style=\"text-align: justify;\"><strong><span style=\"color: #ff0000;\">Amico Museo <\/span><\/strong>Regione Toscana \u00a0laboratorio: \u201cI vulcani: i fuochi d\u2019artificio della natura\u201d, 3-9 maggio 2010<\/p>\n<p style=\"text-align: justify;\"><strong><span style=\"color: #ff0000;\">Accordo con I.N.G.V.<\/span><\/strong> per la realizzazione di un laboratorio didattico dal titolo \u201cI vulcani: i fuochi d\u2019artificio della Natura\u201dpresso il Museo, 17 febbraio 2010<\/p>\n<p style=\"text-align: justify;\"><span style=\"text-decoration: underline;\"><span style=\"color: #000000;\"><strong>2009<\/strong><\/span><\/span><\/p>\n<p style=\"text-align: justify;\"><strong><span style=\"color: #ff0000;\">Pianeta Galileo<\/span><\/strong> presso la Fondazione Ragghianti di Lucca, 3-5 novembre 2009<\/p>\n<p style=\"text-align: justify;\"><strong><span style=\"color: #ff0000;\">Speciale Estate 2009<\/span><\/strong>: visite guidate serali, 11, 18, 26 Luglio, 1, 9, 23 agosto 2009<\/p>\n<p style=\"text-align: justify;\"><strong><span style=\"color: #ff0000;\">Partecipazione all\u2019Agrifiera<\/span><\/strong> 24, 25, 26, 27 maggio 2009<\/p>\n<p style=\"text-align: justify;\"><span style=\"text-decoration: underline;\"><span style=\"color: #000000;\"><strong>2008<\/strong><\/span><\/span><\/p>\n<p style=\"text-align: justify;\"><strong><span style=\"color: #ff0000;\">Pisa Book Festival<\/span><\/strong> 10, 11, 12 ottobre 2008<\/p>\n<p style=\"text-align: justify;\"><strong><span style=\"color: #ff0000;\">Convention di presentazione dell\u2019accordo Edumusei e Trenitalia <\/span><\/strong>e del nuovo Catalogo Scuola Toscana, 5 settembre 2008<\/p>\n<p style=\"text-align: justify;\"><strong><span style=\"color: #ff0000;\">&#8220;Rinfrescatevi la mente: i nostri musei un piacere per lo spirito e anche per il corpo&#8221; <\/span><\/strong>iniziativa finanziata dalla Regione Toscana, 1, 8, 29 agosto 2008<\/p>\n<p style=\"text-align: justify;\"><strong><span style=\"color: #ff0000;\">Progetto Scream\/Stop al lavoro minorile<\/span><\/strong><span style=\"color: #ff0000;\"><span style=\"color: #000000;\">: r<\/span><\/span><span style=\"color: #000000;\">ea<\/span>lizzazione di laboratori didattici alla giornata conclusiva presso la Tenuta di San Rossore, 21 e 22 maggio 2008<\/p>\n<p style=\"text-align: justify;\"><strong><span style=\"color: #ff0000;\">Un Museo per Amico<\/span><\/strong>: incontro di sensibilizzazione rivolto al volontariato sociale con il patrocinio del CESVOT e in collaborazione con l\u2019associazione \u201cPaolo Savi\u201d: amici del museo naturalistico di Calci e la Venerabile Misericordia di Cenaia, 10 maggio 2008<\/p>\n<p style=\"text-align: justify;\"><span style=\"color: #000000;\"><strong><br \/>\n<\/strong><\/span><\/p>\n","protected":false},"excerpt":{"rendered":"<p>Oltre alle attivit\u00e0 proposte per le scuole i Servizi Educativi organizzano eventi di divulgazione scientifica a richiesta di gruppi privati o in collaborazione con Enti pubblici e privati all&#8217;interno di manifestazioni programmate sia a livello nazionale che territoriale. 2014 Bat Night, 14 giugno 2014 Amico Museo &#8220;La natura tra le mani&#8221;: incontro con gli ospiti&nbsp; <a href=\"https:\/\/www.msn.unipi.it\/it\/progetti\/\">&hellip;  <i class=\"fa fa-chevron-right\"><\/i><\/a><\/p>\n","protected":false},"author":1,"featured_media":1191,"parent":0,"menu_order":0,"comment_status":"open","ping_status":"closed","template":"","meta":{"footnotes":""},"class_list":["post-169","page","type-page","status-publish","has-post-thumbnail","hentry"],"yoast_head":"<!-- This site is optimized with the Yoast SEO plugin v26.8 - https:\/\/yoast.com\/product\/yoast-seo-wordpress\/ -->\n<title>Archivio attivit\u00e0 - Museo di Storia Naturale dell&#039;Universit\u00e0 di Pisa<\/title>\n<meta name=\"description\" content=\"Oltre alle attivit\u00e0 proposte per le scuole i Servizi Educativi organizzano eventi di divulgazione scientifica a richiesta di gruppi privati o in\" \/>\n<meta name=\"robots\" content=\"index, follow, max-snippet:-1, max-image-preview:large, max-video-preview:-1\" \/>\n<link rel=\"canonical\" href=\"https:\/\/www.msn.unipi.it\/it\/progetti\/\" \/>\n<meta property=\"og:locale\" content=\"it_IT\" \/>\n<meta property=\"og:type\" content=\"article\" \/>\n<meta property=\"og:title\" content=\"Archivio attivit\u00e0 - Museo di Storia Naturale dell&#039;Universit\u00e0 di Pisa\" \/>\n<meta property=\"og:description\" content=\"Oltre alle attivit\u00e0 proposte per le scuole i Servizi Educativi organizzano eventi di divulgazione scientifica a richiesta di gruppi privati o in\" \/>\n<meta property=\"og:url\" content=\"https:\/\/www.msn.unipi.it\/it\/progetti\/\" \/>\n<meta property=\"og:site_name\" content=\"Museo di Storia Naturale dell&#039;Universit\u00e0 di Pisa\" \/>\n<meta property=\"article:publisher\" content=\"https:\/\/www.facebook.com\/Museo-di-Storia-Naturale-Universit%c3%a0-di-Pisa-277794215612108\/\" \/>\n<meta property=\"article:modified_time\" content=\"2014-07-29T10:46:35+00:00\" \/>\n<meta property=\"og:image\" content=\"https:\/\/www.msn.unipi.it\/wp-content\/uploads\/2011\/04\/certosa-museo.jpg\" \/>\n\t<meta property=\"og:image:width\" content=\"1654\" \/>\n\t<meta property=\"og:image:height\" content=\"557\" \/>\n\t<meta property=\"og:image:type\" content=\"image\/jpeg\" \/>\n<meta name=\"twitter:card\" content=\"summary_large_image\" \/>\n<meta name=\"twitter:site\" content=\"@msncalci\" \/>\n<meta name=\"twitter:label1\" content=\"Tempo di lettura stimato\" \/>\n\t<meta name=\"twitter:data1\" content=\"3 minuti\" \/>\n<script type=\"application\/ld+json\" class=\"yoast-schema-graph\">{\"@context\":\"https:\/\/schema.org\",\"@graph\":[{\"@type\":\"WebPage\",\"@id\":\"https:\/\/www.msn.unipi.it\/it\/progetti\/\",\"url\":\"https:\/\/www.msn.unipi.it\/it\/progetti\/\",\"name\":\"Archivio attivit\u00e0 - Museo di Storia Naturale dell&#039;Universit\u00e0 di Pisa\",\"isPartOf\":{\"@id\":\"https:\/\/www.msn.unipi.it\/it\/#website\"},\"primaryImageOfPage\":{\"@id\":\"https:\/\/www.msn.unipi.it\/it\/progetti\/#primaryimage\"},\"image\":{\"@id\":\"https:\/\/www.msn.unipi.it\/it\/progetti\/#primaryimage\"},\"thumbnailUrl\":\"https:\/\/www.msn.unipi.it\/wp-content\/uploads\/2011\/04\/certosa-museo.jpg\",\"datePublished\":\"2011-05-18T15:47:08+00:00\",\"dateModified\":\"2014-07-29T10:46:35+00:00\",\"description\":\"Oltre alle attivit\u00e0 proposte per le scuole i Servizi Educativi organizzano eventi di divulgazione scientifica a richiesta di gruppi privati o in\",\"breadcrumb\":{\"@id\":\"https:\/\/www.msn.unipi.it\/it\/progetti\/#breadcrumb\"},\"inLanguage\":\"it-IT\",\"potentialAction\":[{\"@type\":\"ReadAction\",\"target\":[\"https:\/\/www.msn.unipi.it\/it\/progetti\/\"]}]},{\"@type\":\"ImageObject\",\"inLanguage\":\"it-IT\",\"@id\":\"https:\/\/www.msn.unipi.it\/it\/progetti\/#primaryimage\",\"url\":\"https:\/\/www.msn.unipi.it\/wp-content\/uploads\/2011\/04\/certosa-museo.jpg\",\"contentUrl\":\"https:\/\/www.msn.unipi.it\/wp-content\/uploads\/2011\/04\/certosa-museo.jpg\",\"width\":1654,\"height\":557},{\"@type\":\"BreadcrumbList\",\"@id\":\"https:\/\/www.msn.unipi.it\/it\/progetti\/#breadcrumb\",\"itemListElement\":[{\"@type\":\"ListItem\",\"position\":1,\"name\":\"Home\",\"item\":\"https:\/\/www.msn.unipi.it\/it\/\"},{\"@type\":\"ListItem\",\"position\":2,\"name\":\"Archivio attivit\u00e0\"}]},{\"@type\":\"WebSite\",\"@id\":\"https:\/\/www.msn.unipi.it\/it\/#website\",\"url\":\"https:\/\/www.msn.unipi.it\/it\/\",\"name\":\"Museo di Storia Naturale dell&#039;Universit\u00e0 di Pisa\",\"description\":\"\",\"publisher\":{\"@id\":\"https:\/\/www.msn.unipi.it\/it\/#organization\"},\"potentialAction\":[{\"@type\":\"SearchAction\",\"target\":{\"@type\":\"EntryPoint\",\"urlTemplate\":\"https:\/\/www.msn.unipi.it\/it\/?s={search_term_string}\"},\"query-input\":{\"@type\":\"PropertyValueSpecification\",\"valueRequired\":true,\"valueName\":\"search_term_string\"}}],\"inLanguage\":\"it-IT\"},{\"@type\":\"Organization\",\"@id\":\"https:\/\/www.msn.unipi.it\/it\/#organization\",\"name\":\"Museo di Storia Naturale dell'Universit\u00e0 di Pisa\",\"url\":\"https:\/\/www.msn.unipi.it\/it\/\",\"logo\":{\"@type\":\"ImageObject\",\"inLanguage\":\"it-IT\",\"@id\":\"https:\/\/www.msn.unipi.it\/it\/#\/schema\/logo\/image\/\",\"url\":\"https:\/\/www.msn.unipi.it\/wp-content\/uploads\/2016\/07\/footer-logo.png\",\"contentUrl\":\"https:\/\/www.msn.unipi.it\/wp-content\/uploads\/2016\/07\/footer-logo.png\",\"width\":220,\"height\":95,\"caption\":\"Museo di Storia Naturale dell'Universit\u00e0 di Pisa\"},\"image\":{\"@id\":\"https:\/\/www.msn.unipi.it\/it\/#\/schema\/logo\/image\/\"},\"sameAs\":[\"https:\/\/www.facebook.com\/Museo-di-Storia-Naturale-Universit\u00e0-di-Pisa-277794215612108\/\",\"https:\/\/x.com\/msncalci\",\"https:\/\/www.instagram.com\/museostorianaturale_calci\/\",\"https:\/\/www.youtube.com\/channel\/UCDaMBe_RegmdCnxLPmryMxw\"]}]}<\/script>\n<!-- \/ Yoast SEO plugin. -->","yoast_head_json":{"title":"Archivio attivit\u00e0 - Museo di Storia Naturale dell&#039;Universit\u00e0 di Pisa","description":"Oltre alle attivit\u00e0 proposte per le scuole i Servizi Educativi organizzano eventi di divulgazione scientifica a richiesta di gruppi privati o in","robots":{"index":"index","follow":"follow","max-snippet":"max-snippet:-1","max-image-preview":"max-image-preview:large","max-video-preview":"max-video-preview:-1"},"canonical":"https:\/\/www.msn.unipi.it\/it\/progetti\/","og_locale":"it_IT","og_type":"article","og_title":"Archivio attivit\u00e0 - Museo di Storia Naturale dell&#039;Universit\u00e0 di Pisa","og_description":"Oltre alle attivit\u00e0 proposte per le scuole i Servizi Educativi organizzano eventi di divulgazione scientifica a richiesta di gruppi privati o in","og_url":"https:\/\/www.msn.unipi.it\/it\/progetti\/","og_site_name":"Museo di Storia Naturale dell&#039;Universit\u00e0 di Pisa","article_publisher":"https:\/\/www.facebook.com\/Museo-di-Storia-Naturale-Universit%c3%a0-di-Pisa-277794215612108\/","article_modified_time":"2014-07-29T10:46:35+00:00","og_image":[{"width":1654,"height":557,"url":"https:\/\/www.msn.unipi.it\/wp-content\/uploads\/2011\/04\/certosa-museo.jpg","type":"image\/jpeg"}],"twitter_card":"summary_large_image","twitter_site":"@msncalci","twitter_misc":{"Tempo di lettura stimato":"3 minuti"},"schema":{"@context":"https:\/\/schema.org","@graph":[{"@type":"WebPage","@id":"https:\/\/www.msn.unipi.it\/it\/progetti\/","url":"https:\/\/www.msn.unipi.it\/it\/progetti\/","name":"Archivio attivit\u00e0 - Museo di Storia Naturale dell&#039;Universit\u00e0 di Pisa","isPartOf":{"@id":"https:\/\/www.msn.unipi.it\/it\/#website"},"primaryImageOfPage":{"@id":"https:\/\/www.msn.unipi.it\/it\/progetti\/#primaryimage"},"image":{"@id":"https:\/\/www.msn.unipi.it\/it\/progetti\/#primaryimage"},"thumbnailUrl":"https:\/\/www.msn.unipi.it\/wp-content\/uploads\/2011\/04\/certosa-museo.jpg","datePublished":"2011-05-18T15:47:08+00:00","dateModified":"2014-07-29T10:46:35+00:00","description":"Oltre alle attivit\u00e0 proposte per le scuole i Servizi Educativi organizzano eventi di divulgazione scientifica a richiesta di gruppi privati o in","breadcrumb":{"@id":"https:\/\/www.msn.unipi.it\/it\/progetti\/#breadcrumb"},"inLanguage":"it-IT","potentialAction":[{"@type":"ReadAction","target":["https:\/\/www.msn.unipi.it\/it\/progetti\/"]}]},{"@type":"ImageObject","inLanguage":"it-IT","@id":"https:\/\/www.msn.unipi.it\/it\/progetti\/#primaryimage","url":"https:\/\/www.msn.unipi.it\/wp-content\/uploads\/2011\/04\/certosa-museo.jpg","contentUrl":"https:\/\/www.msn.unipi.it\/wp-content\/uploads\/2011\/04\/certosa-museo.jpg","width":1654,"height":557},{"@type":"BreadcrumbList","@id":"https:\/\/www.msn.unipi.it\/it\/progetti\/#breadcrumb","itemListElement":[{"@type":"ListItem","position":1,"name":"Home","item":"https:\/\/www.msn.unipi.it\/it\/"},{"@type":"ListItem","position":2,"name":"Archivio attivit\u00e0"}]},{"@type":"WebSite","@id":"https:\/\/www.msn.unipi.it\/it\/#website","url":"https:\/\/www.msn.unipi.it\/it\/","name":"Museo di Storia Naturale dell&#039;Universit\u00e0 di Pisa","description":"","publisher":{"@id":"https:\/\/www.msn.unipi.it\/it\/#organization"},"potentialAction":[{"@type":"SearchAction","target":{"@type":"EntryPoint","urlTemplate":"https:\/\/www.msn.unipi.it\/it\/?s={search_term_string}"},"query-input":{"@type":"PropertyValueSpecification","valueRequired":true,"valueName":"search_term_string"}}],"inLanguage":"it-IT"},{"@type":"Organization","@id":"https:\/\/www.msn.unipi.it\/it\/#organization","name":"Museo di Storia Naturale dell'Universit\u00e0 di Pisa","url":"https:\/\/www.msn.unipi.it\/it\/","logo":{"@type":"ImageObject","inLanguage":"it-IT","@id":"https:\/\/www.msn.unipi.it\/it\/#\/schema\/logo\/image\/","url":"https:\/\/www.msn.unipi.it\/wp-content\/uploads\/2016\/07\/footer-logo.png","contentUrl":"https:\/\/www.msn.unipi.it\/wp-content\/uploads\/2016\/07\/footer-logo.png","width":220,"height":95,"caption":"Museo di Storia Naturale dell'Universit\u00e0 di Pisa"},"image":{"@id":"https:\/\/www.msn.unipi.it\/it\/#\/schema\/logo\/image\/"},"sameAs":["https:\/\/www.facebook.com\/Museo-di-Storia-Naturale-Universit\u00e0-di-Pisa-277794215612108\/","https:\/\/x.com\/msncalci","https:\/\/www.instagram.com\/museostorianaturale_calci\/","https:\/\/www.youtube.com\/channel\/UCDaMBe_RegmdCnxLPmryMxw"]}]}},"jetpack_sharing_enabled":true,"_links":{"self":[{"href":"https:\/\/www.msn.unipi.it\/it\/wp-json\/wp\/v2\/pages\/169","targetHints":{"allow":["GET"]}}],"collection":[{"href":"https:\/\/www.msn.unipi.it\/it\/wp-json\/wp\/v2\/pages"}],"about":[{"href":"https:\/\/www.msn.unipi.it\/it\/wp-json\/wp\/v2\/types\/page"}],"author":[{"embeddable":true,"href":"https:\/\/www.msn.unipi.it\/it\/wp-json\/wp\/v2\/users\/1"}],"replies":[{"embeddable":true,"href":"https:\/\/www.msn.unipi.it\/it\/wp-json\/wp\/v2\/comments?post=169"}],"version-history":[{"count":0,"href":"https:\/\/www.msn.unipi.it\/it\/wp-json\/wp\/v2\/pages\/169\/revisions"}],"wp:featuredmedia":[{"embeddable":true,"href":"https:\/\/www.msn.unipi.it\/it\/wp-json\/wp\/v2\/media\/1191"}],"wp:attachment":[{"href":"https:\/\/www.msn.unipi.it\/it\/wp-json\/wp\/v2\/media?parent=169"}],"curies":[{"name":"wp","href":"https:\/\/api.w.org\/{rel}","templated":true}]}}