{"id":171,"date":"2011-05-18T15:47:19","date_gmt":"2011-05-18T15:47:19","guid":{"rendered":"http:\/\/labcd.humnet.unipi.it\/demo\/museocalci\/?page_id=171"},"modified":"2025-12-01T14:49:30","modified_gmt":"2025-12-01T13:49:30","slug":"prenotazioni-e-informazioni","status":"publish","type":"page","link":"https:\/\/www.msn.unipi.it\/it\/educazione\/scuola\/prenotazioni-e-informazioni\/","title":{"rendered":"Prenotazioni e informazioni utili"},"content":{"rendered":"<header><\/header>\n<p style=\"text-align: center;\"><strong>Stiamo riscontrando dei problemi di connessione alla rete. Ci scusiamo per eventuali ritardi nelle comunicazioni.<\/strong><\/p>\n<h3 style=\"text-align: center;\"><strong>A causa dell\u2019altissima domanda ricevuta informiamo i docenti che la disponibilit\u00e0 nei mesi di marzo, aprile e maggio <\/strong><strong>\u00e8 ormai esaurita e attualmente operiamo su una lista d\u2019attesa.<\/strong><br \/>\n<strong>Vi ringraziamo per l&#8217;interesse nei confronti del Museo!<\/strong><\/h3>\n<p>&nbsp;<\/p>\n<p style=\"text-align: left;\"><span class=\"lightviolet\"><span style=\"color: #000000;\">Per <strong>informazioni<\/strong> e <strong>prenotazioni<\/strong> telefonare al numero 050-2212973<\/span><\/span><\/p>\n<p style=\"text-align: left;\"><span class=\"lightviolet\"><span style=\"color: #000000;\">Il numero \u00e8 attivo:<\/span><\/span><\/p>\n<ul>\n<li style=\"text-align: center;\">\n<p style=\"text-align: left;\"><span class=\"lightviolet\"><span style=\"color: #000000;\">&#8211; luned\u00ec dalle ore 9.00 alle ore 13.00 e <\/span><\/span><span class=\"lightviolet\"><span style=\"color: #000000;\">dalle ore 14:00 alle ore 16:00<br \/>\n<\/span><\/span><span class=\"lightviolet\"><span style=\"color: #000000;\">&#8211; marted\u00ec <\/span><\/span><span class=\"lightviolet\"><span style=\"color: #000000;\">dalle ore 9.00 alle ore 13.00<br \/>\n<\/span><\/span><span class=\"lightviolet\"><span style=\"color: #000000;\">&#8211; mercoled\u00ec <\/span><\/span><span class=\"lightviolet\"><span style=\"color: #000000;\">dalle ore 9.00 alle ore 13.00 <\/span><\/span><span class=\"lightviolet\"><span style=\"color: #000000;\">e <\/span><\/span><span class=\"lightviolet\"><span style=\"color: #000000;\">dalle ore 14:00 alle ore 16:00<br \/>\n<\/span><\/span><span class=\"lightviolet\"><span style=\"color: #000000;\">&#8211; gioved\u00ec <\/span><\/span><span class=\"lightviolet\"><span style=\"color: #000000;\">dalle ore 9.00 alle ore 13.00<\/span><\/span><\/p>\n<\/li>\n<\/ul>\n<h4 style=\"text-align: center;\"><\/h4>\n<p><span style=\"color: #000000;\">In caso non riusciste a contattarci telefonicamente potete scrivere scrivere a <strong>didattica.msn@unipi.it<\/strong>, indicando un recapito di telefono al quale essere ricontattati: vi chiameremo quanto prima.<\/span><\/p>\n<p style=\"text-align: left;\"><span class=\"darkviolet\"><span class=\"lightviolet\">La prenotazione delle attivit\u00e0 pu\u00f2 avvenire solo in forma telefonica, <\/span><\/span><span class=\"darkviolet\"><span class=\"lightviolet\">NON<\/span><span class=\"lightviolet\"> saranno ritenute valide prenotazioni inviate per mail senza avere un riscontro <\/span><\/span><span class=\"darkviolet\"><span class=\"lightviolet\">da parte dello staff dei Servizi di Educazione e Mediazione del Museo.<\/span><\/span><\/p>\n<h4 style=\"text-align: center;\"><strong>\u00a0<\/strong><\/h4>\n<p style=\"text-align: left;\"><strong>Nel corso della telefonata o nella mail indicare:<\/strong><\/p>\n<ul>\n<li>&#8211; Nome e indirizzo della scuola o del gruppo<\/li>\n<li>&#8211; Cognome e nome del docente o del capogruppo<\/li>\n<li>&#8211; Recapito telefonico ed e-mail<\/li>\n<li>&#8211; Et\u00e0 e numero dei partecipanti<\/li>\n<li>&#8211; Data e orario della visita<\/li>\n<li>&#8211; Attivit\u00e0 scelte<\/li>\n<\/ul>\n<p>&nbsp;<\/p>\n<h4 style=\"text-align: left;\"><strong>Dopo la prenotazione telefonica<\/strong> compilare l&#8217;apposito<strong><a href=\"https:\/\/forms.gle\/fdMqfayhcFwF8pvg6\" target=\"_blank\" rel=\"noopener\"> FORM DI CONFERMA<\/a>.<\/strong><\/h4>\n<p>&nbsp;<\/p>\n<ul style=\"text-align: left;\">\n<li>In caso di annullamento dell&#8217;attivit\u00e0 si prega di avvisare telefonicamente <span style=\"color: #000000;\"><strong>almeno 15 giorni prima<\/strong> della data prescelta.\u00a0<\/span><\/li>\n<li><\/li>\n<li>In caso di prenotazione di pi\u00f9 date da parte di una stessa classe, il biglietto di ingresso al Museo sar\u00e0 pagato solo la prima volta (diversamente dal costo delle attivit\u00e0 che dovr\u00e0 sempre essere corrisposto).<\/li>\n<li><\/li>\n<\/ul>\n<p>Tutte le attivit\u00e0 proposte per le scuole possono essere realizzate anche per <span style=\"color: #000000;\"><strong>gruppi privati<\/strong><\/span><strong>\u00a0<\/strong>(con alcune limitazioni relative al giorno e all&#8217;orario).<\/p>\n<p style=\"text-align: left;\"><span style=\"color: #000000;\">In caso non riusciste a contattarci telefonicamente potete scrivere scrivere a <strong>didattica.msn@unipi.it<\/strong>, indicando un recapito di telefono al quale essere ricontattati per avere informazioni o effettuare la prenotazione<\/span><\/p>\n<hr class=\"clear\" \/>\n<h3 style=\"text-align: center;\"><strong><span class=\"lightviolet\">INFORMAZIONI UTILI<\/span><\/strong><\/h3>\n<p>&nbsp;<\/p>\n<h4><span class=\"lightviolet\"><strong><a href=\"https:\/\/www.msn.unipi.it\/it\/come-raggiungerci\/\" target=\"_blank\" rel=\"noopener\">Come raggiungerci<\/a> e dove parcheggiare<\/strong><span style=\"color: #000000;\">\u00a0<\/span><\/span><\/h4>\n<p><span class=\"lightviolet\"><a href=\"http:\/\/www.msn.unipi.it\/it\/accessibilita\/\" target=\"_blank\" rel=\"noopener noreferrer\"><strong>Accessibilit\u00e0<\/strong><\/a><span style=\"color: #000000;\">\u00a0&#8211; Il Museo \u00e8 allestito su tre diversi piani e la struttura non \u00e8 dotata di ascensori. Il Museo \u00e8 comunque accessibile tramite l\u2019utilizzo di apposite rampe che permettono di accedere ai piani superiori da un percorso esterno. In ogni caso vi chiediamo di comunicare la presenza di persone con difficolt\u00e0 nella locomozione al fine di poter gestire l\u2019accesso nel modo migliore. Vi chiediamo inoltre di fornirci qualsiasi altra informazione utile alla gestione della visita al Museo.<\/span><\/span><\/p>\n<p style=\"text-align: left;\"><span class=\"lightviolet\"><strong>Pranzo al Museo<\/strong>\u00a0&#8211;<span style=\"color: #000000;\">\u00a0L\u2019area pic-nic nell\u2019uliveto del Museo \u00e8 a disposizione dei visitatori per la pausa pranzo. In caso di maltempo sar\u00e0 possibile concordare con il personale del Museo uno spazio al coperto.<\/span><\/span><\/p>\n<p style=\"text-align: left;\"><span class=\"lightviolet\"><a href=\"http:\/\/www.msn.unipi.it\/it\/bookshop-2\/\" target=\"_blank\" rel=\"noopener noreferrer\"><strong>Bookshop<\/strong><\/a>\u00a0<span style=\"color: #000000;\">&#8211; Presso la biglietteria del Museo \u00e8 presente un punto vendita; il personale della biglietteria \u00e8 a vostra disposizione per gli acquisti, ma vi preghiamo di controllare i vostri studenti durante gli acquisti per consentire una gestione ordinata delle vendite.<\/span><\/span><\/p>\n<p><strong><a href=\"http:\/\/www.msn.unipi.it\/it\/categoria\/esposizioni\/\" target=\"_blank\" rel=\"noopener noreferrer\">Due settori espositivi <\/a><\/strong><span style=\"color: #000000;\">&#8211; Il Museo di Storia Naturale \u00e8 organizzato in due settori espositivi: il settore <\/span><strong>ESPOSIZIONI PERMANENTI\u00a0<\/strong><span style=\"color: #000000;\">e il settore <\/span><strong>ACQUARIO ed ESPOSIZIONI TEMPORANEE<\/strong>.<\/p>\n<p><span class=\"lightviolet\"><strong>La Certosa di Pisa a Calci: due Musei in un unico complesso<\/strong><span style=\"color: #000000;\"> &#8211; Il Museo di Storia Naturale dell\u2019Universit\u00e0 di Pisa \u00e8 ospitato all\u2019interno della Certosa monumentale di Calci. Oltre al Museo di Storia Naturale, la Certosa ospita il <a href=\"http:\/\/polomusealetoscana.beniculturali.it\/index.php?it\/180\/calci-pi-museo-nazionale-della-certosa-monumentale-di-calci\" target=\"_blank\" rel=\"noopener noreferrer\">Museo Nazionale della Certosa Monumentale di Pisa<\/a>, gestito dalla <\/span><\/span>Direzione regionale musei della Toscana.<br \/>\n<span class=\"lightviolet\"><span style=\"color: #000000;\">L\u2019ingresso al Museo di Storia Naturale \u00e8 alla sinistra dell\u2019ingresso principale della Certosa.<\/span><\/span><\/p>\n<p>&nbsp;<\/p>\n<p style=\"text-align: center;\"><img loading=\"lazy\" decoding=\"async\" class=\"alignnone size-medium wp-image-24979\" src=\"https:\/\/www.msn.unipi.it\/wp-content\/uploads\/2022\/10\/animali-con-cartina-1-450x225.jpg\" alt=\"\" width=\"450\" height=\"225\" srcset=\"https:\/\/www.msn.unipi.it\/wp-content\/uploads\/2022\/10\/animali-con-cartina-1-450x225.jpg 450w, https:\/\/www.msn.unipi.it\/wp-content\/uploads\/2022\/10\/animali-con-cartina-1-1024x512.jpg 1024w, https:\/\/www.msn.unipi.it\/wp-content\/uploads\/2022\/10\/animali-con-cartina-1-768x384.jpg 768w, https:\/\/www.msn.unipi.it\/wp-content\/uploads\/2022\/10\/animali-con-cartina-1.jpg 1417w\" sizes=\"auto, (max-width: 450px) 100vw, 450px\" \/><\/p>\n","protected":false},"excerpt":{"rendered":"<p>Stiamo riscontrando dei problemi di connessione alla rete. Ci scusiamo per eventuali ritardi nelle comunicazioni. A causa dell\u2019altissima domanda ricevuta informiamo i docenti che la disponibilit\u00e0 nei mesi di marzo, aprile e maggio \u00e8 ormai esaurita e attualmente operiamo su una lista d\u2019attesa. Vi ringraziamo per l&#8217;interesse nei confronti del Museo! &nbsp; Per informazioni e&nbsp; <a href=\"https:\/\/www.msn.unipi.it\/it\/educazione\/scuola\/prenotazioni-e-informazioni\/\">&hellip;  <i class=\"fa fa-chevron-right\"><\/i><\/a><\/p>\n","protected":false},"author":1,"featured_media":7525,"parent":16068,"menu_order":3,"comment_status":"closed","ping_status":"closed","template":"","meta":{"footnotes":""},"class_list":["post-171","page","type-page","status-publish","has-post-thumbnail","hentry"],"yoast_head":"<!-- This site is optimized with the Yoast SEO plugin v26.8 - https:\/\/yoast.com\/product\/yoast-seo-wordpress\/ -->\n<title>Prenotazioni e informazioni utili - Museo di Storia Naturale dell&#039;Universit\u00e0 di Pisa<\/title>\n<meta name=\"description\" content=\"Stiamo riscontrando dei problemi di connessione alla rete. Ci scusiamo per eventuali ritardi nelle comunicazioni. A causa dell\u2019altissima domanda ricevuta\" \/>\n<meta name=\"robots\" content=\"index, follow, max-snippet:-1, max-image-preview:large, max-video-preview:-1\" \/>\n<link rel=\"canonical\" href=\"https:\/\/www.msn.unipi.it\/it\/educazione\/scuola\/prenotazioni-e-informazioni\/\" \/>\n<meta property=\"og:locale\" content=\"it_IT\" \/>\n<meta property=\"og:type\" content=\"article\" \/>\n<meta property=\"og:title\" content=\"Prenotazioni e informazioni utili - Museo di Storia Naturale dell&#039;Universit\u00e0 di Pisa\" \/>\n<meta property=\"og:description\" content=\"Stiamo riscontrando dei problemi di connessione alla rete. Ci scusiamo per eventuali ritardi nelle comunicazioni. A causa dell\u2019altissima domanda ricevuta\" \/>\n<meta property=\"og:url\" content=\"https:\/\/www.msn.unipi.it\/it\/educazione\/scuola\/prenotazioni-e-informazioni\/\" \/>\n<meta property=\"og:site_name\" content=\"Museo di Storia Naturale dell&#039;Universit\u00e0 di Pisa\" \/>\n<meta property=\"article:publisher\" content=\"https:\/\/www.facebook.com\/Museo-di-Storia-Naturale-Universit%c3%a0-di-Pisa-277794215612108\/\" \/>\n<meta property=\"article:modified_time\" content=\"2025-12-01T13:49:30+00:00\" \/>\n<meta property=\"og:image\" content=\"https:\/\/www.msn.unipi.it\/wp-content\/uploads\/2011\/04\/madreporaTG.jpg\" \/>\n\t<meta property=\"og:image:width\" content=\"2048\" \/>\n\t<meta property=\"og:image:height\" content=\"342\" \/>\n\t<meta property=\"og:image:type\" content=\"image\/jpeg\" \/>\n<meta name=\"twitter:card\" content=\"summary_large_image\" \/>\n<meta name=\"twitter:site\" content=\"@msncalci\" \/>\n<meta name=\"twitter:label1\" content=\"Tempo di lettura stimato\" \/>\n\t<meta name=\"twitter:data1\" content=\"4 minuti\" \/>\n<script type=\"application\/ld+json\" class=\"yoast-schema-graph\">{\"@context\":\"https:\/\/schema.org\",\"@graph\":[{\"@type\":\"WebPage\",\"@id\":\"https:\/\/www.msn.unipi.it\/it\/educazione\/scuola\/prenotazioni-e-informazioni\/\",\"url\":\"https:\/\/www.msn.unipi.it\/it\/educazione\/scuola\/prenotazioni-e-informazioni\/\",\"name\":\"Prenotazioni e informazioni utili - Museo di Storia Naturale dell&#039;Universit\u00e0 di Pisa\",\"isPartOf\":{\"@id\":\"https:\/\/www.msn.unipi.it\/it\/#website\"},\"primaryImageOfPage\":{\"@id\":\"https:\/\/www.msn.unipi.it\/it\/educazione\/scuola\/prenotazioni-e-informazioni\/#primaryimage\"},\"image\":{\"@id\":\"https:\/\/www.msn.unipi.it\/it\/educazione\/scuola\/prenotazioni-e-informazioni\/#primaryimage\"},\"thumbnailUrl\":\"https:\/\/www.msn.unipi.it\/wp-content\/uploads\/2011\/04\/madreporaTG.jpg\",\"datePublished\":\"2011-05-18T15:47:19+00:00\",\"dateModified\":\"2025-12-01T13:49:30+00:00\",\"description\":\"Stiamo riscontrando dei problemi di connessione alla rete. Ci scusiamo per eventuali ritardi nelle comunicazioni. A causa dell\u2019altissima domanda ricevuta\",\"breadcrumb\":{\"@id\":\"https:\/\/www.msn.unipi.it\/it\/educazione\/scuola\/prenotazioni-e-informazioni\/#breadcrumb\"},\"inLanguage\":\"it-IT\",\"potentialAction\":[{\"@type\":\"ReadAction\",\"target\":[\"https:\/\/www.msn.unipi.it\/it\/educazione\/scuola\/prenotazioni-e-informazioni\/\"]}]},{\"@type\":\"ImageObject\",\"inLanguage\":\"it-IT\",\"@id\":\"https:\/\/www.msn.unipi.it\/it\/educazione\/scuola\/prenotazioni-e-informazioni\/#primaryimage\",\"url\":\"https:\/\/www.msn.unipi.it\/wp-content\/uploads\/2011\/04\/madreporaTG.jpg\",\"contentUrl\":\"https:\/\/www.msn.unipi.it\/wp-content\/uploads\/2011\/04\/madreporaTG.jpg\",\"width\":2048,\"height\":342},{\"@type\":\"BreadcrumbList\",\"@id\":\"https:\/\/www.msn.unipi.it\/it\/educazione\/scuola\/prenotazioni-e-informazioni\/#breadcrumb\",\"itemListElement\":[{\"@type\":\"ListItem\",\"position\":1,\"name\":\"Home\",\"item\":\"https:\/\/www.msn.unipi.it\/it\/\"},{\"@type\":\"ListItem\",\"position\":2,\"name\":\"Educazione\",\"item\":\"https:\/\/www.msn.unipi.it\/it\/educazione\/\"},{\"@type\":\"ListItem\",\"position\":3,\"name\":\"Scuola\",\"item\":\"https:\/\/www.msn.unipi.it\/it\/educazione\/scuola\/\"},{\"@type\":\"ListItem\",\"position\":4,\"name\":\"Prenotazioni e informazioni utili\"}]},{\"@type\":\"WebSite\",\"@id\":\"https:\/\/www.msn.unipi.it\/it\/#website\",\"url\":\"https:\/\/www.msn.unipi.it\/it\/\",\"name\":\"Museo di Storia Naturale dell&#039;Universit\u00e0 di Pisa\",\"description\":\"\",\"publisher\":{\"@id\":\"https:\/\/www.msn.unipi.it\/it\/#organization\"},\"potentialAction\":[{\"@type\":\"SearchAction\",\"target\":{\"@type\":\"EntryPoint\",\"urlTemplate\":\"https:\/\/www.msn.unipi.it\/it\/?s={search_term_string}\"},\"query-input\":{\"@type\":\"PropertyValueSpecification\",\"valueRequired\":true,\"valueName\":\"search_term_string\"}}],\"inLanguage\":\"it-IT\"},{\"@type\":\"Organization\",\"@id\":\"https:\/\/www.msn.unipi.it\/it\/#organization\",\"name\":\"Museo di Storia Naturale dell'Universit\u00e0 di Pisa\",\"url\":\"https:\/\/www.msn.unipi.it\/it\/\",\"logo\":{\"@type\":\"ImageObject\",\"inLanguage\":\"it-IT\",\"@id\":\"https:\/\/www.msn.unipi.it\/it\/#\/schema\/logo\/image\/\",\"url\":\"https:\/\/www.msn.unipi.it\/wp-content\/uploads\/2016\/07\/footer-logo.png\",\"contentUrl\":\"https:\/\/www.msn.unipi.it\/wp-content\/uploads\/2016\/07\/footer-logo.png\",\"width\":220,\"height\":95,\"caption\":\"Museo di Storia Naturale dell'Universit\u00e0 di Pisa\"},\"image\":{\"@id\":\"https:\/\/www.msn.unipi.it\/it\/#\/schema\/logo\/image\/\"},\"sameAs\":[\"https:\/\/www.facebook.com\/Museo-di-Storia-Naturale-Universit\u00e0-di-Pisa-277794215612108\/\",\"https:\/\/x.com\/msncalci\",\"https:\/\/www.instagram.com\/museostorianaturale_calci\/\",\"https:\/\/www.youtube.com\/channel\/UCDaMBe_RegmdCnxLPmryMxw\"]}]}<\/script>\n<!-- \/ Yoast SEO plugin. -->","yoast_head_json":{"title":"Prenotazioni e informazioni utili - Museo di Storia Naturale dell&#039;Universit\u00e0 di Pisa","description":"Stiamo riscontrando dei problemi di connessione alla rete. Ci scusiamo per eventuali ritardi nelle comunicazioni. A causa dell\u2019altissima domanda ricevuta","robots":{"index":"index","follow":"follow","max-snippet":"max-snippet:-1","max-image-preview":"max-image-preview:large","max-video-preview":"max-video-preview:-1"},"canonical":"https:\/\/www.msn.unipi.it\/it\/educazione\/scuola\/prenotazioni-e-informazioni\/","og_locale":"it_IT","og_type":"article","og_title":"Prenotazioni e informazioni utili - Museo di Storia Naturale dell&#039;Universit\u00e0 di Pisa","og_description":"Stiamo riscontrando dei problemi di connessione alla rete. Ci scusiamo per eventuali ritardi nelle comunicazioni. A causa dell\u2019altissima domanda ricevuta","og_url":"https:\/\/www.msn.unipi.it\/it\/educazione\/scuola\/prenotazioni-e-informazioni\/","og_site_name":"Museo di Storia Naturale dell&#039;Universit\u00e0 di Pisa","article_publisher":"https:\/\/www.facebook.com\/Museo-di-Storia-Naturale-Universit%c3%a0-di-Pisa-277794215612108\/","article_modified_time":"2025-12-01T13:49:30+00:00","og_image":[{"width":2048,"height":342,"url":"https:\/\/www.msn.unipi.it\/wp-content\/uploads\/2011\/04\/madreporaTG.jpg","type":"image\/jpeg"}],"twitter_card":"summary_large_image","twitter_site":"@msncalci","twitter_misc":{"Tempo di lettura stimato":"4 minuti"},"schema":{"@context":"https:\/\/schema.org","@graph":[{"@type":"WebPage","@id":"https:\/\/www.msn.unipi.it\/it\/educazione\/scuola\/prenotazioni-e-informazioni\/","url":"https:\/\/www.msn.unipi.it\/it\/educazione\/scuola\/prenotazioni-e-informazioni\/","name":"Prenotazioni e informazioni utili - Museo di Storia Naturale dell&#039;Universit\u00e0 di Pisa","isPartOf":{"@id":"https:\/\/www.msn.unipi.it\/it\/#website"},"primaryImageOfPage":{"@id":"https:\/\/www.msn.unipi.it\/it\/educazione\/scuola\/prenotazioni-e-informazioni\/#primaryimage"},"image":{"@id":"https:\/\/www.msn.unipi.it\/it\/educazione\/scuola\/prenotazioni-e-informazioni\/#primaryimage"},"thumbnailUrl":"https:\/\/www.msn.unipi.it\/wp-content\/uploads\/2011\/04\/madreporaTG.jpg","datePublished":"2011-05-18T15:47:19+00:00","dateModified":"2025-12-01T13:49:30+00:00","description":"Stiamo riscontrando dei problemi di connessione alla rete. Ci scusiamo per eventuali ritardi nelle comunicazioni. A causa dell\u2019altissima domanda ricevuta","breadcrumb":{"@id":"https:\/\/www.msn.unipi.it\/it\/educazione\/scuola\/prenotazioni-e-informazioni\/#breadcrumb"},"inLanguage":"it-IT","potentialAction":[{"@type":"ReadAction","target":["https:\/\/www.msn.unipi.it\/it\/educazione\/scuola\/prenotazioni-e-informazioni\/"]}]},{"@type":"ImageObject","inLanguage":"it-IT","@id":"https:\/\/www.msn.unipi.it\/it\/educazione\/scuola\/prenotazioni-e-informazioni\/#primaryimage","url":"https:\/\/www.msn.unipi.it\/wp-content\/uploads\/2011\/04\/madreporaTG.jpg","contentUrl":"https:\/\/www.msn.unipi.it\/wp-content\/uploads\/2011\/04\/madreporaTG.jpg","width":2048,"height":342},{"@type":"BreadcrumbList","@id":"https:\/\/www.msn.unipi.it\/it\/educazione\/scuola\/prenotazioni-e-informazioni\/#breadcrumb","itemListElement":[{"@type":"ListItem","position":1,"name":"Home","item":"https:\/\/www.msn.unipi.it\/it\/"},{"@type":"ListItem","position":2,"name":"Educazione","item":"https:\/\/www.msn.unipi.it\/it\/educazione\/"},{"@type":"ListItem","position":3,"name":"Scuola","item":"https:\/\/www.msn.unipi.it\/it\/educazione\/scuola\/"},{"@type":"ListItem","position":4,"name":"Prenotazioni e informazioni utili"}]},{"@type":"WebSite","@id":"https:\/\/www.msn.unipi.it\/it\/#website","url":"https:\/\/www.msn.unipi.it\/it\/","name":"Museo di Storia Naturale dell&#039;Universit\u00e0 di Pisa","description":"","publisher":{"@id":"https:\/\/www.msn.unipi.it\/it\/#organization"},"potentialAction":[{"@type":"SearchAction","target":{"@type":"EntryPoint","urlTemplate":"https:\/\/www.msn.unipi.it\/it\/?s={search_term_string}"},"query-input":{"@type":"PropertyValueSpecification","valueRequired":true,"valueName":"search_term_string"}}],"inLanguage":"it-IT"},{"@type":"Organization","@id":"https:\/\/www.msn.unipi.it\/it\/#organization","name":"Museo di Storia Naturale dell'Universit\u00e0 di Pisa","url":"https:\/\/www.msn.unipi.it\/it\/","logo":{"@type":"ImageObject","inLanguage":"it-IT","@id":"https:\/\/www.msn.unipi.it\/it\/#\/schema\/logo\/image\/","url":"https:\/\/www.msn.unipi.it\/wp-content\/uploads\/2016\/07\/footer-logo.png","contentUrl":"https:\/\/www.msn.unipi.it\/wp-content\/uploads\/2016\/07\/footer-logo.png","width":220,"height":95,"caption":"Museo di Storia Naturale dell'Universit\u00e0 di Pisa"},"image":{"@id":"https:\/\/www.msn.unipi.it\/it\/#\/schema\/logo\/image\/"},"sameAs":["https:\/\/www.facebook.com\/Museo-di-Storia-Naturale-Universit\u00e0-di-Pisa-277794215612108\/","https:\/\/x.com\/msncalci","https:\/\/www.instagram.com\/museostorianaturale_calci\/","https:\/\/www.youtube.com\/channel\/UCDaMBe_RegmdCnxLPmryMxw"]}]}},"jetpack_sharing_enabled":true,"_links":{"self":[{"href":"https:\/\/www.msn.unipi.it\/it\/wp-json\/wp\/v2\/pages\/171","targetHints":{"allow":["GET"]}}],"collection":[{"href":"https:\/\/www.msn.unipi.it\/it\/wp-json\/wp\/v2\/pages"}],"about":[{"href":"https:\/\/www.msn.unipi.it\/it\/wp-json\/wp\/v2\/types\/page"}],"author":[{"embeddable":true,"href":"https:\/\/www.msn.unipi.it\/it\/wp-json\/wp\/v2\/users\/1"}],"replies":[{"embeddable":true,"href":"https:\/\/www.msn.unipi.it\/it\/wp-json\/wp\/v2\/comments?post=171"}],"version-history":[{"count":13,"href":"https:\/\/www.msn.unipi.it\/it\/wp-json\/wp\/v2\/pages\/171\/revisions"}],"predecessor-version":[{"id":31655,"href":"https:\/\/www.msn.unipi.it\/it\/wp-json\/wp\/v2\/pages\/171\/revisions\/31655"}],"up":[{"embeddable":true,"href":"https:\/\/www.msn.unipi.it\/it\/wp-json\/wp\/v2\/pages\/16068"}],"wp:featuredmedia":[{"embeddable":true,"href":"https:\/\/www.msn.unipi.it\/it\/wp-json\/wp\/v2\/media\/7525"}],"wp:attachment":[{"href":"https:\/\/www.msn.unipi.it\/it\/wp-json\/wp\/v2\/media?parent=171"}],"curies":[{"name":"wp","href":"https:\/\/api.w.org\/{rel}","templated":true}]}}