{"id":2,"date":"2011-04-12T12:49:45","date_gmt":"2011-04-12T12:49:45","guid":{"rendered":"http:\/\/labcd.humnet.unipi.it\/demo\/museocalci\/?page_id=2"},"modified":"2022-10-12T10:21:44","modified_gmt":"2022-10-12T08:21:44","slug":"area-educativa","status":"publish","type":"page","link":"https:\/\/www.msn.unipi.it\/it\/area-educativa\/","title":{"rendered":"Informazioni"},"content":{"rendered":"<h3 style=\"text-align: center;\"><strong><span class=\"lightviolet\">Informazioni<\/span><\/strong><\/h3>\n<p>&nbsp;<\/p>\n<h4 style=\"text-align: center;\"><span style=\"color: #000000;\">Per qualsiasi informazione \u00e8 possibile contattare l\u2019area educativa del museo per e-mail all\u2019indirizzo: didattica.msn@unipi.it<\/span><\/h4>\n<h4 style=\"text-align: center;\"><span style=\"color: #000000;\">Per contatti telefonici chiamare il numero: 050-2212973 dal luned\u00ec al gioved\u00ec dalle 9.00 alle 13.00<\/span><\/h4>\n<p>&nbsp;<\/p>\n<hr class=\"clear\" \/>\n<p>&nbsp;<\/p>\n<p style=\"text-align: left;\"><strong><span class=\"lightviolet\">INFORMAZIONI DI SERVIZIO<\/span><\/strong><\/p>\n<p><strong><a href=\"https:\/\/www.msn.unipi.it\/it\/come-raggiungerci\/\" target=\"_blank\" rel=\"noopener\">Come raggiungerci<\/a><\/strong><\/p>\n<p><span class=\"lightviolet\"><a href=\"https:\/\/www.msn.unipi.it\/it\/come-raggiungerci\/\" target=\"_blank\" rel=\"noopener noreferrer\"><strong>Parcheggio<\/strong><\/a><span style=\"color: #000000;\">\u00a0&#8211; Per le indicazioni su come raggiungerci e dove parcheggiare visitate la <a href=\"http:\/\/www.msn.unipi.it\/it\/come-raggiungerci\/\">pagina dedicata<\/a>.<\/span><\/span><\/p>\n<p><span class=\"lightviolet\"><a href=\"http:\/\/www.msn.unipi.it\/it\/accessibilita\/\" target=\"_blank\" rel=\"noopener noreferrer\"><strong>Accessibilit\u00e0<\/strong><\/a><span style=\"color: #000000;\">\u00a0&#8211; Il Museo \u00e8 allestito su tre diversi piani e la struttura non \u00e8 dotata di ascensori. Il Museo \u00e8 comunque accessibile tramite l\u2019utilizzo di apposite rampe che permettono di accedere ai piani superiori da un percorso esterno. In ogni caso vi chiediamo di comunicare la presenza di persone con difficolt\u00e0 nella locomozione al fine di poter gestire l\u2019accesso nel modo migliore. Vi chiediamo inoltre di fornirci qualsiasi altra informazione utile alla gestione della visita al Museo.<\/span><\/span><\/p>\n<p style=\"text-align: left;\"><span class=\"lightviolet\"><strong>Pranzo al Museo<\/strong>\u00a0&#8211;<span style=\"color: #000000;\">\u00a0L\u2019area pic-nic nell\u2019uliveto del Museo \u00e8 a disposizione dei visitatori per la pausa pranzo. In caso di maltempo sar\u00e0 possibile concordare con il personale del Museo uno spazio al coperto.<\/span><\/span><\/p>\n<p style=\"text-align: left;\"><span class=\"lightviolet\"><a href=\"http:\/\/www.msn.unipi.it\/it\/bookshop-2\/\" target=\"_blank\" rel=\"noopener noreferrer\"><strong>Bookshop<\/strong><\/a>\u00a0<span style=\"color: #000000;\">&#8211; Presso la biglietteria del Museo \u00e8 presente un punto vendita; il personale della biglietteria \u00e8 a vostra disposizione per gli acquisti, ma vi preghiamo di controllare i vostri studenti durante gli acquisti per consentire una gestione ordinata delle vendite.<\/span><\/span><\/p>\n<p><strong><a href=\"http:\/\/www.msn.unipi.it\/it\/categoria\/esposizioni\/\" target=\"_blank\" rel=\"noopener noreferrer\">Due settori espositivi <\/a><\/strong><span style=\"color: #000000;\">&#8211; Il Museo di Storia Naturale \u00e8 organizzato in due settori espositivi: il settore <\/span><strong>ESPOSIZIONI PERMANENTI\u00a0<\/strong><span style=\"color: #000000;\">e il settore <\/span><strong>ACQUARIO ed ESPOSIZIONI TEMPORANEE<\/strong>.<\/p>\n<p><strong>Mostra in corso<\/strong> &#8211;\u00a0&#8220;<a href=\"https:\/\/www.msn.unipi.it\/it\/esposizione-temporanea\/\" target=\"_blank\" rel=\"noopener\">Mythos. Creature Fantastiche<\/a>&#8221; (visitabile dal 18 marzo 2022 al 29 gennaio 2023).<\/p>\n<p><span class=\"lightviolet\"><strong>La Certosa di Pisa a Calci: due Musei in un unico complesso<\/strong><span style=\"color: #000000;\">\u00a0&#8211; Il Museo di Storia Naturale dell\u2019Universit\u00e0 di Pisa \u00e8 ospitato all\u2019interno della Certosa monumentale di Calci. Oltre al Museo di Storia Naturale, la Certosa ospita il <a href=\"http:\/\/polomusealetoscana.beniculturali.it\/index.php?it\/180\/calci-pi-museo-nazionale-della-certosa-monumentale-di-calci\" target=\"_blank\" rel=\"noopener noreferrer\">Museo Nazionale della Certosa Monumentale di Pisa<\/a>, gestito dalla Soprintendenza di Pisa e Livorno.\u00a0\u00c8 possibile svolgere visite e attivit\u00e0 educative\u00a0anche all&#8217;interno della Certosa,\u00a0per informazioni:\u00a0<a href=\"http:\/\/www.didatticaincertosa.it\" target=\"_blank\" rel=\"noopener noreferrer\"> www.didatticaincertosa.it<\/a>. L\u2019ingresso al Museo di Storia Naturale \u00e8 alla sinistra dell\u2019ingresso principale della Certosa.<\/span><\/span><\/p>\n<p>&nbsp;<\/p>\n<p>&nbsp;<\/p>\n<p style=\"text-align: center;\"><img loading=\"lazy\" decoding=\"async\" class=\"alignnone size-medium wp-image-24979\" src=\"https:\/\/www.msn.unipi.it\/wp-content\/uploads\/2022\/10\/animali-con-cartina-1-450x225.jpg\" alt=\"\" width=\"450\" height=\"225\" srcset=\"https:\/\/www.msn.unipi.it\/wp-content\/uploads\/2022\/10\/animali-con-cartina-1-450x225.jpg 450w, https:\/\/www.msn.unipi.it\/wp-content\/uploads\/2022\/10\/animali-con-cartina-1-1024x512.jpg 1024w, https:\/\/www.msn.unipi.it\/wp-content\/uploads\/2022\/10\/animali-con-cartina-1-768x384.jpg 768w, https:\/\/www.msn.unipi.it\/wp-content\/uploads\/2022\/10\/animali-con-cartina-1.jpg 1417w\" sizes=\"auto, (max-width: 450px) 100vw, 450px\" \/><\/p>\n","protected":false},"excerpt":{"rendered":"<p>Informazioni &nbsp; Per qualsiasi informazione \u00e8 possibile contattare l\u2019area educativa del museo per e-mail all\u2019indirizzo: didattica.msn@unipi.it Per contatti telefonici chiamare il numero: 050-2212973 dal luned\u00ec al gioved\u00ec dalle 9.00 alle 13.00 &nbsp; &nbsp; INFORMAZIONI DI SERVIZIO Come raggiungerci Parcheggio\u00a0&#8211; Per le indicazioni su come raggiungerci e dove parcheggiare visitate la pagina dedicata. Accessibilit\u00e0\u00a0&#8211; Il Museo&nbsp; <a href=\"https:\/\/www.msn.unipi.it\/it\/area-educativa\/\">&hellip;  <i class=\"fa fa-chevron-right\"><\/i><\/a><\/p>\n","protected":false},"author":1,"featured_media":7525,"parent":0,"menu_order":0,"comment_status":"closed","ping_status":"closed","template":"","meta":{"footnotes":""},"class_list":["post-2","page","type-page","status-publish","has-post-thumbnail","hentry"],"yoast_head":"<!-- This site is optimized with the Yoast SEO plugin v26.8 - https:\/\/yoast.com\/product\/yoast-seo-wordpress\/ -->\n<title>Informazioni - Museo di Storia Naturale dell&#039;Universit\u00e0 di Pisa<\/title>\n<meta name=\"description\" content=\"Informazioni &nbsp; Per qualsiasi informazione \u00e8 possibile contattare l\u2019area educativa del museo per e-mail all\u2019indirizzo: didattica.msn@unipi.it Per\" \/>\n<meta name=\"robots\" content=\"index, follow, max-snippet:-1, max-image-preview:large, max-video-preview:-1\" \/>\n<link rel=\"canonical\" href=\"https:\/\/www.msn.unipi.it\/it\/area-educativa\/\" \/>\n<meta property=\"og:locale\" content=\"it_IT\" \/>\n<meta property=\"og:type\" content=\"article\" \/>\n<meta property=\"og:title\" content=\"Informazioni - Museo di Storia Naturale dell&#039;Universit\u00e0 di Pisa\" \/>\n<meta property=\"og:description\" content=\"Informazioni &nbsp; Per qualsiasi informazione \u00e8 possibile contattare l\u2019area educativa del museo per e-mail all\u2019indirizzo: didattica.msn@unipi.it Per\" \/>\n<meta property=\"og:url\" content=\"https:\/\/www.msn.unipi.it\/it\/area-educativa\/\" \/>\n<meta property=\"og:site_name\" content=\"Museo di Storia Naturale dell&#039;Universit\u00e0 di Pisa\" \/>\n<meta property=\"article:publisher\" content=\"https:\/\/www.facebook.com\/Museo-di-Storia-Naturale-Universit%c3%a0-di-Pisa-277794215612108\/\" \/>\n<meta property=\"article:modified_time\" content=\"2022-10-12T08:21:44+00:00\" \/>\n<meta property=\"og:image\" content=\"https:\/\/www.msn.unipi.it\/wp-content\/uploads\/2011\/04\/madreporaTG.jpg\" \/>\n\t<meta property=\"og:image:width\" content=\"2048\" \/>\n\t<meta property=\"og:image:height\" content=\"342\" \/>\n\t<meta property=\"og:image:type\" content=\"image\/jpeg\" \/>\n<meta name=\"twitter:card\" content=\"summary_large_image\" \/>\n<meta name=\"twitter:site\" content=\"@msncalci\" \/>\n<meta name=\"twitter:label1\" content=\"Tempo di lettura stimato\" \/>\n\t<meta name=\"twitter:data1\" content=\"2 minuti\" \/>\n<script type=\"application\/ld+json\" class=\"yoast-schema-graph\">{\"@context\":\"https:\/\/schema.org\",\"@graph\":[{\"@type\":\"WebPage\",\"@id\":\"https:\/\/www.msn.unipi.it\/it\/area-educativa\/\",\"url\":\"https:\/\/www.msn.unipi.it\/it\/area-educativa\/\",\"name\":\"Informazioni - Museo di Storia Naturale dell&#039;Universit\u00e0 di Pisa\",\"isPartOf\":{\"@id\":\"https:\/\/www.msn.unipi.it\/it\/#website\"},\"primaryImageOfPage\":{\"@id\":\"https:\/\/www.msn.unipi.it\/it\/area-educativa\/#primaryimage\"},\"image\":{\"@id\":\"https:\/\/www.msn.unipi.it\/it\/area-educativa\/#primaryimage\"},\"thumbnailUrl\":\"https:\/\/www.msn.unipi.it\/wp-content\/uploads\/2011\/04\/madreporaTG.jpg\",\"datePublished\":\"2011-04-12T12:49:45+00:00\",\"dateModified\":\"2022-10-12T08:21:44+00:00\",\"description\":\"Informazioni &nbsp; Per qualsiasi informazione \u00e8 possibile contattare l\u2019area educativa del museo per e-mail all\u2019indirizzo: didattica.msn@unipi.it Per\",\"breadcrumb\":{\"@id\":\"https:\/\/www.msn.unipi.it\/it\/area-educativa\/#breadcrumb\"},\"inLanguage\":\"it-IT\",\"potentialAction\":[{\"@type\":\"ReadAction\",\"target\":[\"https:\/\/www.msn.unipi.it\/it\/area-educativa\/\"]}]},{\"@type\":\"ImageObject\",\"inLanguage\":\"it-IT\",\"@id\":\"https:\/\/www.msn.unipi.it\/it\/area-educativa\/#primaryimage\",\"url\":\"https:\/\/www.msn.unipi.it\/wp-content\/uploads\/2011\/04\/madreporaTG.jpg\",\"contentUrl\":\"https:\/\/www.msn.unipi.it\/wp-content\/uploads\/2011\/04\/madreporaTG.jpg\",\"width\":2048,\"height\":342},{\"@type\":\"BreadcrumbList\",\"@id\":\"https:\/\/www.msn.unipi.it\/it\/area-educativa\/#breadcrumb\",\"itemListElement\":[{\"@type\":\"ListItem\",\"position\":1,\"name\":\"Home\",\"item\":\"https:\/\/www.msn.unipi.it\/it\/\"},{\"@type\":\"ListItem\",\"position\":2,\"name\":\"Informazioni\"}]},{\"@type\":\"WebSite\",\"@id\":\"https:\/\/www.msn.unipi.it\/it\/#website\",\"url\":\"https:\/\/www.msn.unipi.it\/it\/\",\"name\":\"Museo di Storia Naturale dell&#039;Universit\u00e0 di Pisa\",\"description\":\"\",\"publisher\":{\"@id\":\"https:\/\/www.msn.unipi.it\/it\/#organization\"},\"potentialAction\":[{\"@type\":\"SearchAction\",\"target\":{\"@type\":\"EntryPoint\",\"urlTemplate\":\"https:\/\/www.msn.unipi.it\/it\/?s={search_term_string}\"},\"query-input\":{\"@type\":\"PropertyValueSpecification\",\"valueRequired\":true,\"valueName\":\"search_term_string\"}}],\"inLanguage\":\"it-IT\"},{\"@type\":\"Organization\",\"@id\":\"https:\/\/www.msn.unipi.it\/it\/#organization\",\"name\":\"Museo di Storia Naturale dell'Universit\u00e0 di Pisa\",\"url\":\"https:\/\/www.msn.unipi.it\/it\/\",\"logo\":{\"@type\":\"ImageObject\",\"inLanguage\":\"it-IT\",\"@id\":\"https:\/\/www.msn.unipi.it\/it\/#\/schema\/logo\/image\/\",\"url\":\"https:\/\/www.msn.unipi.it\/wp-content\/uploads\/2016\/07\/footer-logo.png\",\"contentUrl\":\"https:\/\/www.msn.unipi.it\/wp-content\/uploads\/2016\/07\/footer-logo.png\",\"width\":220,\"height\":95,\"caption\":\"Museo di Storia Naturale dell'Universit\u00e0 di Pisa\"},\"image\":{\"@id\":\"https:\/\/www.msn.unipi.it\/it\/#\/schema\/logo\/image\/\"},\"sameAs\":[\"https:\/\/www.facebook.com\/Museo-di-Storia-Naturale-Universit\u00e0-di-Pisa-277794215612108\/\",\"https:\/\/x.com\/msncalci\",\"https:\/\/www.instagram.com\/museostorianaturale_calci\/\",\"https:\/\/www.youtube.com\/channel\/UCDaMBe_RegmdCnxLPmryMxw\"]}]}<\/script>\n<!-- \/ Yoast SEO plugin. -->","yoast_head_json":{"title":"Informazioni - Museo di Storia Naturale dell&#039;Universit\u00e0 di Pisa","description":"Informazioni &nbsp; Per qualsiasi informazione \u00e8 possibile contattare l\u2019area educativa del museo per e-mail all\u2019indirizzo: didattica.msn@unipi.it Per","robots":{"index":"index","follow":"follow","max-snippet":"max-snippet:-1","max-image-preview":"max-image-preview:large","max-video-preview":"max-video-preview:-1"},"canonical":"https:\/\/www.msn.unipi.it\/it\/area-educativa\/","og_locale":"it_IT","og_type":"article","og_title":"Informazioni - Museo di Storia Naturale dell&#039;Universit\u00e0 di Pisa","og_description":"Informazioni &nbsp; Per qualsiasi informazione \u00e8 possibile contattare l\u2019area educativa del museo per e-mail all\u2019indirizzo: didattica.msn@unipi.it Per","og_url":"https:\/\/www.msn.unipi.it\/it\/area-educativa\/","og_site_name":"Museo di Storia Naturale dell&#039;Universit\u00e0 di Pisa","article_publisher":"https:\/\/www.facebook.com\/Museo-di-Storia-Naturale-Universit%c3%a0-di-Pisa-277794215612108\/","article_modified_time":"2022-10-12T08:21:44+00:00","og_image":[{"width":2048,"height":342,"url":"https:\/\/www.msn.unipi.it\/wp-content\/uploads\/2011\/04\/madreporaTG.jpg","type":"image\/jpeg"}],"twitter_card":"summary_large_image","twitter_site":"@msncalci","twitter_misc":{"Tempo di lettura stimato":"2 minuti"},"schema":{"@context":"https:\/\/schema.org","@graph":[{"@type":"WebPage","@id":"https:\/\/www.msn.unipi.it\/it\/area-educativa\/","url":"https:\/\/www.msn.unipi.it\/it\/area-educativa\/","name":"Informazioni - Museo di Storia Naturale dell&#039;Universit\u00e0 di Pisa","isPartOf":{"@id":"https:\/\/www.msn.unipi.it\/it\/#website"},"primaryImageOfPage":{"@id":"https:\/\/www.msn.unipi.it\/it\/area-educativa\/#primaryimage"},"image":{"@id":"https:\/\/www.msn.unipi.it\/it\/area-educativa\/#primaryimage"},"thumbnailUrl":"https:\/\/www.msn.unipi.it\/wp-content\/uploads\/2011\/04\/madreporaTG.jpg","datePublished":"2011-04-12T12:49:45+00:00","dateModified":"2022-10-12T08:21:44+00:00","description":"Informazioni &nbsp; Per qualsiasi informazione \u00e8 possibile contattare l\u2019area educativa del museo per e-mail all\u2019indirizzo: didattica.msn@unipi.it Per","breadcrumb":{"@id":"https:\/\/www.msn.unipi.it\/it\/area-educativa\/#breadcrumb"},"inLanguage":"it-IT","potentialAction":[{"@type":"ReadAction","target":["https:\/\/www.msn.unipi.it\/it\/area-educativa\/"]}]},{"@type":"ImageObject","inLanguage":"it-IT","@id":"https:\/\/www.msn.unipi.it\/it\/area-educativa\/#primaryimage","url":"https:\/\/www.msn.unipi.it\/wp-content\/uploads\/2011\/04\/madreporaTG.jpg","contentUrl":"https:\/\/www.msn.unipi.it\/wp-content\/uploads\/2011\/04\/madreporaTG.jpg","width":2048,"height":342},{"@type":"BreadcrumbList","@id":"https:\/\/www.msn.unipi.it\/it\/area-educativa\/#breadcrumb","itemListElement":[{"@type":"ListItem","position":1,"name":"Home","item":"https:\/\/www.msn.unipi.it\/it\/"},{"@type":"ListItem","position":2,"name":"Informazioni"}]},{"@type":"WebSite","@id":"https:\/\/www.msn.unipi.it\/it\/#website","url":"https:\/\/www.msn.unipi.it\/it\/","name":"Museo di Storia Naturale dell&#039;Universit\u00e0 di Pisa","description":"","publisher":{"@id":"https:\/\/www.msn.unipi.it\/it\/#organization"},"potentialAction":[{"@type":"SearchAction","target":{"@type":"EntryPoint","urlTemplate":"https:\/\/www.msn.unipi.it\/it\/?s={search_term_string}"},"query-input":{"@type":"PropertyValueSpecification","valueRequired":true,"valueName":"search_term_string"}}],"inLanguage":"it-IT"},{"@type":"Organization","@id":"https:\/\/www.msn.unipi.it\/it\/#organization","name":"Museo di Storia Naturale dell'Universit\u00e0 di Pisa","url":"https:\/\/www.msn.unipi.it\/it\/","logo":{"@type":"ImageObject","inLanguage":"it-IT","@id":"https:\/\/www.msn.unipi.it\/it\/#\/schema\/logo\/image\/","url":"https:\/\/www.msn.unipi.it\/wp-content\/uploads\/2016\/07\/footer-logo.png","contentUrl":"https:\/\/www.msn.unipi.it\/wp-content\/uploads\/2016\/07\/footer-logo.png","width":220,"height":95,"caption":"Museo di Storia Naturale dell'Universit\u00e0 di Pisa"},"image":{"@id":"https:\/\/www.msn.unipi.it\/it\/#\/schema\/logo\/image\/"},"sameAs":["https:\/\/www.facebook.com\/Museo-di-Storia-Naturale-Universit\u00e0-di-Pisa-277794215612108\/","https:\/\/x.com\/msncalci","https:\/\/www.instagram.com\/museostorianaturale_calci\/","https:\/\/www.youtube.com\/channel\/UCDaMBe_RegmdCnxLPmryMxw"]}]}},"jetpack_sharing_enabled":true,"_links":{"self":[{"href":"https:\/\/www.msn.unipi.it\/it\/wp-json\/wp\/v2\/pages\/2","targetHints":{"allow":["GET"]}}],"collection":[{"href":"https:\/\/www.msn.unipi.it\/it\/wp-json\/wp\/v2\/pages"}],"about":[{"href":"https:\/\/www.msn.unipi.it\/it\/wp-json\/wp\/v2\/types\/page"}],"author":[{"embeddable":true,"href":"https:\/\/www.msn.unipi.it\/it\/wp-json\/wp\/v2\/users\/1"}],"replies":[{"embeddable":true,"href":"https:\/\/www.msn.unipi.it\/it\/wp-json\/wp\/v2\/comments?post=2"}],"version-history":[{"count":12,"href":"https:\/\/www.msn.unipi.it\/it\/wp-json\/wp\/v2\/pages\/2\/revisions"}],"predecessor-version":[{"id":25007,"href":"https:\/\/www.msn.unipi.it\/it\/wp-json\/wp\/v2\/pages\/2\/revisions\/25007"}],"wp:featuredmedia":[{"embeddable":true,"href":"https:\/\/www.msn.unipi.it\/it\/wp-json\/wp\/v2\/media\/7525"}],"wp:attachment":[{"href":"https:\/\/www.msn.unipi.it\/it\/wp-json\/wp\/v2\/media?parent=2"}],"curies":[{"name":"wp","href":"https:\/\/api.w.org\/{rel}","templated":true}]}}