{"id":20374,"date":"2020-11-24T12:13:55","date_gmt":"2020-11-24T11:13:55","guid":{"rendered":"https:\/\/www.msn.unipi.it\/?page_id=20374"},"modified":"2021-01-11T15:25:29","modified_gmt":"2021-01-11T14:25:29","slug":"attivita-per-le-classi-3-4-e-5","status":"publish","type":"page","link":"https:\/\/www.msn.unipi.it\/it\/educazione\/scuola\/novita-2020\/attivita-per-le-classi-3-4-e-5\/","title":{"rendered":"Attivit\u00e0 per le classi III, IV, V"},"content":{"rendered":"<p>Le seguenti attivit\u00e0 potranno svolgersi:<br \/>\n&#8211; in presenza con l\u2019operatore che va nelle classi (IL MUSEO VA A SCUOLA)<br \/>\n&#8211; in diretta streaming (EDUCAZIONE A DISTANZA)<\/p>\n<p><strong>Ogni attivit\u00e0 ha la durata di 1 ora e 30 minuti.<\/strong><\/p>\n<p>&nbsp;<\/p>\n<p><strong><a href=\"https:\/\/www.msn.unipi.it\/it\/educazione\/scuola\/novita-2020\/attivita-per-le-classi-3-4-e-5\/pesci\/\" target=\"_blank\" rel=\"noopener\">Pesci<\/a><\/strong><\/p>\n<p><strong><a href=\"https:\/\/www.msn.unipi.it\/it\/educazione\/scuola\/novita-2020\/attivita-per-le-classi-3-4-e-5\/cetacei\/\" target=\"_blank\" rel=\"noopener\">Cetacei<\/a><\/strong><br \/>\nApprofondimento: <strong><a href=\"https:\/\/www.msn.unipi.it\/it\/educazione\/scuola\/novita-2020\/attivita-per-le-classi-3-4-e-5\/linquinamento-della-plastica-in-mare\/\" target=\"_blank\" rel=\"noopener\">L\u2019inquinamento della plastica in mare<\/a><\/strong><\/p>\n<p><strong><a href=\"https:\/\/www.msn.unipi.it\/it\/educazione\/scuola\/novita-2020\/attivita-per-le-classi-3-4-e-5\/la-vita-nel-bosco\/\" target=\"_blank\" rel=\"noopener\">La vita nel bosco<\/a><\/strong><\/p>\n<p><strong><a href=\"https:\/\/www.msn.unipi.it\/it\/educazione\/scuola\/novita-2020\/attivita-per-le-classi-3-4-e-5\/mammiferi\/\" target=\"_blank\" rel=\"noopener\">Mammiferi<\/a><\/strong><\/p>\n<p><strong><a href=\"https:\/\/www.msn.unipi.it\/it\/educazione\/scuola\/novita-2020\/attivita-per-le-classi-3-4-e-5\/anfibi-e-rettili\/\" target=\"_blank\" rel=\"noopener\">Anfibi e rettili<\/a><\/strong><\/p>\n<p><strong><a href=\"https:\/\/www.msn.unipi.it\/it\/educazione\/scuola\/novita-2020\/attivita-per-le-classi-3-4-e-5\/uccelli\/\" target=\"_blank\" rel=\"noopener\">Uccelli<\/a><\/strong><\/p>\n<p><strong><a href=\"https:\/\/www.msn.unipi.it\/it\/educazione\/scuola\/novita-2020\/attivita-per-le-classi-3-4-e-5\/dinosauri\/\" target=\"_blank\" rel=\"noopener\">Dinosauri<\/a><\/strong><\/p>\n<p><strong><a href=\"https:\/\/www.msn.unipi.it\/it\/educazione\/scuola\/novita-2020\/attivita-per-le-classi-3-4-e-5\/vulcani\/\" target=\"_blank\" rel=\"noopener\">Vulcani<\/a><\/strong><\/p>\n<p><strong><a href=\"https:\/\/www.msn.unipi.it\/it\/educazione\/scuola\/novita-2020\/attivita-per-le-classi-3-4-e-5\/detective-del-passato\/\" target=\"_blank\" rel=\"noopener\">Detective del passato<\/a><\/strong> &#8211; parte prima<br \/>\nLaboratorio: <strong><a href=\"https:\/\/www.msn.unipi.it\/it\/educazione\/scuola\/novita-2020\/attivita-per-le-classi-3-4-e-5\/detective-del-passato-parte-seconda-i-ferri-del-mestiere\/\" target=\"_blank\" rel=\"noopener\">Detective del passato &#8211; parte seconda<\/a><\/strong><\/p>\n<p><strong><a href=\"https:\/\/www.msn.unipi.it\/it\/educazione\/scuola\/novita-2020\/attivita-per-le-classi-3-4-e-5\/il-museo-che-meraviglia\/\" target=\"_blank\" rel=\"noopener\">Il museo che meraviglia<\/a><\/strong><br \/>\nLaboratorio: <strong><a href=\"https:\/\/www.msn.unipi.it\/it\/educazione\/scuola\/novita-2020\/attivita-per-le-classi-3-4-e-5\/costruiamo-il-nostro-museo\/\" target=\"_blank\" rel=\"noopener\">Costruiamo il nostro museo<\/a><\/strong><\/p>\n<p><strong><a href=\"https:\/\/www.msn.unipi.it\/it\/educazione\/scuola\/novita-2020\/attivita-per-le-classi-3-4-e-5\/il-paleolitico\/\" target=\"_blank\" rel=\"noopener\">Il paleolitico<\/a><\/strong><\/p>\n<p>Laboratorio: <strong><a href=\"https:\/\/www.msn.unipi.it\/it\/educazione\/scuola\/novita-2020\/attivita-per-le-classi-3-4-e-5\/modelliamo-una-venere\/\" target=\"_blank\" rel=\"noopener\">Modelliamo una venere<\/a><\/strong><\/p>\n<p><strong><a href=\"https:\/\/www.msn.unipi.it\/it\/educazione\/scuola\/novita-2020\/attivita-per-le-classi-3-4-e-5\/larte-preistorica\/\" target=\"_blank\" rel=\"noopener\">L&#8217;arte preistorica<\/a><\/strong><\/p>\n<p><a href=\"https:\/\/www.msn.unipi.it\/it\/educazione\/scuola\/novita-2020\/attivita-per-le-classi-3-4-e-5\/artisti-preistorici\/\" target=\"_blank\" rel=\"noopener\"><strong>Artisti preistorici<\/strong><\/a><\/p>\n<p><strong><a href=\"https:\/\/www.msn.unipi.it\/it\/educazione\/scuola\/novita-2020\/attivita-per-le-classi-3-4-e-5\/il-neolitico\/\" target=\"_blank\" rel=\"noopener\">Il neolitico<\/a><\/strong><\/p>\n<p>Laboratorio: <strong><a href=\"https:\/\/www.msn.unipi.it\/it\/educazione\/scuola\/novita-2020\/attivita-per-le-classi-3-4-e-5\/la-tessitura-trama-e-ordito\/\" target=\"_blank\" rel=\"noopener\">La tessitura: trama e ordito<\/a><\/strong><\/p>\n<p><strong><a href=\"https:\/\/www.msn.unipi.it\/it\/educazione\/scuola\/novita-2020\/attivita-per-le-classi-3-4-e-5\/ecologia-preistorica\/\" target=\"_blank\" rel=\"noopener\">Ecologia preistorica<\/a><\/strong><\/p>\n<p>Laboratorio: <strong><a href=\"https:\/\/www.msn.unipi.it\/it\/educazione\/scuola\/novita-2020\/attivita-per-le-classi-3-4-e-5\/piccoli-vasai\/\" target=\"_blank\" rel=\"noopener\">Piccoli vasai<\/a><\/strong><\/p>\n<p><strong><a href=\"https:\/\/www.msn.unipi.it\/it\/educazione\/scuola\/novita-2020\/attivita-per-le-classi-3-4-e-5\/la-piante-del-monte-pisano\/\" target=\"_blank\" rel=\"noopener\">Le piante del Monte Pisano<\/a><\/strong><\/p>\n<p>&nbsp;<\/p>\n<p><a href=\"https:\/\/www.msn.unipi.it\/wp-content\/uploads\/2020\/12\/attivita-III-IV-e-V-primaria-2020-2021.pdf\" target=\"_blank\" rel=\"noopener\">Scarica il pdf con le attivit\u00e0 per le classi III, IV e V della Scuola Primaria<\/a><\/p>\n<p>&nbsp;<\/p>\n<p><a href=\"https:\/\/www.msn.unipi.it\/wp-content\/uploads\/2020\/12\/pagina-iniziale.png\" data-lbwps-width=\"960\" data-lbwps-height=\"540\" data-lbwps-srcsmall=\"https:\/\/www.msn.unipi.it\/wp-content\/uploads\/2020\/12\/pagina-iniziale-450x253.png\"><img loading=\"lazy\" decoding=\"async\" class=\"aligncenter size-medium wp-image-20705\" src=\"https:\/\/www.msn.unipi.it\/wp-content\/uploads\/2020\/12\/pagina-iniziale-450x253.png\" alt=\"\" width=\"450\" height=\"253\" srcset=\"https:\/\/www.msn.unipi.it\/wp-content\/uploads\/2020\/12\/pagina-iniziale-450x253.png 450w, https:\/\/www.msn.unipi.it\/wp-content\/uploads\/2020\/12\/pagina-iniziale-768x432.png 768w, https:\/\/www.msn.unipi.it\/wp-content\/uploads\/2020\/12\/pagina-iniziale.png 960w\" sizes=\"auto, (max-width: 450px) 100vw, 450px\" \/><\/a><\/p>\n","protected":false},"excerpt":{"rendered":"<p>Le seguenti attivit\u00e0 potranno svolgersi: &#8211; in presenza con l\u2019operatore che va nelle classi (IL MUSEO VA A SCUOLA) &#8211; in diretta streaming (EDUCAZIONE A DISTANZA) Ogni attivit\u00e0 ha la durata di 1 ora e 30 minuti. &nbsp; Pesci Cetacei Approfondimento: L\u2019inquinamento della plastica in mare La vita nel bosco Mammiferi Anfibi e rettili Uccelli&nbsp; <a href=\"https:\/\/www.msn.unipi.it\/it\/educazione\/scuola\/novita-2020\/attivita-per-le-classi-3-4-e-5\/\">&hellip;  <i class=\"fa fa-chevron-right\"><\/i><\/a><\/p>\n","protected":false},"author":8,"featured_media":7525,"parent":20358,"menu_order":0,"comment_status":"closed","ping_status":"closed","template":"","meta":{"footnotes":""},"class_list":["post-20374","page","type-page","status-publish","has-post-thumbnail","hentry"],"yoast_head":"<!-- This site is optimized with the Yoast SEO plugin v26.8 - https:\/\/yoast.com\/product\/yoast-seo-wordpress\/ -->\n<title>Attivit\u00e0 per le classi III, IV, V - Museo di Storia Naturale dell&#039;Universit\u00e0 di Pisa<\/title>\n<meta name=\"description\" content=\"Le seguenti attivit\u00e0 potranno svolgersi: - in presenza con l\u2019operatore che va nelle classi (IL MUSEO VA A SCUOLA) - in diretta streaming (EDUCAZIONE A\" \/>\n<meta name=\"robots\" content=\"index, follow, max-snippet:-1, max-image-preview:large, max-video-preview:-1\" \/>\n<link rel=\"canonical\" href=\"https:\/\/www.msn.unipi.it\/it\/educazione\/scuola\/novita-2020\/attivita-per-le-classi-3-4-e-5\/\" \/>\n<meta property=\"og:locale\" content=\"it_IT\" \/>\n<meta property=\"og:type\" content=\"article\" \/>\n<meta property=\"og:title\" content=\"Attivit\u00e0 per le classi III, IV, V - Museo di Storia Naturale dell&#039;Universit\u00e0 di Pisa\" \/>\n<meta property=\"og:description\" content=\"Le seguenti attivit\u00e0 potranno svolgersi: - in presenza con l\u2019operatore che va nelle classi (IL MUSEO VA A SCUOLA) - in diretta streaming (EDUCAZIONE A\" \/>\n<meta property=\"og:url\" content=\"https:\/\/www.msn.unipi.it\/it\/educazione\/scuola\/novita-2020\/attivita-per-le-classi-3-4-e-5\/\" \/>\n<meta property=\"og:site_name\" content=\"Museo di Storia Naturale dell&#039;Universit\u00e0 di Pisa\" \/>\n<meta property=\"article:publisher\" content=\"https:\/\/www.facebook.com\/Museo-di-Storia-Naturale-Universit%c3%a0-di-Pisa-277794215612108\/\" \/>\n<meta property=\"article:modified_time\" content=\"2021-01-11T14:25:29+00:00\" \/>\n<meta property=\"og:image\" content=\"https:\/\/www.msn.unipi.it\/wp-content\/uploads\/2011\/04\/madreporaTG.jpg\" \/>\n\t<meta property=\"og:image:width\" content=\"2048\" \/>\n\t<meta property=\"og:image:height\" content=\"342\" \/>\n\t<meta property=\"og:image:type\" content=\"image\/jpeg\" \/>\n<meta name=\"twitter:card\" content=\"summary_large_image\" \/>\n<meta name=\"twitter:site\" content=\"@msncalci\" \/>\n<meta name=\"twitter:label1\" content=\"Tempo di lettura stimato\" \/>\n\t<meta name=\"twitter:data1\" content=\"1 minuto\" \/>\n<script type=\"application\/ld+json\" class=\"yoast-schema-graph\">{\"@context\":\"https:\/\/schema.org\",\"@graph\":[{\"@type\":\"WebPage\",\"@id\":\"https:\/\/www.msn.unipi.it\/it\/educazione\/scuola\/novita-2020\/attivita-per-le-classi-3-4-e-5\/\",\"url\":\"https:\/\/www.msn.unipi.it\/it\/educazione\/scuola\/novita-2020\/attivita-per-le-classi-3-4-e-5\/\",\"name\":\"Attivit\u00e0 per le classi III, IV, V - Museo di Storia Naturale dell&#039;Universit\u00e0 di Pisa\",\"isPartOf\":{\"@id\":\"https:\/\/www.msn.unipi.it\/it\/#website\"},\"primaryImageOfPage\":{\"@id\":\"https:\/\/www.msn.unipi.it\/it\/educazione\/scuola\/novita-2020\/attivita-per-le-classi-3-4-e-5\/#primaryimage\"},\"image\":{\"@id\":\"https:\/\/www.msn.unipi.it\/it\/educazione\/scuola\/novita-2020\/attivita-per-le-classi-3-4-e-5\/#primaryimage\"},\"thumbnailUrl\":\"https:\/\/www.msn.unipi.it\/wp-content\/uploads\/2011\/04\/madreporaTG.jpg\",\"datePublished\":\"2020-11-24T11:13:55+00:00\",\"dateModified\":\"2021-01-11T14:25:29+00:00\",\"description\":\"Le seguenti attivit\u00e0 potranno svolgersi: - in presenza con l\u2019operatore che va nelle classi (IL MUSEO VA A SCUOLA) - in diretta streaming (EDUCAZIONE A\",\"breadcrumb\":{\"@id\":\"https:\/\/www.msn.unipi.it\/it\/educazione\/scuola\/novita-2020\/attivita-per-le-classi-3-4-e-5\/#breadcrumb\"},\"inLanguage\":\"it-IT\",\"potentialAction\":[{\"@type\":\"ReadAction\",\"target\":[\"https:\/\/www.msn.unipi.it\/it\/educazione\/scuola\/novita-2020\/attivita-per-le-classi-3-4-e-5\/\"]}]},{\"@type\":\"ImageObject\",\"inLanguage\":\"it-IT\",\"@id\":\"https:\/\/www.msn.unipi.it\/it\/educazione\/scuola\/novita-2020\/attivita-per-le-classi-3-4-e-5\/#primaryimage\",\"url\":\"https:\/\/www.msn.unipi.it\/wp-content\/uploads\/2011\/04\/madreporaTG.jpg\",\"contentUrl\":\"https:\/\/www.msn.unipi.it\/wp-content\/uploads\/2011\/04\/madreporaTG.jpg\",\"width\":2048,\"height\":342},{\"@type\":\"BreadcrumbList\",\"@id\":\"https:\/\/www.msn.unipi.it\/it\/educazione\/scuola\/novita-2020\/attivita-per-le-classi-3-4-e-5\/#breadcrumb\",\"itemListElement\":[{\"@type\":\"ListItem\",\"position\":1,\"name\":\"Home\",\"item\":\"https:\/\/www.msn.unipi.it\/it\/\"},{\"@type\":\"ListItem\",\"position\":2,\"name\":\"Educazione\",\"item\":\"https:\/\/www.msn.unipi.it\/it\/educazione\/\"},{\"@type\":\"ListItem\",\"position\":3,\"name\":\"Scuola\",\"item\":\"https:\/\/www.msn.unipi.it\/it\/educazione\/scuola\/\"},{\"@type\":\"ListItem\",\"position\":4,\"name\":\"Archivio offerta educativa\",\"item\":\"https:\/\/www.msn.unipi.it\/it\/educazione\/scuola\/novita-2020\/\"},{\"@type\":\"ListItem\",\"position\":5,\"name\":\"Attivit\u00e0 per le classi III, IV, V\"}]},{\"@type\":\"WebSite\",\"@id\":\"https:\/\/www.msn.unipi.it\/it\/#website\",\"url\":\"https:\/\/www.msn.unipi.it\/it\/\",\"name\":\"Museo di Storia Naturale dell&#039;Universit\u00e0 di Pisa\",\"description\":\"\",\"publisher\":{\"@id\":\"https:\/\/www.msn.unipi.it\/it\/#organization\"},\"potentialAction\":[{\"@type\":\"SearchAction\",\"target\":{\"@type\":\"EntryPoint\",\"urlTemplate\":\"https:\/\/www.msn.unipi.it\/it\/?s={search_term_string}\"},\"query-input\":{\"@type\":\"PropertyValueSpecification\",\"valueRequired\":true,\"valueName\":\"search_term_string\"}}],\"inLanguage\":\"it-IT\"},{\"@type\":\"Organization\",\"@id\":\"https:\/\/www.msn.unipi.it\/it\/#organization\",\"name\":\"Museo di Storia Naturale dell'Universit\u00e0 di Pisa\",\"url\":\"https:\/\/www.msn.unipi.it\/it\/\",\"logo\":{\"@type\":\"ImageObject\",\"inLanguage\":\"it-IT\",\"@id\":\"https:\/\/www.msn.unipi.it\/it\/#\/schema\/logo\/image\/\",\"url\":\"https:\/\/www.msn.unipi.it\/wp-content\/uploads\/2016\/07\/footer-logo.png\",\"contentUrl\":\"https:\/\/www.msn.unipi.it\/wp-content\/uploads\/2016\/07\/footer-logo.png\",\"width\":220,\"height\":95,\"caption\":\"Museo di Storia Naturale dell'Universit\u00e0 di Pisa\"},\"image\":{\"@id\":\"https:\/\/www.msn.unipi.it\/it\/#\/schema\/logo\/image\/\"},\"sameAs\":[\"https:\/\/www.facebook.com\/Museo-di-Storia-Naturale-Universit\u00e0-di-Pisa-277794215612108\/\",\"https:\/\/x.com\/msncalci\",\"https:\/\/www.instagram.com\/museostorianaturale_calci\/\",\"https:\/\/www.youtube.com\/channel\/UCDaMBe_RegmdCnxLPmryMxw\"]}]}<\/script>\n<!-- \/ Yoast SEO plugin. -->","yoast_head_json":{"title":"Attivit\u00e0 per le classi III, IV, V - Museo di Storia Naturale dell&#039;Universit\u00e0 di Pisa","description":"Le seguenti attivit\u00e0 potranno svolgersi: - in presenza con l\u2019operatore che va nelle classi (IL MUSEO VA A SCUOLA) - in diretta streaming (EDUCAZIONE A","robots":{"index":"index","follow":"follow","max-snippet":"max-snippet:-1","max-image-preview":"max-image-preview:large","max-video-preview":"max-video-preview:-1"},"canonical":"https:\/\/www.msn.unipi.it\/it\/educazione\/scuola\/novita-2020\/attivita-per-le-classi-3-4-e-5\/","og_locale":"it_IT","og_type":"article","og_title":"Attivit\u00e0 per le classi III, IV, V - Museo di Storia Naturale dell&#039;Universit\u00e0 di Pisa","og_description":"Le seguenti attivit\u00e0 potranno svolgersi: - in presenza con l\u2019operatore che va nelle classi (IL MUSEO VA A SCUOLA) - in diretta streaming (EDUCAZIONE A","og_url":"https:\/\/www.msn.unipi.it\/it\/educazione\/scuola\/novita-2020\/attivita-per-le-classi-3-4-e-5\/","og_site_name":"Museo di Storia Naturale dell&#039;Universit\u00e0 di Pisa","article_publisher":"https:\/\/www.facebook.com\/Museo-di-Storia-Naturale-Universit%c3%a0-di-Pisa-277794215612108\/","article_modified_time":"2021-01-11T14:25:29+00:00","og_image":[{"width":2048,"height":342,"url":"https:\/\/www.msn.unipi.it\/wp-content\/uploads\/2011\/04\/madreporaTG.jpg","type":"image\/jpeg"}],"twitter_card":"summary_large_image","twitter_site":"@msncalci","twitter_misc":{"Tempo di lettura stimato":"1 minuto"},"schema":{"@context":"https:\/\/schema.org","@graph":[{"@type":"WebPage","@id":"https:\/\/www.msn.unipi.it\/it\/educazione\/scuola\/novita-2020\/attivita-per-le-classi-3-4-e-5\/","url":"https:\/\/www.msn.unipi.it\/it\/educazione\/scuola\/novita-2020\/attivita-per-le-classi-3-4-e-5\/","name":"Attivit\u00e0 per le classi III, IV, V - Museo di Storia Naturale dell&#039;Universit\u00e0 di Pisa","isPartOf":{"@id":"https:\/\/www.msn.unipi.it\/it\/#website"},"primaryImageOfPage":{"@id":"https:\/\/www.msn.unipi.it\/it\/educazione\/scuola\/novita-2020\/attivita-per-le-classi-3-4-e-5\/#primaryimage"},"image":{"@id":"https:\/\/www.msn.unipi.it\/it\/educazione\/scuola\/novita-2020\/attivita-per-le-classi-3-4-e-5\/#primaryimage"},"thumbnailUrl":"https:\/\/www.msn.unipi.it\/wp-content\/uploads\/2011\/04\/madreporaTG.jpg","datePublished":"2020-11-24T11:13:55+00:00","dateModified":"2021-01-11T14:25:29+00:00","description":"Le seguenti attivit\u00e0 potranno svolgersi: - in presenza con l\u2019operatore che va nelle classi (IL MUSEO VA A SCUOLA) - in diretta streaming (EDUCAZIONE A","breadcrumb":{"@id":"https:\/\/www.msn.unipi.it\/it\/educazione\/scuola\/novita-2020\/attivita-per-le-classi-3-4-e-5\/#breadcrumb"},"inLanguage":"it-IT","potentialAction":[{"@type":"ReadAction","target":["https:\/\/www.msn.unipi.it\/it\/educazione\/scuola\/novita-2020\/attivita-per-le-classi-3-4-e-5\/"]}]},{"@type":"ImageObject","inLanguage":"it-IT","@id":"https:\/\/www.msn.unipi.it\/it\/educazione\/scuola\/novita-2020\/attivita-per-le-classi-3-4-e-5\/#primaryimage","url":"https:\/\/www.msn.unipi.it\/wp-content\/uploads\/2011\/04\/madreporaTG.jpg","contentUrl":"https:\/\/www.msn.unipi.it\/wp-content\/uploads\/2011\/04\/madreporaTG.jpg","width":2048,"height":342},{"@type":"BreadcrumbList","@id":"https:\/\/www.msn.unipi.it\/it\/educazione\/scuola\/novita-2020\/attivita-per-le-classi-3-4-e-5\/#breadcrumb","itemListElement":[{"@type":"ListItem","position":1,"name":"Home","item":"https:\/\/www.msn.unipi.it\/it\/"},{"@type":"ListItem","position":2,"name":"Educazione","item":"https:\/\/www.msn.unipi.it\/it\/educazione\/"},{"@type":"ListItem","position":3,"name":"Scuola","item":"https:\/\/www.msn.unipi.it\/it\/educazione\/scuola\/"},{"@type":"ListItem","position":4,"name":"Archivio offerta educativa","item":"https:\/\/www.msn.unipi.it\/it\/educazione\/scuola\/novita-2020\/"},{"@type":"ListItem","position":5,"name":"Attivit\u00e0 per le classi III, IV, V"}]},{"@type":"WebSite","@id":"https:\/\/www.msn.unipi.it\/it\/#website","url":"https:\/\/www.msn.unipi.it\/it\/","name":"Museo di Storia Naturale dell&#039;Universit\u00e0 di Pisa","description":"","publisher":{"@id":"https:\/\/www.msn.unipi.it\/it\/#organization"},"potentialAction":[{"@type":"SearchAction","target":{"@type":"EntryPoint","urlTemplate":"https:\/\/www.msn.unipi.it\/it\/?s={search_term_string}"},"query-input":{"@type":"PropertyValueSpecification","valueRequired":true,"valueName":"search_term_string"}}],"inLanguage":"it-IT"},{"@type":"Organization","@id":"https:\/\/www.msn.unipi.it\/it\/#organization","name":"Museo di Storia Naturale dell'Universit\u00e0 di Pisa","url":"https:\/\/www.msn.unipi.it\/it\/","logo":{"@type":"ImageObject","inLanguage":"it-IT","@id":"https:\/\/www.msn.unipi.it\/it\/#\/schema\/logo\/image\/","url":"https:\/\/www.msn.unipi.it\/wp-content\/uploads\/2016\/07\/footer-logo.png","contentUrl":"https:\/\/www.msn.unipi.it\/wp-content\/uploads\/2016\/07\/footer-logo.png","width":220,"height":95,"caption":"Museo di Storia Naturale dell'Universit\u00e0 di Pisa"},"image":{"@id":"https:\/\/www.msn.unipi.it\/it\/#\/schema\/logo\/image\/"},"sameAs":["https:\/\/www.facebook.com\/Museo-di-Storia-Naturale-Universit\u00e0-di-Pisa-277794215612108\/","https:\/\/x.com\/msncalci","https:\/\/www.instagram.com\/museostorianaturale_calci\/","https:\/\/www.youtube.com\/channel\/UCDaMBe_RegmdCnxLPmryMxw"]}]}},"jetpack_sharing_enabled":true,"_links":{"self":[{"href":"https:\/\/www.msn.unipi.it\/it\/wp-json\/wp\/v2\/pages\/20374","targetHints":{"allow":["GET"]}}],"collection":[{"href":"https:\/\/www.msn.unipi.it\/it\/wp-json\/wp\/v2\/pages"}],"about":[{"href":"https:\/\/www.msn.unipi.it\/it\/wp-json\/wp\/v2\/types\/page"}],"author":[{"embeddable":true,"href":"https:\/\/www.msn.unipi.it\/it\/wp-json\/wp\/v2\/users\/8"}],"replies":[{"embeddable":true,"href":"https:\/\/www.msn.unipi.it\/it\/wp-json\/wp\/v2\/comments?post=20374"}],"version-history":[{"count":10,"href":"https:\/\/www.msn.unipi.it\/it\/wp-json\/wp\/v2\/pages\/20374\/revisions"}],"predecessor-version":[{"id":20920,"href":"https:\/\/www.msn.unipi.it\/it\/wp-json\/wp\/v2\/pages\/20374\/revisions\/20920"}],"up":[{"embeddable":true,"href":"https:\/\/www.msn.unipi.it\/it\/wp-json\/wp\/v2\/pages\/20358"}],"wp:featuredmedia":[{"embeddable":true,"href":"https:\/\/www.msn.unipi.it\/it\/wp-json\/wp\/v2\/media\/7525"}],"wp:attachment":[{"href":"https:\/\/www.msn.unipi.it\/it\/wp-json\/wp\/v2\/media?parent=20374"}],"curies":[{"name":"wp","href":"https:\/\/api.w.org\/{rel}","templated":true}]}}