{"id":20857,"date":"2021-01-05T15:26:41","date_gmt":"2021-01-05T14:26:41","guid":{"rendered":"https:\/\/www.msn.unipi.it\/?page_id=20857"},"modified":"2021-01-05T15:26:41","modified_gmt":"2021-01-05T14:26:41","slug":"uccelli","status":"publish","type":"page","link":"https:\/\/www.msn.unipi.it\/it\/educazione\/scuola\/novita-2020\/secondaria\/uccelli\/","title":{"rendered":"Uccelli"},"content":{"rendered":"<p style=\"text-align: center;\">Attivit\u00e0 dedicata agli uccelli a partire dalla loro origine, ascolto dei canti, osservazione e descrizione di immagini riguardanti le specie esposte in Museo.<\/p>\n<p><span class=\"lightviolet\"><strong><br \/>\nObiettivi <\/strong><\/span>&#8211; Stimolare gli studenti alla conoscenza della diversit\u00e0 dei vertebrati e, in particolare,\u00a0del mondo degli uccelli.<\/p>\n<p><span class=\"lightviolet\"><strong>Descrizione <\/strong><span style=\"color: #000000;\">&#8211; <\/span><\/span>L\u2019operatore\u00a0spiegher\u00e0 come gli uccelli si siano evoluti a partire dai dinosauri terrestri; successivamente con il supporto di\u00a0<u>immagini<\/u>,\u00a0<u>video<\/u>,\u00a0esemplari naturalizzati\u00a0e\u00a0reperti metter\u00e0 in evidenza la grande variet\u00e0 degli uccelli attuali. In particolare si parler\u00e0 delle differenze tra penne e piume, delle diverse forme di becco e zampe come specializzazione verso i diversi tipi di alimentazione ed ambienti e degli adattamenti al volo.<br \/>\nL\u2019attivit\u00e0 si concluder\u00e0 con l\u2019ascolto dei <u>canti<\/u> di vari uccelli del nostro territorio e con un <u>gioco<\/u>:<br \/>\n<strong>TABOO animale<\/strong> &#8211; Gli studenti riceveranno una carta raffigurante un animale e dovranno far indovinare al compagno l\u2019animale raffigurato senza dire le parole indicate sulla carta.<\/p>\n<p>&nbsp;<\/p>\n<p>Modalit\u00e0:<br \/>\nIL MUSEO VA A SCUOLA costo: 8 \u20ac<br \/>\nEDUCAZIONE A DISTANZA costo: 5 \u20ac<\/p>\n<p>&nbsp;<\/p>\n<p>Il materiale da stampare verr\u00e0 inviato per email all\u2019insegnante prima dell\u2019attivit\u00e0.<\/p>\n<p>&nbsp;<\/p>\n\n\t\t<style type=\"text\/css\">\n\t\t\t#gallery-1 {\n\t\t\t\tmargin: auto;\n\t\t\t}\n\t\t\t#gallery-1 .gallery-item {\n\t\t\t\tfloat: left;\n\t\t\t\tmargin-top: 10px;\n\t\t\t\ttext-align: center;\n\t\t\t\twidth: 25%;\n\t\t\t}\n\t\t\t#gallery-1 img {\n\t\t\t\tborder: 2px solid #cfcfcf;\n\t\t\t}\n\t\t\t#gallery-1 .gallery-caption {\n\t\t\t\tmargin-left: 0;\n\t\t\t}\n\t\t\t\/* see gallery_shortcode() in wp-includes\/media.php *\/\n\t\t<\/style>\n\t\t<div id='gallery-1' class='gallery galleryid-20857 gallery-columns-4 gallery-size-thumbnail'><dl class='gallery-item'>\n\t\t\t<dt class='gallery-icon portrait'>\n\t\t\t\t<a href='https:\/\/www.msn.unipi.it\/it\/educazione\/scuola\/offerta-educativa\/gli-uccelli-dinosauri-alati\/20180911_103151-mod\/'><img loading=\"lazy\" decoding=\"async\" width=\"150\" height=\"150\" src=\"https:\/\/www.msn.unipi.it\/wp-content\/uploads\/2018\/09\/20180911_103151-mod-150x150.jpg\" class=\"attachment-thumbnail size-thumbnail\" alt=\"\" \/><\/a>\n\t\t\t<\/dt><\/dl><dl class='gallery-item'>\n\t\t\t<dt class='gallery-icon landscape'>\n\t\t\t\t<a href='https:\/\/www.msn.unipi.it\/it\/sala-dellevoluzione-degli-uccelli\/evoluzione-degli-uccelli-sito\/'><img loading=\"lazy\" decoding=\"async\" width=\"150\" height=\"150\" src=\"https:\/\/www.msn.unipi.it\/wp-content\/uploads\/2019\/10\/Evoluzione-degli-Uccelli-sito-150x150.jpg\" class=\"attachment-thumbnail size-thumbnail\" alt=\"\" srcset=\"https:\/\/www.msn.unipi.it\/wp-content\/uploads\/2019\/10\/Evoluzione-degli-Uccelli-sito-150x150.jpg 150w, https:\/\/www.msn.unipi.it\/wp-content\/uploads\/2019\/10\/Evoluzione-degli-Uccelli-sito-450x450.jpg 450w, https:\/\/www.msn.unipi.it\/wp-content\/uploads\/2019\/10\/Evoluzione-degli-Uccelli-sito-768x768.jpg 768w, https:\/\/www.msn.unipi.it\/wp-content\/uploads\/2019\/10\/Evoluzione-degli-Uccelli-sito-800x800.jpg 800w, https:\/\/www.msn.unipi.it\/wp-content\/uploads\/2019\/10\/Evoluzione-degli-Uccelli-sito.jpg 2048w\" sizes=\"auto, (max-width: 150px) 100vw, 150px\" \/><\/a>\n\t\t\t<\/dt><\/dl><dl class='gallery-item'>\n\t\t\t<dt class='gallery-icon landscape'>\n\t\t\t\t<a href='https:\/\/www.msn.unipi.it\/it\/sala-dellevoluzione-degli-uccelli\/evoluzione-degli-uccelli-5-2\/'><img loading=\"lazy\" decoding=\"async\" width=\"150\" height=\"150\" src=\"https:\/\/www.msn.unipi.it\/wp-content\/uploads\/2019\/10\/Evoluzione-degli-Uccelli-5-150x150.jpg\" class=\"attachment-thumbnail size-thumbnail\" alt=\"\" \/><\/a>\n\t\t\t<\/dt><\/dl><dl class='gallery-item'>\n\t\t\t<dt class='gallery-icon landscape'>\n\t\t\t\t<a href='https:\/\/www.msn.unipi.it\/it\/dinosauri-antichi-e-moderni\/evoluzione-degli-uccelli-1\/'><img loading=\"lazy\" decoding=\"async\" width=\"150\" height=\"150\" src=\"https:\/\/www.msn.unipi.it\/wp-content\/uploads\/2019\/07\/Evoluzione-degli-Uccelli-1-150x150.jpg\" class=\"attachment-thumbnail size-thumbnail\" alt=\"\" \/><\/a>\n\t\t\t<\/dt><\/dl><br style=\"clear: both\" \/>\n\t\t<\/div>\n\n<p style=\"text-align: center;\">\n","protected":false},"excerpt":{"rendered":"<p>Attivit\u00e0 dedicata agli uccelli a partire dalla loro origine, ascolto dei canti, osservazione e descrizione di immagini riguardanti le specie esposte in Museo. Obiettivi &#8211; Stimolare gli studenti alla conoscenza della diversit\u00e0 dei vertebrati e, in particolare,\u00a0del mondo degli uccelli. Descrizione &#8211; L\u2019operatore\u00a0spiegher\u00e0 come gli uccelli si siano evoluti a partire dai dinosauri terrestri; successivamente&nbsp; <a href=\"https:\/\/www.msn.unipi.it\/it\/educazione\/scuola\/novita-2020\/secondaria\/uccelli\/\">&hellip;  <i class=\"fa fa-chevron-right\"><\/i><\/a><\/p>\n","protected":false},"author":7,"featured_media":7525,"parent":20366,"menu_order":0,"comment_status":"closed","ping_status":"closed","template":"","meta":{"footnotes":""},"class_list":["post-20857","page","type-page","status-publish","has-post-thumbnail","hentry"],"yoast_head":"<!-- This site is optimized with the Yoast SEO plugin v26.8 - https:\/\/yoast.com\/product\/yoast-seo-wordpress\/ -->\n<title>Uccelli - Museo di Storia Naturale dell&#039;Universit\u00e0 di Pisa<\/title>\n<meta name=\"description\" content=\"Attivit\u00e0 dedicata agli uccelli a partire dalla loro origine, ascolto dei canti, osservazione e descrizione di immagini riguardanti le specie esposte in\" \/>\n<meta name=\"robots\" content=\"index, follow, max-snippet:-1, max-image-preview:large, max-video-preview:-1\" \/>\n<link rel=\"canonical\" href=\"https:\/\/www.msn.unipi.it\/it\/educazione\/scuola\/novita-2020\/secondaria\/uccelli\/\" \/>\n<meta property=\"og:locale\" content=\"it_IT\" \/>\n<meta property=\"og:type\" content=\"article\" \/>\n<meta property=\"og:title\" content=\"Uccelli - Museo di Storia Naturale dell&#039;Universit\u00e0 di Pisa\" \/>\n<meta property=\"og:description\" content=\"Attivit\u00e0 dedicata agli uccelli a partire dalla loro origine, ascolto dei canti, osservazione e descrizione di immagini riguardanti le specie esposte in\" \/>\n<meta property=\"og:url\" content=\"https:\/\/www.msn.unipi.it\/it\/educazione\/scuola\/novita-2020\/secondaria\/uccelli\/\" \/>\n<meta property=\"og:site_name\" content=\"Museo di Storia Naturale dell&#039;Universit\u00e0 di Pisa\" \/>\n<meta property=\"article:publisher\" content=\"https:\/\/www.facebook.com\/Museo-di-Storia-Naturale-Universit%c3%a0-di-Pisa-277794215612108\/\" \/>\n<meta property=\"og:image\" content=\"https:\/\/www.msn.unipi.it\/wp-content\/uploads\/2011\/04\/madreporaTG.jpg\" \/>\n\t<meta property=\"og:image:width\" content=\"2048\" \/>\n\t<meta property=\"og:image:height\" content=\"342\" \/>\n\t<meta property=\"og:image:type\" content=\"image\/jpeg\" \/>\n<meta name=\"twitter:card\" content=\"summary_large_image\" \/>\n<meta name=\"twitter:site\" content=\"@msncalci\" \/>\n<meta name=\"twitter:label1\" content=\"Tempo di lettura stimato\" \/>\n\t<meta name=\"twitter:data1\" content=\"1 minuto\" \/>\n<script type=\"application\/ld+json\" class=\"yoast-schema-graph\">{\"@context\":\"https:\/\/schema.org\",\"@graph\":[{\"@type\":\"WebPage\",\"@id\":\"https:\/\/www.msn.unipi.it\/it\/educazione\/scuola\/novita-2020\/secondaria\/uccelli\/\",\"url\":\"https:\/\/www.msn.unipi.it\/it\/educazione\/scuola\/novita-2020\/secondaria\/uccelli\/\",\"name\":\"Uccelli - Museo di Storia Naturale dell&#039;Universit\u00e0 di Pisa\",\"isPartOf\":{\"@id\":\"https:\/\/www.msn.unipi.it\/it\/#website\"},\"primaryImageOfPage\":{\"@id\":\"https:\/\/www.msn.unipi.it\/it\/educazione\/scuola\/novita-2020\/secondaria\/uccelli\/#primaryimage\"},\"image\":{\"@id\":\"https:\/\/www.msn.unipi.it\/it\/educazione\/scuola\/novita-2020\/secondaria\/uccelli\/#primaryimage\"},\"thumbnailUrl\":\"https:\/\/www.msn.unipi.it\/wp-content\/uploads\/2011\/04\/madreporaTG.jpg\",\"datePublished\":\"2021-01-05T14:26:41+00:00\",\"description\":\"Attivit\u00e0 dedicata agli uccelli a partire dalla loro origine, ascolto dei canti, osservazione e descrizione di immagini riguardanti le specie esposte in\",\"breadcrumb\":{\"@id\":\"https:\/\/www.msn.unipi.it\/it\/educazione\/scuola\/novita-2020\/secondaria\/uccelli\/#breadcrumb\"},\"inLanguage\":\"it-IT\",\"potentialAction\":[{\"@type\":\"ReadAction\",\"target\":[\"https:\/\/www.msn.unipi.it\/it\/educazione\/scuola\/novita-2020\/secondaria\/uccelli\/\"]}]},{\"@type\":\"ImageObject\",\"inLanguage\":\"it-IT\",\"@id\":\"https:\/\/www.msn.unipi.it\/it\/educazione\/scuola\/novita-2020\/secondaria\/uccelli\/#primaryimage\",\"url\":\"https:\/\/www.msn.unipi.it\/wp-content\/uploads\/2011\/04\/madreporaTG.jpg\",\"contentUrl\":\"https:\/\/www.msn.unipi.it\/wp-content\/uploads\/2011\/04\/madreporaTG.jpg\",\"width\":2048,\"height\":342},{\"@type\":\"BreadcrumbList\",\"@id\":\"https:\/\/www.msn.unipi.it\/it\/educazione\/scuola\/novita-2020\/secondaria\/uccelli\/#breadcrumb\",\"itemListElement\":[{\"@type\":\"ListItem\",\"position\":1,\"name\":\"Home\",\"item\":\"https:\/\/www.msn.unipi.it\/it\/\"},{\"@type\":\"ListItem\",\"position\":2,\"name\":\"Educazione\",\"item\":\"https:\/\/www.msn.unipi.it\/it\/educazione\/\"},{\"@type\":\"ListItem\",\"position\":3,\"name\":\"Scuola\",\"item\":\"https:\/\/www.msn.unipi.it\/it\/educazione\/scuola\/\"},{\"@type\":\"ListItem\",\"position\":4,\"name\":\"Archivio offerta educativa\",\"item\":\"https:\/\/www.msn.unipi.it\/it\/educazione\/scuola\/novita-2020\/\"},{\"@type\":\"ListItem\",\"position\":5,\"name\":\"Attivit\u00e0 per la scuola secondaria\",\"item\":\"https:\/\/www.msn.unipi.it\/it\/educazione\/scuola\/novita-2020\/secondaria\/\"},{\"@type\":\"ListItem\",\"position\":6,\"name\":\"Uccelli\"}]},{\"@type\":\"WebSite\",\"@id\":\"https:\/\/www.msn.unipi.it\/it\/#website\",\"url\":\"https:\/\/www.msn.unipi.it\/it\/\",\"name\":\"Museo di Storia Naturale dell&#039;Universit\u00e0 di Pisa\",\"description\":\"\",\"publisher\":{\"@id\":\"https:\/\/www.msn.unipi.it\/it\/#organization\"},\"potentialAction\":[{\"@type\":\"SearchAction\",\"target\":{\"@type\":\"EntryPoint\",\"urlTemplate\":\"https:\/\/www.msn.unipi.it\/it\/?s={search_term_string}\"},\"query-input\":{\"@type\":\"PropertyValueSpecification\",\"valueRequired\":true,\"valueName\":\"search_term_string\"}}],\"inLanguage\":\"it-IT\"},{\"@type\":\"Organization\",\"@id\":\"https:\/\/www.msn.unipi.it\/it\/#organization\",\"name\":\"Museo di Storia Naturale dell'Universit\u00e0 di Pisa\",\"url\":\"https:\/\/www.msn.unipi.it\/it\/\",\"logo\":{\"@type\":\"ImageObject\",\"inLanguage\":\"it-IT\",\"@id\":\"https:\/\/www.msn.unipi.it\/it\/#\/schema\/logo\/image\/\",\"url\":\"https:\/\/www.msn.unipi.it\/wp-content\/uploads\/2016\/07\/footer-logo.png\",\"contentUrl\":\"https:\/\/www.msn.unipi.it\/wp-content\/uploads\/2016\/07\/footer-logo.png\",\"width\":220,\"height\":95,\"caption\":\"Museo di Storia Naturale dell'Universit\u00e0 di Pisa\"},\"image\":{\"@id\":\"https:\/\/www.msn.unipi.it\/it\/#\/schema\/logo\/image\/\"},\"sameAs\":[\"https:\/\/www.facebook.com\/Museo-di-Storia-Naturale-Universit\u00e0-di-Pisa-277794215612108\/\",\"https:\/\/x.com\/msncalci\",\"https:\/\/www.instagram.com\/museostorianaturale_calci\/\",\"https:\/\/www.youtube.com\/channel\/UCDaMBe_RegmdCnxLPmryMxw\"]}]}<\/script>\n<!-- \/ Yoast SEO plugin. -->","yoast_head_json":{"title":"Uccelli - Museo di Storia Naturale dell&#039;Universit\u00e0 di Pisa","description":"Attivit\u00e0 dedicata agli uccelli a partire dalla loro origine, ascolto dei canti, osservazione e descrizione di immagini riguardanti le specie esposte in","robots":{"index":"index","follow":"follow","max-snippet":"max-snippet:-1","max-image-preview":"max-image-preview:large","max-video-preview":"max-video-preview:-1"},"canonical":"https:\/\/www.msn.unipi.it\/it\/educazione\/scuola\/novita-2020\/secondaria\/uccelli\/","og_locale":"it_IT","og_type":"article","og_title":"Uccelli - Museo di Storia Naturale dell&#039;Universit\u00e0 di Pisa","og_description":"Attivit\u00e0 dedicata agli uccelli a partire dalla loro origine, ascolto dei canti, osservazione e descrizione di immagini riguardanti le specie esposte in","og_url":"https:\/\/www.msn.unipi.it\/it\/educazione\/scuola\/novita-2020\/secondaria\/uccelli\/","og_site_name":"Museo di Storia Naturale dell&#039;Universit\u00e0 di Pisa","article_publisher":"https:\/\/www.facebook.com\/Museo-di-Storia-Naturale-Universit%c3%a0-di-Pisa-277794215612108\/","og_image":[{"width":2048,"height":342,"url":"https:\/\/www.msn.unipi.it\/wp-content\/uploads\/2011\/04\/madreporaTG.jpg","type":"image\/jpeg"}],"twitter_card":"summary_large_image","twitter_site":"@msncalci","twitter_misc":{"Tempo di lettura stimato":"1 minuto"},"schema":{"@context":"https:\/\/schema.org","@graph":[{"@type":"WebPage","@id":"https:\/\/www.msn.unipi.it\/it\/educazione\/scuola\/novita-2020\/secondaria\/uccelli\/","url":"https:\/\/www.msn.unipi.it\/it\/educazione\/scuola\/novita-2020\/secondaria\/uccelli\/","name":"Uccelli - Museo di Storia Naturale dell&#039;Universit\u00e0 di Pisa","isPartOf":{"@id":"https:\/\/www.msn.unipi.it\/it\/#website"},"primaryImageOfPage":{"@id":"https:\/\/www.msn.unipi.it\/it\/educazione\/scuola\/novita-2020\/secondaria\/uccelli\/#primaryimage"},"image":{"@id":"https:\/\/www.msn.unipi.it\/it\/educazione\/scuola\/novita-2020\/secondaria\/uccelli\/#primaryimage"},"thumbnailUrl":"https:\/\/www.msn.unipi.it\/wp-content\/uploads\/2011\/04\/madreporaTG.jpg","datePublished":"2021-01-05T14:26:41+00:00","description":"Attivit\u00e0 dedicata agli uccelli a partire dalla loro origine, ascolto dei canti, osservazione e descrizione di immagini riguardanti le specie esposte in","breadcrumb":{"@id":"https:\/\/www.msn.unipi.it\/it\/educazione\/scuola\/novita-2020\/secondaria\/uccelli\/#breadcrumb"},"inLanguage":"it-IT","potentialAction":[{"@type":"ReadAction","target":["https:\/\/www.msn.unipi.it\/it\/educazione\/scuola\/novita-2020\/secondaria\/uccelli\/"]}]},{"@type":"ImageObject","inLanguage":"it-IT","@id":"https:\/\/www.msn.unipi.it\/it\/educazione\/scuola\/novita-2020\/secondaria\/uccelli\/#primaryimage","url":"https:\/\/www.msn.unipi.it\/wp-content\/uploads\/2011\/04\/madreporaTG.jpg","contentUrl":"https:\/\/www.msn.unipi.it\/wp-content\/uploads\/2011\/04\/madreporaTG.jpg","width":2048,"height":342},{"@type":"BreadcrumbList","@id":"https:\/\/www.msn.unipi.it\/it\/educazione\/scuola\/novita-2020\/secondaria\/uccelli\/#breadcrumb","itemListElement":[{"@type":"ListItem","position":1,"name":"Home","item":"https:\/\/www.msn.unipi.it\/it\/"},{"@type":"ListItem","position":2,"name":"Educazione","item":"https:\/\/www.msn.unipi.it\/it\/educazione\/"},{"@type":"ListItem","position":3,"name":"Scuola","item":"https:\/\/www.msn.unipi.it\/it\/educazione\/scuola\/"},{"@type":"ListItem","position":4,"name":"Archivio offerta educativa","item":"https:\/\/www.msn.unipi.it\/it\/educazione\/scuola\/novita-2020\/"},{"@type":"ListItem","position":5,"name":"Attivit\u00e0 per la scuola secondaria","item":"https:\/\/www.msn.unipi.it\/it\/educazione\/scuola\/novita-2020\/secondaria\/"},{"@type":"ListItem","position":6,"name":"Uccelli"}]},{"@type":"WebSite","@id":"https:\/\/www.msn.unipi.it\/it\/#website","url":"https:\/\/www.msn.unipi.it\/it\/","name":"Museo di Storia Naturale dell&#039;Universit\u00e0 di Pisa","description":"","publisher":{"@id":"https:\/\/www.msn.unipi.it\/it\/#organization"},"potentialAction":[{"@type":"SearchAction","target":{"@type":"EntryPoint","urlTemplate":"https:\/\/www.msn.unipi.it\/it\/?s={search_term_string}"},"query-input":{"@type":"PropertyValueSpecification","valueRequired":true,"valueName":"search_term_string"}}],"inLanguage":"it-IT"},{"@type":"Organization","@id":"https:\/\/www.msn.unipi.it\/it\/#organization","name":"Museo di Storia Naturale dell'Universit\u00e0 di Pisa","url":"https:\/\/www.msn.unipi.it\/it\/","logo":{"@type":"ImageObject","inLanguage":"it-IT","@id":"https:\/\/www.msn.unipi.it\/it\/#\/schema\/logo\/image\/","url":"https:\/\/www.msn.unipi.it\/wp-content\/uploads\/2016\/07\/footer-logo.png","contentUrl":"https:\/\/www.msn.unipi.it\/wp-content\/uploads\/2016\/07\/footer-logo.png","width":220,"height":95,"caption":"Museo di Storia Naturale dell'Universit\u00e0 di Pisa"},"image":{"@id":"https:\/\/www.msn.unipi.it\/it\/#\/schema\/logo\/image\/"},"sameAs":["https:\/\/www.facebook.com\/Museo-di-Storia-Naturale-Universit\u00e0-di-Pisa-277794215612108\/","https:\/\/x.com\/msncalci","https:\/\/www.instagram.com\/museostorianaturale_calci\/","https:\/\/www.youtube.com\/channel\/UCDaMBe_RegmdCnxLPmryMxw"]}]}},"jetpack_sharing_enabled":true,"_links":{"self":[{"href":"https:\/\/www.msn.unipi.it\/it\/wp-json\/wp\/v2\/pages\/20857","targetHints":{"allow":["GET"]}}],"collection":[{"href":"https:\/\/www.msn.unipi.it\/it\/wp-json\/wp\/v2\/pages"}],"about":[{"href":"https:\/\/www.msn.unipi.it\/it\/wp-json\/wp\/v2\/types\/page"}],"author":[{"embeddable":true,"href":"https:\/\/www.msn.unipi.it\/it\/wp-json\/wp\/v2\/users\/7"}],"replies":[{"embeddable":true,"href":"https:\/\/www.msn.unipi.it\/it\/wp-json\/wp\/v2\/comments?post=20857"}],"version-history":[{"count":1,"href":"https:\/\/www.msn.unipi.it\/it\/wp-json\/wp\/v2\/pages\/20857\/revisions"}],"predecessor-version":[{"id":20858,"href":"https:\/\/www.msn.unipi.it\/it\/wp-json\/wp\/v2\/pages\/20857\/revisions\/20858"}],"up":[{"embeddable":true,"href":"https:\/\/www.msn.unipi.it\/it\/wp-json\/wp\/v2\/pages\/20366"}],"wp:featuredmedia":[{"embeddable":true,"href":"https:\/\/www.msn.unipi.it\/it\/wp-json\/wp\/v2\/media\/7525"}],"wp:attachment":[{"href":"https:\/\/www.msn.unipi.it\/it\/wp-json\/wp\/v2\/media?parent=20857"}],"curies":[{"name":"wp","href":"https:\/\/api.w.org\/{rel}","templated":true}]}}