{"id":20869,"date":"2021-01-05T15:40:01","date_gmt":"2021-01-05T14:40:01","guid":{"rendered":"https:\/\/www.msn.unipi.it\/?page_id=20869"},"modified":"2021-01-11T15:58:52","modified_gmt":"2021-01-11T14:58:52","slug":"vulcani","status":"publish","type":"page","link":"https:\/\/www.msn.unipi.it\/it\/educazione\/scuola\/novita-2020\/secondaria\/vulcani\/","title":{"rendered":"Vulcani"},"content":{"rendered":"<p style=\"text-align: center;\">Attivit\u00e0 dedicata ai vulcani con immagini e video di rocce vulcaniche, realizzata in collaborazione con l\u2019<a href=\"http:\/\/www.pi.ingv.it\/\">Istituto Nazionale di Geofisica e Vulcanologia (INGV) Sezione di Pisa<\/a>.<\/p>\n<p>&nbsp;<\/p>\n<p style=\"text-align: left;\"><span class=\"lightviolet\"><strong>Obiettivi<\/strong><\/span> &#8211; Far conoscere agli studenti i vulcani e l\u2019attivit\u00e0 vulcanica in quanto fenomeno naturale presente sul nostro territorio.<\/p>\n<ul>\n<li style=\"text-align: left;\"><span class=\"lightviolet\"><span class=\"lightviolet\"><strong>Descrizione<\/strong>\u00a0<span style=\"color: #000000;\">&#8211;<\/span><b> <\/b><\/span><\/span>L\u2019operatore, dopo una breve introduzione sui vulcani e sulla struttura interna della Terra, mostrer\u00e0 agli studenti la distribuzione dei vulcani attivi e spenti sulla penisola italiana e presenter\u00e0 le loro diverse fenomenologie eruttive attraverso un <u>video<\/u>.Si parler\u00e0 del magma osservando e confrontando il comportamento di diversi fluidi che simulano magmi a diversa viscosit\u00e0 e densit\u00e0 (miele, detersivo, gel e gomma puddy).<br \/>\nGli studenti saranno coinvolti nell\u2019osservazione e nel confronto dei principali prodotti dell\u2019attivit\u00e0 vulcanica (cenere vulcanica, lapilli, bombe, lava, pomici, scorie e ossidiane). Verranno infine presentate le caratteristiche delle eruzioni esplosive ed effusive.&nbsp;<\/p>\n<p>Modalit\u00e0:<br \/>\nIL MUSEO VA A SCUOLA costo: 8 \u20ac<br \/>\nEDUCAZIONE A DISTANZA costo: 5 \u20ac<\/p>\n<p>&nbsp;<\/p>\n<p>Il materiale da stampare verr\u00e0 inviato per email all\u2019insegnante prima dell\u2019attivit\u00e0.<\/li>\n<li><\/li>\n<\/ul>\n\n\t\t<style type=\"text\/css\">\n\t\t\t#gallery-1 {\n\t\t\t\tmargin: auto;\n\t\t\t}\n\t\t\t#gallery-1 .gallery-item {\n\t\t\t\tfloat: left;\n\t\t\t\tmargin-top: 10px;\n\t\t\t\ttext-align: center;\n\t\t\t\twidth: 33%;\n\t\t\t}\n\t\t\t#gallery-1 img {\n\t\t\t\tborder: 2px solid #cfcfcf;\n\t\t\t}\n\t\t\t#gallery-1 .gallery-caption {\n\t\t\t\tmargin-left: 0;\n\t\t\t}\n\t\t\t\/* see gallery_shortcode() in wp-includes\/media.php *\/\n\t\t<\/style>\n\t\t<div id='gallery-1' class='gallery galleryid-20869 gallery-columns-3 gallery-size-thumbnail'><dl class='gallery-item'>\n\t\t\t<dt class='gallery-icon landscape'>\n\t\t\t\t<a href='https:\/\/www.msn.unipi.it\/it\/educazione\/scuola\/offerta-educativa\/vulcani-fuochi-dartificio-della-natura-primaria\/colata-di-lava-150x150\/'><img loading=\"lazy\" decoding=\"async\" width=\"150\" height=\"150\" src=\"https:\/\/www.msn.unipi.it\/wp-content\/uploads\/2012\/02\/Colata-di-lava-150x150-150x150.jpg\" class=\"attachment-thumbnail size-thumbnail\" alt=\"\" srcset=\"https:\/\/www.msn.unipi.it\/wp-content\/uploads\/2012\/02\/Colata-di-lava-150x150-150x150.jpg 150w, https:\/\/www.msn.unipi.it\/wp-content\/uploads\/2012\/02\/Colata-di-lava-150x150-450x450.jpg 450w, https:\/\/www.msn.unipi.it\/wp-content\/uploads\/2012\/02\/Colata-di-lava-150x150-768x768.jpg 768w, https:\/\/www.msn.unipi.it\/wp-content\/uploads\/2012\/02\/Colata-di-lava-150x150-800x800.jpg 800w, https:\/\/www.msn.unipi.it\/wp-content\/uploads\/2012\/02\/Colata-di-lava-150x150.jpg 1280w\" sizes=\"auto, (max-width: 150px) 100vw, 150px\" \/><\/a>\n\t\t\t<\/dt><\/dl><dl class='gallery-item'>\n\t\t\t<dt class='gallery-icon landscape'>\n\t\t\t\t<a href='https:\/\/www.msn.unipi.it\/it\/educazione\/scuola\/offerta-educativa\/vulcani-fuochi-dartificio-della-natura-primaria\/cratere-vesuvio-150x150\/'><img loading=\"lazy\" decoding=\"async\" width=\"150\" height=\"150\" src=\"https:\/\/www.msn.unipi.it\/wp-content\/uploads\/2012\/02\/Cratere-vesuvio-150x150-150x150.jpg\" class=\"attachment-thumbnail size-thumbnail\" alt=\"\" srcset=\"https:\/\/www.msn.unipi.it\/wp-content\/uploads\/2012\/02\/Cratere-vesuvio-150x150-150x150.jpg 150w, https:\/\/www.msn.unipi.it\/wp-content\/uploads\/2012\/02\/Cratere-vesuvio-150x150-450x450.jpg 450w, https:\/\/www.msn.unipi.it\/wp-content\/uploads\/2012\/02\/Cratere-vesuvio-150x150-768x768.jpg 768w, https:\/\/www.msn.unipi.it\/wp-content\/uploads\/2012\/02\/Cratere-vesuvio-150x150-800x800.jpg 800w, https:\/\/www.msn.unipi.it\/wp-content\/uploads\/2012\/02\/Cratere-vesuvio-150x150.jpg 1280w\" sizes=\"auto, (max-width: 150px) 100vw, 150px\" \/><\/a>\n\t\t\t<\/dt><\/dl><dl class='gallery-item'>\n\t\t\t<dt class='gallery-icon landscape'>\n\t\t\t\t<a href='https:\/\/www.msn.unipi.it\/it\/educazione\/scuola\/offerta-educativa\/attivita-per-le-classi-3-4-e-5\/mammiferi-come-noi\/vulcano\/'><img loading=\"lazy\" decoding=\"async\" width=\"150\" height=\"150\" src=\"https:\/\/www.msn.unipi.it\/wp-content\/uploads\/2013\/09\/vulcano-150x150.jpg\" class=\"attachment-thumbnail size-thumbnail\" alt=\"\" \/><\/a>\n\t\t\t<\/dt><\/dl><br style=\"clear: both\" \/>\n\t\t<\/div>\n\n","protected":false},"excerpt":{"rendered":"<p>Attivit\u00e0 dedicata ai vulcani con immagini e video di rocce vulcaniche, realizzata in collaborazione con l\u2019Istituto Nazionale di Geofisica e Vulcanologia (INGV) Sezione di Pisa. &nbsp; Obiettivi &#8211; Far conoscere agli studenti i vulcani e l\u2019attivit\u00e0 vulcanica in quanto fenomeno naturale presente sul nostro territorio. Descrizione\u00a0&#8211; L\u2019operatore, dopo una breve introduzione sui vulcani e sulla&nbsp; <a href=\"https:\/\/www.msn.unipi.it\/it\/educazione\/scuola\/novita-2020\/secondaria\/vulcani\/\">&hellip;  <i class=\"fa fa-chevron-right\"><\/i><\/a><\/p>\n","protected":false},"author":7,"featured_media":7525,"parent":20366,"menu_order":0,"comment_status":"closed","ping_status":"closed","template":"","meta":{"footnotes":""},"class_list":["post-20869","page","type-page","status-publish","has-post-thumbnail","hentry"],"yoast_head":"<!-- This site is optimized with the Yoast SEO plugin v26.8 - https:\/\/yoast.com\/product\/yoast-seo-wordpress\/ -->\n<title>Vulcani - Museo di Storia Naturale dell&#039;Universit\u00e0 di Pisa<\/title>\n<meta name=\"description\" content=\"Attivit\u00e0 dedicata ai vulcani con immagini e video di rocce vulcaniche, realizzata in collaborazione con l\u2019Istituto Nazionale di Geofisica e Vulcanologia\" \/>\n<meta name=\"robots\" content=\"index, follow, max-snippet:-1, max-image-preview:large, max-video-preview:-1\" \/>\n<link rel=\"canonical\" href=\"https:\/\/www.msn.unipi.it\/it\/educazione\/scuola\/novita-2020\/secondaria\/vulcani\/\" \/>\n<meta property=\"og:locale\" content=\"it_IT\" \/>\n<meta property=\"og:type\" content=\"article\" \/>\n<meta property=\"og:title\" content=\"Vulcani - Museo di Storia Naturale dell&#039;Universit\u00e0 di Pisa\" \/>\n<meta property=\"og:description\" content=\"Attivit\u00e0 dedicata ai vulcani con immagini e video di rocce vulcaniche, realizzata in collaborazione con l\u2019Istituto Nazionale di Geofisica e Vulcanologia\" \/>\n<meta property=\"og:url\" content=\"https:\/\/www.msn.unipi.it\/it\/educazione\/scuola\/novita-2020\/secondaria\/vulcani\/\" \/>\n<meta property=\"og:site_name\" content=\"Museo di Storia Naturale dell&#039;Universit\u00e0 di Pisa\" \/>\n<meta property=\"article:publisher\" content=\"https:\/\/www.facebook.com\/Museo-di-Storia-Naturale-Universit%c3%a0-di-Pisa-277794215612108\/\" \/>\n<meta property=\"article:modified_time\" content=\"2021-01-11T14:58:52+00:00\" \/>\n<meta property=\"og:image\" content=\"https:\/\/www.msn.unipi.it\/wp-content\/uploads\/2011\/04\/madreporaTG.jpg\" \/>\n\t<meta property=\"og:image:width\" content=\"2048\" \/>\n\t<meta property=\"og:image:height\" content=\"342\" \/>\n\t<meta property=\"og:image:type\" content=\"image\/jpeg\" \/>\n<meta name=\"twitter:card\" content=\"summary_large_image\" \/>\n<meta name=\"twitter:site\" content=\"@msncalci\" \/>\n<meta name=\"twitter:label1\" content=\"Tempo di lettura stimato\" \/>\n\t<meta name=\"twitter:data1\" content=\"1 minuto\" \/>\n<script type=\"application\/ld+json\" class=\"yoast-schema-graph\">{\"@context\":\"https:\/\/schema.org\",\"@graph\":[{\"@type\":\"WebPage\",\"@id\":\"https:\/\/www.msn.unipi.it\/it\/educazione\/scuola\/novita-2020\/secondaria\/vulcani\/\",\"url\":\"https:\/\/www.msn.unipi.it\/it\/educazione\/scuola\/novita-2020\/secondaria\/vulcani\/\",\"name\":\"Vulcani - Museo di Storia Naturale dell&#039;Universit\u00e0 di Pisa\",\"isPartOf\":{\"@id\":\"https:\/\/www.msn.unipi.it\/it\/#website\"},\"primaryImageOfPage\":{\"@id\":\"https:\/\/www.msn.unipi.it\/it\/educazione\/scuola\/novita-2020\/secondaria\/vulcani\/#primaryimage\"},\"image\":{\"@id\":\"https:\/\/www.msn.unipi.it\/it\/educazione\/scuola\/novita-2020\/secondaria\/vulcani\/#primaryimage\"},\"thumbnailUrl\":\"https:\/\/www.msn.unipi.it\/wp-content\/uploads\/2011\/04\/madreporaTG.jpg\",\"datePublished\":\"2021-01-05T14:40:01+00:00\",\"dateModified\":\"2021-01-11T14:58:52+00:00\",\"description\":\"Attivit\u00e0 dedicata ai vulcani con immagini e video di rocce vulcaniche, realizzata in collaborazione con l\u2019Istituto Nazionale di Geofisica e Vulcanologia\",\"breadcrumb\":{\"@id\":\"https:\/\/www.msn.unipi.it\/it\/educazione\/scuola\/novita-2020\/secondaria\/vulcani\/#breadcrumb\"},\"inLanguage\":\"it-IT\",\"potentialAction\":[{\"@type\":\"ReadAction\",\"target\":[\"https:\/\/www.msn.unipi.it\/it\/educazione\/scuola\/novita-2020\/secondaria\/vulcani\/\"]}]},{\"@type\":\"ImageObject\",\"inLanguage\":\"it-IT\",\"@id\":\"https:\/\/www.msn.unipi.it\/it\/educazione\/scuola\/novita-2020\/secondaria\/vulcani\/#primaryimage\",\"url\":\"https:\/\/www.msn.unipi.it\/wp-content\/uploads\/2011\/04\/madreporaTG.jpg\",\"contentUrl\":\"https:\/\/www.msn.unipi.it\/wp-content\/uploads\/2011\/04\/madreporaTG.jpg\",\"width\":2048,\"height\":342},{\"@type\":\"BreadcrumbList\",\"@id\":\"https:\/\/www.msn.unipi.it\/it\/educazione\/scuola\/novita-2020\/secondaria\/vulcani\/#breadcrumb\",\"itemListElement\":[{\"@type\":\"ListItem\",\"position\":1,\"name\":\"Home\",\"item\":\"https:\/\/www.msn.unipi.it\/it\/\"},{\"@type\":\"ListItem\",\"position\":2,\"name\":\"Educazione\",\"item\":\"https:\/\/www.msn.unipi.it\/it\/educazione\/\"},{\"@type\":\"ListItem\",\"position\":3,\"name\":\"Scuola\",\"item\":\"https:\/\/www.msn.unipi.it\/it\/educazione\/scuola\/\"},{\"@type\":\"ListItem\",\"position\":4,\"name\":\"Archivio offerta educativa\",\"item\":\"https:\/\/www.msn.unipi.it\/it\/educazione\/scuola\/novita-2020\/\"},{\"@type\":\"ListItem\",\"position\":5,\"name\":\"Attivit\u00e0 per la scuola secondaria\",\"item\":\"https:\/\/www.msn.unipi.it\/it\/educazione\/scuola\/novita-2020\/secondaria\/\"},{\"@type\":\"ListItem\",\"position\":6,\"name\":\"Vulcani\"}]},{\"@type\":\"WebSite\",\"@id\":\"https:\/\/www.msn.unipi.it\/it\/#website\",\"url\":\"https:\/\/www.msn.unipi.it\/it\/\",\"name\":\"Museo di Storia Naturale dell&#039;Universit\u00e0 di Pisa\",\"description\":\"\",\"publisher\":{\"@id\":\"https:\/\/www.msn.unipi.it\/it\/#organization\"},\"potentialAction\":[{\"@type\":\"SearchAction\",\"target\":{\"@type\":\"EntryPoint\",\"urlTemplate\":\"https:\/\/www.msn.unipi.it\/it\/?s={search_term_string}\"},\"query-input\":{\"@type\":\"PropertyValueSpecification\",\"valueRequired\":true,\"valueName\":\"search_term_string\"}}],\"inLanguage\":\"it-IT\"},{\"@type\":\"Organization\",\"@id\":\"https:\/\/www.msn.unipi.it\/it\/#organization\",\"name\":\"Museo di Storia Naturale dell'Universit\u00e0 di Pisa\",\"url\":\"https:\/\/www.msn.unipi.it\/it\/\",\"logo\":{\"@type\":\"ImageObject\",\"inLanguage\":\"it-IT\",\"@id\":\"https:\/\/www.msn.unipi.it\/it\/#\/schema\/logo\/image\/\",\"url\":\"https:\/\/www.msn.unipi.it\/wp-content\/uploads\/2016\/07\/footer-logo.png\",\"contentUrl\":\"https:\/\/www.msn.unipi.it\/wp-content\/uploads\/2016\/07\/footer-logo.png\",\"width\":220,\"height\":95,\"caption\":\"Museo di Storia Naturale dell'Universit\u00e0 di Pisa\"},\"image\":{\"@id\":\"https:\/\/www.msn.unipi.it\/it\/#\/schema\/logo\/image\/\"},\"sameAs\":[\"https:\/\/www.facebook.com\/Museo-di-Storia-Naturale-Universit\u00e0-di-Pisa-277794215612108\/\",\"https:\/\/x.com\/msncalci\",\"https:\/\/www.instagram.com\/museostorianaturale_calci\/\",\"https:\/\/www.youtube.com\/channel\/UCDaMBe_RegmdCnxLPmryMxw\"]}]}<\/script>\n<!-- \/ Yoast SEO plugin. -->","yoast_head_json":{"title":"Vulcani - Museo di Storia Naturale dell&#039;Universit\u00e0 di Pisa","description":"Attivit\u00e0 dedicata ai vulcani con immagini e video di rocce vulcaniche, realizzata in collaborazione con l\u2019Istituto Nazionale di Geofisica e Vulcanologia","robots":{"index":"index","follow":"follow","max-snippet":"max-snippet:-1","max-image-preview":"max-image-preview:large","max-video-preview":"max-video-preview:-1"},"canonical":"https:\/\/www.msn.unipi.it\/it\/educazione\/scuola\/novita-2020\/secondaria\/vulcani\/","og_locale":"it_IT","og_type":"article","og_title":"Vulcani - Museo di Storia Naturale dell&#039;Universit\u00e0 di Pisa","og_description":"Attivit\u00e0 dedicata ai vulcani con immagini e video di rocce vulcaniche, realizzata in collaborazione con l\u2019Istituto Nazionale di Geofisica e Vulcanologia","og_url":"https:\/\/www.msn.unipi.it\/it\/educazione\/scuola\/novita-2020\/secondaria\/vulcani\/","og_site_name":"Museo di Storia Naturale dell&#039;Universit\u00e0 di Pisa","article_publisher":"https:\/\/www.facebook.com\/Museo-di-Storia-Naturale-Universit%c3%a0-di-Pisa-277794215612108\/","article_modified_time":"2021-01-11T14:58:52+00:00","og_image":[{"width":2048,"height":342,"url":"https:\/\/www.msn.unipi.it\/wp-content\/uploads\/2011\/04\/madreporaTG.jpg","type":"image\/jpeg"}],"twitter_card":"summary_large_image","twitter_site":"@msncalci","twitter_misc":{"Tempo di lettura stimato":"1 minuto"},"schema":{"@context":"https:\/\/schema.org","@graph":[{"@type":"WebPage","@id":"https:\/\/www.msn.unipi.it\/it\/educazione\/scuola\/novita-2020\/secondaria\/vulcani\/","url":"https:\/\/www.msn.unipi.it\/it\/educazione\/scuola\/novita-2020\/secondaria\/vulcani\/","name":"Vulcani - Museo di Storia Naturale dell&#039;Universit\u00e0 di Pisa","isPartOf":{"@id":"https:\/\/www.msn.unipi.it\/it\/#website"},"primaryImageOfPage":{"@id":"https:\/\/www.msn.unipi.it\/it\/educazione\/scuola\/novita-2020\/secondaria\/vulcani\/#primaryimage"},"image":{"@id":"https:\/\/www.msn.unipi.it\/it\/educazione\/scuola\/novita-2020\/secondaria\/vulcani\/#primaryimage"},"thumbnailUrl":"https:\/\/www.msn.unipi.it\/wp-content\/uploads\/2011\/04\/madreporaTG.jpg","datePublished":"2021-01-05T14:40:01+00:00","dateModified":"2021-01-11T14:58:52+00:00","description":"Attivit\u00e0 dedicata ai vulcani con immagini e video di rocce vulcaniche, realizzata in collaborazione con l\u2019Istituto Nazionale di Geofisica e Vulcanologia","breadcrumb":{"@id":"https:\/\/www.msn.unipi.it\/it\/educazione\/scuola\/novita-2020\/secondaria\/vulcani\/#breadcrumb"},"inLanguage":"it-IT","potentialAction":[{"@type":"ReadAction","target":["https:\/\/www.msn.unipi.it\/it\/educazione\/scuola\/novita-2020\/secondaria\/vulcani\/"]}]},{"@type":"ImageObject","inLanguage":"it-IT","@id":"https:\/\/www.msn.unipi.it\/it\/educazione\/scuola\/novita-2020\/secondaria\/vulcani\/#primaryimage","url":"https:\/\/www.msn.unipi.it\/wp-content\/uploads\/2011\/04\/madreporaTG.jpg","contentUrl":"https:\/\/www.msn.unipi.it\/wp-content\/uploads\/2011\/04\/madreporaTG.jpg","width":2048,"height":342},{"@type":"BreadcrumbList","@id":"https:\/\/www.msn.unipi.it\/it\/educazione\/scuola\/novita-2020\/secondaria\/vulcani\/#breadcrumb","itemListElement":[{"@type":"ListItem","position":1,"name":"Home","item":"https:\/\/www.msn.unipi.it\/it\/"},{"@type":"ListItem","position":2,"name":"Educazione","item":"https:\/\/www.msn.unipi.it\/it\/educazione\/"},{"@type":"ListItem","position":3,"name":"Scuola","item":"https:\/\/www.msn.unipi.it\/it\/educazione\/scuola\/"},{"@type":"ListItem","position":4,"name":"Archivio offerta educativa","item":"https:\/\/www.msn.unipi.it\/it\/educazione\/scuola\/novita-2020\/"},{"@type":"ListItem","position":5,"name":"Attivit\u00e0 per la scuola secondaria","item":"https:\/\/www.msn.unipi.it\/it\/educazione\/scuola\/novita-2020\/secondaria\/"},{"@type":"ListItem","position":6,"name":"Vulcani"}]},{"@type":"WebSite","@id":"https:\/\/www.msn.unipi.it\/it\/#website","url":"https:\/\/www.msn.unipi.it\/it\/","name":"Museo di Storia Naturale dell&#039;Universit\u00e0 di Pisa","description":"","publisher":{"@id":"https:\/\/www.msn.unipi.it\/it\/#organization"},"potentialAction":[{"@type":"SearchAction","target":{"@type":"EntryPoint","urlTemplate":"https:\/\/www.msn.unipi.it\/it\/?s={search_term_string}"},"query-input":{"@type":"PropertyValueSpecification","valueRequired":true,"valueName":"search_term_string"}}],"inLanguage":"it-IT"},{"@type":"Organization","@id":"https:\/\/www.msn.unipi.it\/it\/#organization","name":"Museo di Storia Naturale dell'Universit\u00e0 di Pisa","url":"https:\/\/www.msn.unipi.it\/it\/","logo":{"@type":"ImageObject","inLanguage":"it-IT","@id":"https:\/\/www.msn.unipi.it\/it\/#\/schema\/logo\/image\/","url":"https:\/\/www.msn.unipi.it\/wp-content\/uploads\/2016\/07\/footer-logo.png","contentUrl":"https:\/\/www.msn.unipi.it\/wp-content\/uploads\/2016\/07\/footer-logo.png","width":220,"height":95,"caption":"Museo di Storia Naturale dell'Universit\u00e0 di Pisa"},"image":{"@id":"https:\/\/www.msn.unipi.it\/it\/#\/schema\/logo\/image\/"},"sameAs":["https:\/\/www.facebook.com\/Museo-di-Storia-Naturale-Universit\u00e0-di-Pisa-277794215612108\/","https:\/\/x.com\/msncalci","https:\/\/www.instagram.com\/museostorianaturale_calci\/","https:\/\/www.youtube.com\/channel\/UCDaMBe_RegmdCnxLPmryMxw"]}]}},"jetpack_sharing_enabled":true,"_links":{"self":[{"href":"https:\/\/www.msn.unipi.it\/it\/wp-json\/wp\/v2\/pages\/20869","targetHints":{"allow":["GET"]}}],"collection":[{"href":"https:\/\/www.msn.unipi.it\/it\/wp-json\/wp\/v2\/pages"}],"about":[{"href":"https:\/\/www.msn.unipi.it\/it\/wp-json\/wp\/v2\/types\/page"}],"author":[{"embeddable":true,"href":"https:\/\/www.msn.unipi.it\/it\/wp-json\/wp\/v2\/users\/7"}],"replies":[{"embeddable":true,"href":"https:\/\/www.msn.unipi.it\/it\/wp-json\/wp\/v2\/comments?post=20869"}],"version-history":[{"count":2,"href":"https:\/\/www.msn.unipi.it\/it\/wp-json\/wp\/v2\/pages\/20869\/revisions"}],"predecessor-version":[{"id":20934,"href":"https:\/\/www.msn.unipi.it\/it\/wp-json\/wp\/v2\/pages\/20869\/revisions\/20934"}],"up":[{"embeddable":true,"href":"https:\/\/www.msn.unipi.it\/it\/wp-json\/wp\/v2\/pages\/20366"}],"wp:featuredmedia":[{"embeddable":true,"href":"https:\/\/www.msn.unipi.it\/it\/wp-json\/wp\/v2\/media\/7525"}],"wp:attachment":[{"href":"https:\/\/www.msn.unipi.it\/it\/wp-json\/wp\/v2\/media?parent=20869"}],"curies":[{"name":"wp","href":"https:\/\/api.w.org\/{rel}","templated":true}]}}