{"id":24301,"date":"2022-07-04T12:03:07","date_gmt":"2022-07-04T10:03:07","guid":{"rendered":"https:\/\/www.msn.unipi.it\/?page_id=24301"},"modified":"2022-07-04T12:32:10","modified_gmt":"2022-07-04T10:32:10","slug":"ii-incontro-visita-e-attivita-agli-acquari","status":"publish","type":"page","link":"https:\/\/www.msn.unipi.it\/it\/attivita-docenti\/il-valore-della-biodiversita\/ii-incontro-visita-e-attivita-agli-acquari\/","title":{"rendered":"II incontro: Visita e attivit\u00e0 agli Acquari"},"content":{"rendered":"<p><strong><a href=\"https:\/\/www.msn.unipi.it\/it\/acquario-del-museo\/\" target=\"_blank\" rel=\"noopener\">Visita agli Acquari<\/a><\/strong> e attivit\u00e0 pratiche a cura di Paola Nicolosi e Matteo Lucarelli.<\/p>\n<p><strong>Esempi di attivit\u00e0 pratiche da poter realizzare con i bambini:<\/strong><\/p>\n<p>Osservazione e descrizione di modelli e di scheletri di pesci per comprenderne l\u2019anatomia: carassio, tinca, carpa, anguilla, storione, coregone, barbo, trota, cheppia, cavedano, persico, rutilo, pesce istri-ce.<br \/>\n<em><strong>\u201cLe forme\u201d<\/strong><\/em> &#8211; Attivit\u00e0 manuale con il pongo per ricreare le principali forme dei pesci (arrotondata, allungata, quadrata, rettangolare) da paragonare alle forme geometriche.<br \/>\n<em><strong>\u201cQua la pinna!\u201d<\/strong><\/em> \u2013 Attivit\u00e0 manuale di taglia-incolla per comprendere la posizione e la funzione del-le pinne. A ogni bambino verr\u00e0 fornito il disegno di un pesce e, con l\u2019aiuto dell\u2019operatore, dovr\u00e0 ta-gliare e incollare le pinne nella posizione corretta.<br \/>\n<strong><em>\u201cTrova il tuo pesce\u201d<\/em><\/strong> &#8211; Durante la visita all\u2019Acquario a ciascun bambino verr\u00e0 assegnata l\u2019immagine di un pesce che potr\u00e0 ritrovare e osservare dal vivo tra le oltre cinquanta specie d\u2019acqua dolce pre-senti.<\/p>\n<p>&nbsp;<\/p>\n<p><strong><a href=\"https:\/\/play.google.com\/store\/apps\/details?id=visualengines.mmg.Calci\" target=\"_blank\" rel=\"noopener\">Schede dei pesci del territorio<\/a>\u00a0<\/strong>consultabili sulla APP del MUSEO (scaricabile gratuitamente).<\/p>\n<p><strong><a href=\"https:\/\/www.msn.unipi.it\/it\/sos-museo\/i-pesci-del-monte-pisano\/\" target=\"_blank\" rel=\"noopener\">Una pagina dedicata ai pesci del Monte Pisano.<\/a><\/strong><\/p>\n<p><strong><a href=\"https:\/\/www.msn.unipi.it\/wp-content\/uploads\/2022\/07\/DISPENSA-DIDATTICA-PESCI.pdf\" target=\"_blank\" rel=\"noopener\">Dispensa didattica pesci<\/a>.<\/strong><\/p>\n","protected":false},"excerpt":{"rendered":"<p>Visita agli Acquari e attivit\u00e0 pratiche a cura di Paola Nicolosi e Matteo Lucarelli. Esempi di attivit\u00e0 pratiche da poter realizzare con i bambini: Osservazione e descrizione di modelli e di scheletri di pesci per comprenderne l\u2019anatomia: carassio, tinca, carpa, anguilla, storione, coregone, barbo, trota, cheppia, cavedano, persico, rutilo, pesce istri-ce. \u201cLe forme\u201d &#8211; Attivit\u00e0&nbsp; <a href=\"https:\/\/www.msn.unipi.it\/it\/attivita-docenti\/il-valore-della-biodiversita\/ii-incontro-visita-e-attivita-agli-acquari\/\">&hellip;  <i class=\"fa fa-chevron-right\"><\/i><\/a><\/p>\n","protected":false},"author":7,"featured_media":7525,"parent":24226,"menu_order":0,"comment_status":"closed","ping_status":"closed","template":"","meta":{"footnotes":""},"class_list":["post-24301","page","type-page","status-publish","has-post-thumbnail","hentry"],"yoast_head":"<!-- This site is optimized with the Yoast SEO plugin v26.8 - https:\/\/yoast.com\/product\/yoast-seo-wordpress\/ -->\n<title>II incontro: Visita e attivit\u00e0 agli Acquari - Museo di Storia Naturale dell&#039;Universit\u00e0 di Pisa<\/title>\n<meta name=\"description\" content=\"Visita agli Acquari e attivit\u00e0 pratiche a cura di Paola Nicolosi e Matteo Lucarelli. Esempi di attivit\u00e0 pratiche da poter realizzare con i bambini:\" \/>\n<meta name=\"robots\" content=\"index, follow, max-snippet:-1, max-image-preview:large, max-video-preview:-1\" \/>\n<link rel=\"canonical\" href=\"https:\/\/www.msn.unipi.it\/it\/attivita-docenti\/il-valore-della-biodiversita\/ii-incontro-visita-e-attivita-agli-acquari\/\" \/>\n<meta property=\"og:locale\" content=\"it_IT\" \/>\n<meta property=\"og:type\" content=\"article\" \/>\n<meta property=\"og:title\" content=\"II incontro: Visita e attivit\u00e0 agli Acquari - Museo di Storia Naturale dell&#039;Universit\u00e0 di Pisa\" \/>\n<meta property=\"og:description\" content=\"Visita agli Acquari e attivit\u00e0 pratiche a cura di Paola Nicolosi e Matteo Lucarelli. Esempi di attivit\u00e0 pratiche da poter realizzare con i bambini:\" \/>\n<meta property=\"og:url\" content=\"https:\/\/www.msn.unipi.it\/it\/attivita-docenti\/il-valore-della-biodiversita\/ii-incontro-visita-e-attivita-agli-acquari\/\" \/>\n<meta property=\"og:site_name\" content=\"Museo di Storia Naturale dell&#039;Universit\u00e0 di Pisa\" \/>\n<meta property=\"article:publisher\" content=\"https:\/\/www.facebook.com\/Museo-di-Storia-Naturale-Universit%c3%a0-di-Pisa-277794215612108\/\" \/>\n<meta property=\"article:modified_time\" content=\"2022-07-04T10:32:10+00:00\" \/>\n<meta property=\"og:image\" content=\"https:\/\/www.msn.unipi.it\/wp-content\/uploads\/2011\/04\/madreporaTG.jpg\" \/>\n\t<meta property=\"og:image:width\" content=\"2048\" \/>\n\t<meta property=\"og:image:height\" content=\"342\" \/>\n\t<meta property=\"og:image:type\" content=\"image\/jpeg\" \/>\n<meta name=\"twitter:card\" content=\"summary_large_image\" \/>\n<meta name=\"twitter:site\" content=\"@msncalci\" \/>\n<meta name=\"twitter:label1\" content=\"Tempo di lettura stimato\" \/>\n\t<meta name=\"twitter:data1\" content=\"1 minuto\" \/>\n<script type=\"application\/ld+json\" class=\"yoast-schema-graph\">{\"@context\":\"https:\/\/schema.org\",\"@graph\":[{\"@type\":\"WebPage\",\"@id\":\"https:\/\/www.msn.unipi.it\/it\/attivita-docenti\/il-valore-della-biodiversita\/ii-incontro-visita-e-attivita-agli-acquari\/\",\"url\":\"https:\/\/www.msn.unipi.it\/it\/attivita-docenti\/il-valore-della-biodiversita\/ii-incontro-visita-e-attivita-agli-acquari\/\",\"name\":\"II incontro: Visita e attivit\u00e0 agli Acquari - Museo di Storia Naturale dell&#039;Universit\u00e0 di Pisa\",\"isPartOf\":{\"@id\":\"https:\/\/www.msn.unipi.it\/it\/#website\"},\"primaryImageOfPage\":{\"@id\":\"https:\/\/www.msn.unipi.it\/it\/attivita-docenti\/il-valore-della-biodiversita\/ii-incontro-visita-e-attivita-agli-acquari\/#primaryimage\"},\"image\":{\"@id\":\"https:\/\/www.msn.unipi.it\/it\/attivita-docenti\/il-valore-della-biodiversita\/ii-incontro-visita-e-attivita-agli-acquari\/#primaryimage\"},\"thumbnailUrl\":\"https:\/\/www.msn.unipi.it\/wp-content\/uploads\/2011\/04\/madreporaTG.jpg\",\"datePublished\":\"2022-07-04T10:03:07+00:00\",\"dateModified\":\"2022-07-04T10:32:10+00:00\",\"description\":\"Visita agli Acquari e attivit\u00e0 pratiche a cura di Paola Nicolosi e Matteo Lucarelli. Esempi di attivit\u00e0 pratiche da poter realizzare con i bambini:\",\"breadcrumb\":{\"@id\":\"https:\/\/www.msn.unipi.it\/it\/attivita-docenti\/il-valore-della-biodiversita\/ii-incontro-visita-e-attivita-agli-acquari\/#breadcrumb\"},\"inLanguage\":\"it-IT\",\"potentialAction\":[{\"@type\":\"ReadAction\",\"target\":[\"https:\/\/www.msn.unipi.it\/it\/attivita-docenti\/il-valore-della-biodiversita\/ii-incontro-visita-e-attivita-agli-acquari\/\"]}]},{\"@type\":\"ImageObject\",\"inLanguage\":\"it-IT\",\"@id\":\"https:\/\/www.msn.unipi.it\/it\/attivita-docenti\/il-valore-della-biodiversita\/ii-incontro-visita-e-attivita-agli-acquari\/#primaryimage\",\"url\":\"https:\/\/www.msn.unipi.it\/wp-content\/uploads\/2011\/04\/madreporaTG.jpg\",\"contentUrl\":\"https:\/\/www.msn.unipi.it\/wp-content\/uploads\/2011\/04\/madreporaTG.jpg\",\"width\":2048,\"height\":342},{\"@type\":\"BreadcrumbList\",\"@id\":\"https:\/\/www.msn.unipi.it\/it\/attivita-docenti\/il-valore-della-biodiversita\/ii-incontro-visita-e-attivita-agli-acquari\/#breadcrumb\",\"itemListElement\":[{\"@type\":\"ListItem\",\"position\":1,\"name\":\"Home\",\"item\":\"https:\/\/www.msn.unipi.it\/it\/\"},{\"@type\":\"ListItem\",\"position\":2,\"name\":\"Archivio formazione insegnanti\",\"item\":\"https:\/\/www.msn.unipi.it\/it\/attivita-docenti\/\"},{\"@type\":\"ListItem\",\"position\":3,\"name\":\"Il valore della biodiversit\u00e0 &#8211; Vertebrati toscani\",\"item\":\"https:\/\/www.msn.unipi.it\/it\/attivita-docenti\/il-valore-della-biodiversita\/\"},{\"@type\":\"ListItem\",\"position\":4,\"name\":\"II incontro: Visita e attivit\u00e0 agli Acquari\"}]},{\"@type\":\"WebSite\",\"@id\":\"https:\/\/www.msn.unipi.it\/it\/#website\",\"url\":\"https:\/\/www.msn.unipi.it\/it\/\",\"name\":\"Museo di Storia Naturale dell&#039;Universit\u00e0 di Pisa\",\"description\":\"\",\"publisher\":{\"@id\":\"https:\/\/www.msn.unipi.it\/it\/#organization\"},\"potentialAction\":[{\"@type\":\"SearchAction\",\"target\":{\"@type\":\"EntryPoint\",\"urlTemplate\":\"https:\/\/www.msn.unipi.it\/it\/?s={search_term_string}\"},\"query-input\":{\"@type\":\"PropertyValueSpecification\",\"valueRequired\":true,\"valueName\":\"search_term_string\"}}],\"inLanguage\":\"it-IT\"},{\"@type\":\"Organization\",\"@id\":\"https:\/\/www.msn.unipi.it\/it\/#organization\",\"name\":\"Museo di Storia Naturale dell'Universit\u00e0 di Pisa\",\"url\":\"https:\/\/www.msn.unipi.it\/it\/\",\"logo\":{\"@type\":\"ImageObject\",\"inLanguage\":\"it-IT\",\"@id\":\"https:\/\/www.msn.unipi.it\/it\/#\/schema\/logo\/image\/\",\"url\":\"https:\/\/www.msn.unipi.it\/wp-content\/uploads\/2016\/07\/footer-logo.png\",\"contentUrl\":\"https:\/\/www.msn.unipi.it\/wp-content\/uploads\/2016\/07\/footer-logo.png\",\"width\":220,\"height\":95,\"caption\":\"Museo di Storia Naturale dell'Universit\u00e0 di Pisa\"},\"image\":{\"@id\":\"https:\/\/www.msn.unipi.it\/it\/#\/schema\/logo\/image\/\"},\"sameAs\":[\"https:\/\/www.facebook.com\/Museo-di-Storia-Naturale-Universit\u00e0-di-Pisa-277794215612108\/\",\"https:\/\/x.com\/msncalci\",\"https:\/\/www.instagram.com\/museostorianaturale_calci\/\",\"https:\/\/www.youtube.com\/channel\/UCDaMBe_RegmdCnxLPmryMxw\"]}]}<\/script>\n<!-- \/ Yoast SEO plugin. -->","yoast_head_json":{"title":"II incontro: Visita e attivit\u00e0 agli Acquari - Museo di Storia Naturale dell&#039;Universit\u00e0 di Pisa","description":"Visita agli Acquari e attivit\u00e0 pratiche a cura di Paola Nicolosi e Matteo Lucarelli. Esempi di attivit\u00e0 pratiche da poter realizzare con i bambini:","robots":{"index":"index","follow":"follow","max-snippet":"max-snippet:-1","max-image-preview":"max-image-preview:large","max-video-preview":"max-video-preview:-1"},"canonical":"https:\/\/www.msn.unipi.it\/it\/attivita-docenti\/il-valore-della-biodiversita\/ii-incontro-visita-e-attivita-agli-acquari\/","og_locale":"it_IT","og_type":"article","og_title":"II incontro: Visita e attivit\u00e0 agli Acquari - Museo di Storia Naturale dell&#039;Universit\u00e0 di Pisa","og_description":"Visita agli Acquari e attivit\u00e0 pratiche a cura di Paola Nicolosi e Matteo Lucarelli. Esempi di attivit\u00e0 pratiche da poter realizzare con i bambini:","og_url":"https:\/\/www.msn.unipi.it\/it\/attivita-docenti\/il-valore-della-biodiversita\/ii-incontro-visita-e-attivita-agli-acquari\/","og_site_name":"Museo di Storia Naturale dell&#039;Universit\u00e0 di Pisa","article_publisher":"https:\/\/www.facebook.com\/Museo-di-Storia-Naturale-Universit%c3%a0-di-Pisa-277794215612108\/","article_modified_time":"2022-07-04T10:32:10+00:00","og_image":[{"width":2048,"height":342,"url":"https:\/\/www.msn.unipi.it\/wp-content\/uploads\/2011\/04\/madreporaTG.jpg","type":"image\/jpeg"}],"twitter_card":"summary_large_image","twitter_site":"@msncalci","twitter_misc":{"Tempo di lettura stimato":"1 minuto"},"schema":{"@context":"https:\/\/schema.org","@graph":[{"@type":"WebPage","@id":"https:\/\/www.msn.unipi.it\/it\/attivita-docenti\/il-valore-della-biodiversita\/ii-incontro-visita-e-attivita-agli-acquari\/","url":"https:\/\/www.msn.unipi.it\/it\/attivita-docenti\/il-valore-della-biodiversita\/ii-incontro-visita-e-attivita-agli-acquari\/","name":"II incontro: Visita e attivit\u00e0 agli Acquari - Museo di Storia Naturale dell&#039;Universit\u00e0 di Pisa","isPartOf":{"@id":"https:\/\/www.msn.unipi.it\/it\/#website"},"primaryImageOfPage":{"@id":"https:\/\/www.msn.unipi.it\/it\/attivita-docenti\/il-valore-della-biodiversita\/ii-incontro-visita-e-attivita-agli-acquari\/#primaryimage"},"image":{"@id":"https:\/\/www.msn.unipi.it\/it\/attivita-docenti\/il-valore-della-biodiversita\/ii-incontro-visita-e-attivita-agli-acquari\/#primaryimage"},"thumbnailUrl":"https:\/\/www.msn.unipi.it\/wp-content\/uploads\/2011\/04\/madreporaTG.jpg","datePublished":"2022-07-04T10:03:07+00:00","dateModified":"2022-07-04T10:32:10+00:00","description":"Visita agli Acquari e attivit\u00e0 pratiche a cura di Paola Nicolosi e Matteo Lucarelli. Esempi di attivit\u00e0 pratiche da poter realizzare con i bambini:","breadcrumb":{"@id":"https:\/\/www.msn.unipi.it\/it\/attivita-docenti\/il-valore-della-biodiversita\/ii-incontro-visita-e-attivita-agli-acquari\/#breadcrumb"},"inLanguage":"it-IT","potentialAction":[{"@type":"ReadAction","target":["https:\/\/www.msn.unipi.it\/it\/attivita-docenti\/il-valore-della-biodiversita\/ii-incontro-visita-e-attivita-agli-acquari\/"]}]},{"@type":"ImageObject","inLanguage":"it-IT","@id":"https:\/\/www.msn.unipi.it\/it\/attivita-docenti\/il-valore-della-biodiversita\/ii-incontro-visita-e-attivita-agli-acquari\/#primaryimage","url":"https:\/\/www.msn.unipi.it\/wp-content\/uploads\/2011\/04\/madreporaTG.jpg","contentUrl":"https:\/\/www.msn.unipi.it\/wp-content\/uploads\/2011\/04\/madreporaTG.jpg","width":2048,"height":342},{"@type":"BreadcrumbList","@id":"https:\/\/www.msn.unipi.it\/it\/attivita-docenti\/il-valore-della-biodiversita\/ii-incontro-visita-e-attivita-agli-acquari\/#breadcrumb","itemListElement":[{"@type":"ListItem","position":1,"name":"Home","item":"https:\/\/www.msn.unipi.it\/it\/"},{"@type":"ListItem","position":2,"name":"Archivio formazione insegnanti","item":"https:\/\/www.msn.unipi.it\/it\/attivita-docenti\/"},{"@type":"ListItem","position":3,"name":"Il valore della biodiversit\u00e0 &#8211; Vertebrati toscani","item":"https:\/\/www.msn.unipi.it\/it\/attivita-docenti\/il-valore-della-biodiversita\/"},{"@type":"ListItem","position":4,"name":"II incontro: Visita e attivit\u00e0 agli Acquari"}]},{"@type":"WebSite","@id":"https:\/\/www.msn.unipi.it\/it\/#website","url":"https:\/\/www.msn.unipi.it\/it\/","name":"Museo di Storia Naturale dell&#039;Universit\u00e0 di Pisa","description":"","publisher":{"@id":"https:\/\/www.msn.unipi.it\/it\/#organization"},"potentialAction":[{"@type":"SearchAction","target":{"@type":"EntryPoint","urlTemplate":"https:\/\/www.msn.unipi.it\/it\/?s={search_term_string}"},"query-input":{"@type":"PropertyValueSpecification","valueRequired":true,"valueName":"search_term_string"}}],"inLanguage":"it-IT"},{"@type":"Organization","@id":"https:\/\/www.msn.unipi.it\/it\/#organization","name":"Museo di Storia Naturale dell'Universit\u00e0 di Pisa","url":"https:\/\/www.msn.unipi.it\/it\/","logo":{"@type":"ImageObject","inLanguage":"it-IT","@id":"https:\/\/www.msn.unipi.it\/it\/#\/schema\/logo\/image\/","url":"https:\/\/www.msn.unipi.it\/wp-content\/uploads\/2016\/07\/footer-logo.png","contentUrl":"https:\/\/www.msn.unipi.it\/wp-content\/uploads\/2016\/07\/footer-logo.png","width":220,"height":95,"caption":"Museo di Storia Naturale dell'Universit\u00e0 di Pisa"},"image":{"@id":"https:\/\/www.msn.unipi.it\/it\/#\/schema\/logo\/image\/"},"sameAs":["https:\/\/www.facebook.com\/Museo-di-Storia-Naturale-Universit\u00e0-di-Pisa-277794215612108\/","https:\/\/x.com\/msncalci","https:\/\/www.instagram.com\/museostorianaturale_calci\/","https:\/\/www.youtube.com\/channel\/UCDaMBe_RegmdCnxLPmryMxw"]}]}},"jetpack_sharing_enabled":true,"_links":{"self":[{"href":"https:\/\/www.msn.unipi.it\/it\/wp-json\/wp\/v2\/pages\/24301","targetHints":{"allow":["GET"]}}],"collection":[{"href":"https:\/\/www.msn.unipi.it\/it\/wp-json\/wp\/v2\/pages"}],"about":[{"href":"https:\/\/www.msn.unipi.it\/it\/wp-json\/wp\/v2\/types\/page"}],"author":[{"embeddable":true,"href":"https:\/\/www.msn.unipi.it\/it\/wp-json\/wp\/v2\/users\/7"}],"replies":[{"embeddable":true,"href":"https:\/\/www.msn.unipi.it\/it\/wp-json\/wp\/v2\/comments?post=24301"}],"version-history":[{"count":7,"href":"https:\/\/www.msn.unipi.it\/it\/wp-json\/wp\/v2\/pages\/24301\/revisions"}],"predecessor-version":[{"id":24331,"href":"https:\/\/www.msn.unipi.it\/it\/wp-json\/wp\/v2\/pages\/24301\/revisions\/24331"}],"up":[{"embeddable":true,"href":"https:\/\/www.msn.unipi.it\/it\/wp-json\/wp\/v2\/pages\/24226"}],"wp:featuredmedia":[{"embeddable":true,"href":"https:\/\/www.msn.unipi.it\/it\/wp-json\/wp\/v2\/media\/7525"}],"wp:attachment":[{"href":"https:\/\/www.msn.unipi.it\/it\/wp-json\/wp\/v2\/media?parent=24301"}],"curies":[{"name":"wp","href":"https:\/\/api.w.org\/{rel}","templated":true}]}}