{"id":25089,"date":"2022-10-17T10:39:56","date_gmt":"2022-10-17T08:39:56","guid":{"rendered":"https:\/\/www.msn.unipi.it\/?page_id=25089"},"modified":"2023-07-25T10:19:55","modified_gmt":"2023-07-25T08:19:55","slug":"laboratori-e-attivita-creative-e-manuali","status":"publish","type":"page","link":"https:\/\/www.msn.unipi.it\/it\/educazione\/scuola\/offerta-educativa\/laboratori-e-attivita-creative-e-manuali\/","title":{"rendered":"Laboratori e attivit\u00e0 creative e manuali"},"content":{"rendered":"<p>&nbsp;<\/p>\n<p><img loading=\"lazy\" decoding=\"async\" class=\"aligncenter wp-image-24991 size-thumbnail\" src=\"https:\/\/www.msn.unipi.it\/wp-content\/uploads\/2022\/10\/upupa-con-pennello-1-150x150.jpg\" alt=\"\" width=\"150\" height=\"150\" srcset=\"https:\/\/www.msn.unipi.it\/wp-content\/uploads\/2022\/10\/upupa-con-pennello-1-150x150.jpg 150w, https:\/\/www.msn.unipi.it\/wp-content\/uploads\/2022\/10\/upupa-con-pennello-1-450x450.jpg 450w, https:\/\/www.msn.unipi.it\/wp-content\/uploads\/2022\/10\/upupa-con-pennello-1.jpg 709w\" sizes=\"auto, (max-width: 150px) 100vw, 150px\" \/><\/p>\n<p>&nbsp;<\/p>\n<p>Attivit\u00e0 per le classi delle Scuole Primarie e Secondarie di I grado.<\/p>\n<p>Ogni attivit\u00e0 ha la\u00a0<strong>durata di 1 ora e 30 minuti<\/strong>.<br \/>\nL\u2019ingresso al museo \u00e8 di\u00a0<strong>6,00 euro<\/strong>\u00a0a partecipante.<br \/>\nIl costo dell\u2019attivit\u00e0 \u00e8 di<strong> 5,00 euro<\/strong>\u00a0a partecipante.<\/p>\n<p><a href=\"https:\/\/www.msn.unipi.it\/it\/educazione\/scuola\/offerta-educativa\/vita-da-homo-nella-preistoria\/\" target=\"_blank\" rel=\"noopener\"><strong>Vita da Homo nella preistoria (novit\u00e0)<\/strong><\/a><\/p>\n<p><strong><a href=\"https:\/\/www.msn.unipi.it\/it\/educazione\/scuola\/offerta-educativa\/artigiani-preistorici\/\" target=\"_blank\" rel=\"noopener\">Artigiani Preistorici<\/a><\/strong><\/p>\n<p><a href=\"https:\/\/www.msn.unipi.it\/it\/educazione\/scuola\/offerta-educativa\/la-natura-nellarte\/\" target=\"_blank\" rel=\"noopener\"><strong>La Natura nell&#8217;arte<\/strong><\/a><\/p>\n<p><strong><a href=\"https:\/\/www.msn.unipi.it\/it\/educazione\/scuola\/offerta-educativa\/paleontologo-o-archeologo\/\" target=\"_blank\" rel=\"noopener\">Paleontologo o archeologo?<\/a><\/strong><\/p>\n<p><strong><a href=\"https:\/\/www.msn.unipi.it\/it\/educazione\/scuola\/offerta-educativa\/fossili-in-forma\/\" target=\"_blank\" rel=\"noopener\">Fossili in forma<\/a><\/strong><\/p>\n<p><a href=\"https:\/\/www.msn.unipi.it\/it\/educazione\/scuola\/offerta-educativa\/la-camera-delle-meraviglie\/\" target=\"_blank\" rel=\"noopener\"><strong>Il mio Museo delle meraviglie<\/strong><\/a><\/p>\n<p><strong><a href=\"https:\/\/www.msn.unipi.it\/it\/educazione\/scuola\/offerta-educativa\/i-detective-del-bosco\/\" target=\"_blank\" rel=\"noopener\">I detective del bosco<\/a><\/strong><\/p>\n<p><a href=\"https:\/\/www.msn.unipi.it\/it\/educazione\/scuola\/offerta-educativa\/cacce-al-tesoro\/\" target=\"_blank\" rel=\"noopener\"><b>Caccia ai tesori del Museo<\/b><\/a><\/p>\n","protected":false},"excerpt":{"rendered":"<p>&nbsp; &nbsp; Attivit\u00e0 per le classi delle Scuole Primarie e Secondarie di I grado. Ogni attivit\u00e0 ha la\u00a0durata di 1 ora e 30 minuti. L\u2019ingresso al museo \u00e8 di\u00a06,00 euro\u00a0a partecipante. Il costo dell\u2019attivit\u00e0 \u00e8 di 5,00 euro\u00a0a partecipante. Vita da Homo nella preistoria (novit\u00e0) Artigiani Preistorici La Natura nell&#8217;arte Paleontologo o archeologo? Fossili in&nbsp; <a href=\"https:\/\/www.msn.unipi.it\/it\/educazione\/scuola\/offerta-educativa\/laboratori-e-attivita-creative-e-manuali\/\">&hellip;  <i class=\"fa fa-chevron-right\"><\/i><\/a><\/p>\n","protected":false},"author":23,"featured_media":7525,"parent":16083,"menu_order":0,"comment_status":"closed","ping_status":"closed","template":"","meta":{"footnotes":""},"class_list":["post-25089","page","type-page","status-publish","has-post-thumbnail","hentry"],"yoast_head":"<!-- This site is optimized with the Yoast SEO plugin v26.8 - https:\/\/yoast.com\/product\/yoast-seo-wordpress\/ -->\n<title>Laboratori e attivit\u00e0 creative e manuali - Museo di Storia Naturale dell&#039;Universit\u00e0 di Pisa<\/title>\n<meta name=\"description\" content=\"&nbsp; &nbsp; Attivit\u00e0 per le classi delle Scuole Primarie e Secondarie di I grado. Ogni attivit\u00e0 ha la\u00a0durata di 1 ora e 30 minuti. L\u2019ingresso al museo \u00e8\" \/>\n<meta name=\"robots\" content=\"index, follow, max-snippet:-1, max-image-preview:large, max-video-preview:-1\" \/>\n<link rel=\"canonical\" href=\"https:\/\/www.msn.unipi.it\/it\/educazione\/scuola\/offerta-educativa\/laboratori-e-attivita-creative-e-manuali\/\" \/>\n<meta property=\"og:locale\" content=\"it_IT\" \/>\n<meta property=\"og:type\" content=\"article\" \/>\n<meta property=\"og:title\" content=\"Laboratori e attivit\u00e0 creative e manuali - Museo di Storia Naturale dell&#039;Universit\u00e0 di Pisa\" \/>\n<meta property=\"og:description\" content=\"&nbsp; &nbsp; Attivit\u00e0 per le classi delle Scuole Primarie e Secondarie di I grado. Ogni attivit\u00e0 ha la\u00a0durata di 1 ora e 30 minuti. L\u2019ingresso al museo \u00e8\" \/>\n<meta property=\"og:url\" content=\"https:\/\/www.msn.unipi.it\/it\/educazione\/scuola\/offerta-educativa\/laboratori-e-attivita-creative-e-manuali\/\" \/>\n<meta property=\"og:site_name\" content=\"Museo di Storia Naturale dell&#039;Universit\u00e0 di Pisa\" \/>\n<meta property=\"article:publisher\" content=\"https:\/\/www.facebook.com\/Museo-di-Storia-Naturale-Universit%c3%a0-di-Pisa-277794215612108\/\" \/>\n<meta property=\"article:modified_time\" content=\"2023-07-25T08:19:55+00:00\" \/>\n<meta property=\"og:image\" content=\"https:\/\/www.msn.unipi.it\/wp-content\/uploads\/2011\/04\/madreporaTG.jpg\" \/>\n\t<meta property=\"og:image:width\" content=\"2048\" \/>\n\t<meta property=\"og:image:height\" content=\"342\" \/>\n\t<meta property=\"og:image:type\" content=\"image\/jpeg\" \/>\n<meta name=\"twitter:card\" content=\"summary_large_image\" \/>\n<meta name=\"twitter:site\" content=\"@msncalci\" \/>\n<meta name=\"twitter:label1\" content=\"Tempo di lettura stimato\" \/>\n\t<meta name=\"twitter:data1\" content=\"1 minuto\" \/>\n<script type=\"application\/ld+json\" class=\"yoast-schema-graph\">{\"@context\":\"https:\/\/schema.org\",\"@graph\":[{\"@type\":\"WebPage\",\"@id\":\"https:\/\/www.msn.unipi.it\/it\/educazione\/scuola\/offerta-educativa\/laboratori-e-attivita-creative-e-manuali\/\",\"url\":\"https:\/\/www.msn.unipi.it\/it\/educazione\/scuola\/offerta-educativa\/laboratori-e-attivita-creative-e-manuali\/\",\"name\":\"Laboratori e attivit\u00e0 creative e manuali - Museo di Storia Naturale dell&#039;Universit\u00e0 di Pisa\",\"isPartOf\":{\"@id\":\"https:\/\/www.msn.unipi.it\/it\/#website\"},\"primaryImageOfPage\":{\"@id\":\"https:\/\/www.msn.unipi.it\/it\/educazione\/scuola\/offerta-educativa\/laboratori-e-attivita-creative-e-manuali\/#primaryimage\"},\"image\":{\"@id\":\"https:\/\/www.msn.unipi.it\/it\/educazione\/scuola\/offerta-educativa\/laboratori-e-attivita-creative-e-manuali\/#primaryimage\"},\"thumbnailUrl\":\"https:\/\/www.msn.unipi.it\/wp-content\/uploads\/2011\/04\/madreporaTG.jpg\",\"datePublished\":\"2022-10-17T08:39:56+00:00\",\"dateModified\":\"2023-07-25T08:19:55+00:00\",\"description\":\"&nbsp; &nbsp; Attivit\u00e0 per le classi delle Scuole Primarie e Secondarie di I grado. Ogni attivit\u00e0 ha la\u00a0durata di 1 ora e 30 minuti. L\u2019ingresso al museo \u00e8\",\"breadcrumb\":{\"@id\":\"https:\/\/www.msn.unipi.it\/it\/educazione\/scuola\/offerta-educativa\/laboratori-e-attivita-creative-e-manuali\/#breadcrumb\"},\"inLanguage\":\"it-IT\",\"potentialAction\":[{\"@type\":\"ReadAction\",\"target\":[\"https:\/\/www.msn.unipi.it\/it\/educazione\/scuola\/offerta-educativa\/laboratori-e-attivita-creative-e-manuali\/\"]}]},{\"@type\":\"ImageObject\",\"inLanguage\":\"it-IT\",\"@id\":\"https:\/\/www.msn.unipi.it\/it\/educazione\/scuola\/offerta-educativa\/laboratori-e-attivita-creative-e-manuali\/#primaryimage\",\"url\":\"https:\/\/www.msn.unipi.it\/wp-content\/uploads\/2011\/04\/madreporaTG.jpg\",\"contentUrl\":\"https:\/\/www.msn.unipi.it\/wp-content\/uploads\/2011\/04\/madreporaTG.jpg\",\"width\":2048,\"height\":342},{\"@type\":\"BreadcrumbList\",\"@id\":\"https:\/\/www.msn.unipi.it\/it\/educazione\/scuola\/offerta-educativa\/laboratori-e-attivita-creative-e-manuali\/#breadcrumb\",\"itemListElement\":[{\"@type\":\"ListItem\",\"position\":1,\"name\":\"Home\",\"item\":\"https:\/\/www.msn.unipi.it\/it\/\"},{\"@type\":\"ListItem\",\"position\":2,\"name\":\"Educazione\",\"item\":\"https:\/\/www.msn.unipi.it\/it\/educazione\/\"},{\"@type\":\"ListItem\",\"position\":3,\"name\":\"Scuola\",\"item\":\"https:\/\/www.msn.unipi.it\/it\/educazione\/scuola\/\"},{\"@type\":\"ListItem\",\"position\":4,\"name\":\"Offerta educativa 2025-2026\",\"item\":\"https:\/\/www.msn.unipi.it\/it\/educazione\/scuola\/offerta-educativa\/\"},{\"@type\":\"ListItem\",\"position\":5,\"name\":\"Laboratori e attivit\u00e0 creative e manuali\"}]},{\"@type\":\"WebSite\",\"@id\":\"https:\/\/www.msn.unipi.it\/it\/#website\",\"url\":\"https:\/\/www.msn.unipi.it\/it\/\",\"name\":\"Museo di Storia Naturale dell&#039;Universit\u00e0 di Pisa\",\"description\":\"\",\"publisher\":{\"@id\":\"https:\/\/www.msn.unipi.it\/it\/#organization\"},\"potentialAction\":[{\"@type\":\"SearchAction\",\"target\":{\"@type\":\"EntryPoint\",\"urlTemplate\":\"https:\/\/www.msn.unipi.it\/it\/?s={search_term_string}\"},\"query-input\":{\"@type\":\"PropertyValueSpecification\",\"valueRequired\":true,\"valueName\":\"search_term_string\"}}],\"inLanguage\":\"it-IT\"},{\"@type\":\"Organization\",\"@id\":\"https:\/\/www.msn.unipi.it\/it\/#organization\",\"name\":\"Museo di Storia Naturale dell'Universit\u00e0 di Pisa\",\"url\":\"https:\/\/www.msn.unipi.it\/it\/\",\"logo\":{\"@type\":\"ImageObject\",\"inLanguage\":\"it-IT\",\"@id\":\"https:\/\/www.msn.unipi.it\/it\/#\/schema\/logo\/image\/\",\"url\":\"https:\/\/www.msn.unipi.it\/wp-content\/uploads\/2016\/07\/footer-logo.png\",\"contentUrl\":\"https:\/\/www.msn.unipi.it\/wp-content\/uploads\/2016\/07\/footer-logo.png\",\"width\":220,\"height\":95,\"caption\":\"Museo di Storia Naturale dell'Universit\u00e0 di Pisa\"},\"image\":{\"@id\":\"https:\/\/www.msn.unipi.it\/it\/#\/schema\/logo\/image\/\"},\"sameAs\":[\"https:\/\/www.facebook.com\/Museo-di-Storia-Naturale-Universit\u00e0-di-Pisa-277794215612108\/\",\"https:\/\/x.com\/msncalci\",\"https:\/\/www.instagram.com\/museostorianaturale_calci\/\",\"https:\/\/www.youtube.com\/channel\/UCDaMBe_RegmdCnxLPmryMxw\"]}]}<\/script>\n<!-- \/ Yoast SEO plugin. -->","yoast_head_json":{"title":"Laboratori e attivit\u00e0 creative e manuali - Museo di Storia Naturale dell&#039;Universit\u00e0 di Pisa","description":"&nbsp; &nbsp; Attivit\u00e0 per le classi delle Scuole Primarie e Secondarie di I grado. Ogni attivit\u00e0 ha la\u00a0durata di 1 ora e 30 minuti. L\u2019ingresso al museo \u00e8","robots":{"index":"index","follow":"follow","max-snippet":"max-snippet:-1","max-image-preview":"max-image-preview:large","max-video-preview":"max-video-preview:-1"},"canonical":"https:\/\/www.msn.unipi.it\/it\/educazione\/scuola\/offerta-educativa\/laboratori-e-attivita-creative-e-manuali\/","og_locale":"it_IT","og_type":"article","og_title":"Laboratori e attivit\u00e0 creative e manuali - Museo di Storia Naturale dell&#039;Universit\u00e0 di Pisa","og_description":"&nbsp; &nbsp; Attivit\u00e0 per le classi delle Scuole Primarie e Secondarie di I grado. Ogni attivit\u00e0 ha la\u00a0durata di 1 ora e 30 minuti. L\u2019ingresso al museo \u00e8","og_url":"https:\/\/www.msn.unipi.it\/it\/educazione\/scuola\/offerta-educativa\/laboratori-e-attivita-creative-e-manuali\/","og_site_name":"Museo di Storia Naturale dell&#039;Universit\u00e0 di Pisa","article_publisher":"https:\/\/www.facebook.com\/Museo-di-Storia-Naturale-Universit%c3%a0-di-Pisa-277794215612108\/","article_modified_time":"2023-07-25T08:19:55+00:00","og_image":[{"width":2048,"height":342,"url":"https:\/\/www.msn.unipi.it\/wp-content\/uploads\/2011\/04\/madreporaTG.jpg","type":"image\/jpeg"}],"twitter_card":"summary_large_image","twitter_site":"@msncalci","twitter_misc":{"Tempo di lettura stimato":"1 minuto"},"schema":{"@context":"https:\/\/schema.org","@graph":[{"@type":"WebPage","@id":"https:\/\/www.msn.unipi.it\/it\/educazione\/scuola\/offerta-educativa\/laboratori-e-attivita-creative-e-manuali\/","url":"https:\/\/www.msn.unipi.it\/it\/educazione\/scuola\/offerta-educativa\/laboratori-e-attivita-creative-e-manuali\/","name":"Laboratori e attivit\u00e0 creative e manuali - Museo di Storia Naturale dell&#039;Universit\u00e0 di Pisa","isPartOf":{"@id":"https:\/\/www.msn.unipi.it\/it\/#website"},"primaryImageOfPage":{"@id":"https:\/\/www.msn.unipi.it\/it\/educazione\/scuola\/offerta-educativa\/laboratori-e-attivita-creative-e-manuali\/#primaryimage"},"image":{"@id":"https:\/\/www.msn.unipi.it\/it\/educazione\/scuola\/offerta-educativa\/laboratori-e-attivita-creative-e-manuali\/#primaryimage"},"thumbnailUrl":"https:\/\/www.msn.unipi.it\/wp-content\/uploads\/2011\/04\/madreporaTG.jpg","datePublished":"2022-10-17T08:39:56+00:00","dateModified":"2023-07-25T08:19:55+00:00","description":"&nbsp; &nbsp; Attivit\u00e0 per le classi delle Scuole Primarie e Secondarie di I grado. Ogni attivit\u00e0 ha la\u00a0durata di 1 ora e 30 minuti. L\u2019ingresso al museo \u00e8","breadcrumb":{"@id":"https:\/\/www.msn.unipi.it\/it\/educazione\/scuola\/offerta-educativa\/laboratori-e-attivita-creative-e-manuali\/#breadcrumb"},"inLanguage":"it-IT","potentialAction":[{"@type":"ReadAction","target":["https:\/\/www.msn.unipi.it\/it\/educazione\/scuola\/offerta-educativa\/laboratori-e-attivita-creative-e-manuali\/"]}]},{"@type":"ImageObject","inLanguage":"it-IT","@id":"https:\/\/www.msn.unipi.it\/it\/educazione\/scuola\/offerta-educativa\/laboratori-e-attivita-creative-e-manuali\/#primaryimage","url":"https:\/\/www.msn.unipi.it\/wp-content\/uploads\/2011\/04\/madreporaTG.jpg","contentUrl":"https:\/\/www.msn.unipi.it\/wp-content\/uploads\/2011\/04\/madreporaTG.jpg","width":2048,"height":342},{"@type":"BreadcrumbList","@id":"https:\/\/www.msn.unipi.it\/it\/educazione\/scuola\/offerta-educativa\/laboratori-e-attivita-creative-e-manuali\/#breadcrumb","itemListElement":[{"@type":"ListItem","position":1,"name":"Home","item":"https:\/\/www.msn.unipi.it\/it\/"},{"@type":"ListItem","position":2,"name":"Educazione","item":"https:\/\/www.msn.unipi.it\/it\/educazione\/"},{"@type":"ListItem","position":3,"name":"Scuola","item":"https:\/\/www.msn.unipi.it\/it\/educazione\/scuola\/"},{"@type":"ListItem","position":4,"name":"Offerta educativa 2025-2026","item":"https:\/\/www.msn.unipi.it\/it\/educazione\/scuola\/offerta-educativa\/"},{"@type":"ListItem","position":5,"name":"Laboratori e attivit\u00e0 creative e manuali"}]},{"@type":"WebSite","@id":"https:\/\/www.msn.unipi.it\/it\/#website","url":"https:\/\/www.msn.unipi.it\/it\/","name":"Museo di Storia Naturale dell&#039;Universit\u00e0 di Pisa","description":"","publisher":{"@id":"https:\/\/www.msn.unipi.it\/it\/#organization"},"potentialAction":[{"@type":"SearchAction","target":{"@type":"EntryPoint","urlTemplate":"https:\/\/www.msn.unipi.it\/it\/?s={search_term_string}"},"query-input":{"@type":"PropertyValueSpecification","valueRequired":true,"valueName":"search_term_string"}}],"inLanguage":"it-IT"},{"@type":"Organization","@id":"https:\/\/www.msn.unipi.it\/it\/#organization","name":"Museo di Storia Naturale dell'Universit\u00e0 di Pisa","url":"https:\/\/www.msn.unipi.it\/it\/","logo":{"@type":"ImageObject","inLanguage":"it-IT","@id":"https:\/\/www.msn.unipi.it\/it\/#\/schema\/logo\/image\/","url":"https:\/\/www.msn.unipi.it\/wp-content\/uploads\/2016\/07\/footer-logo.png","contentUrl":"https:\/\/www.msn.unipi.it\/wp-content\/uploads\/2016\/07\/footer-logo.png","width":220,"height":95,"caption":"Museo di Storia Naturale dell'Universit\u00e0 di Pisa"},"image":{"@id":"https:\/\/www.msn.unipi.it\/it\/#\/schema\/logo\/image\/"},"sameAs":["https:\/\/www.facebook.com\/Museo-di-Storia-Naturale-Universit\u00e0-di-Pisa-277794215612108\/","https:\/\/x.com\/msncalci","https:\/\/www.instagram.com\/museostorianaturale_calci\/","https:\/\/www.youtube.com\/channel\/UCDaMBe_RegmdCnxLPmryMxw"]}]}},"jetpack_sharing_enabled":true,"_links":{"self":[{"href":"https:\/\/www.msn.unipi.it\/it\/wp-json\/wp\/v2\/pages\/25089","targetHints":{"allow":["GET"]}}],"collection":[{"href":"https:\/\/www.msn.unipi.it\/it\/wp-json\/wp\/v2\/pages"}],"about":[{"href":"https:\/\/www.msn.unipi.it\/it\/wp-json\/wp\/v2\/types\/page"}],"author":[{"embeddable":true,"href":"https:\/\/www.msn.unipi.it\/it\/wp-json\/wp\/v2\/users\/23"}],"replies":[{"embeddable":true,"href":"https:\/\/www.msn.unipi.it\/it\/wp-json\/wp\/v2\/comments?post=25089"}],"version-history":[{"count":7,"href":"https:\/\/www.msn.unipi.it\/it\/wp-json\/wp\/v2\/pages\/25089\/revisions"}],"predecessor-version":[{"id":27641,"href":"https:\/\/www.msn.unipi.it\/it\/wp-json\/wp\/v2\/pages\/25089\/revisions\/27641"}],"up":[{"embeddable":true,"href":"https:\/\/www.msn.unipi.it\/it\/wp-json\/wp\/v2\/pages\/16083"}],"wp:featuredmedia":[{"embeddable":true,"href":"https:\/\/www.msn.unipi.it\/it\/wp-json\/wp\/v2\/media\/7525"}],"wp:attachment":[{"href":"https:\/\/www.msn.unipi.it\/it\/wp-json\/wp\/v2\/media?parent=25089"}],"curies":[{"name":"wp","href":"https:\/\/api.w.org\/{rel}","templated":true}]}}