{"id":25265,"date":"2022-11-07T15:42:29","date_gmt":"2022-11-07T14:42:29","guid":{"rendered":"https:\/\/www.msn.unipi.it\/?page_id=25265"},"modified":"2022-11-08T14:43:20","modified_gmt":"2022-11-08T13:43:20","slug":"un-corpo-per-vivere","status":"publish","type":"page","link":"https:\/\/www.msn.unipi.it\/it\/attivita-docenti\/un-corpo-per-vivere\/","title":{"rendered":"Un corpo per vivere"},"content":{"rendered":"<p>Incontro di formazione e aggiornamento gratuito per insegnanti curato da <strong>Maria Arc\u00e0<\/strong> con presentazione del suo libro <em>\u201cInsegnare Biologia\u201d<\/em> e laboratorio dedicato agli arti e alle articolazioni.<\/p>\n<p><strong>Maria Arc\u00e0<\/strong> &#8211; Biologa, ha svolto ricerche in Biologia Molecolare presso l\u2019Universit\u00e0 e al CNR di Roma. Dagli anni \u201970 si interessa di problemi cognitivi ed epistemologici dei bambini e degli adolescenti nella scuola di base, a questo scopo collabora con vari Dipartimenti Universitari di Scienze dell\u2019Educazione a Roma, Milano, Torino e con l\u2019ANSAS e svolge attivit\u00e0 di aggiornamento e formazione a lungo termine rivolte ad insegnanti presso diversi Circoli Didattici ed Enti Locali in molte province d\u2019Italia. \u00c8 membro del Consiglio Scientifico di Legambiente-scuola, del Comit\u00e9 de lecture della rivista ASTER (INRP &#8211; Parigi) e del Consiglio scientifico della rivista \u00c9cole Vald\u00f4taine. Ha tenuto rubriche mensili sulla rivista L\u2019Educatore (Ed. Fabbri, Mi), Insegnare (Ed. Riuniti, Roma) e collabora con Naturalmente.<\/p>\n<p>&nbsp;<\/p>\n<p><a href=\"https:\/\/www.msn.unipi.it\/wp-content\/uploads\/2022\/11\/Insegnare-biologia-copertina.jpg\" data-lbwps-width=\"1399\" data-lbwps-height=\"2000\" data-lbwps-srcsmall=\"https:\/\/www.msn.unipi.it\/wp-content\/uploads\/2022\/11\/Insegnare-biologia-copertina-315x450.jpg\"><img loading=\"lazy\" decoding=\"async\" class=\"size-medium wp-image-25266 alignleft\" src=\"https:\/\/www.msn.unipi.it\/wp-content\/uploads\/2022\/11\/Insegnare-biologia-copertina-315x450.jpg\" alt=\"\" width=\"315\" height=\"450\" srcset=\"https:\/\/www.msn.unipi.it\/wp-content\/uploads\/2022\/11\/Insegnare-biologia-copertina-315x450.jpg 315w, https:\/\/www.msn.unipi.it\/wp-content\/uploads\/2022\/11\/Insegnare-biologia-copertina-560x800.jpg 560w, https:\/\/www.msn.unipi.it\/wp-content\/uploads\/2022\/11\/Insegnare-biologia-copertina-768x1098.jpg 768w, https:\/\/www.msn.unipi.it\/wp-content\/uploads\/2022\/11\/Insegnare-biologia-copertina-1074x1536.jpg 1074w, https:\/\/www.msn.unipi.it\/wp-content\/uploads\/2022\/11\/Insegnare-biologia-copertina.jpg 1399w\" sizes=\"auto, (max-width: 315px) 100vw, 315px\" \/><\/a><\/p>\n<p><em><strong>Insegnare Biologia<\/strong><\/em> &#8211; 160 pagine con molte illustrazioni di Lucia Arc\u00e0 e di bambini della scuola elementare. <a href=\"https:\/\/www.edizioniets.com\/scheda.asp?n=9788846743336\">https:\/\/www.edizioniets.com\/scheda.asp?n=9788846743336<\/a><\/p>\n<p>Molto di quanto la scienza ha compreso sui processi della vita e sugli organismi viventi viene comunemente divulgato dai media e fa ormai parte della cultura di tutti: stimolati da informazioni, osservazioni e curiosit\u00e0 anche i bambini si pongono (talvolta) nuove domande e chiedono aiuto per approfondire e capire individualmente quello che pi\u00f9 hanno a cuore. A volte, il gioco delle domande e delle risposte si svolge su piani abbastanza superficiali e spesso neppure gli insegnanti sanno \u201cricucire\u201d in un discorso organico gli episodi che hanno attirato l\u2019attenzione dei bambini.<br \/>\nPer affrontare cognitivamente la dimensione biologica, infatti, bisogna saper pensare la vita come fenomeno complesso, padroneggiando strutture di concetti e modi di capire che della complessit\u00e0 tengano conto. Pu\u00f2 sembrare strano ma, per imparare e insegnare biologia di base, \u00e8 indispensabile saper guardare il mondo dei viventi secondo i criteri della cultura biologica pi\u00f9 avanzata e ci vuole del tempo per abituarsi a pensare coerentemente le cose in modo non tradizionale. Nella loro formazione, quindi, gli insegnanti devono poter mettere in evidenza questi criteri ed acquisirli criticamente a livello non specialistico, per poi trasmetterli culturalmente ai ragazzi. Soprattutto, devono volersi impegnare in questo, ponendosi obiettivi definiti e realistici sia per la propria professionalit\u00e0 sia per le competenze che i ragazzi dovranno acquisire.<\/p>\n<p>&nbsp;<\/p>\n<p>Presentazione a cura di Maria Arc\u00e0: <strong><a href=\"https:\/\/www.msn.unipi.it\/wp-content\/uploads\/2022\/11\/LA-VOGLIA-DI-CAMBIARE.pdf\" target=\"_blank\" rel=\"noopener\">La voglia di cambiare<\/a><\/strong><\/p>\n<p>&nbsp;<\/p>\n<p>&nbsp;<\/p>\n","protected":false},"excerpt":{"rendered":"<p>Incontro di formazione e aggiornamento gratuito per insegnanti curato da Maria Arc\u00e0 con presentazione del suo libro \u201cInsegnare Biologia\u201d e laboratorio dedicato agli arti e alle articolazioni. Maria Arc\u00e0 &#8211; Biologa, ha svolto ricerche in Biologia Molecolare presso l\u2019Universit\u00e0 e al CNR di Roma. Dagli anni \u201970 si interessa di problemi cognitivi ed epistemologici dei&nbsp; <a href=\"https:\/\/www.msn.unipi.it\/it\/attivita-docenti\/un-corpo-per-vivere\/\">&hellip;  <i class=\"fa fa-chevron-right\"><\/i><\/a><\/p>\n","protected":false},"author":7,"featured_media":7525,"parent":6109,"menu_order":0,"comment_status":"closed","ping_status":"closed","template":"","meta":{"footnotes":""},"class_list":["post-25265","page","type-page","status-publish","has-post-thumbnail","hentry"],"yoast_head":"<!-- This site is optimized with the Yoast SEO plugin v26.8 - https:\/\/yoast.com\/product\/yoast-seo-wordpress\/ -->\n<title>Un corpo per vivere - Museo di Storia Naturale dell&#039;Universit\u00e0 di Pisa<\/title>\n<meta name=\"description\" content=\"Incontro di formazione e aggiornamento gratuito per insegnanti curato da Maria Arc\u00e0 con presentazione del suo libro \u201cInsegnare Biologia\u201d e laboratorio\" \/>\n<meta name=\"robots\" content=\"index, follow, max-snippet:-1, max-image-preview:large, max-video-preview:-1\" \/>\n<link rel=\"canonical\" href=\"https:\/\/www.msn.unipi.it\/it\/attivita-docenti\/un-corpo-per-vivere\/\" \/>\n<meta property=\"og:locale\" content=\"it_IT\" \/>\n<meta property=\"og:type\" content=\"article\" \/>\n<meta property=\"og:title\" content=\"Un corpo per vivere - Museo di Storia Naturale dell&#039;Universit\u00e0 di Pisa\" \/>\n<meta property=\"og:description\" content=\"Incontro di formazione e aggiornamento gratuito per insegnanti curato da Maria Arc\u00e0 con presentazione del suo libro \u201cInsegnare Biologia\u201d e laboratorio\" \/>\n<meta property=\"og:url\" content=\"https:\/\/www.msn.unipi.it\/it\/attivita-docenti\/un-corpo-per-vivere\/\" \/>\n<meta property=\"og:site_name\" content=\"Museo di Storia Naturale dell&#039;Universit\u00e0 di Pisa\" \/>\n<meta property=\"article:publisher\" content=\"https:\/\/www.facebook.com\/Museo-di-Storia-Naturale-Universit%c3%a0-di-Pisa-277794215612108\/\" \/>\n<meta property=\"article:modified_time\" content=\"2022-11-08T13:43:20+00:00\" \/>\n<meta property=\"og:image\" content=\"https:\/\/www.msn.unipi.it\/wp-content\/uploads\/2011\/04\/madreporaTG.jpg\" \/>\n\t<meta property=\"og:image:width\" content=\"2048\" \/>\n\t<meta property=\"og:image:height\" content=\"342\" \/>\n\t<meta property=\"og:image:type\" content=\"image\/jpeg\" \/>\n<meta name=\"twitter:card\" content=\"summary_large_image\" \/>\n<meta name=\"twitter:site\" content=\"@msncalci\" \/>\n<meta name=\"twitter:label1\" content=\"Tempo di lettura stimato\" \/>\n\t<meta name=\"twitter:data1\" content=\"3 minuti\" \/>\n<script type=\"application\/ld+json\" class=\"yoast-schema-graph\">{\"@context\":\"https:\/\/schema.org\",\"@graph\":[{\"@type\":\"WebPage\",\"@id\":\"https:\/\/www.msn.unipi.it\/it\/attivita-docenti\/un-corpo-per-vivere\/\",\"url\":\"https:\/\/www.msn.unipi.it\/it\/attivita-docenti\/un-corpo-per-vivere\/\",\"name\":\"Un corpo per vivere - Museo di Storia Naturale dell&#039;Universit\u00e0 di Pisa\",\"isPartOf\":{\"@id\":\"https:\/\/www.msn.unipi.it\/it\/#website\"},\"primaryImageOfPage\":{\"@id\":\"https:\/\/www.msn.unipi.it\/it\/attivita-docenti\/un-corpo-per-vivere\/#primaryimage\"},\"image\":{\"@id\":\"https:\/\/www.msn.unipi.it\/it\/attivita-docenti\/un-corpo-per-vivere\/#primaryimage\"},\"thumbnailUrl\":\"https:\/\/www.msn.unipi.it\/wp-content\/uploads\/2011\/04\/madreporaTG.jpg\",\"datePublished\":\"2022-11-07T14:42:29+00:00\",\"dateModified\":\"2022-11-08T13:43:20+00:00\",\"description\":\"Incontro di formazione e aggiornamento gratuito per insegnanti curato da Maria Arc\u00e0 con presentazione del suo libro \u201cInsegnare Biologia\u201d e laboratorio\",\"breadcrumb\":{\"@id\":\"https:\/\/www.msn.unipi.it\/it\/attivita-docenti\/un-corpo-per-vivere\/#breadcrumb\"},\"inLanguage\":\"it-IT\",\"potentialAction\":[{\"@type\":\"ReadAction\",\"target\":[\"https:\/\/www.msn.unipi.it\/it\/attivita-docenti\/un-corpo-per-vivere\/\"]}]},{\"@type\":\"ImageObject\",\"inLanguage\":\"it-IT\",\"@id\":\"https:\/\/www.msn.unipi.it\/it\/attivita-docenti\/un-corpo-per-vivere\/#primaryimage\",\"url\":\"https:\/\/www.msn.unipi.it\/wp-content\/uploads\/2011\/04\/madreporaTG.jpg\",\"contentUrl\":\"https:\/\/www.msn.unipi.it\/wp-content\/uploads\/2011\/04\/madreporaTG.jpg\",\"width\":2048,\"height\":342},{\"@type\":\"BreadcrumbList\",\"@id\":\"https:\/\/www.msn.unipi.it\/it\/attivita-docenti\/un-corpo-per-vivere\/#breadcrumb\",\"itemListElement\":[{\"@type\":\"ListItem\",\"position\":1,\"name\":\"Home\",\"item\":\"https:\/\/www.msn.unipi.it\/it\/\"},{\"@type\":\"ListItem\",\"position\":2,\"name\":\"Archivio formazione insegnanti\",\"item\":\"https:\/\/www.msn.unipi.it\/it\/attivita-docenti\/\"},{\"@type\":\"ListItem\",\"position\":3,\"name\":\"Un corpo per vivere\"}]},{\"@type\":\"WebSite\",\"@id\":\"https:\/\/www.msn.unipi.it\/it\/#website\",\"url\":\"https:\/\/www.msn.unipi.it\/it\/\",\"name\":\"Museo di Storia Naturale dell&#039;Universit\u00e0 di Pisa\",\"description\":\"\",\"publisher\":{\"@id\":\"https:\/\/www.msn.unipi.it\/it\/#organization\"},\"potentialAction\":[{\"@type\":\"SearchAction\",\"target\":{\"@type\":\"EntryPoint\",\"urlTemplate\":\"https:\/\/www.msn.unipi.it\/it\/?s={search_term_string}\"},\"query-input\":{\"@type\":\"PropertyValueSpecification\",\"valueRequired\":true,\"valueName\":\"search_term_string\"}}],\"inLanguage\":\"it-IT\"},{\"@type\":\"Organization\",\"@id\":\"https:\/\/www.msn.unipi.it\/it\/#organization\",\"name\":\"Museo di Storia Naturale dell'Universit\u00e0 di Pisa\",\"url\":\"https:\/\/www.msn.unipi.it\/it\/\",\"logo\":{\"@type\":\"ImageObject\",\"inLanguage\":\"it-IT\",\"@id\":\"https:\/\/www.msn.unipi.it\/it\/#\/schema\/logo\/image\/\",\"url\":\"https:\/\/www.msn.unipi.it\/wp-content\/uploads\/2016\/07\/footer-logo.png\",\"contentUrl\":\"https:\/\/www.msn.unipi.it\/wp-content\/uploads\/2016\/07\/footer-logo.png\",\"width\":220,\"height\":95,\"caption\":\"Museo di Storia Naturale dell'Universit\u00e0 di Pisa\"},\"image\":{\"@id\":\"https:\/\/www.msn.unipi.it\/it\/#\/schema\/logo\/image\/\"},\"sameAs\":[\"https:\/\/www.facebook.com\/Museo-di-Storia-Naturale-Universit\u00e0-di-Pisa-277794215612108\/\",\"https:\/\/x.com\/msncalci\",\"https:\/\/www.instagram.com\/museostorianaturale_calci\/\",\"https:\/\/www.youtube.com\/channel\/UCDaMBe_RegmdCnxLPmryMxw\"]}]}<\/script>\n<!-- \/ Yoast SEO plugin. -->","yoast_head_json":{"title":"Un corpo per vivere - Museo di Storia Naturale dell&#039;Universit\u00e0 di Pisa","description":"Incontro di formazione e aggiornamento gratuito per insegnanti curato da Maria Arc\u00e0 con presentazione del suo libro \u201cInsegnare Biologia\u201d e laboratorio","robots":{"index":"index","follow":"follow","max-snippet":"max-snippet:-1","max-image-preview":"max-image-preview:large","max-video-preview":"max-video-preview:-1"},"canonical":"https:\/\/www.msn.unipi.it\/it\/attivita-docenti\/un-corpo-per-vivere\/","og_locale":"it_IT","og_type":"article","og_title":"Un corpo per vivere - Museo di Storia Naturale dell&#039;Universit\u00e0 di Pisa","og_description":"Incontro di formazione e aggiornamento gratuito per insegnanti curato da Maria Arc\u00e0 con presentazione del suo libro \u201cInsegnare Biologia\u201d e laboratorio","og_url":"https:\/\/www.msn.unipi.it\/it\/attivita-docenti\/un-corpo-per-vivere\/","og_site_name":"Museo di Storia Naturale dell&#039;Universit\u00e0 di Pisa","article_publisher":"https:\/\/www.facebook.com\/Museo-di-Storia-Naturale-Universit%c3%a0-di-Pisa-277794215612108\/","article_modified_time":"2022-11-08T13:43:20+00:00","og_image":[{"width":2048,"height":342,"url":"https:\/\/www.msn.unipi.it\/wp-content\/uploads\/2011\/04\/madreporaTG.jpg","type":"image\/jpeg"}],"twitter_card":"summary_large_image","twitter_site":"@msncalci","twitter_misc":{"Tempo di lettura stimato":"3 minuti"},"schema":{"@context":"https:\/\/schema.org","@graph":[{"@type":"WebPage","@id":"https:\/\/www.msn.unipi.it\/it\/attivita-docenti\/un-corpo-per-vivere\/","url":"https:\/\/www.msn.unipi.it\/it\/attivita-docenti\/un-corpo-per-vivere\/","name":"Un corpo per vivere - Museo di Storia Naturale dell&#039;Universit\u00e0 di Pisa","isPartOf":{"@id":"https:\/\/www.msn.unipi.it\/it\/#website"},"primaryImageOfPage":{"@id":"https:\/\/www.msn.unipi.it\/it\/attivita-docenti\/un-corpo-per-vivere\/#primaryimage"},"image":{"@id":"https:\/\/www.msn.unipi.it\/it\/attivita-docenti\/un-corpo-per-vivere\/#primaryimage"},"thumbnailUrl":"https:\/\/www.msn.unipi.it\/wp-content\/uploads\/2011\/04\/madreporaTG.jpg","datePublished":"2022-11-07T14:42:29+00:00","dateModified":"2022-11-08T13:43:20+00:00","description":"Incontro di formazione e aggiornamento gratuito per insegnanti curato da Maria Arc\u00e0 con presentazione del suo libro \u201cInsegnare Biologia\u201d e laboratorio","breadcrumb":{"@id":"https:\/\/www.msn.unipi.it\/it\/attivita-docenti\/un-corpo-per-vivere\/#breadcrumb"},"inLanguage":"it-IT","potentialAction":[{"@type":"ReadAction","target":["https:\/\/www.msn.unipi.it\/it\/attivita-docenti\/un-corpo-per-vivere\/"]}]},{"@type":"ImageObject","inLanguage":"it-IT","@id":"https:\/\/www.msn.unipi.it\/it\/attivita-docenti\/un-corpo-per-vivere\/#primaryimage","url":"https:\/\/www.msn.unipi.it\/wp-content\/uploads\/2011\/04\/madreporaTG.jpg","contentUrl":"https:\/\/www.msn.unipi.it\/wp-content\/uploads\/2011\/04\/madreporaTG.jpg","width":2048,"height":342},{"@type":"BreadcrumbList","@id":"https:\/\/www.msn.unipi.it\/it\/attivita-docenti\/un-corpo-per-vivere\/#breadcrumb","itemListElement":[{"@type":"ListItem","position":1,"name":"Home","item":"https:\/\/www.msn.unipi.it\/it\/"},{"@type":"ListItem","position":2,"name":"Archivio formazione insegnanti","item":"https:\/\/www.msn.unipi.it\/it\/attivita-docenti\/"},{"@type":"ListItem","position":3,"name":"Un corpo per vivere"}]},{"@type":"WebSite","@id":"https:\/\/www.msn.unipi.it\/it\/#website","url":"https:\/\/www.msn.unipi.it\/it\/","name":"Museo di Storia Naturale dell&#039;Universit\u00e0 di Pisa","description":"","publisher":{"@id":"https:\/\/www.msn.unipi.it\/it\/#organization"},"potentialAction":[{"@type":"SearchAction","target":{"@type":"EntryPoint","urlTemplate":"https:\/\/www.msn.unipi.it\/it\/?s={search_term_string}"},"query-input":{"@type":"PropertyValueSpecification","valueRequired":true,"valueName":"search_term_string"}}],"inLanguage":"it-IT"},{"@type":"Organization","@id":"https:\/\/www.msn.unipi.it\/it\/#organization","name":"Museo di Storia Naturale dell'Universit\u00e0 di Pisa","url":"https:\/\/www.msn.unipi.it\/it\/","logo":{"@type":"ImageObject","inLanguage":"it-IT","@id":"https:\/\/www.msn.unipi.it\/it\/#\/schema\/logo\/image\/","url":"https:\/\/www.msn.unipi.it\/wp-content\/uploads\/2016\/07\/footer-logo.png","contentUrl":"https:\/\/www.msn.unipi.it\/wp-content\/uploads\/2016\/07\/footer-logo.png","width":220,"height":95,"caption":"Museo di Storia Naturale dell'Universit\u00e0 di Pisa"},"image":{"@id":"https:\/\/www.msn.unipi.it\/it\/#\/schema\/logo\/image\/"},"sameAs":["https:\/\/www.facebook.com\/Museo-di-Storia-Naturale-Universit\u00e0-di-Pisa-277794215612108\/","https:\/\/x.com\/msncalci","https:\/\/www.instagram.com\/museostorianaturale_calci\/","https:\/\/www.youtube.com\/channel\/UCDaMBe_RegmdCnxLPmryMxw"]}]}},"jetpack_sharing_enabled":true,"_links":{"self":[{"href":"https:\/\/www.msn.unipi.it\/it\/wp-json\/wp\/v2\/pages\/25265","targetHints":{"allow":["GET"]}}],"collection":[{"href":"https:\/\/www.msn.unipi.it\/it\/wp-json\/wp\/v2\/pages"}],"about":[{"href":"https:\/\/www.msn.unipi.it\/it\/wp-json\/wp\/v2\/types\/page"}],"author":[{"embeddable":true,"href":"https:\/\/www.msn.unipi.it\/it\/wp-json\/wp\/v2\/users\/7"}],"replies":[{"embeddable":true,"href":"https:\/\/www.msn.unipi.it\/it\/wp-json\/wp\/v2\/comments?post=25265"}],"version-history":[{"count":4,"href":"https:\/\/www.msn.unipi.it\/it\/wp-json\/wp\/v2\/pages\/25265\/revisions"}],"predecessor-version":[{"id":25549,"href":"https:\/\/www.msn.unipi.it\/it\/wp-json\/wp\/v2\/pages\/25265\/revisions\/25549"}],"up":[{"embeddable":true,"href":"https:\/\/www.msn.unipi.it\/it\/wp-json\/wp\/v2\/pages\/6109"}],"wp:featuredmedia":[{"embeddable":true,"href":"https:\/\/www.msn.unipi.it\/it\/wp-json\/wp\/v2\/media\/7525"}],"wp:attachment":[{"href":"https:\/\/www.msn.unipi.it\/it\/wp-json\/wp\/v2\/media?parent=25265"}],"curies":[{"name":"wp","href":"https:\/\/api.w.org\/{rel}","templated":true}]}}