{"id":25531,"date":"2022-11-08T13:04:48","date_gmt":"2022-11-08T12:04:48","guid":{"rendered":"https:\/\/www.msn.unipi.it\/?page_id=25531"},"modified":"2022-11-10T14:14:05","modified_gmt":"2022-11-10T13:14:05","slug":"ii-scuola-estiva-le-scienze-il-museo-e-la-scuola-video-vulcanologia","status":"publish","type":"page","link":"https:\/\/www.msn.unipi.it\/it\/attivita-docenti\/ii-scuola-estiva-le-scienze-il-museo-e-la-scuola\/ii-scuola-estiva-le-scienze-il-museo-e-la-scuola-video-vulcanologia\/","title":{"rendered":"II scuola estiva \u2013 Le scienze, il museo e la scuola &#8211; Video vulcanologia"},"content":{"rendered":"<h3 style=\"text-align: center;\"><\/h3>\n<h3 style=\"text-align: center;\">Attivit\u00e0 vulcaniche<\/h3>\n<p><iframe loading=\"lazy\" title=\"Calbuco Chile 2015   eruzione pliniana\" width=\"847\" height=\"476\" src=\"https:\/\/www.youtube.com\/embed\/LIvh4cwwhUE?feature=oembed\" frameborder=\"0\" allow=\"accelerometer; autoplay; clipboard-write; encrypted-media; gyroscope; picture-in-picture; web-share\" referrerpolicy=\"strict-origin-when-cross-origin\" allowfullscreen><\/iframe><\/p>\n<h3 style=\"text-align: center;\"><\/h3>\n<p>&nbsp;<\/p>\n<p><iframe loading=\"lazy\" title=\"Etna   eruzione effusiva\" width=\"847\" height=\"476\" src=\"https:\/\/www.youtube.com\/embed\/ONrC2tshUtU?feature=oembed\" frameborder=\"0\" allow=\"accelerometer; autoplay; clipboard-write; encrypted-media; gyroscope; picture-in-picture; web-share\" referrerpolicy=\"strict-origin-when-cross-origin\" allowfullscreen><\/iframe><\/p>\n<p><iframe loading=\"lazy\" title=\"kamoamoa Hawaii\" width=\"847\" height=\"635\" src=\"https:\/\/www.youtube.com\/embed\/E6_l0xy0ypw?feature=oembed\" frameborder=\"0\" allow=\"accelerometer; autoplay; clipboard-write; encrypted-media; gyroscope; picture-in-picture; web-share\" referrerpolicy=\"strict-origin-when-cross-origin\" allowfullscreen><\/iframe><\/p>\n<p><iframe loading=\"lazy\" title=\"kilauea iki\" width=\"847\" height=\"635\" src=\"https:\/\/www.youtube.com\/embed\/oemlZXBEW-o?feature=oembed\" frameborder=\"0\" allow=\"accelerometer; autoplay; clipboard-write; encrypted-media; gyroscope; picture-in-picture; web-share\" referrerpolicy=\"strict-origin-when-cross-origin\" allowfullscreen><\/iframe><\/p>\n<p><iframe loading=\"lazy\" title=\"mauna loa 1984\" width=\"847\" height=\"635\" src=\"https:\/\/www.youtube.com\/embed\/9BttcJcc8CU?feature=oembed\" frameborder=\"0\" allow=\"accelerometer; autoplay; clipboard-write; encrypted-media; gyroscope; picture-in-picture; web-share\" referrerpolicy=\"strict-origin-when-cross-origin\" allowfullscreen><\/iframe><\/p>\n<p><iframe loading=\"lazy\" title=\"Sakurajima\" width=\"847\" height=\"476\" src=\"https:\/\/www.youtube.com\/embed\/q_p4USBw_0Y?feature=oembed\" frameborder=\"0\" allow=\"accelerometer; autoplay; clipboard-write; encrypted-media; gyroscope; picture-in-picture; web-share\" referrerpolicy=\"strict-origin-when-cross-origin\" allowfullscreen><\/iframe><\/p>\n<p><iframe loading=\"lazy\" title=\"Time lapse images of Mount St  Helens dome growth 2004 2008\" width=\"847\" height=\"476\" src=\"https:\/\/www.youtube.com\/embed\/I8giRoirCGc?feature=oembed\" frameborder=\"0\" allow=\"accelerometer; autoplay; clipboard-write; encrypted-media; gyroscope; picture-in-picture; web-share\" referrerpolicy=\"strict-origin-when-cross-origin\" allowfullscreen><\/iframe><\/p>\n<p>&nbsp;<\/p>\n<p><iframe loading=\"lazy\" title=\"unzen\" width=\"847\" height=\"635\" src=\"https:\/\/www.youtube.com\/embed\/z5v4c1gO928?feature=oembed\" frameborder=\"0\" allow=\"accelerometer; autoplay; clipboard-write; encrypted-media; gyroscope; picture-in-picture; web-share\" referrerpolicy=\"strict-origin-when-cross-origin\" allowfullscreen><\/iframe><\/p>\n<p><iframe loading=\"lazy\" title=\"Vulcano Batu Tara in Indonesia  flusso piroclastico\" width=\"847\" height=\"476\" src=\"https:\/\/www.youtube.com\/embed\/twshQID2a9Q?feature=oembed\" frameborder=\"0\" allow=\"accelerometer; autoplay; clipboard-write; encrypted-media; gyroscope; picture-in-picture; web-share\" referrerpolicy=\"strict-origin-when-cross-origin\" allowfullscreen><\/iframe><\/p>\n<p><iframe loading=\"lazy\" title=\"Vulcano Yasur   eruzione stromboliana\" width=\"847\" height=\"635\" src=\"https:\/\/www.youtube.com\/embed\/kEholjLurgY?feature=oembed\" frameborder=\"0\" allow=\"accelerometer; autoplay; clipboard-write; encrypted-media; gyroscope; picture-in-picture; web-share\" referrerpolicy=\"strict-origin-when-cross-origin\" allowfullscreen><\/iframe><\/p>\n<p>&nbsp;<\/p>\n<h3 style=\"text-align: center;\">Laboratori dedicati alle attivit\u00e0 vulcaniche<\/h3>\n<p>&nbsp;<\/p>\n<p><iframe loading=\"lazy\" title=\"Acqua gassata\" width=\"847\" height=\"635\" src=\"https:\/\/www.youtube.com\/embed\/9880Ge2pWh4?feature=oembed\" frameborder=\"0\" allow=\"accelerometer; autoplay; clipboard-write; encrypted-media; gyroscope; picture-in-picture; web-share\" referrerpolicy=\"strict-origin-when-cross-origin\" allowfullscreen><\/iframe><\/p>\n<p><iframe loading=\"lazy\" title=\"Baking soda and vinegar volcano (FAIL)\" width=\"847\" height=\"476\" src=\"https:\/\/www.youtube.com\/embed\/VRoYCpjMPyk?feature=oembed\" frameborder=\"0\" allow=\"accelerometer; autoplay; clipboard-write; encrypted-media; gyroscope; picture-in-picture; web-share\" referrerpolicy=\"strict-origin-when-cross-origin\" allowfullscreen><\/iframe><\/p>\n<p><iframe loading=\"lazy\" title=\"Bolle viscose\" width=\"847\" height=\"635\" src=\"https:\/\/www.youtube.com\/embed\/4M4_dWz8e4E?feature=oembed\" frameborder=\"0\" allow=\"accelerometer; autoplay; clipboard-write; encrypted-media; gyroscope; picture-in-picture; web-share\" referrerpolicy=\"strict-origin-when-cross-origin\" allowfullscreen><\/iframe><\/p>\n<p><iframe loading=\"lazy\" title=\"Bolle nell&#039;acqua\" width=\"847\" height=\"635\" src=\"https:\/\/www.youtube.com\/embed\/ie73krige8A?feature=oembed\" frameborder=\"0\" allow=\"accelerometer; autoplay; clipboard-write; encrypted-media; gyroscope; picture-in-picture; web-share\" referrerpolicy=\"strict-origin-when-cross-origin\" allowfullscreen><\/iframe><\/p>\n<p><iframe loading=\"lazy\" title=\"Coca cola e mentos\" width=\"847\" height=\"476\" src=\"https:\/\/www.youtube.com\/embed\/LQjrchXuYGk?feature=oembed\" frameborder=\"0\" allow=\"accelerometer; autoplay; clipboard-write; encrypted-media; gyroscope; picture-in-picture; web-share\" referrerpolicy=\"strict-origin-when-cross-origin\" allowfullscreen><\/iframe><\/p>\n<p><iframe loading=\"lazy\" title=\"Lava Lamp\" width=\"847\" height=\"635\" src=\"https:\/\/www.youtube.com\/embed\/xo63P9beh-U?feature=oembed\" frameborder=\"0\" allow=\"accelerometer; autoplay; clipboard-write; encrypted-media; gyroscope; picture-in-picture; web-share\" referrerpolicy=\"strict-origin-when-cross-origin\" allowfullscreen><\/iframe><\/p>\n<p><iframe loading=\"lazy\" title=\"Viscosit\u00e0 di materiali diversi\" width=\"847\" height=\"635\" src=\"https:\/\/www.youtube.com\/embed\/c3xQu4Hkiwc?feature=oembed\" frameborder=\"0\" allow=\"accelerometer; autoplay; clipboard-write; encrypted-media; gyroscope; picture-in-picture; web-share\" referrerpolicy=\"strict-origin-when-cross-origin\" allowfullscreen><\/iframe><\/p>\n<p><iframe loading=\"lazy\" title=\"Viscosit\u00e0 e bolle\" width=\"847\" height=\"476\" src=\"https:\/\/www.youtube.com\/embed\/J9qOdEFdTrA?feature=oembed\" frameborder=\"0\" allow=\"accelerometer; autoplay; clipboard-write; encrypted-media; gyroscope; picture-in-picture; web-share\" referrerpolicy=\"strict-origin-when-cross-origin\" allowfullscreen><\/iframe><\/p>\n","protected":false},"excerpt":{"rendered":"<p>Attivit\u00e0 vulcaniche &nbsp; &nbsp; &nbsp; Laboratori dedicati alle attivit\u00e0 vulcaniche &nbsp;<\/p>\n","protected":false},"author":7,"featured_media":7525,"parent":25502,"menu_order":0,"comment_status":"closed","ping_status":"closed","template":"","meta":{"footnotes":""},"class_list":["post-25531","page","type-page","status-publish","has-post-thumbnail","hentry"],"yoast_head":"<!-- This site is optimized with the Yoast SEO plugin v26.8 - https:\/\/yoast.com\/product\/yoast-seo-wordpress\/ -->\n<title>II scuola estiva \u2013 Le scienze, il museo e la scuola - Video vulcanologia - Museo di Storia Naturale dell&#039;Universit\u00e0 di Pisa<\/title>\n<meta name=\"description\" content=\"Attivit\u00e0 vulcaniche   &nbsp;              &nbsp;        &nbsp; Laboratori dedicati alle attivit\u00e0 vulcaniche &nbsp;\" \/>\n<meta name=\"robots\" content=\"index, follow, max-snippet:-1, max-image-preview:large, max-video-preview:-1\" \/>\n<link rel=\"canonical\" href=\"https:\/\/www.msn.unipi.it\/it\/attivita-docenti\/ii-scuola-estiva-le-scienze-il-museo-e-la-scuola\/ii-scuola-estiva-le-scienze-il-museo-e-la-scuola-video-vulcanologia\/\" \/>\n<meta property=\"og:locale\" content=\"it_IT\" \/>\n<meta property=\"og:type\" content=\"article\" \/>\n<meta property=\"og:title\" content=\"II scuola estiva \u2013 Le scienze, il museo e la scuola - Video vulcanologia - Museo di Storia Naturale dell&#039;Universit\u00e0 di Pisa\" \/>\n<meta property=\"og:description\" content=\"Attivit\u00e0 vulcaniche   &nbsp;              &nbsp;        &nbsp; Laboratori dedicati alle attivit\u00e0 vulcaniche &nbsp;\" \/>\n<meta property=\"og:url\" content=\"https:\/\/www.msn.unipi.it\/it\/attivita-docenti\/ii-scuola-estiva-le-scienze-il-museo-e-la-scuola\/ii-scuola-estiva-le-scienze-il-museo-e-la-scuola-video-vulcanologia\/\" \/>\n<meta property=\"og:site_name\" content=\"Museo di Storia Naturale dell&#039;Universit\u00e0 di Pisa\" \/>\n<meta property=\"article:publisher\" content=\"https:\/\/www.facebook.com\/Museo-di-Storia-Naturale-Universit%c3%a0-di-Pisa-277794215612108\/\" \/>\n<meta property=\"article:modified_time\" content=\"2022-11-10T13:14:05+00:00\" \/>\n<meta property=\"og:image\" content=\"https:\/\/www.msn.unipi.it\/wp-content\/uploads\/2011\/04\/madreporaTG.jpg\" \/>\n\t<meta property=\"og:image:width\" content=\"2048\" \/>\n\t<meta property=\"og:image:height\" content=\"342\" \/>\n\t<meta property=\"og:image:type\" content=\"image\/jpeg\" \/>\n<meta name=\"twitter:card\" content=\"summary_large_image\" \/>\n<meta name=\"twitter:site\" content=\"@msncalci\" \/>\n<meta name=\"twitter:label1\" content=\"Tempo di lettura stimato\" \/>\n\t<meta name=\"twitter:data1\" content=\"1 minuto\" \/>\n<script type=\"application\/ld+json\" class=\"yoast-schema-graph\">{\"@context\":\"https:\/\/schema.org\",\"@graph\":[{\"@type\":\"WebPage\",\"@id\":\"https:\/\/www.msn.unipi.it\/it\/attivita-docenti\/ii-scuola-estiva-le-scienze-il-museo-e-la-scuola\/ii-scuola-estiva-le-scienze-il-museo-e-la-scuola-video-vulcanologia\/\",\"url\":\"https:\/\/www.msn.unipi.it\/it\/attivita-docenti\/ii-scuola-estiva-le-scienze-il-museo-e-la-scuola\/ii-scuola-estiva-le-scienze-il-museo-e-la-scuola-video-vulcanologia\/\",\"name\":\"II scuola estiva \u2013 Le scienze, il museo e la scuola - Video vulcanologia - Museo di Storia Naturale dell&#039;Universit\u00e0 di Pisa\",\"isPartOf\":{\"@id\":\"https:\/\/www.msn.unipi.it\/it\/#website\"},\"primaryImageOfPage\":{\"@id\":\"https:\/\/www.msn.unipi.it\/it\/attivita-docenti\/ii-scuola-estiva-le-scienze-il-museo-e-la-scuola\/ii-scuola-estiva-le-scienze-il-museo-e-la-scuola-video-vulcanologia\/#primaryimage\"},\"image\":{\"@id\":\"https:\/\/www.msn.unipi.it\/it\/attivita-docenti\/ii-scuola-estiva-le-scienze-il-museo-e-la-scuola\/ii-scuola-estiva-le-scienze-il-museo-e-la-scuola-video-vulcanologia\/#primaryimage\"},\"thumbnailUrl\":\"https:\/\/www.msn.unipi.it\/wp-content\/uploads\/2011\/04\/madreporaTG.jpg\",\"datePublished\":\"2022-11-08T12:04:48+00:00\",\"dateModified\":\"2022-11-10T13:14:05+00:00\",\"description\":\"Attivit\u00e0 vulcaniche &nbsp; &nbsp; &nbsp; Laboratori dedicati alle attivit\u00e0 vulcaniche &nbsp;\",\"breadcrumb\":{\"@id\":\"https:\/\/www.msn.unipi.it\/it\/attivita-docenti\/ii-scuola-estiva-le-scienze-il-museo-e-la-scuola\/ii-scuola-estiva-le-scienze-il-museo-e-la-scuola-video-vulcanologia\/#breadcrumb\"},\"inLanguage\":\"it-IT\",\"potentialAction\":[{\"@type\":\"ReadAction\",\"target\":[\"https:\/\/www.msn.unipi.it\/it\/attivita-docenti\/ii-scuola-estiva-le-scienze-il-museo-e-la-scuola\/ii-scuola-estiva-le-scienze-il-museo-e-la-scuola-video-vulcanologia\/\"]}]},{\"@type\":\"ImageObject\",\"inLanguage\":\"it-IT\",\"@id\":\"https:\/\/www.msn.unipi.it\/it\/attivita-docenti\/ii-scuola-estiva-le-scienze-il-museo-e-la-scuola\/ii-scuola-estiva-le-scienze-il-museo-e-la-scuola-video-vulcanologia\/#primaryimage\",\"url\":\"https:\/\/www.msn.unipi.it\/wp-content\/uploads\/2011\/04\/madreporaTG.jpg\",\"contentUrl\":\"https:\/\/www.msn.unipi.it\/wp-content\/uploads\/2011\/04\/madreporaTG.jpg\",\"width\":2048,\"height\":342},{\"@type\":\"BreadcrumbList\",\"@id\":\"https:\/\/www.msn.unipi.it\/it\/attivita-docenti\/ii-scuola-estiva-le-scienze-il-museo-e-la-scuola\/ii-scuola-estiva-le-scienze-il-museo-e-la-scuola-video-vulcanologia\/#breadcrumb\",\"itemListElement\":[{\"@type\":\"ListItem\",\"position\":1,\"name\":\"Home\",\"item\":\"https:\/\/www.msn.unipi.it\/it\/\"},{\"@type\":\"ListItem\",\"position\":2,\"name\":\"Archivio formazione insegnanti\",\"item\":\"https:\/\/www.msn.unipi.it\/it\/attivita-docenti\/\"},{\"@type\":\"ListItem\",\"position\":3,\"name\":\"II scuola estiva \u2013 Le scienze, il museo e la scuola\",\"item\":\"https:\/\/www.msn.unipi.it\/it\/attivita-docenti\/ii-scuola-estiva-le-scienze-il-museo-e-la-scuola\/\"},{\"@type\":\"ListItem\",\"position\":4,\"name\":\"II scuola estiva \u2013 Le scienze, il museo e la scuola &#8211; Video vulcanologia\"}]},{\"@type\":\"WebSite\",\"@id\":\"https:\/\/www.msn.unipi.it\/it\/#website\",\"url\":\"https:\/\/www.msn.unipi.it\/it\/\",\"name\":\"Museo di Storia Naturale dell&#039;Universit\u00e0 di Pisa\",\"description\":\"\",\"publisher\":{\"@id\":\"https:\/\/www.msn.unipi.it\/it\/#organization\"},\"potentialAction\":[{\"@type\":\"SearchAction\",\"target\":{\"@type\":\"EntryPoint\",\"urlTemplate\":\"https:\/\/www.msn.unipi.it\/it\/?s={search_term_string}\"},\"query-input\":{\"@type\":\"PropertyValueSpecification\",\"valueRequired\":true,\"valueName\":\"search_term_string\"}}],\"inLanguage\":\"it-IT\"},{\"@type\":\"Organization\",\"@id\":\"https:\/\/www.msn.unipi.it\/it\/#organization\",\"name\":\"Museo di Storia Naturale dell'Universit\u00e0 di Pisa\",\"url\":\"https:\/\/www.msn.unipi.it\/it\/\",\"logo\":{\"@type\":\"ImageObject\",\"inLanguage\":\"it-IT\",\"@id\":\"https:\/\/www.msn.unipi.it\/it\/#\/schema\/logo\/image\/\",\"url\":\"https:\/\/www.msn.unipi.it\/wp-content\/uploads\/2016\/07\/footer-logo.png\",\"contentUrl\":\"https:\/\/www.msn.unipi.it\/wp-content\/uploads\/2016\/07\/footer-logo.png\",\"width\":220,\"height\":95,\"caption\":\"Museo di Storia Naturale dell'Universit\u00e0 di Pisa\"},\"image\":{\"@id\":\"https:\/\/www.msn.unipi.it\/it\/#\/schema\/logo\/image\/\"},\"sameAs\":[\"https:\/\/www.facebook.com\/Museo-di-Storia-Naturale-Universit\u00e0-di-Pisa-277794215612108\/\",\"https:\/\/x.com\/msncalci\",\"https:\/\/www.instagram.com\/museostorianaturale_calci\/\",\"https:\/\/www.youtube.com\/channel\/UCDaMBe_RegmdCnxLPmryMxw\"]}]}<\/script>\n<!-- \/ Yoast SEO plugin. -->","yoast_head_json":{"title":"II scuola estiva \u2013 Le scienze, il museo e la scuola - Video vulcanologia - Museo di Storia Naturale dell&#039;Universit\u00e0 di Pisa","description":"Attivit\u00e0 vulcaniche   &nbsp;              &nbsp;        &nbsp; Laboratori dedicati alle attivit\u00e0 vulcaniche &nbsp;","robots":{"index":"index","follow":"follow","max-snippet":"max-snippet:-1","max-image-preview":"max-image-preview:large","max-video-preview":"max-video-preview:-1"},"canonical":"https:\/\/www.msn.unipi.it\/it\/attivita-docenti\/ii-scuola-estiva-le-scienze-il-museo-e-la-scuola\/ii-scuola-estiva-le-scienze-il-museo-e-la-scuola-video-vulcanologia\/","og_locale":"it_IT","og_type":"article","og_title":"II scuola estiva \u2013 Le scienze, il museo e la scuola - Video vulcanologia - Museo di Storia Naturale dell&#039;Universit\u00e0 di Pisa","og_description":"Attivit\u00e0 vulcaniche   &nbsp;              &nbsp;        &nbsp; Laboratori dedicati alle attivit\u00e0 vulcaniche &nbsp;","og_url":"https:\/\/www.msn.unipi.it\/it\/attivita-docenti\/ii-scuola-estiva-le-scienze-il-museo-e-la-scuola\/ii-scuola-estiva-le-scienze-il-museo-e-la-scuola-video-vulcanologia\/","og_site_name":"Museo di Storia Naturale dell&#039;Universit\u00e0 di Pisa","article_publisher":"https:\/\/www.facebook.com\/Museo-di-Storia-Naturale-Universit%c3%a0-di-Pisa-277794215612108\/","article_modified_time":"2022-11-10T13:14:05+00:00","og_image":[{"width":2048,"height":342,"url":"https:\/\/www.msn.unipi.it\/wp-content\/uploads\/2011\/04\/madreporaTG.jpg","type":"image\/jpeg"}],"twitter_card":"summary_large_image","twitter_site":"@msncalci","twitter_misc":{"Tempo di lettura stimato":"1 minuto"},"schema":{"@context":"https:\/\/schema.org","@graph":[{"@type":"WebPage","@id":"https:\/\/www.msn.unipi.it\/it\/attivita-docenti\/ii-scuola-estiva-le-scienze-il-museo-e-la-scuola\/ii-scuola-estiva-le-scienze-il-museo-e-la-scuola-video-vulcanologia\/","url":"https:\/\/www.msn.unipi.it\/it\/attivita-docenti\/ii-scuola-estiva-le-scienze-il-museo-e-la-scuola\/ii-scuola-estiva-le-scienze-il-museo-e-la-scuola-video-vulcanologia\/","name":"II scuola estiva \u2013 Le scienze, il museo e la scuola - Video vulcanologia - Museo di Storia Naturale dell&#039;Universit\u00e0 di Pisa","isPartOf":{"@id":"https:\/\/www.msn.unipi.it\/it\/#website"},"primaryImageOfPage":{"@id":"https:\/\/www.msn.unipi.it\/it\/attivita-docenti\/ii-scuola-estiva-le-scienze-il-museo-e-la-scuola\/ii-scuola-estiva-le-scienze-il-museo-e-la-scuola-video-vulcanologia\/#primaryimage"},"image":{"@id":"https:\/\/www.msn.unipi.it\/it\/attivita-docenti\/ii-scuola-estiva-le-scienze-il-museo-e-la-scuola\/ii-scuola-estiva-le-scienze-il-museo-e-la-scuola-video-vulcanologia\/#primaryimage"},"thumbnailUrl":"https:\/\/www.msn.unipi.it\/wp-content\/uploads\/2011\/04\/madreporaTG.jpg","datePublished":"2022-11-08T12:04:48+00:00","dateModified":"2022-11-10T13:14:05+00:00","description":"Attivit\u00e0 vulcaniche &nbsp; &nbsp; &nbsp; Laboratori dedicati alle attivit\u00e0 vulcaniche &nbsp;","breadcrumb":{"@id":"https:\/\/www.msn.unipi.it\/it\/attivita-docenti\/ii-scuola-estiva-le-scienze-il-museo-e-la-scuola\/ii-scuola-estiva-le-scienze-il-museo-e-la-scuola-video-vulcanologia\/#breadcrumb"},"inLanguage":"it-IT","potentialAction":[{"@type":"ReadAction","target":["https:\/\/www.msn.unipi.it\/it\/attivita-docenti\/ii-scuola-estiva-le-scienze-il-museo-e-la-scuola\/ii-scuola-estiva-le-scienze-il-museo-e-la-scuola-video-vulcanologia\/"]}]},{"@type":"ImageObject","inLanguage":"it-IT","@id":"https:\/\/www.msn.unipi.it\/it\/attivita-docenti\/ii-scuola-estiva-le-scienze-il-museo-e-la-scuola\/ii-scuola-estiva-le-scienze-il-museo-e-la-scuola-video-vulcanologia\/#primaryimage","url":"https:\/\/www.msn.unipi.it\/wp-content\/uploads\/2011\/04\/madreporaTG.jpg","contentUrl":"https:\/\/www.msn.unipi.it\/wp-content\/uploads\/2011\/04\/madreporaTG.jpg","width":2048,"height":342},{"@type":"BreadcrumbList","@id":"https:\/\/www.msn.unipi.it\/it\/attivita-docenti\/ii-scuola-estiva-le-scienze-il-museo-e-la-scuola\/ii-scuola-estiva-le-scienze-il-museo-e-la-scuola-video-vulcanologia\/#breadcrumb","itemListElement":[{"@type":"ListItem","position":1,"name":"Home","item":"https:\/\/www.msn.unipi.it\/it\/"},{"@type":"ListItem","position":2,"name":"Archivio formazione insegnanti","item":"https:\/\/www.msn.unipi.it\/it\/attivita-docenti\/"},{"@type":"ListItem","position":3,"name":"II scuola estiva \u2013 Le scienze, il museo e la scuola","item":"https:\/\/www.msn.unipi.it\/it\/attivita-docenti\/ii-scuola-estiva-le-scienze-il-museo-e-la-scuola\/"},{"@type":"ListItem","position":4,"name":"II scuola estiva \u2013 Le scienze, il museo e la scuola &#8211; Video vulcanologia"}]},{"@type":"WebSite","@id":"https:\/\/www.msn.unipi.it\/it\/#website","url":"https:\/\/www.msn.unipi.it\/it\/","name":"Museo di Storia Naturale dell&#039;Universit\u00e0 di Pisa","description":"","publisher":{"@id":"https:\/\/www.msn.unipi.it\/it\/#organization"},"potentialAction":[{"@type":"SearchAction","target":{"@type":"EntryPoint","urlTemplate":"https:\/\/www.msn.unipi.it\/it\/?s={search_term_string}"},"query-input":{"@type":"PropertyValueSpecification","valueRequired":true,"valueName":"search_term_string"}}],"inLanguage":"it-IT"},{"@type":"Organization","@id":"https:\/\/www.msn.unipi.it\/it\/#organization","name":"Museo di Storia Naturale dell'Universit\u00e0 di Pisa","url":"https:\/\/www.msn.unipi.it\/it\/","logo":{"@type":"ImageObject","inLanguage":"it-IT","@id":"https:\/\/www.msn.unipi.it\/it\/#\/schema\/logo\/image\/","url":"https:\/\/www.msn.unipi.it\/wp-content\/uploads\/2016\/07\/footer-logo.png","contentUrl":"https:\/\/www.msn.unipi.it\/wp-content\/uploads\/2016\/07\/footer-logo.png","width":220,"height":95,"caption":"Museo di Storia Naturale dell'Universit\u00e0 di Pisa"},"image":{"@id":"https:\/\/www.msn.unipi.it\/it\/#\/schema\/logo\/image\/"},"sameAs":["https:\/\/www.facebook.com\/Museo-di-Storia-Naturale-Universit\u00e0-di-Pisa-277794215612108\/","https:\/\/x.com\/msncalci","https:\/\/www.instagram.com\/museostorianaturale_calci\/","https:\/\/www.youtube.com\/channel\/UCDaMBe_RegmdCnxLPmryMxw"]}]}},"jetpack_sharing_enabled":true,"_links":{"self":[{"href":"https:\/\/www.msn.unipi.it\/it\/wp-json\/wp\/v2\/pages\/25531","targetHints":{"allow":["GET"]}}],"collection":[{"href":"https:\/\/www.msn.unipi.it\/it\/wp-json\/wp\/v2\/pages"}],"about":[{"href":"https:\/\/www.msn.unipi.it\/it\/wp-json\/wp\/v2\/types\/page"}],"author":[{"embeddable":true,"href":"https:\/\/www.msn.unipi.it\/it\/wp-json\/wp\/v2\/users\/7"}],"replies":[{"embeddable":true,"href":"https:\/\/www.msn.unipi.it\/it\/wp-json\/wp\/v2\/comments?post=25531"}],"version-history":[{"count":10,"href":"https:\/\/www.msn.unipi.it\/it\/wp-json\/wp\/v2\/pages\/25531\/revisions"}],"predecessor-version":[{"id":25794,"href":"https:\/\/www.msn.unipi.it\/it\/wp-json\/wp\/v2\/pages\/25531\/revisions\/25794"}],"up":[{"embeddable":true,"href":"https:\/\/www.msn.unipi.it\/it\/wp-json\/wp\/v2\/pages\/25502"}],"wp:featuredmedia":[{"embeddable":true,"href":"https:\/\/www.msn.unipi.it\/it\/wp-json\/wp\/v2\/media\/7525"}],"wp:attachment":[{"href":"https:\/\/www.msn.unipi.it\/it\/wp-json\/wp\/v2\/media?parent=25531"}],"curies":[{"name":"wp","href":"https:\/\/api.w.org\/{rel}","templated":true}]}}