{"id":25965,"date":"2022-11-15T08:31:46","date_gmt":"2022-11-15T07:31:46","guid":{"rendered":"https:\/\/www.msn.unipi.it\/?page_id=25965"},"modified":"2022-11-15T09:16:59","modified_gmt":"2022-11-15T08:16:59","slug":"visita-alla-mostra-la-plastica-e-noi-e-attivita-pratiche-in-museo","status":"publish","type":"page","link":"https:\/\/www.msn.unipi.it\/it\/attivita-docenti\/la-plastica-e-noi\/visita-alla-mostra-la-plastica-e-noi-e-attivita-pratiche-in-museo\/","title":{"rendered":"Visita alla mostra \u201cLa Plastica e noi\u201d e attivit\u00e0 pratiche in Museo"},"content":{"rendered":"<p>Gli insegnanti, divisi in quattro gruppi, hanno partecipato a quattro attivit\u00e0 a rotazione:<br \/>\n\u2022 <a href=\"https:\/\/www.msn.unipi.it\/it\/attivita-docenti\/la-plastica-e-noi\/la-plastica-e-noi\/\" target=\"_blank\" rel=\"noopener\"><strong>La Mostra \u201cLa Plastica e noi\u201d<\/strong><\/a>, <strong><a href=\"https:\/\/www.msn.unipi.it\/wp-content\/uploads\/2020\/10\/La-plastica-e-noi-Guida-pratica-alla-mostra.pdf\" target=\"_blank\" rel=\"noopener noreferrer\">Guida pratica alla mostra<\/a><\/strong><br \/>\n\u2022 Laboratorio <strong>Un mare di plastica, un mare di guai?<\/strong> <a href=\"https:\/\/www.msn.unipi.it\/wp-content\/uploads\/2022\/11\/Un-mare-di-plastica-un-mare-di-guai.pdf\" target=\"_blank\" rel=\"noopener\"><strong>Presentazione<\/strong><\/a>, <a href=\"https:\/\/www.msn.unipi.it\/wp-content\/uploads\/2022\/11\/Laboratorio-Un-mare-di-Plastica-un-mare-di-guai.pdf\" target=\"_blank\" rel=\"noopener\"><strong>Istruzioni<\/strong><\/a>.<br \/>\n\u2022 Laboratorio <a href=\"https:\/\/www.msn.unipi.it\/wp-content\/uploads\/2022\/11\/Laboratorio-Giocando-simpara.pdf\" target=\"_blank\" rel=\"noopener\"><strong>Giocando s&#8217;impara\u00a0<\/strong><\/a><br \/>\n\u2022 Laboratorio <a href=\"https:\/\/www.msn.unipi.it\/wp-content\/uploads\/2022\/11\/Laboratorio-Le-Plastiche.pdf\" target=\"_blank\" rel=\"noopener\"><strong>La plastica? le plastiche! <\/strong><\/a><\/p>\n","protected":false},"excerpt":{"rendered":"<p>Gli insegnanti, divisi in quattro gruppi, hanno partecipato a quattro attivit\u00e0 a rotazione: \u2022 La Mostra \u201cLa Plastica e noi\u201d, Guida pratica alla mostra \u2022 Laboratorio Un mare di plastica, un mare di guai? Presentazione, Istruzioni. \u2022 Laboratorio Giocando s&#8217;impara\u00a0 \u2022 Laboratorio La plastica? le plastiche!<\/p>\n","protected":false},"author":7,"featured_media":7525,"parent":25790,"menu_order":0,"comment_status":"closed","ping_status":"closed","template":"","meta":{"footnotes":""},"class_list":["post-25965","page","type-page","status-publish","has-post-thumbnail","hentry"],"yoast_head":"<!-- This site is optimized with the Yoast SEO plugin v26.8 - https:\/\/yoast.com\/product\/yoast-seo-wordpress\/ -->\n<title>Visita alla mostra \u201cLa Plastica e noi\u201d e attivit\u00e0 pratiche in Museo - Museo di Storia Naturale dell&#039;Universit\u00e0 di Pisa<\/title>\n<meta name=\"description\" content=\"Gli insegnanti, divisi in quattro gruppi, hanno partecipato a quattro attivit\u00e0 a rotazione: \u2022 La Mostra \u201cLa Plastica e noi\u201d, Guida pratica alla mostra \u2022\" \/>\n<meta name=\"robots\" content=\"index, follow, max-snippet:-1, max-image-preview:large, max-video-preview:-1\" \/>\n<link rel=\"canonical\" href=\"https:\/\/www.msn.unipi.it\/it\/attivita-docenti\/la-plastica-e-noi\/visita-alla-mostra-la-plastica-e-noi-e-attivita-pratiche-in-museo\/\" \/>\n<meta property=\"og:locale\" content=\"it_IT\" \/>\n<meta property=\"og:type\" content=\"article\" \/>\n<meta property=\"og:title\" content=\"Visita alla mostra \u201cLa Plastica e noi\u201d e attivit\u00e0 pratiche in Museo - Museo di Storia Naturale dell&#039;Universit\u00e0 di Pisa\" \/>\n<meta property=\"og:description\" content=\"Gli insegnanti, divisi in quattro gruppi, hanno partecipato a quattro attivit\u00e0 a rotazione: \u2022 La Mostra \u201cLa Plastica e noi\u201d, Guida pratica alla mostra \u2022\" \/>\n<meta property=\"og:url\" content=\"https:\/\/www.msn.unipi.it\/it\/attivita-docenti\/la-plastica-e-noi\/visita-alla-mostra-la-plastica-e-noi-e-attivita-pratiche-in-museo\/\" \/>\n<meta property=\"og:site_name\" content=\"Museo di Storia Naturale dell&#039;Universit\u00e0 di Pisa\" \/>\n<meta property=\"article:publisher\" content=\"https:\/\/www.facebook.com\/Museo-di-Storia-Naturale-Universit%c3%a0-di-Pisa-277794215612108\/\" \/>\n<meta property=\"article:modified_time\" content=\"2022-11-15T08:16:59+00:00\" \/>\n<meta property=\"og:image\" content=\"https:\/\/www.msn.unipi.it\/wp-content\/uploads\/2011\/04\/madreporaTG.jpg\" \/>\n\t<meta property=\"og:image:width\" content=\"2048\" \/>\n\t<meta property=\"og:image:height\" content=\"342\" \/>\n\t<meta property=\"og:image:type\" content=\"image\/jpeg\" \/>\n<meta name=\"twitter:card\" content=\"summary_large_image\" \/>\n<meta name=\"twitter:site\" content=\"@msncalci\" \/>\n<meta name=\"twitter:label1\" content=\"Tempo di lettura stimato\" \/>\n\t<meta name=\"twitter:data1\" content=\"1 minuto\" \/>\n<script type=\"application\/ld+json\" class=\"yoast-schema-graph\">{\"@context\":\"https:\/\/schema.org\",\"@graph\":[{\"@type\":\"WebPage\",\"@id\":\"https:\/\/www.msn.unipi.it\/it\/attivita-docenti\/la-plastica-e-noi\/visita-alla-mostra-la-plastica-e-noi-e-attivita-pratiche-in-museo\/\",\"url\":\"https:\/\/www.msn.unipi.it\/it\/attivita-docenti\/la-plastica-e-noi\/visita-alla-mostra-la-plastica-e-noi-e-attivita-pratiche-in-museo\/\",\"name\":\"Visita alla mostra \u201cLa Plastica e noi\u201d e attivit\u00e0 pratiche in Museo - Museo di Storia Naturale dell&#039;Universit\u00e0 di Pisa\",\"isPartOf\":{\"@id\":\"https:\/\/www.msn.unipi.it\/it\/#website\"},\"primaryImageOfPage\":{\"@id\":\"https:\/\/www.msn.unipi.it\/it\/attivita-docenti\/la-plastica-e-noi\/visita-alla-mostra-la-plastica-e-noi-e-attivita-pratiche-in-museo\/#primaryimage\"},\"image\":{\"@id\":\"https:\/\/www.msn.unipi.it\/it\/attivita-docenti\/la-plastica-e-noi\/visita-alla-mostra-la-plastica-e-noi-e-attivita-pratiche-in-museo\/#primaryimage\"},\"thumbnailUrl\":\"https:\/\/www.msn.unipi.it\/wp-content\/uploads\/2011\/04\/madreporaTG.jpg\",\"datePublished\":\"2022-11-15T07:31:46+00:00\",\"dateModified\":\"2022-11-15T08:16:59+00:00\",\"description\":\"Gli insegnanti, divisi in quattro gruppi, hanno partecipato a quattro attivit\u00e0 a rotazione: \u2022 La Mostra \u201cLa Plastica e noi\u201d, Guida pratica alla mostra \u2022\",\"breadcrumb\":{\"@id\":\"https:\/\/www.msn.unipi.it\/it\/attivita-docenti\/la-plastica-e-noi\/visita-alla-mostra-la-plastica-e-noi-e-attivita-pratiche-in-museo\/#breadcrumb\"},\"inLanguage\":\"it-IT\",\"potentialAction\":[{\"@type\":\"ReadAction\",\"target\":[\"https:\/\/www.msn.unipi.it\/it\/attivita-docenti\/la-plastica-e-noi\/visita-alla-mostra-la-plastica-e-noi-e-attivita-pratiche-in-museo\/\"]}]},{\"@type\":\"ImageObject\",\"inLanguage\":\"it-IT\",\"@id\":\"https:\/\/www.msn.unipi.it\/it\/attivita-docenti\/la-plastica-e-noi\/visita-alla-mostra-la-plastica-e-noi-e-attivita-pratiche-in-museo\/#primaryimage\",\"url\":\"https:\/\/www.msn.unipi.it\/wp-content\/uploads\/2011\/04\/madreporaTG.jpg\",\"contentUrl\":\"https:\/\/www.msn.unipi.it\/wp-content\/uploads\/2011\/04\/madreporaTG.jpg\",\"width\":2048,\"height\":342},{\"@type\":\"BreadcrumbList\",\"@id\":\"https:\/\/www.msn.unipi.it\/it\/attivita-docenti\/la-plastica-e-noi\/visita-alla-mostra-la-plastica-e-noi-e-attivita-pratiche-in-museo\/#breadcrumb\",\"itemListElement\":[{\"@type\":\"ListItem\",\"position\":1,\"name\":\"Home\",\"item\":\"https:\/\/www.msn.unipi.it\/it\/\"},{\"@type\":\"ListItem\",\"position\":2,\"name\":\"Archivio formazione insegnanti\",\"item\":\"https:\/\/www.msn.unipi.it\/it\/attivita-docenti\/\"},{\"@type\":\"ListItem\",\"position\":3,\"name\":\"La plastica e noi\",\"item\":\"https:\/\/www.msn.unipi.it\/it\/attivita-docenti\/la-plastica-e-noi\/\"},{\"@type\":\"ListItem\",\"position\":4,\"name\":\"Visita alla mostra \u201cLa Plastica e noi\u201d e attivit\u00e0 pratiche in Museo\"}]},{\"@type\":\"WebSite\",\"@id\":\"https:\/\/www.msn.unipi.it\/it\/#website\",\"url\":\"https:\/\/www.msn.unipi.it\/it\/\",\"name\":\"Museo di Storia Naturale dell&#039;Universit\u00e0 di Pisa\",\"description\":\"\",\"publisher\":{\"@id\":\"https:\/\/www.msn.unipi.it\/it\/#organization\"},\"potentialAction\":[{\"@type\":\"SearchAction\",\"target\":{\"@type\":\"EntryPoint\",\"urlTemplate\":\"https:\/\/www.msn.unipi.it\/it\/?s={search_term_string}\"},\"query-input\":{\"@type\":\"PropertyValueSpecification\",\"valueRequired\":true,\"valueName\":\"search_term_string\"}}],\"inLanguage\":\"it-IT\"},{\"@type\":\"Organization\",\"@id\":\"https:\/\/www.msn.unipi.it\/it\/#organization\",\"name\":\"Museo di Storia Naturale dell'Universit\u00e0 di Pisa\",\"url\":\"https:\/\/www.msn.unipi.it\/it\/\",\"logo\":{\"@type\":\"ImageObject\",\"inLanguage\":\"it-IT\",\"@id\":\"https:\/\/www.msn.unipi.it\/it\/#\/schema\/logo\/image\/\",\"url\":\"https:\/\/www.msn.unipi.it\/wp-content\/uploads\/2016\/07\/footer-logo.png\",\"contentUrl\":\"https:\/\/www.msn.unipi.it\/wp-content\/uploads\/2016\/07\/footer-logo.png\",\"width\":220,\"height\":95,\"caption\":\"Museo di Storia Naturale dell'Universit\u00e0 di Pisa\"},\"image\":{\"@id\":\"https:\/\/www.msn.unipi.it\/it\/#\/schema\/logo\/image\/\"},\"sameAs\":[\"https:\/\/www.facebook.com\/Museo-di-Storia-Naturale-Universit\u00e0-di-Pisa-277794215612108\/\",\"https:\/\/x.com\/msncalci\",\"https:\/\/www.instagram.com\/museostorianaturale_calci\/\",\"https:\/\/www.youtube.com\/channel\/UCDaMBe_RegmdCnxLPmryMxw\"]}]}<\/script>\n<!-- \/ Yoast SEO plugin. -->","yoast_head_json":{"title":"Visita alla mostra \u201cLa Plastica e noi\u201d e attivit\u00e0 pratiche in Museo - Museo di Storia Naturale dell&#039;Universit\u00e0 di Pisa","description":"Gli insegnanti, divisi in quattro gruppi, hanno partecipato a quattro attivit\u00e0 a rotazione: \u2022 La Mostra \u201cLa Plastica e noi\u201d, Guida pratica alla mostra \u2022","robots":{"index":"index","follow":"follow","max-snippet":"max-snippet:-1","max-image-preview":"max-image-preview:large","max-video-preview":"max-video-preview:-1"},"canonical":"https:\/\/www.msn.unipi.it\/it\/attivita-docenti\/la-plastica-e-noi\/visita-alla-mostra-la-plastica-e-noi-e-attivita-pratiche-in-museo\/","og_locale":"it_IT","og_type":"article","og_title":"Visita alla mostra \u201cLa Plastica e noi\u201d e attivit\u00e0 pratiche in Museo - Museo di Storia Naturale dell&#039;Universit\u00e0 di Pisa","og_description":"Gli insegnanti, divisi in quattro gruppi, hanno partecipato a quattro attivit\u00e0 a rotazione: \u2022 La Mostra \u201cLa Plastica e noi\u201d, Guida pratica alla mostra \u2022","og_url":"https:\/\/www.msn.unipi.it\/it\/attivita-docenti\/la-plastica-e-noi\/visita-alla-mostra-la-plastica-e-noi-e-attivita-pratiche-in-museo\/","og_site_name":"Museo di Storia Naturale dell&#039;Universit\u00e0 di Pisa","article_publisher":"https:\/\/www.facebook.com\/Museo-di-Storia-Naturale-Universit%c3%a0-di-Pisa-277794215612108\/","article_modified_time":"2022-11-15T08:16:59+00:00","og_image":[{"width":2048,"height":342,"url":"https:\/\/www.msn.unipi.it\/wp-content\/uploads\/2011\/04\/madreporaTG.jpg","type":"image\/jpeg"}],"twitter_card":"summary_large_image","twitter_site":"@msncalci","twitter_misc":{"Tempo di lettura stimato":"1 minuto"},"schema":{"@context":"https:\/\/schema.org","@graph":[{"@type":"WebPage","@id":"https:\/\/www.msn.unipi.it\/it\/attivita-docenti\/la-plastica-e-noi\/visita-alla-mostra-la-plastica-e-noi-e-attivita-pratiche-in-museo\/","url":"https:\/\/www.msn.unipi.it\/it\/attivita-docenti\/la-plastica-e-noi\/visita-alla-mostra-la-plastica-e-noi-e-attivita-pratiche-in-museo\/","name":"Visita alla mostra \u201cLa Plastica e noi\u201d e attivit\u00e0 pratiche in Museo - Museo di Storia Naturale dell&#039;Universit\u00e0 di Pisa","isPartOf":{"@id":"https:\/\/www.msn.unipi.it\/it\/#website"},"primaryImageOfPage":{"@id":"https:\/\/www.msn.unipi.it\/it\/attivita-docenti\/la-plastica-e-noi\/visita-alla-mostra-la-plastica-e-noi-e-attivita-pratiche-in-museo\/#primaryimage"},"image":{"@id":"https:\/\/www.msn.unipi.it\/it\/attivita-docenti\/la-plastica-e-noi\/visita-alla-mostra-la-plastica-e-noi-e-attivita-pratiche-in-museo\/#primaryimage"},"thumbnailUrl":"https:\/\/www.msn.unipi.it\/wp-content\/uploads\/2011\/04\/madreporaTG.jpg","datePublished":"2022-11-15T07:31:46+00:00","dateModified":"2022-11-15T08:16:59+00:00","description":"Gli insegnanti, divisi in quattro gruppi, hanno partecipato a quattro attivit\u00e0 a rotazione: \u2022 La Mostra \u201cLa Plastica e noi\u201d, Guida pratica alla mostra \u2022","breadcrumb":{"@id":"https:\/\/www.msn.unipi.it\/it\/attivita-docenti\/la-plastica-e-noi\/visita-alla-mostra-la-plastica-e-noi-e-attivita-pratiche-in-museo\/#breadcrumb"},"inLanguage":"it-IT","potentialAction":[{"@type":"ReadAction","target":["https:\/\/www.msn.unipi.it\/it\/attivita-docenti\/la-plastica-e-noi\/visita-alla-mostra-la-plastica-e-noi-e-attivita-pratiche-in-museo\/"]}]},{"@type":"ImageObject","inLanguage":"it-IT","@id":"https:\/\/www.msn.unipi.it\/it\/attivita-docenti\/la-plastica-e-noi\/visita-alla-mostra-la-plastica-e-noi-e-attivita-pratiche-in-museo\/#primaryimage","url":"https:\/\/www.msn.unipi.it\/wp-content\/uploads\/2011\/04\/madreporaTG.jpg","contentUrl":"https:\/\/www.msn.unipi.it\/wp-content\/uploads\/2011\/04\/madreporaTG.jpg","width":2048,"height":342},{"@type":"BreadcrumbList","@id":"https:\/\/www.msn.unipi.it\/it\/attivita-docenti\/la-plastica-e-noi\/visita-alla-mostra-la-plastica-e-noi-e-attivita-pratiche-in-museo\/#breadcrumb","itemListElement":[{"@type":"ListItem","position":1,"name":"Home","item":"https:\/\/www.msn.unipi.it\/it\/"},{"@type":"ListItem","position":2,"name":"Archivio formazione insegnanti","item":"https:\/\/www.msn.unipi.it\/it\/attivita-docenti\/"},{"@type":"ListItem","position":3,"name":"La plastica e noi","item":"https:\/\/www.msn.unipi.it\/it\/attivita-docenti\/la-plastica-e-noi\/"},{"@type":"ListItem","position":4,"name":"Visita alla mostra \u201cLa Plastica e noi\u201d e attivit\u00e0 pratiche in Museo"}]},{"@type":"WebSite","@id":"https:\/\/www.msn.unipi.it\/it\/#website","url":"https:\/\/www.msn.unipi.it\/it\/","name":"Museo di Storia Naturale dell&#039;Universit\u00e0 di Pisa","description":"","publisher":{"@id":"https:\/\/www.msn.unipi.it\/it\/#organization"},"potentialAction":[{"@type":"SearchAction","target":{"@type":"EntryPoint","urlTemplate":"https:\/\/www.msn.unipi.it\/it\/?s={search_term_string}"},"query-input":{"@type":"PropertyValueSpecification","valueRequired":true,"valueName":"search_term_string"}}],"inLanguage":"it-IT"},{"@type":"Organization","@id":"https:\/\/www.msn.unipi.it\/it\/#organization","name":"Museo di Storia Naturale dell'Universit\u00e0 di Pisa","url":"https:\/\/www.msn.unipi.it\/it\/","logo":{"@type":"ImageObject","inLanguage":"it-IT","@id":"https:\/\/www.msn.unipi.it\/it\/#\/schema\/logo\/image\/","url":"https:\/\/www.msn.unipi.it\/wp-content\/uploads\/2016\/07\/footer-logo.png","contentUrl":"https:\/\/www.msn.unipi.it\/wp-content\/uploads\/2016\/07\/footer-logo.png","width":220,"height":95,"caption":"Museo di Storia Naturale dell'Universit\u00e0 di Pisa"},"image":{"@id":"https:\/\/www.msn.unipi.it\/it\/#\/schema\/logo\/image\/"},"sameAs":["https:\/\/www.facebook.com\/Museo-di-Storia-Naturale-Universit\u00e0-di-Pisa-277794215612108\/","https:\/\/x.com\/msncalci","https:\/\/www.instagram.com\/museostorianaturale_calci\/","https:\/\/www.youtube.com\/channel\/UCDaMBe_RegmdCnxLPmryMxw"]}]}},"jetpack_sharing_enabled":true,"_links":{"self":[{"href":"https:\/\/www.msn.unipi.it\/it\/wp-json\/wp\/v2\/pages\/25965","targetHints":{"allow":["GET"]}}],"collection":[{"href":"https:\/\/www.msn.unipi.it\/it\/wp-json\/wp\/v2\/pages"}],"about":[{"href":"https:\/\/www.msn.unipi.it\/it\/wp-json\/wp\/v2\/types\/page"}],"author":[{"embeddable":true,"href":"https:\/\/www.msn.unipi.it\/it\/wp-json\/wp\/v2\/users\/7"}],"replies":[{"embeddable":true,"href":"https:\/\/www.msn.unipi.it\/it\/wp-json\/wp\/v2\/comments?post=25965"}],"version-history":[{"count":5,"href":"https:\/\/www.msn.unipi.it\/it\/wp-json\/wp\/v2\/pages\/25965\/revisions"}],"predecessor-version":[{"id":26043,"href":"https:\/\/www.msn.unipi.it\/it\/wp-json\/wp\/v2\/pages\/25965\/revisions\/26043"}],"up":[{"embeddable":true,"href":"https:\/\/www.msn.unipi.it\/it\/wp-json\/wp\/v2\/pages\/25790"}],"wp:featuredmedia":[{"embeddable":true,"href":"https:\/\/www.msn.unipi.it\/it\/wp-json\/wp\/v2\/media\/7525"}],"wp:attachment":[{"href":"https:\/\/www.msn.unipi.it\/it\/wp-json\/wp\/v2\/media?parent=25965"}],"curies":[{"name":"wp","href":"https:\/\/api.w.org\/{rel}","templated":true}]}}