{"id":26057,"date":"2022-11-17T14:08:00","date_gmt":"2022-11-17T13:08:00","guid":{"rendered":"https:\/\/www.msn.unipi.it\/?page_id=26057"},"modified":"2023-09-26T15:47:20","modified_gmt":"2023-09-26T13:47:20","slug":"il-valore-della-biodiversita-umana","status":"publish","type":"page","link":"https:\/\/www.msn.unipi.it\/it\/attivita-docenti\/il-valore-della-biodiversita-umana\/","title":{"rendered":"Il valore della biodiversit\u00e0 umana"},"content":{"rendered":"<h3 style=\"text-align: center;\"><span class=\"lightviolet\">VIII edizione della Scuola di formazione per insegnanti<br \/>\n\u201cLe Scienze, il Museo e la Scuola\u201d<br \/>\nanno scolastico 2022-2023<\/span><\/h3>\n<h4><span class=\"lightviolet\"><strong>Il tema<\/strong><\/span><\/h4>\n<p>Nel 2021 il Museo \u00e8 entrato a far parte di MUSEINTEGRATI, un progetto di ricerca e sostegno di buone pratiche in ambito museale, ai fini di promuovere le strategie di sviluppo sostenibile nazionali e regionali e di favorirne l\u2019attuazione a livello locale in modo riconosciuto e sistematizzato. Inoltre, il 22 maggio 2021, in occasione della Giornata Mondiale della Biodiversit\u00e0 indetta dall\u2019ONU, il Museo ha aderito alla Coalizione globale per la biodiversit\u00e0 #UnitedforBiodiversity.<br \/>\nLa biodiversit\u00e0 \u00e8 il tema centrale dei nuovi allestimenti del Museo e delle sue attivit\u00e0 di ricerca, educazione e formazione; quindi, anche l\u2019VIII edizione della Scuola di formazione per insegnanti \u201cLe Scienze, il Museo e la Scuola\u201d \u00e8 dedicata alla biodiversit\u00e0, in particolare a Il Valore della Biodiversit\u00e0 Umana in concomitanza con l\u2019apertura della nuova Sala dell\u2019Evoluzione dell\u2019Uomo. In questa edizione si \u00e8 parlato dell\u2019evoluzione e della biodiversit\u00e0 fisica e culturale dell&#8217;uomo affrontando anche temi legati all\u2019integrazione e all\u2019inclusione multiculturale che rientrano negli obiettivi dell\u2019Agenda 2030 e che possono essere trattati a scuola anche durante le ore di \u201cEducazione Civica\u201d.<\/p>\n<h4><strong><span class=\"lightviolet\">Indice dei contenuti<\/span><\/strong><\/h4>\n<p><strong><a href=\"https:\/\/www.msn.unipi.it\/it\/attivita-docenti\/il-valore-della-biodiversita-umana\/i-incontro-evoluzione-umana\/\" target=\"_blank\" rel=\"noopener\">I incontro: evoluzione umana<\/a><\/strong><br \/>\n<strong><a href=\"https:\/\/www.msn.unipi.it\/it\/attivita-docenti\/il-valore-della-biodiversita-umana\/ii-incontro-culture-umane\/\" target=\"_blank\" rel=\"noopener\">II incontro: culture umane<\/a><\/strong><br \/>\n<strong><a href=\"https:\/\/www.msn.unipi.it\/it\/attivita-docenti\/il-valore-della-biodiversita-umana\/iii-incontro-comportamenti-sociali-e-comunicazione-nei-primati-non-umani\/\" target=\"_blank\" rel=\"noopener\">III incontro: comportamenti sociali e comunicazione nei primati non umani<\/a><\/strong><br \/>\n<strong><a href=\"https:\/\/www.msn.unipi.it\/it\/attivita-docenti\/il-valore-della-biodiversita-umana\/iv-incontro-visita-alla-nuova-sala-dellevoluzione-delluomo\/\" target=\"_blank\" rel=\"noopener\">IV incontro: visita alla nuova Sala dell\u2019evoluzione dell\u2019Uomo<\/a><\/strong><br \/>\n<strong><a href=\"https:\/\/www.msn.unipi.it\/it\/formazione\/insegnanti\/conferenze-biodiversita-ed-evoluzione-umana\/\" target=\"_blank\" rel=\"noopener\">Conferenze \u201cBiodiversit\u00e0 ed evoluzione umana&#8221;<\/a><br \/>\n<a href=\"https:\/\/www.youtube.com\/watch?v=Wc6ttyWCEqY\" target=\"_blank\" rel=\"noopener\">Video inaugurazione nuova Sala dell&#8217;evoluzione umana<\/a><\/strong><br \/>\n<strong><a href=\"https:\/\/www.msn.unipi.it\/it\/attivita-docenti\/il-valore-della-biodiversita-umana\/approfondimenti-evoluzione-e-biodiversita-umana\/\" target=\"_blank\" rel=\"noopener\">Approfondimenti<\/a><\/strong><br \/>\n<strong><a href=\"https:\/\/www.msn.unipi.it\/it\/attivita-docenti\/il-valore-della-biodiversita-umana\/bibliografia-sitografia-filmografia-evoluzione-e-biodiversita-umana\/\" target=\"_blank\" rel=\"noopener\">Bibliografia, Sitografia, Filmografia<\/a><\/strong><br \/>\n<strong><a href=\"https:\/\/www.msn.unipi.it\/it\/attivita-docenti\/il-valore-della-biodiversita-umana\/elaborati-degli-studenti\/\" target=\"_blank\" rel=\"noopener\">Elaborati finali degli studenti<\/a><\/strong><\/p>\n<p>&nbsp;<\/p>\n","protected":false},"excerpt":{"rendered":"<p>VIII edizione della Scuola di formazione per insegnanti \u201cLe Scienze, il Museo e la Scuola\u201d anno scolastico 2022-2023 Il tema Nel 2021 il Museo \u00e8 entrato a far parte di MUSEINTEGRATI, un progetto di ricerca e sostegno di buone pratiche in ambito museale, ai fini di promuovere le strategie di sviluppo sostenibile nazionali e regionali&nbsp; <a href=\"https:\/\/www.msn.unipi.it\/it\/attivita-docenti\/il-valore-della-biodiversita-umana\/\">&hellip;  <i class=\"fa fa-chevron-right\"><\/i><\/a><\/p>\n","protected":false},"author":7,"featured_media":7525,"parent":6109,"menu_order":0,"comment_status":"closed","ping_status":"closed","template":"","meta":{"footnotes":""},"class_list":["post-26057","page","type-page","status-publish","has-post-thumbnail","hentry"],"yoast_head":"<!-- This site is optimized with the Yoast SEO plugin v26.8 - https:\/\/yoast.com\/product\/yoast-seo-wordpress\/ -->\n<title>Il valore della biodiversit\u00e0 umana - Museo di Storia Naturale dell&#039;Universit\u00e0 di Pisa<\/title>\n<meta name=\"description\" content=\"VIII edizione della Scuola di formazione per insegnanti \u201cLe Scienze, il Museo e la Scuola\u201d anno scolastico 2022-2023 Il tema Nel 2021 il Museo \u00e8 entrato a\" \/>\n<meta name=\"robots\" content=\"index, follow, max-snippet:-1, max-image-preview:large, max-video-preview:-1\" \/>\n<link rel=\"canonical\" href=\"https:\/\/www.msn.unipi.it\/it\/attivita-docenti\/il-valore-della-biodiversita-umana\/\" \/>\n<meta property=\"og:locale\" content=\"it_IT\" \/>\n<meta property=\"og:type\" content=\"article\" \/>\n<meta property=\"og:title\" content=\"Il valore della biodiversit\u00e0 umana - Museo di Storia Naturale dell&#039;Universit\u00e0 di Pisa\" \/>\n<meta property=\"og:description\" content=\"VIII edizione della Scuola di formazione per insegnanti \u201cLe Scienze, il Museo e la Scuola\u201d anno scolastico 2022-2023 Il tema Nel 2021 il Museo \u00e8 entrato a\" \/>\n<meta property=\"og:url\" content=\"https:\/\/www.msn.unipi.it\/it\/attivita-docenti\/il-valore-della-biodiversita-umana\/\" \/>\n<meta property=\"og:site_name\" content=\"Museo di Storia Naturale dell&#039;Universit\u00e0 di Pisa\" \/>\n<meta property=\"article:publisher\" content=\"https:\/\/www.facebook.com\/Museo-di-Storia-Naturale-Universit%c3%a0-di-Pisa-277794215612108\/\" \/>\n<meta property=\"article:modified_time\" content=\"2023-09-26T13:47:20+00:00\" \/>\n<meta property=\"og:image\" content=\"https:\/\/www.msn.unipi.it\/wp-content\/uploads\/2011\/04\/madreporaTG.jpg\" \/>\n\t<meta property=\"og:image:width\" content=\"2048\" \/>\n\t<meta property=\"og:image:height\" content=\"342\" \/>\n\t<meta property=\"og:image:type\" content=\"image\/jpeg\" \/>\n<meta name=\"twitter:card\" content=\"summary_large_image\" \/>\n<meta name=\"twitter:site\" content=\"@msncalci\" \/>\n<meta name=\"twitter:label1\" content=\"Tempo di lettura stimato\" \/>\n\t<meta name=\"twitter:data1\" content=\"2 minuti\" \/>\n<script type=\"application\/ld+json\" class=\"yoast-schema-graph\">{\"@context\":\"https:\/\/schema.org\",\"@graph\":[{\"@type\":\"WebPage\",\"@id\":\"https:\/\/www.msn.unipi.it\/it\/attivita-docenti\/il-valore-della-biodiversita-umana\/\",\"url\":\"https:\/\/www.msn.unipi.it\/it\/attivita-docenti\/il-valore-della-biodiversita-umana\/\",\"name\":\"Il valore della biodiversit\u00e0 umana - Museo di Storia Naturale dell&#039;Universit\u00e0 di Pisa\",\"isPartOf\":{\"@id\":\"https:\/\/www.msn.unipi.it\/it\/#website\"},\"primaryImageOfPage\":{\"@id\":\"https:\/\/www.msn.unipi.it\/it\/attivita-docenti\/il-valore-della-biodiversita-umana\/#primaryimage\"},\"image\":{\"@id\":\"https:\/\/www.msn.unipi.it\/it\/attivita-docenti\/il-valore-della-biodiversita-umana\/#primaryimage\"},\"thumbnailUrl\":\"https:\/\/www.msn.unipi.it\/wp-content\/uploads\/2011\/04\/madreporaTG.jpg\",\"datePublished\":\"2022-11-17T13:08:00+00:00\",\"dateModified\":\"2023-09-26T13:47:20+00:00\",\"description\":\"VIII edizione della Scuola di formazione per insegnanti \u201cLe Scienze, il Museo e la Scuola\u201d anno scolastico 2022-2023 Il tema Nel 2021 il Museo \u00e8 entrato a\",\"breadcrumb\":{\"@id\":\"https:\/\/www.msn.unipi.it\/it\/attivita-docenti\/il-valore-della-biodiversita-umana\/#breadcrumb\"},\"inLanguage\":\"it-IT\",\"potentialAction\":[{\"@type\":\"ReadAction\",\"target\":[\"https:\/\/www.msn.unipi.it\/it\/attivita-docenti\/il-valore-della-biodiversita-umana\/\"]}]},{\"@type\":\"ImageObject\",\"inLanguage\":\"it-IT\",\"@id\":\"https:\/\/www.msn.unipi.it\/it\/attivita-docenti\/il-valore-della-biodiversita-umana\/#primaryimage\",\"url\":\"https:\/\/www.msn.unipi.it\/wp-content\/uploads\/2011\/04\/madreporaTG.jpg\",\"contentUrl\":\"https:\/\/www.msn.unipi.it\/wp-content\/uploads\/2011\/04\/madreporaTG.jpg\",\"width\":2048,\"height\":342},{\"@type\":\"BreadcrumbList\",\"@id\":\"https:\/\/www.msn.unipi.it\/it\/attivita-docenti\/il-valore-della-biodiversita-umana\/#breadcrumb\",\"itemListElement\":[{\"@type\":\"ListItem\",\"position\":1,\"name\":\"Home\",\"item\":\"https:\/\/www.msn.unipi.it\/it\/\"},{\"@type\":\"ListItem\",\"position\":2,\"name\":\"Archivio formazione insegnanti\",\"item\":\"https:\/\/www.msn.unipi.it\/it\/attivita-docenti\/\"},{\"@type\":\"ListItem\",\"position\":3,\"name\":\"Il valore della biodiversit\u00e0 umana\"}]},{\"@type\":\"WebSite\",\"@id\":\"https:\/\/www.msn.unipi.it\/it\/#website\",\"url\":\"https:\/\/www.msn.unipi.it\/it\/\",\"name\":\"Museo di Storia Naturale dell&#039;Universit\u00e0 di Pisa\",\"description\":\"\",\"publisher\":{\"@id\":\"https:\/\/www.msn.unipi.it\/it\/#organization\"},\"potentialAction\":[{\"@type\":\"SearchAction\",\"target\":{\"@type\":\"EntryPoint\",\"urlTemplate\":\"https:\/\/www.msn.unipi.it\/it\/?s={search_term_string}\"},\"query-input\":{\"@type\":\"PropertyValueSpecification\",\"valueRequired\":true,\"valueName\":\"search_term_string\"}}],\"inLanguage\":\"it-IT\"},{\"@type\":\"Organization\",\"@id\":\"https:\/\/www.msn.unipi.it\/it\/#organization\",\"name\":\"Museo di Storia Naturale dell'Universit\u00e0 di Pisa\",\"url\":\"https:\/\/www.msn.unipi.it\/it\/\",\"logo\":{\"@type\":\"ImageObject\",\"inLanguage\":\"it-IT\",\"@id\":\"https:\/\/www.msn.unipi.it\/it\/#\/schema\/logo\/image\/\",\"url\":\"https:\/\/www.msn.unipi.it\/wp-content\/uploads\/2016\/07\/footer-logo.png\",\"contentUrl\":\"https:\/\/www.msn.unipi.it\/wp-content\/uploads\/2016\/07\/footer-logo.png\",\"width\":220,\"height\":95,\"caption\":\"Museo di Storia Naturale dell'Universit\u00e0 di Pisa\"},\"image\":{\"@id\":\"https:\/\/www.msn.unipi.it\/it\/#\/schema\/logo\/image\/\"},\"sameAs\":[\"https:\/\/www.facebook.com\/Museo-di-Storia-Naturale-Universit\u00e0-di-Pisa-277794215612108\/\",\"https:\/\/x.com\/msncalci\",\"https:\/\/www.instagram.com\/museostorianaturale_calci\/\",\"https:\/\/www.youtube.com\/channel\/UCDaMBe_RegmdCnxLPmryMxw\"]}]}<\/script>\n<!-- \/ Yoast SEO plugin. -->","yoast_head_json":{"title":"Il valore della biodiversit\u00e0 umana - Museo di Storia Naturale dell&#039;Universit\u00e0 di Pisa","description":"VIII edizione della Scuola di formazione per insegnanti \u201cLe Scienze, il Museo e la Scuola\u201d anno scolastico 2022-2023 Il tema Nel 2021 il Museo \u00e8 entrato a","robots":{"index":"index","follow":"follow","max-snippet":"max-snippet:-1","max-image-preview":"max-image-preview:large","max-video-preview":"max-video-preview:-1"},"canonical":"https:\/\/www.msn.unipi.it\/it\/attivita-docenti\/il-valore-della-biodiversita-umana\/","og_locale":"it_IT","og_type":"article","og_title":"Il valore della biodiversit\u00e0 umana - Museo di Storia Naturale dell&#039;Universit\u00e0 di Pisa","og_description":"VIII edizione della Scuola di formazione per insegnanti \u201cLe Scienze, il Museo e la Scuola\u201d anno scolastico 2022-2023 Il tema Nel 2021 il Museo \u00e8 entrato a","og_url":"https:\/\/www.msn.unipi.it\/it\/attivita-docenti\/il-valore-della-biodiversita-umana\/","og_site_name":"Museo di Storia Naturale dell&#039;Universit\u00e0 di Pisa","article_publisher":"https:\/\/www.facebook.com\/Museo-di-Storia-Naturale-Universit%c3%a0-di-Pisa-277794215612108\/","article_modified_time":"2023-09-26T13:47:20+00:00","og_image":[{"width":2048,"height":342,"url":"https:\/\/www.msn.unipi.it\/wp-content\/uploads\/2011\/04\/madreporaTG.jpg","type":"image\/jpeg"}],"twitter_card":"summary_large_image","twitter_site":"@msncalci","twitter_misc":{"Tempo di lettura stimato":"2 minuti"},"schema":{"@context":"https:\/\/schema.org","@graph":[{"@type":"WebPage","@id":"https:\/\/www.msn.unipi.it\/it\/attivita-docenti\/il-valore-della-biodiversita-umana\/","url":"https:\/\/www.msn.unipi.it\/it\/attivita-docenti\/il-valore-della-biodiversita-umana\/","name":"Il valore della biodiversit\u00e0 umana - Museo di Storia Naturale dell&#039;Universit\u00e0 di Pisa","isPartOf":{"@id":"https:\/\/www.msn.unipi.it\/it\/#website"},"primaryImageOfPage":{"@id":"https:\/\/www.msn.unipi.it\/it\/attivita-docenti\/il-valore-della-biodiversita-umana\/#primaryimage"},"image":{"@id":"https:\/\/www.msn.unipi.it\/it\/attivita-docenti\/il-valore-della-biodiversita-umana\/#primaryimage"},"thumbnailUrl":"https:\/\/www.msn.unipi.it\/wp-content\/uploads\/2011\/04\/madreporaTG.jpg","datePublished":"2022-11-17T13:08:00+00:00","dateModified":"2023-09-26T13:47:20+00:00","description":"VIII edizione della Scuola di formazione per insegnanti \u201cLe Scienze, il Museo e la Scuola\u201d anno scolastico 2022-2023 Il tema Nel 2021 il Museo \u00e8 entrato a","breadcrumb":{"@id":"https:\/\/www.msn.unipi.it\/it\/attivita-docenti\/il-valore-della-biodiversita-umana\/#breadcrumb"},"inLanguage":"it-IT","potentialAction":[{"@type":"ReadAction","target":["https:\/\/www.msn.unipi.it\/it\/attivita-docenti\/il-valore-della-biodiversita-umana\/"]}]},{"@type":"ImageObject","inLanguage":"it-IT","@id":"https:\/\/www.msn.unipi.it\/it\/attivita-docenti\/il-valore-della-biodiversita-umana\/#primaryimage","url":"https:\/\/www.msn.unipi.it\/wp-content\/uploads\/2011\/04\/madreporaTG.jpg","contentUrl":"https:\/\/www.msn.unipi.it\/wp-content\/uploads\/2011\/04\/madreporaTG.jpg","width":2048,"height":342},{"@type":"BreadcrumbList","@id":"https:\/\/www.msn.unipi.it\/it\/attivita-docenti\/il-valore-della-biodiversita-umana\/#breadcrumb","itemListElement":[{"@type":"ListItem","position":1,"name":"Home","item":"https:\/\/www.msn.unipi.it\/it\/"},{"@type":"ListItem","position":2,"name":"Archivio formazione insegnanti","item":"https:\/\/www.msn.unipi.it\/it\/attivita-docenti\/"},{"@type":"ListItem","position":3,"name":"Il valore della biodiversit\u00e0 umana"}]},{"@type":"WebSite","@id":"https:\/\/www.msn.unipi.it\/it\/#website","url":"https:\/\/www.msn.unipi.it\/it\/","name":"Museo di Storia Naturale dell&#039;Universit\u00e0 di Pisa","description":"","publisher":{"@id":"https:\/\/www.msn.unipi.it\/it\/#organization"},"potentialAction":[{"@type":"SearchAction","target":{"@type":"EntryPoint","urlTemplate":"https:\/\/www.msn.unipi.it\/it\/?s={search_term_string}"},"query-input":{"@type":"PropertyValueSpecification","valueRequired":true,"valueName":"search_term_string"}}],"inLanguage":"it-IT"},{"@type":"Organization","@id":"https:\/\/www.msn.unipi.it\/it\/#organization","name":"Museo di Storia Naturale dell'Universit\u00e0 di Pisa","url":"https:\/\/www.msn.unipi.it\/it\/","logo":{"@type":"ImageObject","inLanguage":"it-IT","@id":"https:\/\/www.msn.unipi.it\/it\/#\/schema\/logo\/image\/","url":"https:\/\/www.msn.unipi.it\/wp-content\/uploads\/2016\/07\/footer-logo.png","contentUrl":"https:\/\/www.msn.unipi.it\/wp-content\/uploads\/2016\/07\/footer-logo.png","width":220,"height":95,"caption":"Museo di Storia Naturale dell'Universit\u00e0 di Pisa"},"image":{"@id":"https:\/\/www.msn.unipi.it\/it\/#\/schema\/logo\/image\/"},"sameAs":["https:\/\/www.facebook.com\/Museo-di-Storia-Naturale-Universit\u00e0-di-Pisa-277794215612108\/","https:\/\/x.com\/msncalci","https:\/\/www.instagram.com\/museostorianaturale_calci\/","https:\/\/www.youtube.com\/channel\/UCDaMBe_RegmdCnxLPmryMxw"]}]}},"jetpack_sharing_enabled":true,"_links":{"self":[{"href":"https:\/\/www.msn.unipi.it\/it\/wp-json\/wp\/v2\/pages\/26057","targetHints":{"allow":["GET"]}}],"collection":[{"href":"https:\/\/www.msn.unipi.it\/it\/wp-json\/wp\/v2\/pages"}],"about":[{"href":"https:\/\/www.msn.unipi.it\/it\/wp-json\/wp\/v2\/types\/page"}],"author":[{"embeddable":true,"href":"https:\/\/www.msn.unipi.it\/it\/wp-json\/wp\/v2\/users\/7"}],"replies":[{"embeddable":true,"href":"https:\/\/www.msn.unipi.it\/it\/wp-json\/wp\/v2\/comments?post=26057"}],"version-history":[{"count":10,"href":"https:\/\/www.msn.unipi.it\/it\/wp-json\/wp\/v2\/pages\/26057\/revisions"}],"predecessor-version":[{"id":28175,"href":"https:\/\/www.msn.unipi.it\/it\/wp-json\/wp\/v2\/pages\/26057\/revisions\/28175"}],"up":[{"embeddable":true,"href":"https:\/\/www.msn.unipi.it\/it\/wp-json\/wp\/v2\/pages\/6109"}],"wp:featuredmedia":[{"embeddable":true,"href":"https:\/\/www.msn.unipi.it\/it\/wp-json\/wp\/v2\/media\/7525"}],"wp:attachment":[{"href":"https:\/\/www.msn.unipi.it\/it\/wp-json\/wp\/v2\/media?parent=26057"}],"curies":[{"name":"wp","href":"https:\/\/api.w.org\/{rel}","templated":true}]}}