{"id":27847,"date":"2023-09-04T17:31:48","date_gmt":"2023-09-04T15:31:48","guid":{"rendered":"https:\/\/www.msn.unipi.it\/?page_id=27847"},"modified":"2023-09-25T12:12:28","modified_gmt":"2023-09-25T10:12:28","slug":"i-giorno-pianeta-acqua","status":"publish","type":"page","link":"https:\/\/www.msn.unipi.it\/it\/attivita-docenti\/il-valore-dellacqua\/i-giorno-pianeta-acqua\/","title":{"rendered":"I GIORNO \u201cPianeta Acqua\u201d"},"content":{"rendered":"<p><strong>\u201cH2O, una molecola speciale\u201d<\/strong> introduzione dedicata alle propriet\u00e0 dell\u2019acqua (<strong><a href=\"https:\/\/www.msn.unipi.it\/wp-content\/uploads\/2023\/09\/H2O-Una-molecola-speciale.mp4\" target=\"_blank\" rel=\"noopener\">I parte<\/a><\/strong>) e breve storia della sua comparsa e diffusione sul pianeta (<strong><a href=\"https:\/\/www.msn.unipi.it\/wp-content\/uploads\/2023\/09\/storia-dellacqua-in-10-tappe.pdf\" target=\"_blank\" rel=\"noopener\">II parte<\/a><\/strong>) a cura della professoressa Elena Bonaccorsi e della dottoressa Silvia Sorbi (Museo di Storia Naturale dell\u2019Universit\u00e0 di Pisa).<\/p>\n<p>Attivit\u00e0 dedicate alle propriet\u00e0 dell\u2019acqua:<br \/>\n\u2022 primaria:<a href=\"https:\/\/www.msn.unipi.it\/wp-content\/uploads\/2023\/09\/Laboratorio-IL-CICLO-DELLACQUA.pdf\" target=\"_blank\" rel=\"noopener\"> laboratorio sul ciclo dell\u2019acqua<\/a> (utilizzando come base il <a href=\"https:\/\/www.msn.unipi.it\/wp-content\/uploads\/2023\/09\/POSTER-corso-dacqua.pdf\" target=\"_blank\" rel=\"noopener\">poster del corso d\u2019acqua<\/a>);<br \/>\n\u2022 medie: <a href=\"https:\/\/www.msn.unipi.it\/wp-content\/uploads\/2023\/09\/Laboratorio-DIAGRAMMA-PASSAGGI-DI-STATO.pdf\" target=\"_blank\" rel=\"noopener\">esperimenti sui passaggi di stato dell\u2019acqua<\/a>;<br \/>\n\u2022 superiori: esperienze sulle propriet\u00e0 fisico-chimiche dell\u2019acqua (<a href=\"https:\/\/www.msn.unipi.it\/wp-content\/uploads\/2023\/09\/1-Quanta-acqua-sulla-Terra.pdf\" target=\"_blank\" rel=\"noopener\">1<\/a>, <a href=\"https:\/\/www.msn.unipi.it\/wp-content\/uploads\/2023\/09\/2-Ciclo-acqua-sotterranea.pdf\" target=\"_blank\" rel=\"noopener\">2<\/a> e <a href=\"https:\/\/www.msn.unipi.it\/wp-content\/uploads\/2023\/09\/3-Espansione-termica-comportamento-anomalo-acqua.pdf\" target=\"_blank\" rel=\"noopener\">3<\/a>).<\/p>\n<p><a href=\"https:\/\/www.msn.unipi.it\/wp-content\/uploads\/2023\/09\/Limportanza-di-essere-acqua.pdf\" target=\"_blank\" rel=\"noopener\"><strong>&#8220;L\u2019importanza di essere acqua&#8221;<\/strong><\/a> intervento dedicato alla conoscenza della risorsa acqua e alla sensibilizzazione verso una sua corretta gestione a cura del dottor Yuri Galletti (<a href=\"https:\/\/www.semidiscienza.it\/\" target=\"_blank\" rel=\"noopener\">Semi di Scienza associazione di promozione sociale<\/a>).<\/p>\n<p>Tavole rotonde.<\/p>\n<p>&nbsp;<\/p>\n","protected":false},"excerpt":{"rendered":"<p>\u201cH2O, una molecola speciale\u201d introduzione dedicata alle propriet\u00e0 dell\u2019acqua (I parte) e breve storia della sua comparsa e diffusione sul pianeta (II parte) a cura della professoressa Elena Bonaccorsi e della dottoressa Silvia Sorbi (Museo di Storia Naturale dell\u2019Universit\u00e0 di Pisa). Attivit\u00e0 dedicate alle propriet\u00e0 dell\u2019acqua: \u2022 primaria: laboratorio sul ciclo dell\u2019acqua (utilizzando come base&nbsp; <a href=\"https:\/\/www.msn.unipi.it\/it\/attivita-docenti\/il-valore-dellacqua\/i-giorno-pianeta-acqua\/\">&hellip;  <i class=\"fa fa-chevron-right\"><\/i><\/a><\/p>\n","protected":false},"author":7,"featured_media":7525,"parent":27839,"menu_order":0,"comment_status":"closed","ping_status":"closed","template":"","meta":{"footnotes":""},"class_list":["post-27847","page","type-page","status-publish","has-post-thumbnail","hentry"],"yoast_head":"<!-- This site is optimized with the Yoast SEO plugin v26.8 - https:\/\/yoast.com\/product\/yoast-seo-wordpress\/ -->\n<title>I GIORNO \u201cPianeta Acqua\u201d - Museo di Storia Naturale dell&#039;Universit\u00e0 di Pisa<\/title>\n<meta name=\"description\" content=\"\u201cH2O, una molecola speciale\u201d introduzione dedicata alle propriet\u00e0 dell\u2019acqua (I parte) e breve storia della sua comparsa e diffusione sul pianeta (II\" \/>\n<meta name=\"robots\" content=\"index, follow, max-snippet:-1, max-image-preview:large, max-video-preview:-1\" \/>\n<link rel=\"canonical\" href=\"https:\/\/www.msn.unipi.it\/it\/attivita-docenti\/il-valore-dellacqua\/i-giorno-pianeta-acqua\/\" \/>\n<meta property=\"og:locale\" content=\"it_IT\" \/>\n<meta property=\"og:type\" content=\"article\" \/>\n<meta property=\"og:title\" content=\"I GIORNO \u201cPianeta Acqua\u201d - Museo di Storia Naturale dell&#039;Universit\u00e0 di Pisa\" \/>\n<meta property=\"og:description\" content=\"\u201cH2O, una molecola speciale\u201d introduzione dedicata alle propriet\u00e0 dell\u2019acqua (I parte) e breve storia della sua comparsa e diffusione sul pianeta (II\" \/>\n<meta property=\"og:url\" content=\"https:\/\/www.msn.unipi.it\/it\/attivita-docenti\/il-valore-dellacqua\/i-giorno-pianeta-acqua\/\" \/>\n<meta property=\"og:site_name\" content=\"Museo di Storia Naturale dell&#039;Universit\u00e0 di Pisa\" \/>\n<meta property=\"article:publisher\" content=\"https:\/\/www.facebook.com\/Museo-di-Storia-Naturale-Universit%c3%a0-di-Pisa-277794215612108\/\" \/>\n<meta property=\"article:modified_time\" content=\"2023-09-25T10:12:28+00:00\" \/>\n<meta property=\"og:image\" content=\"https:\/\/www.msn.unipi.it\/wp-content\/uploads\/2011\/04\/madreporaTG.jpg\" \/>\n\t<meta property=\"og:image:width\" content=\"2048\" \/>\n\t<meta property=\"og:image:height\" content=\"342\" \/>\n\t<meta property=\"og:image:type\" content=\"image\/jpeg\" \/>\n<meta name=\"twitter:card\" content=\"summary_large_image\" \/>\n<meta name=\"twitter:site\" content=\"@msncalci\" \/>\n<meta name=\"twitter:label1\" content=\"Tempo di lettura stimato\" \/>\n\t<meta name=\"twitter:data1\" content=\"1 minuto\" \/>\n<script type=\"application\/ld+json\" class=\"yoast-schema-graph\">{\"@context\":\"https:\/\/schema.org\",\"@graph\":[{\"@type\":\"WebPage\",\"@id\":\"https:\/\/www.msn.unipi.it\/it\/attivita-docenti\/il-valore-dellacqua\/i-giorno-pianeta-acqua\/\",\"url\":\"https:\/\/www.msn.unipi.it\/it\/attivita-docenti\/il-valore-dellacqua\/i-giorno-pianeta-acqua\/\",\"name\":\"I GIORNO \u201cPianeta Acqua\u201d - Museo di Storia Naturale dell&#039;Universit\u00e0 di Pisa\",\"isPartOf\":{\"@id\":\"https:\/\/www.msn.unipi.it\/it\/#website\"},\"primaryImageOfPage\":{\"@id\":\"https:\/\/www.msn.unipi.it\/it\/attivita-docenti\/il-valore-dellacqua\/i-giorno-pianeta-acqua\/#primaryimage\"},\"image\":{\"@id\":\"https:\/\/www.msn.unipi.it\/it\/attivita-docenti\/il-valore-dellacqua\/i-giorno-pianeta-acqua\/#primaryimage\"},\"thumbnailUrl\":\"https:\/\/www.msn.unipi.it\/wp-content\/uploads\/2011\/04\/madreporaTG.jpg\",\"datePublished\":\"2023-09-04T15:31:48+00:00\",\"dateModified\":\"2023-09-25T10:12:28+00:00\",\"description\":\"\u201cH2O, una molecola speciale\u201d introduzione dedicata alle propriet\u00e0 dell\u2019acqua (I parte) e breve storia della sua comparsa e diffusione sul pianeta (II\",\"breadcrumb\":{\"@id\":\"https:\/\/www.msn.unipi.it\/it\/attivita-docenti\/il-valore-dellacqua\/i-giorno-pianeta-acqua\/#breadcrumb\"},\"inLanguage\":\"it-IT\",\"potentialAction\":[{\"@type\":\"ReadAction\",\"target\":[\"https:\/\/www.msn.unipi.it\/it\/attivita-docenti\/il-valore-dellacqua\/i-giorno-pianeta-acqua\/\"]}]},{\"@type\":\"ImageObject\",\"inLanguage\":\"it-IT\",\"@id\":\"https:\/\/www.msn.unipi.it\/it\/attivita-docenti\/il-valore-dellacqua\/i-giorno-pianeta-acqua\/#primaryimage\",\"url\":\"https:\/\/www.msn.unipi.it\/wp-content\/uploads\/2011\/04\/madreporaTG.jpg\",\"contentUrl\":\"https:\/\/www.msn.unipi.it\/wp-content\/uploads\/2011\/04\/madreporaTG.jpg\",\"width\":2048,\"height\":342},{\"@type\":\"BreadcrumbList\",\"@id\":\"https:\/\/www.msn.unipi.it\/it\/attivita-docenti\/il-valore-dellacqua\/i-giorno-pianeta-acqua\/#breadcrumb\",\"itemListElement\":[{\"@type\":\"ListItem\",\"position\":1,\"name\":\"Home\",\"item\":\"https:\/\/www.msn.unipi.it\/it\/\"},{\"@type\":\"ListItem\",\"position\":2,\"name\":\"Archivio formazione insegnanti\",\"item\":\"https:\/\/www.msn.unipi.it\/it\/attivita-docenti\/\"},{\"@type\":\"ListItem\",\"position\":3,\"name\":\"Il Valore dell&#8217;Acqua\",\"item\":\"https:\/\/www.msn.unipi.it\/it\/attivita-docenti\/il-valore-dellacqua\/\"},{\"@type\":\"ListItem\",\"position\":4,\"name\":\"I GIORNO \u201cPianeta Acqua\u201d\"}]},{\"@type\":\"WebSite\",\"@id\":\"https:\/\/www.msn.unipi.it\/it\/#website\",\"url\":\"https:\/\/www.msn.unipi.it\/it\/\",\"name\":\"Museo di Storia Naturale dell&#039;Universit\u00e0 di Pisa\",\"description\":\"\",\"publisher\":{\"@id\":\"https:\/\/www.msn.unipi.it\/it\/#organization\"},\"potentialAction\":[{\"@type\":\"SearchAction\",\"target\":{\"@type\":\"EntryPoint\",\"urlTemplate\":\"https:\/\/www.msn.unipi.it\/it\/?s={search_term_string}\"},\"query-input\":{\"@type\":\"PropertyValueSpecification\",\"valueRequired\":true,\"valueName\":\"search_term_string\"}}],\"inLanguage\":\"it-IT\"},{\"@type\":\"Organization\",\"@id\":\"https:\/\/www.msn.unipi.it\/it\/#organization\",\"name\":\"Museo di Storia Naturale dell'Universit\u00e0 di Pisa\",\"url\":\"https:\/\/www.msn.unipi.it\/it\/\",\"logo\":{\"@type\":\"ImageObject\",\"inLanguage\":\"it-IT\",\"@id\":\"https:\/\/www.msn.unipi.it\/it\/#\/schema\/logo\/image\/\",\"url\":\"https:\/\/www.msn.unipi.it\/wp-content\/uploads\/2016\/07\/footer-logo.png\",\"contentUrl\":\"https:\/\/www.msn.unipi.it\/wp-content\/uploads\/2016\/07\/footer-logo.png\",\"width\":220,\"height\":95,\"caption\":\"Museo di Storia Naturale dell'Universit\u00e0 di Pisa\"},\"image\":{\"@id\":\"https:\/\/www.msn.unipi.it\/it\/#\/schema\/logo\/image\/\"},\"sameAs\":[\"https:\/\/www.facebook.com\/Museo-di-Storia-Naturale-Universit\u00e0-di-Pisa-277794215612108\/\",\"https:\/\/x.com\/msncalci\",\"https:\/\/www.instagram.com\/museostorianaturale_calci\/\",\"https:\/\/www.youtube.com\/channel\/UCDaMBe_RegmdCnxLPmryMxw\"]}]}<\/script>\n<!-- \/ Yoast SEO plugin. -->","yoast_head_json":{"title":"I GIORNO \u201cPianeta Acqua\u201d - Museo di Storia Naturale dell&#039;Universit\u00e0 di Pisa","description":"\u201cH2O, una molecola speciale\u201d introduzione dedicata alle propriet\u00e0 dell\u2019acqua (I parte) e breve storia della sua comparsa e diffusione sul pianeta (II","robots":{"index":"index","follow":"follow","max-snippet":"max-snippet:-1","max-image-preview":"max-image-preview:large","max-video-preview":"max-video-preview:-1"},"canonical":"https:\/\/www.msn.unipi.it\/it\/attivita-docenti\/il-valore-dellacqua\/i-giorno-pianeta-acqua\/","og_locale":"it_IT","og_type":"article","og_title":"I GIORNO \u201cPianeta Acqua\u201d - Museo di Storia Naturale dell&#039;Universit\u00e0 di Pisa","og_description":"\u201cH2O, una molecola speciale\u201d introduzione dedicata alle propriet\u00e0 dell\u2019acqua (I parte) e breve storia della sua comparsa e diffusione sul pianeta (II","og_url":"https:\/\/www.msn.unipi.it\/it\/attivita-docenti\/il-valore-dellacqua\/i-giorno-pianeta-acqua\/","og_site_name":"Museo di Storia Naturale dell&#039;Universit\u00e0 di Pisa","article_publisher":"https:\/\/www.facebook.com\/Museo-di-Storia-Naturale-Universit%c3%a0-di-Pisa-277794215612108\/","article_modified_time":"2023-09-25T10:12:28+00:00","og_image":[{"width":2048,"height":342,"url":"https:\/\/www.msn.unipi.it\/wp-content\/uploads\/2011\/04\/madreporaTG.jpg","type":"image\/jpeg"}],"twitter_card":"summary_large_image","twitter_site":"@msncalci","twitter_misc":{"Tempo di lettura stimato":"1 minuto"},"schema":{"@context":"https:\/\/schema.org","@graph":[{"@type":"WebPage","@id":"https:\/\/www.msn.unipi.it\/it\/attivita-docenti\/il-valore-dellacqua\/i-giorno-pianeta-acqua\/","url":"https:\/\/www.msn.unipi.it\/it\/attivita-docenti\/il-valore-dellacqua\/i-giorno-pianeta-acqua\/","name":"I GIORNO \u201cPianeta Acqua\u201d - Museo di Storia Naturale dell&#039;Universit\u00e0 di Pisa","isPartOf":{"@id":"https:\/\/www.msn.unipi.it\/it\/#website"},"primaryImageOfPage":{"@id":"https:\/\/www.msn.unipi.it\/it\/attivita-docenti\/il-valore-dellacqua\/i-giorno-pianeta-acqua\/#primaryimage"},"image":{"@id":"https:\/\/www.msn.unipi.it\/it\/attivita-docenti\/il-valore-dellacqua\/i-giorno-pianeta-acqua\/#primaryimage"},"thumbnailUrl":"https:\/\/www.msn.unipi.it\/wp-content\/uploads\/2011\/04\/madreporaTG.jpg","datePublished":"2023-09-04T15:31:48+00:00","dateModified":"2023-09-25T10:12:28+00:00","description":"\u201cH2O, una molecola speciale\u201d introduzione dedicata alle propriet\u00e0 dell\u2019acqua (I parte) e breve storia della sua comparsa e diffusione sul pianeta (II","breadcrumb":{"@id":"https:\/\/www.msn.unipi.it\/it\/attivita-docenti\/il-valore-dellacqua\/i-giorno-pianeta-acqua\/#breadcrumb"},"inLanguage":"it-IT","potentialAction":[{"@type":"ReadAction","target":["https:\/\/www.msn.unipi.it\/it\/attivita-docenti\/il-valore-dellacqua\/i-giorno-pianeta-acqua\/"]}]},{"@type":"ImageObject","inLanguage":"it-IT","@id":"https:\/\/www.msn.unipi.it\/it\/attivita-docenti\/il-valore-dellacqua\/i-giorno-pianeta-acqua\/#primaryimage","url":"https:\/\/www.msn.unipi.it\/wp-content\/uploads\/2011\/04\/madreporaTG.jpg","contentUrl":"https:\/\/www.msn.unipi.it\/wp-content\/uploads\/2011\/04\/madreporaTG.jpg","width":2048,"height":342},{"@type":"BreadcrumbList","@id":"https:\/\/www.msn.unipi.it\/it\/attivita-docenti\/il-valore-dellacqua\/i-giorno-pianeta-acqua\/#breadcrumb","itemListElement":[{"@type":"ListItem","position":1,"name":"Home","item":"https:\/\/www.msn.unipi.it\/it\/"},{"@type":"ListItem","position":2,"name":"Archivio formazione insegnanti","item":"https:\/\/www.msn.unipi.it\/it\/attivita-docenti\/"},{"@type":"ListItem","position":3,"name":"Il Valore dell&#8217;Acqua","item":"https:\/\/www.msn.unipi.it\/it\/attivita-docenti\/il-valore-dellacqua\/"},{"@type":"ListItem","position":4,"name":"I GIORNO \u201cPianeta Acqua\u201d"}]},{"@type":"WebSite","@id":"https:\/\/www.msn.unipi.it\/it\/#website","url":"https:\/\/www.msn.unipi.it\/it\/","name":"Museo di Storia Naturale dell&#039;Universit\u00e0 di Pisa","description":"","publisher":{"@id":"https:\/\/www.msn.unipi.it\/it\/#organization"},"potentialAction":[{"@type":"SearchAction","target":{"@type":"EntryPoint","urlTemplate":"https:\/\/www.msn.unipi.it\/it\/?s={search_term_string}"},"query-input":{"@type":"PropertyValueSpecification","valueRequired":true,"valueName":"search_term_string"}}],"inLanguage":"it-IT"},{"@type":"Organization","@id":"https:\/\/www.msn.unipi.it\/it\/#organization","name":"Museo di Storia Naturale dell'Universit\u00e0 di Pisa","url":"https:\/\/www.msn.unipi.it\/it\/","logo":{"@type":"ImageObject","inLanguage":"it-IT","@id":"https:\/\/www.msn.unipi.it\/it\/#\/schema\/logo\/image\/","url":"https:\/\/www.msn.unipi.it\/wp-content\/uploads\/2016\/07\/footer-logo.png","contentUrl":"https:\/\/www.msn.unipi.it\/wp-content\/uploads\/2016\/07\/footer-logo.png","width":220,"height":95,"caption":"Museo di Storia Naturale dell'Universit\u00e0 di Pisa"},"image":{"@id":"https:\/\/www.msn.unipi.it\/it\/#\/schema\/logo\/image\/"},"sameAs":["https:\/\/www.facebook.com\/Museo-di-Storia-Naturale-Universit\u00e0-di-Pisa-277794215612108\/","https:\/\/x.com\/msncalci","https:\/\/www.instagram.com\/museostorianaturale_calci\/","https:\/\/www.youtube.com\/channel\/UCDaMBe_RegmdCnxLPmryMxw"]}]}},"jetpack_sharing_enabled":true,"_links":{"self":[{"href":"https:\/\/www.msn.unipi.it\/it\/wp-json\/wp\/v2\/pages\/27847","targetHints":{"allow":["GET"]}}],"collection":[{"href":"https:\/\/www.msn.unipi.it\/it\/wp-json\/wp\/v2\/pages"}],"about":[{"href":"https:\/\/www.msn.unipi.it\/it\/wp-json\/wp\/v2\/types\/page"}],"author":[{"embeddable":true,"href":"https:\/\/www.msn.unipi.it\/it\/wp-json\/wp\/v2\/users\/7"}],"replies":[{"embeddable":true,"href":"https:\/\/www.msn.unipi.it\/it\/wp-json\/wp\/v2\/comments?post=27847"}],"version-history":[{"count":6,"href":"https:\/\/www.msn.unipi.it\/it\/wp-json\/wp\/v2\/pages\/27847\/revisions"}],"predecessor-version":[{"id":28097,"href":"https:\/\/www.msn.unipi.it\/it\/wp-json\/wp\/v2\/pages\/27847\/revisions\/28097"}],"up":[{"embeddable":true,"href":"https:\/\/www.msn.unipi.it\/it\/wp-json\/wp\/v2\/pages\/27839"}],"wp:featuredmedia":[{"embeddable":true,"href":"https:\/\/www.msn.unipi.it\/it\/wp-json\/wp\/v2\/media\/7525"}],"wp:attachment":[{"href":"https:\/\/www.msn.unipi.it\/it\/wp-json\/wp\/v2\/media?parent=27847"}],"curies":[{"name":"wp","href":"https:\/\/api.w.org\/{rel}","templated":true}]}}