{"id":27973,"date":"2023-09-14T15:55:46","date_gmt":"2023-09-14T13:55:46","guid":{"rendered":"https:\/\/www.msn.unipi.it\/?page_id=27973"},"modified":"2023-09-18T17:55:17","modified_gmt":"2023-09-18T15:55:17","slug":"giochi-e-giocattoli-per-nascondersi-o-mostrarsi","status":"publish","type":"page","link":"https:\/\/www.msn.unipi.it\/it\/attivita-docenti\/giochi-e-giocattoli-per-nascondersi-o-mostrarsi\/","title":{"rendered":"Giochi e giocattoli per nascondersi o mostrarsi"},"content":{"rendered":"<h4 style=\"text-align: center;\">Corso di formazione per insegnanti delle scuole dell\u2019Infanzia<br \/>\nanno scolastico 2023-2024<\/h4>\n<h3>Il tema<\/h3>\n<p>Nell\u2019ambito del progetto <em>\u201cLe Scienze, il Museo e la Scuola\u201d<\/em> il Museo, in collaborazione con il professor Luca Dini, ha proposto una nuova occasione di formazione per docenti delle scuole dell\u2019infanzia, un corso di un\u2019intera giornata (10 ore), a carattere pratico-teorico, dedicato alla sperimentazione di attivit\u00e0 ludico-didattiche da riproporre ai bambini in modo consapevole e competente. Il Corso ha permesso ai docenti di lavorare su s\u00e9 stessi, di mettersi in gioco e di riconoscere e superare limiti e timori.<br \/>\nIl Corso comprende una visita emozionale alla mostra <em>\u201cKrypt\u00f2s. Inganno e mimetismo nel mondo animale\u201d<\/em>, attivit\u00e0 ludico-didattiche individuali e di gruppo, tavole rotonde e realizzazione di giocattoli per un totale di 10 ore.<\/p>\n<p>9.00 \u2013 9.15 Accoglienza iscritti, saluti della Direttrice del Museo la professoressa Elena Bonaccorsi.<br \/>\n9.15 \u2013 9.45 Introduzione sugli aspetti pedagogici della giornata formativa a cura di Luca Dini.<br \/>\n9.45 \u2013 10.30 2 Giochi per conoscersi: un gioco di presentazione e un gioco per scoprire alcune cose di s\u00e9 e degli altri (<a href=\"https:\/\/www.msn.unipi.it\/wp-content\/uploads\/2023\/09\/Scheda-di-conoscenza.pdf\" target=\"_blank\" rel=\"noopener\">scheda di conoscenza<\/a>, si possono creare schede con tanti altri tipi di domande).<br \/>\n10.30 \u2013 11.00 Pausa caff\u00e8.<br \/>\n11.00 \u2013 12.30 Visita emozionale alla mostra <strong><a href=\"https:\/\/www.msn.unipi.it\/it\/eventi\/kryptos-inganno-e-mimetismo-nel-mondo-animale\/\" target=\"_blank\" rel=\"noopener\">\u201cKrypt\u00f2s. Inganno e mimetismo nel mondo animale\u201d<\/a> <\/strong>a cura di Silvia Sorbi (<a href=\"https:\/\/www.msn.unipi.it\/wp-content\/uploads\/2023\/09\/appunti-sul-Mimetismo.pdf\" target=\"_blank\" rel=\"noopener\">Appunti sul mimetismo<\/a>). Visita dedicata a riflessioni sulle aspettative e sulle emozioni che possono suscitare in noi e nei bambini le immagini, i video e gli animali presenti nella mostra; con particolare attenzione a ci\u00f2 che attrae e a ci\u00f2 che pu\u00f2 spaventare.<br \/>\n12.30 \u2013 13.30 Giocare a nascondersi e a nascondere con esempi di attivit\u00e0 di nascondino in sicurezza sia in ambienti aperti sia in ambienti chiusi.<br \/>\n13.30 \u2013 15.00 Pausa pranzo.<br \/>\n15.00 \u2013 18.00 Laboratorio <em>\u201cCrea la tua scatola di luce\u201d<\/em>: lettura del racconto <strong><a href=\"https:\/\/www.msn.unipi.it\/wp-content\/uploads\/2023\/09\/In-una-notte-di-temporale.pdf\" target=\"_blank\" rel=\"noopener\">\u201cIn una notte di temporale\u201d<\/a><\/strong> con finale sospeso; realizzazione di un teatrino con scatola per le scarpe, cartoncino nero e fogli di carta velina colorata; rappresentazione con il teatrino dei possibili finali del racconto.<br \/>\nProposta di creare una storia simile con la scatola di luce che abbiamo come protagonisti due animali rappresentati nella mostra <em>\u201cKrypt\u00f2s. Inganno e mimetismo nel mondo animale\u201d<\/em>.<br \/>\n18.00 \u2013 19.00 Tavole rotonde di confronto e discussione.<\/p>\n","protected":false},"excerpt":{"rendered":"<p>Corso di formazione per insegnanti delle scuole dell\u2019Infanzia anno scolastico 2023-2024 Il tema Nell\u2019ambito del progetto \u201cLe Scienze, il Museo e la Scuola\u201d il Museo, in collaborazione con il professor Luca Dini, ha proposto una nuova occasione di formazione per docenti delle scuole dell\u2019infanzia, un corso di un\u2019intera giornata (10 ore), a carattere pratico-teorico, dedicato&nbsp; <a href=\"https:\/\/www.msn.unipi.it\/it\/attivita-docenti\/giochi-e-giocattoli-per-nascondersi-o-mostrarsi\/\">&hellip;  <i class=\"fa fa-chevron-right\"><\/i><\/a><\/p>\n","protected":false},"author":7,"featured_media":7525,"parent":6109,"menu_order":0,"comment_status":"closed","ping_status":"closed","template":"","meta":{"footnotes":""},"class_list":["post-27973","page","type-page","status-publish","has-post-thumbnail","hentry"],"yoast_head":"<!-- This site is optimized with the Yoast SEO plugin v26.8 - https:\/\/yoast.com\/product\/yoast-seo-wordpress\/ -->\n<title>Giochi e giocattoli per nascondersi o mostrarsi - Museo di Storia Naturale dell&#039;Universit\u00e0 di Pisa<\/title>\n<meta name=\"description\" content=\"Corso di formazione per insegnanti delle scuole dell\u2019Infanzia anno scolastico 2023-2024 Il tema Nell\u2019ambito del progetto \u201cLe Scienze, il Museo e la\" \/>\n<meta name=\"robots\" content=\"index, follow, max-snippet:-1, max-image-preview:large, max-video-preview:-1\" \/>\n<link rel=\"canonical\" href=\"https:\/\/www.msn.unipi.it\/it\/attivita-docenti\/giochi-e-giocattoli-per-nascondersi-o-mostrarsi\/\" \/>\n<meta property=\"og:locale\" content=\"it_IT\" \/>\n<meta property=\"og:type\" content=\"article\" \/>\n<meta property=\"og:title\" content=\"Giochi e giocattoli per nascondersi o mostrarsi - Museo di Storia Naturale dell&#039;Universit\u00e0 di Pisa\" \/>\n<meta property=\"og:description\" content=\"Corso di formazione per insegnanti delle scuole dell\u2019Infanzia anno scolastico 2023-2024 Il tema Nell\u2019ambito del progetto \u201cLe Scienze, il Museo e la\" \/>\n<meta property=\"og:url\" content=\"https:\/\/www.msn.unipi.it\/it\/attivita-docenti\/giochi-e-giocattoli-per-nascondersi-o-mostrarsi\/\" \/>\n<meta property=\"og:site_name\" content=\"Museo di Storia Naturale dell&#039;Universit\u00e0 di Pisa\" \/>\n<meta property=\"article:publisher\" content=\"https:\/\/www.facebook.com\/Museo-di-Storia-Naturale-Universit%c3%a0-di-Pisa-277794215612108\/\" \/>\n<meta property=\"article:modified_time\" content=\"2023-09-18T15:55:17+00:00\" \/>\n<meta property=\"og:image\" content=\"https:\/\/www.msn.unipi.it\/wp-content\/uploads\/2011\/04\/madreporaTG.jpg\" \/>\n\t<meta property=\"og:image:width\" content=\"2048\" \/>\n\t<meta property=\"og:image:height\" content=\"342\" \/>\n\t<meta property=\"og:image:type\" content=\"image\/jpeg\" \/>\n<meta name=\"twitter:card\" content=\"summary_large_image\" \/>\n<meta name=\"twitter:site\" content=\"@msncalci\" \/>\n<meta name=\"twitter:label1\" content=\"Tempo di lettura stimato\" \/>\n\t<meta name=\"twitter:data1\" content=\"2 minuti\" \/>\n<script type=\"application\/ld+json\" class=\"yoast-schema-graph\">{\"@context\":\"https:\/\/schema.org\",\"@graph\":[{\"@type\":\"WebPage\",\"@id\":\"https:\/\/www.msn.unipi.it\/it\/attivita-docenti\/giochi-e-giocattoli-per-nascondersi-o-mostrarsi\/\",\"url\":\"https:\/\/www.msn.unipi.it\/it\/attivita-docenti\/giochi-e-giocattoli-per-nascondersi-o-mostrarsi\/\",\"name\":\"Giochi e giocattoli per nascondersi o mostrarsi - Museo di Storia Naturale dell&#039;Universit\u00e0 di Pisa\",\"isPartOf\":{\"@id\":\"https:\/\/www.msn.unipi.it\/it\/#website\"},\"primaryImageOfPage\":{\"@id\":\"https:\/\/www.msn.unipi.it\/it\/attivita-docenti\/giochi-e-giocattoli-per-nascondersi-o-mostrarsi\/#primaryimage\"},\"image\":{\"@id\":\"https:\/\/www.msn.unipi.it\/it\/attivita-docenti\/giochi-e-giocattoli-per-nascondersi-o-mostrarsi\/#primaryimage\"},\"thumbnailUrl\":\"https:\/\/www.msn.unipi.it\/wp-content\/uploads\/2011\/04\/madreporaTG.jpg\",\"datePublished\":\"2023-09-14T13:55:46+00:00\",\"dateModified\":\"2023-09-18T15:55:17+00:00\",\"description\":\"Corso di formazione per insegnanti delle scuole dell\u2019Infanzia anno scolastico 2023-2024 Il tema Nell\u2019ambito del progetto \u201cLe Scienze, il Museo e la\",\"breadcrumb\":{\"@id\":\"https:\/\/www.msn.unipi.it\/it\/attivita-docenti\/giochi-e-giocattoli-per-nascondersi-o-mostrarsi\/#breadcrumb\"},\"inLanguage\":\"it-IT\",\"potentialAction\":[{\"@type\":\"ReadAction\",\"target\":[\"https:\/\/www.msn.unipi.it\/it\/attivita-docenti\/giochi-e-giocattoli-per-nascondersi-o-mostrarsi\/\"]}]},{\"@type\":\"ImageObject\",\"inLanguage\":\"it-IT\",\"@id\":\"https:\/\/www.msn.unipi.it\/it\/attivita-docenti\/giochi-e-giocattoli-per-nascondersi-o-mostrarsi\/#primaryimage\",\"url\":\"https:\/\/www.msn.unipi.it\/wp-content\/uploads\/2011\/04\/madreporaTG.jpg\",\"contentUrl\":\"https:\/\/www.msn.unipi.it\/wp-content\/uploads\/2011\/04\/madreporaTG.jpg\",\"width\":2048,\"height\":342},{\"@type\":\"BreadcrumbList\",\"@id\":\"https:\/\/www.msn.unipi.it\/it\/attivita-docenti\/giochi-e-giocattoli-per-nascondersi-o-mostrarsi\/#breadcrumb\",\"itemListElement\":[{\"@type\":\"ListItem\",\"position\":1,\"name\":\"Home\",\"item\":\"https:\/\/www.msn.unipi.it\/it\/\"},{\"@type\":\"ListItem\",\"position\":2,\"name\":\"Archivio formazione insegnanti\",\"item\":\"https:\/\/www.msn.unipi.it\/it\/attivita-docenti\/\"},{\"@type\":\"ListItem\",\"position\":3,\"name\":\"Giochi e giocattoli per nascondersi o mostrarsi\"}]},{\"@type\":\"WebSite\",\"@id\":\"https:\/\/www.msn.unipi.it\/it\/#website\",\"url\":\"https:\/\/www.msn.unipi.it\/it\/\",\"name\":\"Museo di Storia Naturale dell&#039;Universit\u00e0 di Pisa\",\"description\":\"\",\"publisher\":{\"@id\":\"https:\/\/www.msn.unipi.it\/it\/#organization\"},\"potentialAction\":[{\"@type\":\"SearchAction\",\"target\":{\"@type\":\"EntryPoint\",\"urlTemplate\":\"https:\/\/www.msn.unipi.it\/it\/?s={search_term_string}\"},\"query-input\":{\"@type\":\"PropertyValueSpecification\",\"valueRequired\":true,\"valueName\":\"search_term_string\"}}],\"inLanguage\":\"it-IT\"},{\"@type\":\"Organization\",\"@id\":\"https:\/\/www.msn.unipi.it\/it\/#organization\",\"name\":\"Museo di Storia Naturale dell'Universit\u00e0 di Pisa\",\"url\":\"https:\/\/www.msn.unipi.it\/it\/\",\"logo\":{\"@type\":\"ImageObject\",\"inLanguage\":\"it-IT\",\"@id\":\"https:\/\/www.msn.unipi.it\/it\/#\/schema\/logo\/image\/\",\"url\":\"https:\/\/www.msn.unipi.it\/wp-content\/uploads\/2016\/07\/footer-logo.png\",\"contentUrl\":\"https:\/\/www.msn.unipi.it\/wp-content\/uploads\/2016\/07\/footer-logo.png\",\"width\":220,\"height\":95,\"caption\":\"Museo di Storia Naturale dell'Universit\u00e0 di Pisa\"},\"image\":{\"@id\":\"https:\/\/www.msn.unipi.it\/it\/#\/schema\/logo\/image\/\"},\"sameAs\":[\"https:\/\/www.facebook.com\/Museo-di-Storia-Naturale-Universit\u00e0-di-Pisa-277794215612108\/\",\"https:\/\/x.com\/msncalci\",\"https:\/\/www.instagram.com\/museostorianaturale_calci\/\",\"https:\/\/www.youtube.com\/channel\/UCDaMBe_RegmdCnxLPmryMxw\"]}]}<\/script>\n<!-- \/ Yoast SEO plugin. -->","yoast_head_json":{"title":"Giochi e giocattoli per nascondersi o mostrarsi - Museo di Storia Naturale dell&#039;Universit\u00e0 di Pisa","description":"Corso di formazione per insegnanti delle scuole dell\u2019Infanzia anno scolastico 2023-2024 Il tema Nell\u2019ambito del progetto \u201cLe Scienze, il Museo e la","robots":{"index":"index","follow":"follow","max-snippet":"max-snippet:-1","max-image-preview":"max-image-preview:large","max-video-preview":"max-video-preview:-1"},"canonical":"https:\/\/www.msn.unipi.it\/it\/attivita-docenti\/giochi-e-giocattoli-per-nascondersi-o-mostrarsi\/","og_locale":"it_IT","og_type":"article","og_title":"Giochi e giocattoli per nascondersi o mostrarsi - Museo di Storia Naturale dell&#039;Universit\u00e0 di Pisa","og_description":"Corso di formazione per insegnanti delle scuole dell\u2019Infanzia anno scolastico 2023-2024 Il tema Nell\u2019ambito del progetto \u201cLe Scienze, il Museo e la","og_url":"https:\/\/www.msn.unipi.it\/it\/attivita-docenti\/giochi-e-giocattoli-per-nascondersi-o-mostrarsi\/","og_site_name":"Museo di Storia Naturale dell&#039;Universit\u00e0 di Pisa","article_publisher":"https:\/\/www.facebook.com\/Museo-di-Storia-Naturale-Universit%c3%a0-di-Pisa-277794215612108\/","article_modified_time":"2023-09-18T15:55:17+00:00","og_image":[{"width":2048,"height":342,"url":"https:\/\/www.msn.unipi.it\/wp-content\/uploads\/2011\/04\/madreporaTG.jpg","type":"image\/jpeg"}],"twitter_card":"summary_large_image","twitter_site":"@msncalci","twitter_misc":{"Tempo di lettura stimato":"2 minuti"},"schema":{"@context":"https:\/\/schema.org","@graph":[{"@type":"WebPage","@id":"https:\/\/www.msn.unipi.it\/it\/attivita-docenti\/giochi-e-giocattoli-per-nascondersi-o-mostrarsi\/","url":"https:\/\/www.msn.unipi.it\/it\/attivita-docenti\/giochi-e-giocattoli-per-nascondersi-o-mostrarsi\/","name":"Giochi e giocattoli per nascondersi o mostrarsi - Museo di Storia Naturale dell&#039;Universit\u00e0 di Pisa","isPartOf":{"@id":"https:\/\/www.msn.unipi.it\/it\/#website"},"primaryImageOfPage":{"@id":"https:\/\/www.msn.unipi.it\/it\/attivita-docenti\/giochi-e-giocattoli-per-nascondersi-o-mostrarsi\/#primaryimage"},"image":{"@id":"https:\/\/www.msn.unipi.it\/it\/attivita-docenti\/giochi-e-giocattoli-per-nascondersi-o-mostrarsi\/#primaryimage"},"thumbnailUrl":"https:\/\/www.msn.unipi.it\/wp-content\/uploads\/2011\/04\/madreporaTG.jpg","datePublished":"2023-09-14T13:55:46+00:00","dateModified":"2023-09-18T15:55:17+00:00","description":"Corso di formazione per insegnanti delle scuole dell\u2019Infanzia anno scolastico 2023-2024 Il tema Nell\u2019ambito del progetto \u201cLe Scienze, il Museo e la","breadcrumb":{"@id":"https:\/\/www.msn.unipi.it\/it\/attivita-docenti\/giochi-e-giocattoli-per-nascondersi-o-mostrarsi\/#breadcrumb"},"inLanguage":"it-IT","potentialAction":[{"@type":"ReadAction","target":["https:\/\/www.msn.unipi.it\/it\/attivita-docenti\/giochi-e-giocattoli-per-nascondersi-o-mostrarsi\/"]}]},{"@type":"ImageObject","inLanguage":"it-IT","@id":"https:\/\/www.msn.unipi.it\/it\/attivita-docenti\/giochi-e-giocattoli-per-nascondersi-o-mostrarsi\/#primaryimage","url":"https:\/\/www.msn.unipi.it\/wp-content\/uploads\/2011\/04\/madreporaTG.jpg","contentUrl":"https:\/\/www.msn.unipi.it\/wp-content\/uploads\/2011\/04\/madreporaTG.jpg","width":2048,"height":342},{"@type":"BreadcrumbList","@id":"https:\/\/www.msn.unipi.it\/it\/attivita-docenti\/giochi-e-giocattoli-per-nascondersi-o-mostrarsi\/#breadcrumb","itemListElement":[{"@type":"ListItem","position":1,"name":"Home","item":"https:\/\/www.msn.unipi.it\/it\/"},{"@type":"ListItem","position":2,"name":"Archivio formazione insegnanti","item":"https:\/\/www.msn.unipi.it\/it\/attivita-docenti\/"},{"@type":"ListItem","position":3,"name":"Giochi e giocattoli per nascondersi o mostrarsi"}]},{"@type":"WebSite","@id":"https:\/\/www.msn.unipi.it\/it\/#website","url":"https:\/\/www.msn.unipi.it\/it\/","name":"Museo di Storia Naturale dell&#039;Universit\u00e0 di Pisa","description":"","publisher":{"@id":"https:\/\/www.msn.unipi.it\/it\/#organization"},"potentialAction":[{"@type":"SearchAction","target":{"@type":"EntryPoint","urlTemplate":"https:\/\/www.msn.unipi.it\/it\/?s={search_term_string}"},"query-input":{"@type":"PropertyValueSpecification","valueRequired":true,"valueName":"search_term_string"}}],"inLanguage":"it-IT"},{"@type":"Organization","@id":"https:\/\/www.msn.unipi.it\/it\/#organization","name":"Museo di Storia Naturale dell'Universit\u00e0 di Pisa","url":"https:\/\/www.msn.unipi.it\/it\/","logo":{"@type":"ImageObject","inLanguage":"it-IT","@id":"https:\/\/www.msn.unipi.it\/it\/#\/schema\/logo\/image\/","url":"https:\/\/www.msn.unipi.it\/wp-content\/uploads\/2016\/07\/footer-logo.png","contentUrl":"https:\/\/www.msn.unipi.it\/wp-content\/uploads\/2016\/07\/footer-logo.png","width":220,"height":95,"caption":"Museo di Storia Naturale dell'Universit\u00e0 di Pisa"},"image":{"@id":"https:\/\/www.msn.unipi.it\/it\/#\/schema\/logo\/image\/"},"sameAs":["https:\/\/www.facebook.com\/Museo-di-Storia-Naturale-Universit\u00e0-di-Pisa-277794215612108\/","https:\/\/x.com\/msncalci","https:\/\/www.instagram.com\/museostorianaturale_calci\/","https:\/\/www.youtube.com\/channel\/UCDaMBe_RegmdCnxLPmryMxw"]}]}},"jetpack_sharing_enabled":true,"_links":{"self":[{"href":"https:\/\/www.msn.unipi.it\/it\/wp-json\/wp\/v2\/pages\/27973","targetHints":{"allow":["GET"]}}],"collection":[{"href":"https:\/\/www.msn.unipi.it\/it\/wp-json\/wp\/v2\/pages"}],"about":[{"href":"https:\/\/www.msn.unipi.it\/it\/wp-json\/wp\/v2\/types\/page"}],"author":[{"embeddable":true,"href":"https:\/\/www.msn.unipi.it\/it\/wp-json\/wp\/v2\/users\/7"}],"replies":[{"embeddable":true,"href":"https:\/\/www.msn.unipi.it\/it\/wp-json\/wp\/v2\/comments?post=27973"}],"version-history":[{"count":4,"href":"https:\/\/www.msn.unipi.it\/it\/wp-json\/wp\/v2\/pages\/27973\/revisions"}],"predecessor-version":[{"id":27991,"href":"https:\/\/www.msn.unipi.it\/it\/wp-json\/wp\/v2\/pages\/27973\/revisions\/27991"}],"up":[{"embeddable":true,"href":"https:\/\/www.msn.unipi.it\/it\/wp-json\/wp\/v2\/pages\/6109"}],"wp:featuredmedia":[{"embeddable":true,"href":"https:\/\/www.msn.unipi.it\/it\/wp-json\/wp\/v2\/media\/7525"}],"wp:attachment":[{"href":"https:\/\/www.msn.unipi.it\/it\/wp-json\/wp\/v2\/media?parent=27973"}],"curies":[{"name":"wp","href":"https:\/\/api.w.org\/{rel}","templated":true}]}}