{"id":29938,"date":"2024-11-20T13:46:03","date_gmt":"2024-11-20T12:46:03","guid":{"rendered":"https:\/\/www.msn.unipi.it\/?page_id=29938"},"modified":"2025-04-28T14:10:20","modified_gmt":"2025-04-28T12:10:20","slug":"bioblitz-monte-pisano","status":"publish","type":"page","link":"https:\/\/www.msn.unipi.it\/it\/progetti-sul-territorio\/bioblitz-monte-pisano\/","title":{"rendered":"Bioblitz Monte Pisano"},"content":{"rendered":"<p>Il Bioblitz \u00e8 un&#8217;attivit\u00e0 di monitoraggio di specie animali e vegetali che coinvolge la cittadinanza con esperti che guidano e aiutano nell&#8217;identificazione delle specie. Il termine fu coniato dal National Park Service, l\u2019agenzia statunitense incaricata della gestione dei parchi nazionali, dei monumenti nazionali e di altri luoghi protetti e il primo evento Bioblitz fu tenuto a Kenilworth Aquatic Gardens, Washington DC, nel 1996. L\u2019evento ebbe molto successo e nel corso degli anni fu ripetuto in varie parti del Mondo.<\/p>\n<p>Il primo Bioblitz del Monte Pisano \u00e8 stato organizzato dalla <a href=\"https:\/\/www.santannapisa.it\/it\">Scuola Superiore Sant\u2019Anna di Pisa<\/a>, nell\u2019ambito del <a href=\"https:\/\/www.framework-biodiversity.eu\/?lang=it\">Progetto FRAMEwork<\/a>, in collaborazione con il Museo e con lo <a href=\"https:\/\/www.agroecologiacalci.it\/\">Sportello di Agroecologia di Calci<\/a> e si \u00e8 svolto il 29 Aprile 2023 nel Comune di Calci (PI). Questa prima edizione era anche inserita nel circuito internazionale City Nature Challenge 2023.<\/p>\n<p>Il secondo Bioblitz del Monte Pisano \u00e8 stato organizzato dal Museo, in collaborazione con la Scuola Superiore Sant\u2019Anna di Pisa e con lo Sportello di Agroecologia di Calci, e si \u00e8 svolto il 4 maggio 2024 presso il <a href=\"https:\/\/www.agroecologiacalci.it\/category\/parco-della-ricordanza\/\">Parco della Ricordanza<\/a>\u00a0di Montemagno (Calci \u2013 PI). Il principale obiettivo di questa edizione era avviare un censimento delle specie vegetali e animali presenti nel Parco, recentemente realizzato su un terreno colpito dall&#8217;incendio del settembre 2018.<\/p>\n<p>Il terzo Bioblitz si svolger\u00e0 nei giorni 26, 27 e 28 aprile 2025, sar\u00e0 inserito nel circuito della <a href=\"https:\/\/www.citynaturechallenge.org\/\">City Nature Challenge<\/a> e <a href=\"https:\/\/www.isprambiente.gov.it\/it\/news\/city-nature-challenge-2024-2013-partecipa-anche-tu-alla-segnalazione-di-flora-e-fauna-intorno-a-te\">CNC-Italia<\/a> gestito da ISPRA e avr\u00e0 luogo in 5 Comuni dell&#8217;area del Monte Pisano: Buti, Calci, San Giuliano Terme, Vecchiano e Vicopisano.<\/p>\n<p>Le specie avvistate durante i Bioblitz sono fotografate e inserite nel Progetto Framework biodiversit\u00e0 dei Monti Pisani, presente all\u2019interno dell\u2019App <a href=\"https:\/\/www.inaturalist.org\/\">I-Naturalist<\/a>. Scarica le <a href=\"https:\/\/www.msn.unipi.it\/wp-content\/uploads\/2024\/11\/Istruzioni-I-Naturalist.pdf\">istruzioni per la App I-Naturalist<\/a>.<\/p>\n<h5><a href=\"https:\/\/www.msn.unipi.it\/it\/progetti-sul-territorio\/bioblitz-monte-pisano\/bioblitz-2025\/\"><span class=\"lightviolet\"><strong>BIOBLITZ 2025<\/strong><\/span><\/a><\/h5>\n<div class=\"_3d-flip-book  fb3d-fullscreen-mode full-size\" data-id=\"29982\" data-mode=\"fullscreen\" data-title=\"false\" data-template=\"short-white-book-view\" data-lightbox=\"dark-shadow\" data-urlparam=\"fb3d-page\" data-page-n=\"0\" data-pdf=\"\" data-tax=\"null\" data-thumbnail=\"\" data-cols=\"3\" data-book-template=\"default\" data-trigger=\"\"><\/div><script type=\"text\/javascript\">window.FB3D_CLIENT_DATA = window.FB3D_CLIENT_DATA || [];FB3D_CLIENT_DATA.push('eyJwb3N0cyI6eyIyOTk4MiI6eyJJRCI6Mjk5ODIsInRpdGxlIjoiQmlvYmxpdHoiLCJ0eXBlIjoicGRmIiwicmVhZHlfZnVuY3Rpb24iOiIiLCJib29rX3N0eWxlIjoiZmxhdCIsImJvb2tfdGVtcGxhdGUiOiJub25lIiwib3V0bGluZSI6W10sImRhdGEiOnsicG9zdF9JRCI6IjMwMjM2IiwiZ3VpZCI6Imh0dHBzOlwvXC93d3cubXNuLnVuaXBpLml0XC93cC1jb250ZW50XC91cGxvYWRzXC8yMDI0XC8xMlwvUFJFU0VOVEFaSU9ORS1CSU9CTElUWi1wZXItc2l0by5wZGYiLCJwZGZfcGFnZXMiOiI4IiwicGFnZXNfY3VzdG9taXphdGlvbiI6Im5vbmUifSwidGh1bWJuYWlsIjp7ImRhdGEiOnsicG9zdF9JRCI6IjAifSwidHlwZSI6ImF1dG8ifSwicHJvcHMiOnsiYmFja2dyb3VuZENvbG9yIjoiYXV0byIsImJhY2tncm91bmRJbWFnZSI6ImF1dG8iLCJiYWNrZ3JvdW5kU3R5bGUiOiJhdXRvIiwiaGlnaGxpZ2h0TGlua3MiOiJhdXRvIiwibGlnaHRpbmciOiJhdXRvIiwic2luZ2xlUGFnZU1vZGUiOiJhdXRvIiwiY2FjaGVkUGFnZXMiOiJhdXRvIiwicmVuZGVySW5hY3RpdmVQYWdlcyI6ImF1dG8iLCJyZW5kZXJJbmFjdGl2ZVBhZ2VzT25Nb2JpbGUiOiJhdXRvIiwicmVuZGVyV2hpbGVGbGlwcGluZyI6ImF1dG8iLCJwcmVsb2FkUGFnZXMiOiJhdXRvIiwiYXV0b1BsYXlEdXJhdGlvbiI6ImF1dG8iLCJydGwiOiJhdXRvIiwiaW50ZXJhY3RpdmVDb3JuZXJzIjoiYXV0byIsIm1heERlcHRoIjoiYXV0byIsInNoZWV0Ijp7InN0YXJ0VmVsb2NpdHkiOiJhdXRvIiwid2F2ZSI6ImF1dG8iLCJzaGFwZSI6ImF1dG8iLCJ3aWR0aFRleGVscyI6ImF1dG8iLCJjb2xvciI6ImF1dG8iLCJzaWRlIjoiYXV0byIsInN0cmV0Y2hJbWFnZXMiOiJhdXRvIiwiY29ybmVyRGV2aWF0aW9uIjoiYXV0byIsImZsZXhpYmlsaXR5IjoiYXV0byIsImZsZXhpYmxlQ29ybmVyIjoiYXV0byIsImJlbmRpbmciOiJhdXRvIiwiaGVpZ2h0VGV4ZWxzIjoiYXV0byJ9LCJjb3ZlciI6eyJ3YXZlIjoiYXV0byIsImNvbG9yIjoiYXV0byIsInNpZGUiOiJhdXRvIiwic3RyZXRjaEltYWdlcyI6ImF1dG8iLCJiaW5kZXJUZXh0dXJlIjoiYXV0byIsImRlcHRoIjoiYXV0byIsInBhZGRpbmciOiJhdXRvIiwic3RhcnRWZWxvY2l0eSI6ImF1dG8iLCJmbGV4aWJpbGl0eSI6ImF1dG8iLCJmbGV4aWJsZUNvcm5lciI6ImF1dG8iLCJiZW5kaW5nIjoiYXV0byIsIndpZHRoVGV4ZWxzIjoiYXV0byIsImhlaWdodFRleGVscyI6ImF1dG8iLCJtYXNzIjoiYXV0byIsInNoYXBlIjoiYXV0byJ9LCJwYWdlIjp7IndhdmUiOiJhdXRvIiwiY29sb3IiOiJhdXRvIiwic2lkZSI6ImF1dG8iLCJzdHJldGNoSW1hZ2VzIjoiYXV0byIsImRlcHRoIjoiYXV0byIsInN0YXJ0VmVsb2NpdHkiOiJhdXRvIiwiZmxleGliaWxpdHkiOiJhdXRvIiwiZmxleGlibGVDb3JuZXIiOiJhdXRvIiwiYmVuZGluZyI6ImF1dG8iLCJ3aWR0aFRleGVscyI6ImF1dG8iLCJoZWlnaHRUZXhlbHMiOiJhdXRvIiwibWFzcyI6ImF1dG8iLCJzaGFwZSI6ImF1dG8ifSwiaGVpZ2h0IjoiYXV0byIsIndpZHRoIjoiYXV0byIsImdyYXZpdHkiOiJhdXRvIiwicGFnZXNGb3JQcmVkaWN0aW5nIjoiYXV0byJ9LCJjb250cm9sUHJvcHMiOnsiYWN0aW9ucyI6eyJjbWRUb2MiOnsiZW5hYmxlZCI6ImF1dG8iLCJlbmFibGVkSW5OYXJyb3ciOiJhdXRvIiwiYWN0aXZlIjoiYXV0byIsImRlZmF1bHRUYWIiOiJhdXRvIn0sImNtZEF1dG9QbGF5Ijp7ImVuYWJsZWQiOiJhdXRvIiwiZW5hYmxlZEluTmFycm93IjoiYXV0byIsImFjdGl2ZSI6ImF1dG8ifSwiY21kU2F2ZSI6eyJlbmFibGVkIjoiYXV0byIsImVuYWJsZWRJbk5hcnJvdyI6ImF1dG8ifSwiY21kUHJpbnQiOnsiZW5hYmxlZCI6ImF1dG8iLCJlbmFibGVkSW5OYXJyb3ciOiJhdXRvIn0sImNtZFNpbmdsZVBhZ2UiOnsiZW5hYmxlZCI6ImF1dG8iLCJlbmFibGVkSW5OYXJyb3ciOiJhdXRvIiwiYWN0aXZlIjoiYXV0byIsImFjdGl2ZUZvck1vYmlsZSI6ImF1dG8ifSwid2lkVG9vbGJhciI6eyJlbmFibGVkIjoiYXV0byIsImVuYWJsZWRJbk5hcnJvdyI6ImF1dG8ifX19LCJhdXRvVGh1bWJuYWlsIjoiaHR0cHM6XC9cL3d3dy5tc24udW5pcGkuaXRcL3dwLWNvbnRlbnRcL3VwbG9hZHNcLzNkLWZsaXAtYm9va1wvYXV0by10aHVtYm5haWxzXC8yOTk4Mi5wbmciLCJwb3N0X25hbWUiOiJiaW9ibGl0eiIsInBvc3RfdHlwZSI6IjNkLWZsaXAtYm9vayJ9fSwicGFnZXMiOltdLCJmaXJzdFBhZ2VzIjpbXX0=');window.FB3D_CLIENT_LOCALE && FB3D_CLIENT_LOCALE.render && FB3D_CLIENT_LOCALE.render();<\/script>\n<p>&nbsp;<\/p>\n","protected":false},"excerpt":{"rendered":"<p>Il Bioblitz \u00e8 un&#8217;attivit\u00e0 di monitoraggio di specie animali e vegetali che coinvolge la cittadinanza con esperti che guidano e aiutano nell&#8217;identificazione delle specie. Il termine fu coniato dal National Park Service, l\u2019agenzia statunitense incaricata della gestione dei parchi nazionali, dei monumenti nazionali e di altri luoghi protetti e il primo evento Bioblitz fu tenuto&nbsp; <a href=\"https:\/\/www.msn.unipi.it\/it\/progetti-sul-territorio\/bioblitz-monte-pisano\/\">&hellip;  <i class=\"fa fa-chevron-right\"><\/i><\/a><\/p>\n","protected":false},"author":7,"featured_media":7520,"parent":26530,"menu_order":0,"comment_status":"closed","ping_status":"closed","template":"","meta":{"footnotes":""},"class_list":["post-29938","page","type-page","status-publish","has-post-thumbnail","hentry"],"yoast_head":"<!-- This site is optimized with the Yoast SEO plugin v26.8 - https:\/\/yoast.com\/product\/yoast-seo-wordpress\/ -->\n<title>Bioblitz Monte Pisano - Museo di Storia Naturale dell&#039;Universit\u00e0 di Pisa<\/title>\n<meta name=\"description\" content=\"Il Bioblitz \u00e8 un&#039;attivit\u00e0 di monitoraggio di specie animali e vegetali che coinvolge la cittadinanza con esperti che guidano e aiutano\" \/>\n<meta name=\"robots\" content=\"index, follow, max-snippet:-1, max-image-preview:large, max-video-preview:-1\" \/>\n<link rel=\"canonical\" href=\"https:\/\/www.msn.unipi.it\/it\/progetti-sul-territorio\/bioblitz-monte-pisano\/\" \/>\n<meta property=\"og:locale\" content=\"it_IT\" \/>\n<meta property=\"og:type\" content=\"article\" \/>\n<meta property=\"og:title\" content=\"Bioblitz Monte Pisano - Museo di Storia Naturale dell&#039;Universit\u00e0 di Pisa\" \/>\n<meta property=\"og:description\" content=\"Il Bioblitz \u00e8 un&#039;attivit\u00e0 di monitoraggio di specie animali e vegetali che coinvolge la cittadinanza con esperti che guidano e aiutano\" \/>\n<meta property=\"og:url\" content=\"https:\/\/www.msn.unipi.it\/it\/progetti-sul-territorio\/bioblitz-monte-pisano\/\" \/>\n<meta property=\"og:site_name\" content=\"Museo di Storia Naturale dell&#039;Universit\u00e0 di Pisa\" \/>\n<meta property=\"article:publisher\" content=\"https:\/\/www.facebook.com\/Museo-di-Storia-Naturale-Universit%c3%a0-di-Pisa-277794215612108\/\" \/>\n<meta property=\"article:modified_time\" content=\"2025-04-28T12:10:20+00:00\" \/>\n<meta property=\"og:image\" content=\"https:\/\/www.msn.unipi.it\/wp-content\/uploads\/2011\/04\/ammoniteTG.jpg\" \/>\n\t<meta property=\"og:image:width\" content=\"2048\" \/>\n\t<meta property=\"og:image:height\" content=\"341\" \/>\n\t<meta property=\"og:image:type\" content=\"image\/jpeg\" \/>\n<meta name=\"twitter:card\" content=\"summary_large_image\" \/>\n<meta name=\"twitter:site\" content=\"@msncalci\" \/>\n<meta name=\"twitter:label1\" content=\"Tempo di lettura stimato\" \/>\n\t<meta name=\"twitter:data1\" content=\"2 minuti\" \/>\n<script type=\"application\/ld+json\" class=\"yoast-schema-graph\">{\"@context\":\"https:\/\/schema.org\",\"@graph\":[{\"@type\":\"WebPage\",\"@id\":\"https:\/\/www.msn.unipi.it\/it\/progetti-sul-territorio\/bioblitz-monte-pisano\/\",\"url\":\"https:\/\/www.msn.unipi.it\/it\/progetti-sul-territorio\/bioblitz-monte-pisano\/\",\"name\":\"Bioblitz Monte Pisano - Museo di Storia Naturale dell&#039;Universit\u00e0 di Pisa\",\"isPartOf\":{\"@id\":\"https:\/\/www.msn.unipi.it\/it\/#website\"},\"primaryImageOfPage\":{\"@id\":\"https:\/\/www.msn.unipi.it\/it\/progetti-sul-territorio\/bioblitz-monte-pisano\/#primaryimage\"},\"image\":{\"@id\":\"https:\/\/www.msn.unipi.it\/it\/progetti-sul-territorio\/bioblitz-monte-pisano\/#primaryimage\"},\"thumbnailUrl\":\"https:\/\/www.msn.unipi.it\/wp-content\/uploads\/2011\/04\/ammoniteTG.jpg\",\"datePublished\":\"2024-11-20T12:46:03+00:00\",\"dateModified\":\"2025-04-28T12:10:20+00:00\",\"description\":\"Il Bioblitz \u00e8 un'attivit\u00e0 di monitoraggio di specie animali e vegetali che coinvolge la cittadinanza con esperti che guidano e aiutano\",\"breadcrumb\":{\"@id\":\"https:\/\/www.msn.unipi.it\/it\/progetti-sul-territorio\/bioblitz-monte-pisano\/#breadcrumb\"},\"inLanguage\":\"it-IT\",\"potentialAction\":[{\"@type\":\"ReadAction\",\"target\":[\"https:\/\/www.msn.unipi.it\/it\/progetti-sul-territorio\/bioblitz-monte-pisano\/\"]}]},{\"@type\":\"ImageObject\",\"inLanguage\":\"it-IT\",\"@id\":\"https:\/\/www.msn.unipi.it\/it\/progetti-sul-territorio\/bioblitz-monte-pisano\/#primaryimage\",\"url\":\"https:\/\/www.msn.unipi.it\/wp-content\/uploads\/2011\/04\/ammoniteTG.jpg\",\"contentUrl\":\"https:\/\/www.msn.unipi.it\/wp-content\/uploads\/2011\/04\/ammoniteTG.jpg\",\"width\":2048,\"height\":341},{\"@type\":\"BreadcrumbList\",\"@id\":\"https:\/\/www.msn.unipi.it\/it\/progetti-sul-territorio\/bioblitz-monte-pisano\/#breadcrumb\",\"itemListElement\":[{\"@type\":\"ListItem\",\"position\":1,\"name\":\"Home\",\"item\":\"https:\/\/www.msn.unipi.it\/it\/\"},{\"@type\":\"ListItem\",\"position\":2,\"name\":\"Progetti sul territorio\",\"item\":\"https:\/\/www.msn.unipi.it\/it\/progetti-sul-territorio\/\"},{\"@type\":\"ListItem\",\"position\":3,\"name\":\"Bioblitz Monte Pisano\"}]},{\"@type\":\"WebSite\",\"@id\":\"https:\/\/www.msn.unipi.it\/it\/#website\",\"url\":\"https:\/\/www.msn.unipi.it\/it\/\",\"name\":\"Museo di Storia Naturale dell&#039;Universit\u00e0 di Pisa\",\"description\":\"\",\"publisher\":{\"@id\":\"https:\/\/www.msn.unipi.it\/it\/#organization\"},\"potentialAction\":[{\"@type\":\"SearchAction\",\"target\":{\"@type\":\"EntryPoint\",\"urlTemplate\":\"https:\/\/www.msn.unipi.it\/it\/?s={search_term_string}\"},\"query-input\":{\"@type\":\"PropertyValueSpecification\",\"valueRequired\":true,\"valueName\":\"search_term_string\"}}],\"inLanguage\":\"it-IT\"},{\"@type\":\"Organization\",\"@id\":\"https:\/\/www.msn.unipi.it\/it\/#organization\",\"name\":\"Museo di Storia Naturale dell'Universit\u00e0 di Pisa\",\"url\":\"https:\/\/www.msn.unipi.it\/it\/\",\"logo\":{\"@type\":\"ImageObject\",\"inLanguage\":\"it-IT\",\"@id\":\"https:\/\/www.msn.unipi.it\/it\/#\/schema\/logo\/image\/\",\"url\":\"https:\/\/www.msn.unipi.it\/wp-content\/uploads\/2016\/07\/footer-logo.png\",\"contentUrl\":\"https:\/\/www.msn.unipi.it\/wp-content\/uploads\/2016\/07\/footer-logo.png\",\"width\":220,\"height\":95,\"caption\":\"Museo di Storia Naturale dell'Universit\u00e0 di Pisa\"},\"image\":{\"@id\":\"https:\/\/www.msn.unipi.it\/it\/#\/schema\/logo\/image\/\"},\"sameAs\":[\"https:\/\/www.facebook.com\/Museo-di-Storia-Naturale-Universit\u00e0-di-Pisa-277794215612108\/\",\"https:\/\/x.com\/msncalci\",\"https:\/\/www.instagram.com\/museostorianaturale_calci\/\",\"https:\/\/www.youtube.com\/channel\/UCDaMBe_RegmdCnxLPmryMxw\"]}]}<\/script>\n<!-- \/ Yoast SEO plugin. -->","yoast_head_json":{"title":"Bioblitz Monte Pisano - Museo di Storia Naturale dell&#039;Universit\u00e0 di Pisa","description":"Il Bioblitz \u00e8 un'attivit\u00e0 di monitoraggio di specie animali e vegetali che coinvolge la cittadinanza con esperti che guidano e aiutano","robots":{"index":"index","follow":"follow","max-snippet":"max-snippet:-1","max-image-preview":"max-image-preview:large","max-video-preview":"max-video-preview:-1"},"canonical":"https:\/\/www.msn.unipi.it\/it\/progetti-sul-territorio\/bioblitz-monte-pisano\/","og_locale":"it_IT","og_type":"article","og_title":"Bioblitz Monte Pisano - Museo di Storia Naturale dell&#039;Universit\u00e0 di Pisa","og_description":"Il Bioblitz \u00e8 un'attivit\u00e0 di monitoraggio di specie animali e vegetali che coinvolge la cittadinanza con esperti che guidano e aiutano","og_url":"https:\/\/www.msn.unipi.it\/it\/progetti-sul-territorio\/bioblitz-monte-pisano\/","og_site_name":"Museo di Storia Naturale dell&#039;Universit\u00e0 di Pisa","article_publisher":"https:\/\/www.facebook.com\/Museo-di-Storia-Naturale-Universit%c3%a0-di-Pisa-277794215612108\/","article_modified_time":"2025-04-28T12:10:20+00:00","og_image":[{"width":2048,"height":341,"url":"https:\/\/www.msn.unipi.it\/wp-content\/uploads\/2011\/04\/ammoniteTG.jpg","type":"image\/jpeg"}],"twitter_card":"summary_large_image","twitter_site":"@msncalci","twitter_misc":{"Tempo di lettura stimato":"2 minuti"},"schema":{"@context":"https:\/\/schema.org","@graph":[{"@type":"WebPage","@id":"https:\/\/www.msn.unipi.it\/it\/progetti-sul-territorio\/bioblitz-monte-pisano\/","url":"https:\/\/www.msn.unipi.it\/it\/progetti-sul-territorio\/bioblitz-monte-pisano\/","name":"Bioblitz Monte Pisano - Museo di Storia Naturale dell&#039;Universit\u00e0 di Pisa","isPartOf":{"@id":"https:\/\/www.msn.unipi.it\/it\/#website"},"primaryImageOfPage":{"@id":"https:\/\/www.msn.unipi.it\/it\/progetti-sul-territorio\/bioblitz-monte-pisano\/#primaryimage"},"image":{"@id":"https:\/\/www.msn.unipi.it\/it\/progetti-sul-territorio\/bioblitz-monte-pisano\/#primaryimage"},"thumbnailUrl":"https:\/\/www.msn.unipi.it\/wp-content\/uploads\/2011\/04\/ammoniteTG.jpg","datePublished":"2024-11-20T12:46:03+00:00","dateModified":"2025-04-28T12:10:20+00:00","description":"Il Bioblitz \u00e8 un'attivit\u00e0 di monitoraggio di specie animali e vegetali che coinvolge la cittadinanza con esperti che guidano e aiutano","breadcrumb":{"@id":"https:\/\/www.msn.unipi.it\/it\/progetti-sul-territorio\/bioblitz-monte-pisano\/#breadcrumb"},"inLanguage":"it-IT","potentialAction":[{"@type":"ReadAction","target":["https:\/\/www.msn.unipi.it\/it\/progetti-sul-territorio\/bioblitz-monte-pisano\/"]}]},{"@type":"ImageObject","inLanguage":"it-IT","@id":"https:\/\/www.msn.unipi.it\/it\/progetti-sul-territorio\/bioblitz-monte-pisano\/#primaryimage","url":"https:\/\/www.msn.unipi.it\/wp-content\/uploads\/2011\/04\/ammoniteTG.jpg","contentUrl":"https:\/\/www.msn.unipi.it\/wp-content\/uploads\/2011\/04\/ammoniteTG.jpg","width":2048,"height":341},{"@type":"BreadcrumbList","@id":"https:\/\/www.msn.unipi.it\/it\/progetti-sul-territorio\/bioblitz-monte-pisano\/#breadcrumb","itemListElement":[{"@type":"ListItem","position":1,"name":"Home","item":"https:\/\/www.msn.unipi.it\/it\/"},{"@type":"ListItem","position":2,"name":"Progetti sul territorio","item":"https:\/\/www.msn.unipi.it\/it\/progetti-sul-territorio\/"},{"@type":"ListItem","position":3,"name":"Bioblitz Monte Pisano"}]},{"@type":"WebSite","@id":"https:\/\/www.msn.unipi.it\/it\/#website","url":"https:\/\/www.msn.unipi.it\/it\/","name":"Museo di Storia Naturale dell&#039;Universit\u00e0 di Pisa","description":"","publisher":{"@id":"https:\/\/www.msn.unipi.it\/it\/#organization"},"potentialAction":[{"@type":"SearchAction","target":{"@type":"EntryPoint","urlTemplate":"https:\/\/www.msn.unipi.it\/it\/?s={search_term_string}"},"query-input":{"@type":"PropertyValueSpecification","valueRequired":true,"valueName":"search_term_string"}}],"inLanguage":"it-IT"},{"@type":"Organization","@id":"https:\/\/www.msn.unipi.it\/it\/#organization","name":"Museo di Storia Naturale dell'Universit\u00e0 di Pisa","url":"https:\/\/www.msn.unipi.it\/it\/","logo":{"@type":"ImageObject","inLanguage":"it-IT","@id":"https:\/\/www.msn.unipi.it\/it\/#\/schema\/logo\/image\/","url":"https:\/\/www.msn.unipi.it\/wp-content\/uploads\/2016\/07\/footer-logo.png","contentUrl":"https:\/\/www.msn.unipi.it\/wp-content\/uploads\/2016\/07\/footer-logo.png","width":220,"height":95,"caption":"Museo di Storia Naturale dell'Universit\u00e0 di Pisa"},"image":{"@id":"https:\/\/www.msn.unipi.it\/it\/#\/schema\/logo\/image\/"},"sameAs":["https:\/\/www.facebook.com\/Museo-di-Storia-Naturale-Universit\u00e0-di-Pisa-277794215612108\/","https:\/\/x.com\/msncalci","https:\/\/www.instagram.com\/museostorianaturale_calci\/","https:\/\/www.youtube.com\/channel\/UCDaMBe_RegmdCnxLPmryMxw"]}]}},"jetpack_sharing_enabled":true,"_links":{"self":[{"href":"https:\/\/www.msn.unipi.it\/it\/wp-json\/wp\/v2\/pages\/29938","targetHints":{"allow":["GET"]}}],"collection":[{"href":"https:\/\/www.msn.unipi.it\/it\/wp-json\/wp\/v2\/pages"}],"about":[{"href":"https:\/\/www.msn.unipi.it\/it\/wp-json\/wp\/v2\/types\/page"}],"author":[{"embeddable":true,"href":"https:\/\/www.msn.unipi.it\/it\/wp-json\/wp\/v2\/users\/7"}],"replies":[{"embeddable":true,"href":"https:\/\/www.msn.unipi.it\/it\/wp-json\/wp\/v2\/comments?post=29938"}],"version-history":[{"count":10,"href":"https:\/\/www.msn.unipi.it\/it\/wp-json\/wp\/v2\/pages\/29938\/revisions"}],"predecessor-version":[{"id":30544,"href":"https:\/\/www.msn.unipi.it\/it\/wp-json\/wp\/v2\/pages\/29938\/revisions\/30544"}],"up":[{"embeddable":true,"href":"https:\/\/www.msn.unipi.it\/it\/wp-json\/wp\/v2\/pages\/26530"}],"wp:featuredmedia":[{"embeddable":true,"href":"https:\/\/www.msn.unipi.it\/it\/wp-json\/wp\/v2\/media\/7520"}],"wp:attachment":[{"href":"https:\/\/www.msn.unipi.it\/it\/wp-json\/wp\/v2\/media?parent=29938"}],"curies":[{"name":"wp","href":"https:\/\/api.w.org\/{rel}","templated":true}]}}