{"id":3208,"date":"2013-08-14T11:07:21","date_gmt":"2013-08-14T09:07:21","guid":{"rendered":"http:\/\/msntest.unipi.it\/?page_id=3208"},"modified":"2023-07-21T13:19:12","modified_gmt":"2023-07-21T11:19:12","slug":"le-ossa-raccontano","status":"publish","type":"page","link":"https:\/\/www.msn.unipi.it\/it\/educazione\/scuola\/offerta-educativa\/attivita-secondaria\/le-ossa-raccontano\/","title":{"rendered":"Le ossa raccontano"},"content":{"rendered":"<p style=\"text-align: center;\">Come si conduce uno scavo archeologico e quali tipi di reperti possono essere ritrovati. Attivit\u00e0 di osservazione e manipolazione di scheletri umani antichi e studio delle diversit\u00e0 anatomiche legate a sesso, et\u00e0 ed eventuali patologie.(In collaborazione con la Divisione di Paleopatologia)<\/p>\n<p>&nbsp;<\/p>\n<p><span class=\"lightviolet\"><strong>Obiettivi<\/strong> <\/span>&#8211;\u00a0Far conoscere e comprendere agli studenti l&#8217;anatomia scheletrica dell&#8217;uomo e le informazioni che si possono ricavare dallo studio di scheletri umani antichi.<\/p>\n<p><span class=\"lightviolet\"><strong>Descrizione<\/strong> <span style=\"color: #000000;\">&#8211;\u00a0<strong>Laboratorio<\/strong>\u00a0in collaborazione con la <a href=\"http:\/\/www.paleopatologia.it\/home.php\" target=\"_blank\" rel=\"noopener noreferrer\">divisione di Paleopatologia<\/a>. L\u2019operatore condurr\u00e0 gli studenti in visita alle <a href=\"https:\/\/www.msn.unipi.it\/it\/la-sala-della-preistoria-dei-monti-pisani\/\" target=\"_blank\" rel=\"noopener noreferrer\">nuove Sale della preistoria del Monte Pisano<\/a>\u00a0 dove spiegher\u00e0 come si conduce uno scavo archeologico e quali tipi di reperti possono essere ritrovati. Successivamente si concentrer\u00e0 sui reperti scheletrici e, con il supporto di <strong>immagini<\/strong>,\u00a0<strong>modelli\u00a0di scheletri umani<\/strong> e <strong>reperti originali<\/strong>,\u00a0mostrer\u00e0 com&#8217;\u00e8 possibile stabilire l\u2019et\u00e0, il sesso, lo stile di vita e le cause della morte di una persona attraverso lo studio delle sue ossa.<span class=\"lightviolet\" style=\"color: #000000;\"><br \/>\nGli studenti, infine, svolgeranno un&#8217;<strong>attivit\u00e0 pratica<\/strong> in cui potranno manipolare, osservare e descrivere<strong>\u00a0ossa vere<\/strong>.<\/span><\/span><\/span><\/p>\n<p><span class=\"lightviolet\"><strong>Costo<\/strong>:<\/span> ingresso \u20ac 6,00 &#8211;\u00a0 attivit\u00e0 \u20ac 4,00.<\/p>\n\n\t\t<style type=\"text\/css\">\n\t\t\t#gallery-1 {\n\t\t\t\tmargin: auto;\n\t\t\t}\n\t\t\t#gallery-1 .gallery-item {\n\t\t\t\tfloat: left;\n\t\t\t\tmargin-top: 10px;\n\t\t\t\ttext-align: center;\n\t\t\t\twidth: 20%;\n\t\t\t}\n\t\t\t#gallery-1 img {\n\t\t\t\tborder: 2px solid #cfcfcf;\n\t\t\t}\n\t\t\t#gallery-1 .gallery-caption {\n\t\t\t\tmargin-left: 0;\n\t\t\t}\n\t\t\t\/* see gallery_shortcode() in wp-includes\/media.php *\/\n\t\t<\/style>\n\t\t<div id='gallery-1' class='gallery galleryid-3208 gallery-columns-5 gallery-size-thumbnail'><dl class='gallery-item'>\n\t\t\t<dt class='gallery-icon landscape'>\n\t\t\t\t<a href='https:\/\/www.msn.unipi.it\/it\/educazione\/scuola\/offerta-educativa\/attivita-secondaria\/le-ossa-raccontano\/kit-scheletro-150x150\/'><img loading=\"lazy\" decoding=\"async\" width=\"150\" height=\"150\" src=\"https:\/\/www.msn.unipi.it\/wp-content\/uploads\/2013\/08\/Kit-scheletro-150x150-150x150.jpg\" class=\"attachment-thumbnail size-thumbnail\" alt=\"\" srcset=\"https:\/\/www.msn.unipi.it\/wp-content\/uploads\/2013\/08\/Kit-scheletro-150x150-150x150.jpg 150w, https:\/\/www.msn.unipi.it\/wp-content\/uploads\/2013\/08\/Kit-scheletro-150x150-450x450.jpg 450w, https:\/\/www.msn.unipi.it\/wp-content\/uploads\/2013\/08\/Kit-scheletro-150x150.jpg 550w\" sizes=\"auto, (max-width: 150px) 100vw, 150px\" \/><\/a>\n\t\t\t<\/dt><\/dl><dl class='gallery-item'>\n\t\t\t<dt class='gallery-icon landscape'>\n\t\t\t\t<a href='https:\/\/www.msn.unipi.it\/it\/educazione\/scuola\/offerta-educativa\/attivita-secondaria\/le-ossa-raccontano\/omero-150x150\/'><img loading=\"lazy\" decoding=\"async\" width=\"150\" height=\"150\" src=\"https:\/\/www.msn.unipi.it\/wp-content\/uploads\/2013\/08\/Omero-150x150-150x150.jpg\" class=\"attachment-thumbnail size-thumbnail\" alt=\"\" srcset=\"https:\/\/www.msn.unipi.it\/wp-content\/uploads\/2013\/08\/Omero-150x150-150x150.jpg 150w, https:\/\/www.msn.unipi.it\/wp-content\/uploads\/2013\/08\/Omero-150x150-450x450.jpg 450w, https:\/\/www.msn.unipi.it\/wp-content\/uploads\/2013\/08\/Omero-150x150-768x768.jpg 768w, https:\/\/www.msn.unipi.it\/wp-content\/uploads\/2013\/08\/Omero-150x150-800x800.jpg 800w, https:\/\/www.msn.unipi.it\/wp-content\/uploads\/2013\/08\/Omero-150x150.jpg 1063w\" sizes=\"auto, (max-width: 150px) 100vw, 150px\" \/><\/a>\n\t\t\t<\/dt><\/dl><dl class='gallery-item'>\n\t\t\t<dt class='gallery-icon landscape'>\n\t\t\t\t<a href='https:\/\/www.msn.unipi.it\/it\/educazione\/scuola\/offerta-educativa\/attivita-secondaria\/le-ossa-raccontano\/cranio-uomo-150x150\/'><img loading=\"lazy\" decoding=\"async\" width=\"150\" height=\"150\" src=\"https:\/\/www.msn.unipi.it\/wp-content\/uploads\/2013\/08\/Cranio-uomo-150x150-150x150.jpg\" class=\"attachment-thumbnail size-thumbnail\" alt=\"\" srcset=\"https:\/\/www.msn.unipi.it\/wp-content\/uploads\/2013\/08\/Cranio-uomo-150x150-150x150.jpg 150w, https:\/\/www.msn.unipi.it\/wp-content\/uploads\/2013\/08\/Cranio-uomo-150x150-450x450.jpg 450w, https:\/\/www.msn.unipi.it\/wp-content\/uploads\/2013\/08\/Cranio-uomo-150x150-768x768.jpg 768w, https:\/\/www.msn.unipi.it\/wp-content\/uploads\/2013\/08\/Cranio-uomo-150x150-800x800.jpg 800w, https:\/\/www.msn.unipi.it\/wp-content\/uploads\/2013\/08\/Cranio-uomo-150x150.jpg 1000w\" sizes=\"auto, (max-width: 150px) 100vw, 150px\" \/><\/a>\n\t\t\t<\/dt><\/dl><dl class='gallery-item'>\n\t\t\t<dt class='gallery-icon landscape'>\n\t\t\t\t<a href='https:\/\/www.msn.unipi.it\/it\/educazione\/scuola\/offerta-educativa\/attivita-secondaria\/le-ossa-raccontano\/laboratorio-paleopatologia-150x150\/'><img loading=\"lazy\" decoding=\"async\" width=\"150\" height=\"150\" src=\"https:\/\/www.msn.unipi.it\/wp-content\/uploads\/2013\/08\/Laboratorio-paleopatologia-150x150-150x150.jpg\" class=\"attachment-thumbnail size-thumbnail\" alt=\"\" srcset=\"https:\/\/www.msn.unipi.it\/wp-content\/uploads\/2013\/08\/Laboratorio-paleopatologia-150x150-150x150.jpg 150w, https:\/\/www.msn.unipi.it\/wp-content\/uploads\/2013\/08\/Laboratorio-paleopatologia-150x150-450x450.jpg 450w, https:\/\/www.msn.unipi.it\/wp-content\/uploads\/2013\/08\/Laboratorio-paleopatologia-150x150.jpg 641w\" sizes=\"auto, (max-width: 150px) 100vw, 150px\" \/><\/a>\n\t\t\t<\/dt><\/dl>\n\t\t\t<br style='clear: both' \/>\n\t\t<\/div>\n\n","protected":false},"excerpt":{"rendered":"<p>Come si conduce uno scavo archeologico e quali tipi di reperti possono essere ritrovati. Attivit\u00e0 di osservazione e manipolazione di scheletri umani antichi e studio delle diversit\u00e0 anatomiche legate a sesso, et\u00e0 ed eventuali patologie.(In collaborazione con la Divisione di Paleopatologia) &nbsp; Obiettivi &#8211;\u00a0Far conoscere e comprendere agli studenti l&#8217;anatomia scheletrica dell&#8217;uomo e le informazioni&nbsp; <a href=\"https:\/\/www.msn.unipi.it\/it\/educazione\/scuola\/offerta-educativa\/attivita-secondaria\/le-ossa-raccontano\/\">&hellip;  <i class=\"fa fa-chevron-right\"><\/i><\/a><\/p>\n","protected":false},"author":1,"featured_media":7525,"parent":325,"menu_order":0,"comment_status":"closed","ping_status":"closed","template":"","meta":{"footnotes":""},"class_list":["post-3208","page","type-page","status-publish","has-post-thumbnail","hentry"],"yoast_head":"<!-- This site is optimized with the Yoast SEO plugin v26.8 - https:\/\/yoast.com\/product\/yoast-seo-wordpress\/ -->\n<title>Le ossa raccontano - Museo di Storia Naturale dell&#039;Universit\u00e0 di Pisa<\/title>\n<meta name=\"description\" content=\"Come si conduce uno scavo archeologico e quali tipi di reperti possono essere ritrovati. Attivit\u00e0 di osservazione e manipolazione di scheletri umani\" \/>\n<meta name=\"robots\" content=\"index, follow, max-snippet:-1, max-image-preview:large, max-video-preview:-1\" \/>\n<link rel=\"canonical\" href=\"https:\/\/www.msn.unipi.it\/it\/educazione\/scuola\/offerta-educativa\/attivita-secondaria\/le-ossa-raccontano\/\" \/>\n<meta property=\"og:locale\" content=\"it_IT\" \/>\n<meta property=\"og:type\" content=\"article\" \/>\n<meta property=\"og:title\" content=\"Le ossa raccontano - Museo di Storia Naturale dell&#039;Universit\u00e0 di Pisa\" \/>\n<meta property=\"og:description\" content=\"Come si conduce uno scavo archeologico e quali tipi di reperti possono essere ritrovati. Attivit\u00e0 di osservazione e manipolazione di scheletri umani\" \/>\n<meta property=\"og:url\" content=\"https:\/\/www.msn.unipi.it\/it\/educazione\/scuola\/offerta-educativa\/attivita-secondaria\/le-ossa-raccontano\/\" \/>\n<meta property=\"og:site_name\" content=\"Museo di Storia Naturale dell&#039;Universit\u00e0 di Pisa\" \/>\n<meta property=\"article:publisher\" content=\"https:\/\/www.facebook.com\/Museo-di-Storia-Naturale-Universit%c3%a0-di-Pisa-277794215612108\/\" \/>\n<meta property=\"article:modified_time\" content=\"2023-07-21T11:19:12+00:00\" \/>\n<meta property=\"og:image\" content=\"https:\/\/www.msn.unipi.it\/wp-content\/uploads\/2011\/04\/madreporaTG.jpg\" \/>\n\t<meta property=\"og:image:width\" content=\"2048\" \/>\n\t<meta property=\"og:image:height\" content=\"342\" \/>\n\t<meta property=\"og:image:type\" content=\"image\/jpeg\" \/>\n<meta name=\"twitter:card\" content=\"summary_large_image\" \/>\n<meta name=\"twitter:site\" content=\"@msncalci\" \/>\n<meta name=\"twitter:label1\" content=\"Tempo di lettura stimato\" \/>\n\t<meta name=\"twitter:data1\" content=\"1 minuto\" \/>\n<script type=\"application\/ld+json\" class=\"yoast-schema-graph\">{\"@context\":\"https:\/\/schema.org\",\"@graph\":[{\"@type\":\"WebPage\",\"@id\":\"https:\/\/www.msn.unipi.it\/it\/educazione\/scuola\/offerta-educativa\/attivita-secondaria\/le-ossa-raccontano\/\",\"url\":\"https:\/\/www.msn.unipi.it\/it\/educazione\/scuola\/offerta-educativa\/attivita-secondaria\/le-ossa-raccontano\/\",\"name\":\"Le ossa raccontano - Museo di Storia Naturale dell&#039;Universit\u00e0 di Pisa\",\"isPartOf\":{\"@id\":\"https:\/\/www.msn.unipi.it\/it\/#website\"},\"primaryImageOfPage\":{\"@id\":\"https:\/\/www.msn.unipi.it\/it\/educazione\/scuola\/offerta-educativa\/attivita-secondaria\/le-ossa-raccontano\/#primaryimage\"},\"image\":{\"@id\":\"https:\/\/www.msn.unipi.it\/it\/educazione\/scuola\/offerta-educativa\/attivita-secondaria\/le-ossa-raccontano\/#primaryimage\"},\"thumbnailUrl\":\"https:\/\/www.msn.unipi.it\/wp-content\/uploads\/2011\/04\/madreporaTG.jpg\",\"datePublished\":\"2013-08-14T09:07:21+00:00\",\"dateModified\":\"2023-07-21T11:19:12+00:00\",\"description\":\"Come si conduce uno scavo archeologico e quali tipi di reperti possono essere ritrovati. Attivit\u00e0 di osservazione e manipolazione di scheletri umani\",\"breadcrumb\":{\"@id\":\"https:\/\/www.msn.unipi.it\/it\/educazione\/scuola\/offerta-educativa\/attivita-secondaria\/le-ossa-raccontano\/#breadcrumb\"},\"inLanguage\":\"it-IT\",\"potentialAction\":[{\"@type\":\"ReadAction\",\"target\":[\"https:\/\/www.msn.unipi.it\/it\/educazione\/scuola\/offerta-educativa\/attivita-secondaria\/le-ossa-raccontano\/\"]}]},{\"@type\":\"ImageObject\",\"inLanguage\":\"it-IT\",\"@id\":\"https:\/\/www.msn.unipi.it\/it\/educazione\/scuola\/offerta-educativa\/attivita-secondaria\/le-ossa-raccontano\/#primaryimage\",\"url\":\"https:\/\/www.msn.unipi.it\/wp-content\/uploads\/2011\/04\/madreporaTG.jpg\",\"contentUrl\":\"https:\/\/www.msn.unipi.it\/wp-content\/uploads\/2011\/04\/madreporaTG.jpg\",\"width\":2048,\"height\":342},{\"@type\":\"BreadcrumbList\",\"@id\":\"https:\/\/www.msn.unipi.it\/it\/educazione\/scuola\/offerta-educativa\/attivita-secondaria\/le-ossa-raccontano\/#breadcrumb\",\"itemListElement\":[{\"@type\":\"ListItem\",\"position\":1,\"name\":\"Home\",\"item\":\"https:\/\/www.msn.unipi.it\/it\/\"},{\"@type\":\"ListItem\",\"position\":2,\"name\":\"Educazione\",\"item\":\"https:\/\/www.msn.unipi.it\/it\/educazione\/\"},{\"@type\":\"ListItem\",\"position\":3,\"name\":\"Scuola\",\"item\":\"https:\/\/www.msn.unipi.it\/it\/educazione\/scuola\/\"},{\"@type\":\"ListItem\",\"position\":4,\"name\":\"Offerta educativa 2025-2026\",\"item\":\"https:\/\/www.msn.unipi.it\/it\/educazione\/scuola\/offerta-educativa\/\"},{\"@type\":\"ListItem\",\"position\":5,\"name\":\"Attivit\u00e0 secondaria di primo Grado\",\"item\":\"https:\/\/www.msn.unipi.it\/it\/educazione\/scuola\/offerta-educativa\/attivita-secondaria\/\"},{\"@type\":\"ListItem\",\"position\":6,\"name\":\"Le ossa raccontano\"}]},{\"@type\":\"WebSite\",\"@id\":\"https:\/\/www.msn.unipi.it\/it\/#website\",\"url\":\"https:\/\/www.msn.unipi.it\/it\/\",\"name\":\"Museo di Storia Naturale dell&#039;Universit\u00e0 di Pisa\",\"description\":\"\",\"publisher\":{\"@id\":\"https:\/\/www.msn.unipi.it\/it\/#organization\"},\"potentialAction\":[{\"@type\":\"SearchAction\",\"target\":{\"@type\":\"EntryPoint\",\"urlTemplate\":\"https:\/\/www.msn.unipi.it\/it\/?s={search_term_string}\"},\"query-input\":{\"@type\":\"PropertyValueSpecification\",\"valueRequired\":true,\"valueName\":\"search_term_string\"}}],\"inLanguage\":\"it-IT\"},{\"@type\":\"Organization\",\"@id\":\"https:\/\/www.msn.unipi.it\/it\/#organization\",\"name\":\"Museo di Storia Naturale dell'Universit\u00e0 di Pisa\",\"url\":\"https:\/\/www.msn.unipi.it\/it\/\",\"logo\":{\"@type\":\"ImageObject\",\"inLanguage\":\"it-IT\",\"@id\":\"https:\/\/www.msn.unipi.it\/it\/#\/schema\/logo\/image\/\",\"url\":\"https:\/\/www.msn.unipi.it\/wp-content\/uploads\/2016\/07\/footer-logo.png\",\"contentUrl\":\"https:\/\/www.msn.unipi.it\/wp-content\/uploads\/2016\/07\/footer-logo.png\",\"width\":220,\"height\":95,\"caption\":\"Museo di Storia Naturale dell'Universit\u00e0 di Pisa\"},\"image\":{\"@id\":\"https:\/\/www.msn.unipi.it\/it\/#\/schema\/logo\/image\/\"},\"sameAs\":[\"https:\/\/www.facebook.com\/Museo-di-Storia-Naturale-Universit\u00e0-di-Pisa-277794215612108\/\",\"https:\/\/x.com\/msncalci\",\"https:\/\/www.instagram.com\/museostorianaturale_calci\/\",\"https:\/\/www.youtube.com\/channel\/UCDaMBe_RegmdCnxLPmryMxw\"]}]}<\/script>\n<!-- \/ Yoast SEO plugin. -->","yoast_head_json":{"title":"Le ossa raccontano - Museo di Storia Naturale dell&#039;Universit\u00e0 di Pisa","description":"Come si conduce uno scavo archeologico e quali tipi di reperti possono essere ritrovati. Attivit\u00e0 di osservazione e manipolazione di scheletri umani","robots":{"index":"index","follow":"follow","max-snippet":"max-snippet:-1","max-image-preview":"max-image-preview:large","max-video-preview":"max-video-preview:-1"},"canonical":"https:\/\/www.msn.unipi.it\/it\/educazione\/scuola\/offerta-educativa\/attivita-secondaria\/le-ossa-raccontano\/","og_locale":"it_IT","og_type":"article","og_title":"Le ossa raccontano - Museo di Storia Naturale dell&#039;Universit\u00e0 di Pisa","og_description":"Come si conduce uno scavo archeologico e quali tipi di reperti possono essere ritrovati. Attivit\u00e0 di osservazione e manipolazione di scheletri umani","og_url":"https:\/\/www.msn.unipi.it\/it\/educazione\/scuola\/offerta-educativa\/attivita-secondaria\/le-ossa-raccontano\/","og_site_name":"Museo di Storia Naturale dell&#039;Universit\u00e0 di Pisa","article_publisher":"https:\/\/www.facebook.com\/Museo-di-Storia-Naturale-Universit%c3%a0-di-Pisa-277794215612108\/","article_modified_time":"2023-07-21T11:19:12+00:00","og_image":[{"width":2048,"height":342,"url":"https:\/\/www.msn.unipi.it\/wp-content\/uploads\/2011\/04\/madreporaTG.jpg","type":"image\/jpeg"}],"twitter_card":"summary_large_image","twitter_site":"@msncalci","twitter_misc":{"Tempo di lettura stimato":"1 minuto"},"schema":{"@context":"https:\/\/schema.org","@graph":[{"@type":"WebPage","@id":"https:\/\/www.msn.unipi.it\/it\/educazione\/scuola\/offerta-educativa\/attivita-secondaria\/le-ossa-raccontano\/","url":"https:\/\/www.msn.unipi.it\/it\/educazione\/scuola\/offerta-educativa\/attivita-secondaria\/le-ossa-raccontano\/","name":"Le ossa raccontano - Museo di Storia Naturale dell&#039;Universit\u00e0 di Pisa","isPartOf":{"@id":"https:\/\/www.msn.unipi.it\/it\/#website"},"primaryImageOfPage":{"@id":"https:\/\/www.msn.unipi.it\/it\/educazione\/scuola\/offerta-educativa\/attivita-secondaria\/le-ossa-raccontano\/#primaryimage"},"image":{"@id":"https:\/\/www.msn.unipi.it\/it\/educazione\/scuola\/offerta-educativa\/attivita-secondaria\/le-ossa-raccontano\/#primaryimage"},"thumbnailUrl":"https:\/\/www.msn.unipi.it\/wp-content\/uploads\/2011\/04\/madreporaTG.jpg","datePublished":"2013-08-14T09:07:21+00:00","dateModified":"2023-07-21T11:19:12+00:00","description":"Come si conduce uno scavo archeologico e quali tipi di reperti possono essere ritrovati. Attivit\u00e0 di osservazione e manipolazione di scheletri umani","breadcrumb":{"@id":"https:\/\/www.msn.unipi.it\/it\/educazione\/scuola\/offerta-educativa\/attivita-secondaria\/le-ossa-raccontano\/#breadcrumb"},"inLanguage":"it-IT","potentialAction":[{"@type":"ReadAction","target":["https:\/\/www.msn.unipi.it\/it\/educazione\/scuola\/offerta-educativa\/attivita-secondaria\/le-ossa-raccontano\/"]}]},{"@type":"ImageObject","inLanguage":"it-IT","@id":"https:\/\/www.msn.unipi.it\/it\/educazione\/scuola\/offerta-educativa\/attivita-secondaria\/le-ossa-raccontano\/#primaryimage","url":"https:\/\/www.msn.unipi.it\/wp-content\/uploads\/2011\/04\/madreporaTG.jpg","contentUrl":"https:\/\/www.msn.unipi.it\/wp-content\/uploads\/2011\/04\/madreporaTG.jpg","width":2048,"height":342},{"@type":"BreadcrumbList","@id":"https:\/\/www.msn.unipi.it\/it\/educazione\/scuola\/offerta-educativa\/attivita-secondaria\/le-ossa-raccontano\/#breadcrumb","itemListElement":[{"@type":"ListItem","position":1,"name":"Home","item":"https:\/\/www.msn.unipi.it\/it\/"},{"@type":"ListItem","position":2,"name":"Educazione","item":"https:\/\/www.msn.unipi.it\/it\/educazione\/"},{"@type":"ListItem","position":3,"name":"Scuola","item":"https:\/\/www.msn.unipi.it\/it\/educazione\/scuola\/"},{"@type":"ListItem","position":4,"name":"Offerta educativa 2025-2026","item":"https:\/\/www.msn.unipi.it\/it\/educazione\/scuola\/offerta-educativa\/"},{"@type":"ListItem","position":5,"name":"Attivit\u00e0 secondaria di primo Grado","item":"https:\/\/www.msn.unipi.it\/it\/educazione\/scuola\/offerta-educativa\/attivita-secondaria\/"},{"@type":"ListItem","position":6,"name":"Le ossa raccontano"}]},{"@type":"WebSite","@id":"https:\/\/www.msn.unipi.it\/it\/#website","url":"https:\/\/www.msn.unipi.it\/it\/","name":"Museo di Storia Naturale dell&#039;Universit\u00e0 di Pisa","description":"","publisher":{"@id":"https:\/\/www.msn.unipi.it\/it\/#organization"},"potentialAction":[{"@type":"SearchAction","target":{"@type":"EntryPoint","urlTemplate":"https:\/\/www.msn.unipi.it\/it\/?s={search_term_string}"},"query-input":{"@type":"PropertyValueSpecification","valueRequired":true,"valueName":"search_term_string"}}],"inLanguage":"it-IT"},{"@type":"Organization","@id":"https:\/\/www.msn.unipi.it\/it\/#organization","name":"Museo di Storia Naturale dell'Universit\u00e0 di Pisa","url":"https:\/\/www.msn.unipi.it\/it\/","logo":{"@type":"ImageObject","inLanguage":"it-IT","@id":"https:\/\/www.msn.unipi.it\/it\/#\/schema\/logo\/image\/","url":"https:\/\/www.msn.unipi.it\/wp-content\/uploads\/2016\/07\/footer-logo.png","contentUrl":"https:\/\/www.msn.unipi.it\/wp-content\/uploads\/2016\/07\/footer-logo.png","width":220,"height":95,"caption":"Museo di Storia Naturale dell'Universit\u00e0 di Pisa"},"image":{"@id":"https:\/\/www.msn.unipi.it\/it\/#\/schema\/logo\/image\/"},"sameAs":["https:\/\/www.facebook.com\/Museo-di-Storia-Naturale-Universit\u00e0-di-Pisa-277794215612108\/","https:\/\/x.com\/msncalci","https:\/\/www.instagram.com\/museostorianaturale_calci\/","https:\/\/www.youtube.com\/channel\/UCDaMBe_RegmdCnxLPmryMxw"]}]}},"jetpack_sharing_enabled":true,"_links":{"self":[{"href":"https:\/\/www.msn.unipi.it\/it\/wp-json\/wp\/v2\/pages\/3208","targetHints":{"allow":["GET"]}}],"collection":[{"href":"https:\/\/www.msn.unipi.it\/it\/wp-json\/wp\/v2\/pages"}],"about":[{"href":"https:\/\/www.msn.unipi.it\/it\/wp-json\/wp\/v2\/types\/page"}],"author":[{"embeddable":true,"href":"https:\/\/www.msn.unipi.it\/it\/wp-json\/wp\/v2\/users\/1"}],"replies":[{"embeddable":true,"href":"https:\/\/www.msn.unipi.it\/it\/wp-json\/wp\/v2\/comments?post=3208"}],"version-history":[{"count":10,"href":"https:\/\/www.msn.unipi.it\/it\/wp-json\/wp\/v2\/pages\/3208\/revisions"}],"predecessor-version":[{"id":27614,"href":"https:\/\/www.msn.unipi.it\/it\/wp-json\/wp\/v2\/pages\/3208\/revisions\/27614"}],"up":[{"embeddable":true,"href":"https:\/\/www.msn.unipi.it\/it\/wp-json\/wp\/v2\/pages\/325"}],"wp:featuredmedia":[{"embeddable":true,"href":"https:\/\/www.msn.unipi.it\/it\/wp-json\/wp\/v2\/media\/7525"}],"wp:attachment":[{"href":"https:\/\/www.msn.unipi.it\/it\/wp-json\/wp\/v2\/media?parent=3208"}],"curies":[{"name":"wp","href":"https:\/\/api.w.org\/{rel}","templated":true}]}}