{"id":3235,"date":"2013-08-14T11:36:27","date_gmt":"2013-08-14T09:36:27","guid":{"rendered":"http:\/\/msntest.unipi.it\/?page_id=3235"},"modified":"2023-07-25T10:19:41","modified_gmt":"2023-07-25T08:19:41","slug":"cacce-al-tesoro","status":"publish","type":"page","link":"https:\/\/www.msn.unipi.it\/it\/educazione\/scuola\/offerta-educativa\/cacce-al-tesoro\/","title":{"rendered":"Caccia ai tesori del Museo"},"content":{"rendered":"<p style=\"text-align: center;\">Gioco a squadre per scoprire divertendosi i reperti pi\u00f9 strani presenti all\u2019interno della Galleria storica.<\/p>\n<p>&nbsp;<\/p>\n<p style=\"text-align: left;\"><span class=\"lightviolet\"><strong>Obiettivi<\/strong><\/span> &#8211; Far scoprire agli studenti la storia del Museo attraverso il gioco.<\/p>\n<p style=\"text-align: left;\"><span class=\"lightviolet\"><strong>Descrizione<\/strong> <\/span>&#8211;<strong> Caccia al tesoro<\/strong> per scoprire divertendosi i reperti pi\u00f9 strani presenti all&#8217;interno della\u00a0<a href=\"http:\/\/www.msn.unipi.it\/it\/la-galleria-storica-gallery\/\" target=\"_blank\" rel=\"noopener noreferrer\">Galleria storica<\/a> e della <a href=\"http:\/\/www.msn.unipi.it\/it\/la-galleria-degli-anfibi-e-dei-rettili-gallery\/\" target=\"_blank\" rel=\"noopener noreferrer\">Galleria degli anfibi e dei rettili<\/a>.\u00a0<span class=\"lightviolet\"><span style=\"color: #000000;\">Gli studenti, divisi in <strong>tre squadre<\/strong>, si sfideranno in una <strong>caccia al tesoro\u00a0<\/strong>alla ricerca dei reperti indicati nelle schede a loro assegnate. Ogni squadra sar\u00e0 accompagnata da un insegnante e l\u2019operatore seguir\u00e0 le squadre per fornire le indicazioni necessarie. Alla fine del gioco l&#8217;operatore condurr\u00e0 gli studenti nella visita delle sale ripercorrendo cos\u00ec la storia del Museo e mostrando i reperti indicati nelle schede.<\/span><\/span><\/p>\n<p style=\"text-align: left;\"><span class=\"lightviolet\"><span style=\"color: #000000;\">Gli studenti che riusciranno a completare correttamente le schede riceveranno in omaggio un <strong>piccolo premio<\/strong> come ricordo dell\u2019esperienza fatta.<\/span><\/span><\/p>\n<p><span class=\"lightviolet\"><strong>Costo<\/strong>:<span style=\"color: #000000;\"> ingresso \u20ac 6,00, attivit\u00e0 \u20ac 5,00.<\/span><\/span><\/p>\n\n\t\t<style type=\"text\/css\">\n\t\t\t#gallery-1 {\n\t\t\t\tmargin: auto;\n\t\t\t}\n\t\t\t#gallery-1 .gallery-item {\n\t\t\t\tfloat: left;\n\t\t\t\tmargin-top: 10px;\n\t\t\t\ttext-align: center;\n\t\t\t\twidth: 20%;\n\t\t\t}\n\t\t\t#gallery-1 img {\n\t\t\t\tborder: 2px solid #cfcfcf;\n\t\t\t}\n\t\t\t#gallery-1 .gallery-caption {\n\t\t\t\tmargin-left: 0;\n\t\t\t}\n\t\t\t\/* see gallery_shortcode() in wp-includes\/media.php *\/\n\t\t<\/style>\n\t\t<div id='gallery-1' class='gallery galleryid-3235 gallery-columns-5 gallery-size-thumbnail'><dl class='gallery-item'>\n\t\t\t<dt class='gallery-icon landscape'>\n\t\t\t\t<a href='https:\/\/www.msn.unipi.it\/it\/educazione\/scuola\/offerta-educativa\/cacce-al-tesoro\/teca-camera-delle-meraviglie-150x150\/'><img loading=\"lazy\" decoding=\"async\" width=\"150\" height=\"150\" src=\"https:\/\/www.msn.unipi.it\/wp-content\/uploads\/2013\/08\/Teca-Camera-delle-meraviglie-150x150-150x150.jpg\" class=\"attachment-thumbnail size-thumbnail\" alt=\"\" \/><\/a>\n\t\t\t<\/dt><\/dl><dl class='gallery-item'>\n\t\t\t<dt class='gallery-icon portrait'>\n\t\t\t\t<a href='https:\/\/www.msn.unipi.it\/it\/educazione\/scuola\/offerta-educativa\/cacce-al-tesoro\/blaschka\/'><img loading=\"lazy\" decoding=\"async\" width=\"150\" height=\"150\" src=\"https:\/\/www.msn.unipi.it\/wp-content\/uploads\/2013\/08\/Blaschka-150x150.jpg\" class=\"attachment-thumbnail size-thumbnail\" alt=\"\" \/><\/a>\n\t\t\t<\/dt><\/dl><dl class='gallery-item'>\n\t\t\t<dt class='gallery-icon landscape'>\n\t\t\t\t<a href='https:\/\/www.msn.unipi.it\/it\/educazione\/scuola\/offerta-educativa\/cacce-al-tesoro\/diorama-lupi-con-cane-e-agnello-150x150\/'><img loading=\"lazy\" decoding=\"async\" width=\"150\" height=\"150\" src=\"https:\/\/www.msn.unipi.it\/wp-content\/uploads\/2013\/08\/Diorama-Lupi-con-cane-e-agnello-150x150-150x150.jpg\" class=\"attachment-thumbnail size-thumbnail\" alt=\"\" srcset=\"https:\/\/www.msn.unipi.it\/wp-content\/uploads\/2013\/08\/Diorama-Lupi-con-cane-e-agnello-150x150-150x150.jpg 150w, https:\/\/www.msn.unipi.it\/wp-content\/uploads\/2013\/08\/Diorama-Lupi-con-cane-e-agnello-150x150-450x450.jpg 450w, https:\/\/www.msn.unipi.it\/wp-content\/uploads\/2013\/08\/Diorama-Lupi-con-cane-e-agnello-150x150-768x768.jpg 768w, https:\/\/www.msn.unipi.it\/wp-content\/uploads\/2013\/08\/Diorama-Lupi-con-cane-e-agnello-150x150-800x800.jpg 800w, https:\/\/www.msn.unipi.it\/wp-content\/uploads\/2013\/08\/Diorama-Lupi-con-cane-e-agnello-150x150.jpg 1181w\" sizes=\"auto, (max-width: 150px) 100vw, 150px\" \/><\/a>\n\t\t\t<\/dt><\/dl><dl class='gallery-item'>\n\t\t\t<dt class='gallery-icon landscape'>\n\t\t\t\t<a href='https:\/\/www.msn.unipi.it\/it\/educazione\/scuola\/offerta-educativa\/gli-uccelli-dinosauri-alati\/uccelli-esotici-150x150\/'><img loading=\"lazy\" decoding=\"async\" width=\"150\" height=\"150\" src=\"https:\/\/www.msn.unipi.it\/wp-content\/uploads\/2011\/12\/Uccelli-esotici-150x150-150x150.jpg\" class=\"attachment-thumbnail size-thumbnail\" alt=\"\" srcset=\"https:\/\/www.msn.unipi.it\/wp-content\/uploads\/2011\/12\/Uccelli-esotici-150x150-150x150.jpg 150w, https:\/\/www.msn.unipi.it\/wp-content\/uploads\/2011\/12\/Uccelli-esotici-150x150-450x450.jpg 450w, https:\/\/www.msn.unipi.it\/wp-content\/uploads\/2011\/12\/Uccelli-esotici-150x150-768x768.jpg 768w, https:\/\/www.msn.unipi.it\/wp-content\/uploads\/2011\/12\/Uccelli-esotici-150x150-800x800.jpg 800w, https:\/\/www.msn.unipi.it\/wp-content\/uploads\/2011\/12\/Uccelli-esotici-150x150.jpg 2048w\" sizes=\"auto, (max-width: 150px) 100vw, 150px\" \/><\/a>\n\t\t\t<\/dt><\/dl><dl class='gallery-item'>\n\t\t\t<dt class='gallery-icon landscape'>\n\t\t\t\t<a href='https:\/\/www.msn.unipi.it\/it\/educazione\/scuola\/offerta-educativa\/la-camera-delle-meraviglie\/cranio-con-corallo-150x150\/'><img loading=\"lazy\" decoding=\"async\" width=\"150\" height=\"150\" src=\"https:\/\/www.msn.unipi.it\/wp-content\/uploads\/2012\/03\/Cranio-con-corallo-150x150-150x150.jpg\" class=\"attachment-thumbnail size-thumbnail\" alt=\"\" srcset=\"https:\/\/www.msn.unipi.it\/wp-content\/uploads\/2012\/03\/Cranio-con-corallo-150x150-150x150.jpg 150w, https:\/\/www.msn.unipi.it\/wp-content\/uploads\/2012\/03\/Cranio-con-corallo-150x150-450x450.jpg 450w, https:\/\/www.msn.unipi.it\/wp-content\/uploads\/2012\/03\/Cranio-con-corallo-150x150-768x768.jpg 768w, https:\/\/www.msn.unipi.it\/wp-content\/uploads\/2012\/03\/Cranio-con-corallo-150x150-800x800.jpg 800w, https:\/\/www.msn.unipi.it\/wp-content\/uploads\/2012\/03\/Cranio-con-corallo-150x150.jpg 1181w\" sizes=\"auto, (max-width: 150px) 100vw, 150px\" \/><\/a>\n\t\t\t<\/dt><\/dl><br style=\"clear: both\" \/>\n\t\t<\/div>\n\n","protected":false},"excerpt":{"rendered":"<p>Gioco a squadre per scoprire divertendosi i reperti pi\u00f9 strani presenti all\u2019interno della Galleria storica. &nbsp; Obiettivi &#8211; Far scoprire agli studenti la storia del Museo attraverso il gioco. Descrizione &#8211; Caccia al tesoro per scoprire divertendosi i reperti pi\u00f9 strani presenti all&#8217;interno della\u00a0Galleria storica e della Galleria degli anfibi e dei rettili.\u00a0Gli studenti, divisi&nbsp; <a href=\"https:\/\/www.msn.unipi.it\/it\/educazione\/scuola\/offerta-educativa\/cacce-al-tesoro\/\">&hellip;  <i class=\"fa fa-chevron-right\"><\/i><\/a><\/p>\n","protected":false},"author":1,"featured_media":7525,"parent":16083,"menu_order":0,"comment_status":"closed","ping_status":"closed","template":"","meta":{"footnotes":""},"class_list":["post-3235","page","type-page","status-publish","has-post-thumbnail","hentry"],"yoast_head":"<!-- This site is optimized with the Yoast SEO plugin v26.8 - https:\/\/yoast.com\/product\/yoast-seo-wordpress\/ -->\n<title>Caccia ai tesori del Museo - Museo di Storia Naturale dell&#039;Universit\u00e0 di Pisa<\/title>\n<meta name=\"description\" content=\"Gioco a squadre per scoprire divertendosi i reperti pi\u00f9 strani presenti all\u2019interno della Galleria storica. &nbsp; Obiettivi - Far scoprire agli studenti\" \/>\n<meta name=\"robots\" content=\"index, follow, max-snippet:-1, max-image-preview:large, max-video-preview:-1\" \/>\n<link rel=\"canonical\" href=\"https:\/\/www.msn.unipi.it\/it\/educazione\/scuola\/offerta-educativa\/cacce-al-tesoro\/\" \/>\n<meta property=\"og:locale\" content=\"it_IT\" \/>\n<meta property=\"og:type\" content=\"article\" \/>\n<meta property=\"og:title\" content=\"Caccia ai tesori del Museo - Museo di Storia Naturale dell&#039;Universit\u00e0 di Pisa\" \/>\n<meta property=\"og:description\" content=\"Gioco a squadre per scoprire divertendosi i reperti pi\u00f9 strani presenti all\u2019interno della Galleria storica. &nbsp; Obiettivi - Far scoprire agli studenti\" \/>\n<meta property=\"og:url\" content=\"https:\/\/www.msn.unipi.it\/it\/educazione\/scuola\/offerta-educativa\/cacce-al-tesoro\/\" \/>\n<meta property=\"og:site_name\" content=\"Museo di Storia Naturale dell&#039;Universit\u00e0 di Pisa\" \/>\n<meta property=\"article:publisher\" content=\"https:\/\/www.facebook.com\/Museo-di-Storia-Naturale-Universit%c3%a0-di-Pisa-277794215612108\/\" \/>\n<meta property=\"article:modified_time\" content=\"2023-07-25T08:19:41+00:00\" \/>\n<meta property=\"og:image\" content=\"https:\/\/www.msn.unipi.it\/wp-content\/uploads\/2011\/04\/madreporaTG.jpg\" \/>\n\t<meta property=\"og:image:width\" content=\"2048\" \/>\n\t<meta property=\"og:image:height\" content=\"342\" \/>\n\t<meta property=\"og:image:type\" content=\"image\/jpeg\" \/>\n<meta name=\"twitter:card\" content=\"summary_large_image\" \/>\n<meta name=\"twitter:site\" content=\"@msncalci\" \/>\n<meta name=\"twitter:label1\" content=\"Tempo di lettura stimato\" \/>\n\t<meta name=\"twitter:data1\" content=\"1 minuto\" \/>\n<script type=\"application\/ld+json\" class=\"yoast-schema-graph\">{\"@context\":\"https:\/\/schema.org\",\"@graph\":[{\"@type\":\"WebPage\",\"@id\":\"https:\/\/www.msn.unipi.it\/it\/educazione\/scuola\/offerta-educativa\/cacce-al-tesoro\/\",\"url\":\"https:\/\/www.msn.unipi.it\/it\/educazione\/scuola\/offerta-educativa\/cacce-al-tesoro\/\",\"name\":\"Caccia ai tesori del Museo - Museo di Storia Naturale dell&#039;Universit\u00e0 di Pisa\",\"isPartOf\":{\"@id\":\"https:\/\/www.msn.unipi.it\/it\/#website\"},\"primaryImageOfPage\":{\"@id\":\"https:\/\/www.msn.unipi.it\/it\/educazione\/scuola\/offerta-educativa\/cacce-al-tesoro\/#primaryimage\"},\"image\":{\"@id\":\"https:\/\/www.msn.unipi.it\/it\/educazione\/scuola\/offerta-educativa\/cacce-al-tesoro\/#primaryimage\"},\"thumbnailUrl\":\"https:\/\/www.msn.unipi.it\/wp-content\/uploads\/2011\/04\/madreporaTG.jpg\",\"datePublished\":\"2013-08-14T09:36:27+00:00\",\"dateModified\":\"2023-07-25T08:19:41+00:00\",\"description\":\"Gioco a squadre per scoprire divertendosi i reperti pi\u00f9 strani presenti all\u2019interno della Galleria storica. &nbsp; Obiettivi - Far scoprire agli studenti\",\"breadcrumb\":{\"@id\":\"https:\/\/www.msn.unipi.it\/it\/educazione\/scuola\/offerta-educativa\/cacce-al-tesoro\/#breadcrumb\"},\"inLanguage\":\"it-IT\",\"potentialAction\":[{\"@type\":\"ReadAction\",\"target\":[\"https:\/\/www.msn.unipi.it\/it\/educazione\/scuola\/offerta-educativa\/cacce-al-tesoro\/\"]}]},{\"@type\":\"ImageObject\",\"inLanguage\":\"it-IT\",\"@id\":\"https:\/\/www.msn.unipi.it\/it\/educazione\/scuola\/offerta-educativa\/cacce-al-tesoro\/#primaryimage\",\"url\":\"https:\/\/www.msn.unipi.it\/wp-content\/uploads\/2011\/04\/madreporaTG.jpg\",\"contentUrl\":\"https:\/\/www.msn.unipi.it\/wp-content\/uploads\/2011\/04\/madreporaTG.jpg\",\"width\":2048,\"height\":342},{\"@type\":\"BreadcrumbList\",\"@id\":\"https:\/\/www.msn.unipi.it\/it\/educazione\/scuola\/offerta-educativa\/cacce-al-tesoro\/#breadcrumb\",\"itemListElement\":[{\"@type\":\"ListItem\",\"position\":1,\"name\":\"Home\",\"item\":\"https:\/\/www.msn.unipi.it\/it\/\"},{\"@type\":\"ListItem\",\"position\":2,\"name\":\"Educazione\",\"item\":\"https:\/\/www.msn.unipi.it\/it\/educazione\/\"},{\"@type\":\"ListItem\",\"position\":3,\"name\":\"Scuola\",\"item\":\"https:\/\/www.msn.unipi.it\/it\/educazione\/scuola\/\"},{\"@type\":\"ListItem\",\"position\":4,\"name\":\"Offerta educativa 2025-2026\",\"item\":\"https:\/\/www.msn.unipi.it\/it\/educazione\/scuola\/offerta-educativa\/\"},{\"@type\":\"ListItem\",\"position\":5,\"name\":\"Caccia ai tesori del Museo\"}]},{\"@type\":\"WebSite\",\"@id\":\"https:\/\/www.msn.unipi.it\/it\/#website\",\"url\":\"https:\/\/www.msn.unipi.it\/it\/\",\"name\":\"Museo di Storia Naturale dell&#039;Universit\u00e0 di Pisa\",\"description\":\"\",\"publisher\":{\"@id\":\"https:\/\/www.msn.unipi.it\/it\/#organization\"},\"potentialAction\":[{\"@type\":\"SearchAction\",\"target\":{\"@type\":\"EntryPoint\",\"urlTemplate\":\"https:\/\/www.msn.unipi.it\/it\/?s={search_term_string}\"},\"query-input\":{\"@type\":\"PropertyValueSpecification\",\"valueRequired\":true,\"valueName\":\"search_term_string\"}}],\"inLanguage\":\"it-IT\"},{\"@type\":\"Organization\",\"@id\":\"https:\/\/www.msn.unipi.it\/it\/#organization\",\"name\":\"Museo di Storia Naturale dell'Universit\u00e0 di Pisa\",\"url\":\"https:\/\/www.msn.unipi.it\/it\/\",\"logo\":{\"@type\":\"ImageObject\",\"inLanguage\":\"it-IT\",\"@id\":\"https:\/\/www.msn.unipi.it\/it\/#\/schema\/logo\/image\/\",\"url\":\"https:\/\/www.msn.unipi.it\/wp-content\/uploads\/2016\/07\/footer-logo.png\",\"contentUrl\":\"https:\/\/www.msn.unipi.it\/wp-content\/uploads\/2016\/07\/footer-logo.png\",\"width\":220,\"height\":95,\"caption\":\"Museo di Storia Naturale dell'Universit\u00e0 di Pisa\"},\"image\":{\"@id\":\"https:\/\/www.msn.unipi.it\/it\/#\/schema\/logo\/image\/\"},\"sameAs\":[\"https:\/\/www.facebook.com\/Museo-di-Storia-Naturale-Universit\u00e0-di-Pisa-277794215612108\/\",\"https:\/\/x.com\/msncalci\",\"https:\/\/www.instagram.com\/museostorianaturale_calci\/\",\"https:\/\/www.youtube.com\/channel\/UCDaMBe_RegmdCnxLPmryMxw\"]}]}<\/script>\n<!-- \/ Yoast SEO plugin. -->","yoast_head_json":{"title":"Caccia ai tesori del Museo - Museo di Storia Naturale dell&#039;Universit\u00e0 di Pisa","description":"Gioco a squadre per scoprire divertendosi i reperti pi\u00f9 strani presenti all\u2019interno della Galleria storica. &nbsp; Obiettivi - Far scoprire agli studenti","robots":{"index":"index","follow":"follow","max-snippet":"max-snippet:-1","max-image-preview":"max-image-preview:large","max-video-preview":"max-video-preview:-1"},"canonical":"https:\/\/www.msn.unipi.it\/it\/educazione\/scuola\/offerta-educativa\/cacce-al-tesoro\/","og_locale":"it_IT","og_type":"article","og_title":"Caccia ai tesori del Museo - Museo di Storia Naturale dell&#039;Universit\u00e0 di Pisa","og_description":"Gioco a squadre per scoprire divertendosi i reperti pi\u00f9 strani presenti all\u2019interno della Galleria storica. &nbsp; Obiettivi - Far scoprire agli studenti","og_url":"https:\/\/www.msn.unipi.it\/it\/educazione\/scuola\/offerta-educativa\/cacce-al-tesoro\/","og_site_name":"Museo di Storia Naturale dell&#039;Universit\u00e0 di Pisa","article_publisher":"https:\/\/www.facebook.com\/Museo-di-Storia-Naturale-Universit%c3%a0-di-Pisa-277794215612108\/","article_modified_time":"2023-07-25T08:19:41+00:00","og_image":[{"width":2048,"height":342,"url":"https:\/\/www.msn.unipi.it\/wp-content\/uploads\/2011\/04\/madreporaTG.jpg","type":"image\/jpeg"}],"twitter_card":"summary_large_image","twitter_site":"@msncalci","twitter_misc":{"Tempo di lettura stimato":"1 minuto"},"schema":{"@context":"https:\/\/schema.org","@graph":[{"@type":"WebPage","@id":"https:\/\/www.msn.unipi.it\/it\/educazione\/scuola\/offerta-educativa\/cacce-al-tesoro\/","url":"https:\/\/www.msn.unipi.it\/it\/educazione\/scuola\/offerta-educativa\/cacce-al-tesoro\/","name":"Caccia ai tesori del Museo - Museo di Storia Naturale dell&#039;Universit\u00e0 di Pisa","isPartOf":{"@id":"https:\/\/www.msn.unipi.it\/it\/#website"},"primaryImageOfPage":{"@id":"https:\/\/www.msn.unipi.it\/it\/educazione\/scuola\/offerta-educativa\/cacce-al-tesoro\/#primaryimage"},"image":{"@id":"https:\/\/www.msn.unipi.it\/it\/educazione\/scuola\/offerta-educativa\/cacce-al-tesoro\/#primaryimage"},"thumbnailUrl":"https:\/\/www.msn.unipi.it\/wp-content\/uploads\/2011\/04\/madreporaTG.jpg","datePublished":"2013-08-14T09:36:27+00:00","dateModified":"2023-07-25T08:19:41+00:00","description":"Gioco a squadre per scoprire divertendosi i reperti pi\u00f9 strani presenti all\u2019interno della Galleria storica. &nbsp; Obiettivi - Far scoprire agli studenti","breadcrumb":{"@id":"https:\/\/www.msn.unipi.it\/it\/educazione\/scuola\/offerta-educativa\/cacce-al-tesoro\/#breadcrumb"},"inLanguage":"it-IT","potentialAction":[{"@type":"ReadAction","target":["https:\/\/www.msn.unipi.it\/it\/educazione\/scuola\/offerta-educativa\/cacce-al-tesoro\/"]}]},{"@type":"ImageObject","inLanguage":"it-IT","@id":"https:\/\/www.msn.unipi.it\/it\/educazione\/scuola\/offerta-educativa\/cacce-al-tesoro\/#primaryimage","url":"https:\/\/www.msn.unipi.it\/wp-content\/uploads\/2011\/04\/madreporaTG.jpg","contentUrl":"https:\/\/www.msn.unipi.it\/wp-content\/uploads\/2011\/04\/madreporaTG.jpg","width":2048,"height":342},{"@type":"BreadcrumbList","@id":"https:\/\/www.msn.unipi.it\/it\/educazione\/scuola\/offerta-educativa\/cacce-al-tesoro\/#breadcrumb","itemListElement":[{"@type":"ListItem","position":1,"name":"Home","item":"https:\/\/www.msn.unipi.it\/it\/"},{"@type":"ListItem","position":2,"name":"Educazione","item":"https:\/\/www.msn.unipi.it\/it\/educazione\/"},{"@type":"ListItem","position":3,"name":"Scuola","item":"https:\/\/www.msn.unipi.it\/it\/educazione\/scuola\/"},{"@type":"ListItem","position":4,"name":"Offerta educativa 2025-2026","item":"https:\/\/www.msn.unipi.it\/it\/educazione\/scuola\/offerta-educativa\/"},{"@type":"ListItem","position":5,"name":"Caccia ai tesori del Museo"}]},{"@type":"WebSite","@id":"https:\/\/www.msn.unipi.it\/it\/#website","url":"https:\/\/www.msn.unipi.it\/it\/","name":"Museo di Storia Naturale dell&#039;Universit\u00e0 di Pisa","description":"","publisher":{"@id":"https:\/\/www.msn.unipi.it\/it\/#organization"},"potentialAction":[{"@type":"SearchAction","target":{"@type":"EntryPoint","urlTemplate":"https:\/\/www.msn.unipi.it\/it\/?s={search_term_string}"},"query-input":{"@type":"PropertyValueSpecification","valueRequired":true,"valueName":"search_term_string"}}],"inLanguage":"it-IT"},{"@type":"Organization","@id":"https:\/\/www.msn.unipi.it\/it\/#organization","name":"Museo di Storia Naturale dell'Universit\u00e0 di Pisa","url":"https:\/\/www.msn.unipi.it\/it\/","logo":{"@type":"ImageObject","inLanguage":"it-IT","@id":"https:\/\/www.msn.unipi.it\/it\/#\/schema\/logo\/image\/","url":"https:\/\/www.msn.unipi.it\/wp-content\/uploads\/2016\/07\/footer-logo.png","contentUrl":"https:\/\/www.msn.unipi.it\/wp-content\/uploads\/2016\/07\/footer-logo.png","width":220,"height":95,"caption":"Museo di Storia Naturale dell'Universit\u00e0 di Pisa"},"image":{"@id":"https:\/\/www.msn.unipi.it\/it\/#\/schema\/logo\/image\/"},"sameAs":["https:\/\/www.facebook.com\/Museo-di-Storia-Naturale-Universit\u00e0-di-Pisa-277794215612108\/","https:\/\/x.com\/msncalci","https:\/\/www.instagram.com\/museostorianaturale_calci\/","https:\/\/www.youtube.com\/channel\/UCDaMBe_RegmdCnxLPmryMxw"]}]}},"jetpack_sharing_enabled":true,"_links":{"self":[{"href":"https:\/\/www.msn.unipi.it\/it\/wp-json\/wp\/v2\/pages\/3235","targetHints":{"allow":["GET"]}}],"collection":[{"href":"https:\/\/www.msn.unipi.it\/it\/wp-json\/wp\/v2\/pages"}],"about":[{"href":"https:\/\/www.msn.unipi.it\/it\/wp-json\/wp\/v2\/types\/page"}],"author":[{"embeddable":true,"href":"https:\/\/www.msn.unipi.it\/it\/wp-json\/wp\/v2\/users\/1"}],"replies":[{"embeddable":true,"href":"https:\/\/www.msn.unipi.it\/it\/wp-json\/wp\/v2\/comments?post=3235"}],"version-history":[{"count":10,"href":"https:\/\/www.msn.unipi.it\/it\/wp-json\/wp\/v2\/pages\/3235\/revisions"}],"predecessor-version":[{"id":27640,"href":"https:\/\/www.msn.unipi.it\/it\/wp-json\/wp\/v2\/pages\/3235\/revisions\/27640"}],"up":[{"embeddable":true,"href":"https:\/\/www.msn.unipi.it\/it\/wp-json\/wp\/v2\/pages\/16083"}],"wp:featuredmedia":[{"embeddable":true,"href":"https:\/\/www.msn.unipi.it\/it\/wp-json\/wp\/v2\/media\/7525"}],"wp:attachment":[{"href":"https:\/\/www.msn.unipi.it\/it\/wp-json\/wp\/v2\/media?parent=3235"}],"curies":[{"name":"wp","href":"https:\/\/api.w.org\/{rel}","templated":true}]}}