{"id":419,"date":"2011-12-16T09:28:21","date_gmt":"2011-12-16T09:28:21","guid":{"rendered":"http:\/\/labcd.humnet.unipi.it\/demo\/museocalci\/?page_id=419"},"modified":"2023-07-20T12:35:39","modified_gmt":"2023-07-20T10:35:39","slug":"amici-del-bosco","status":"publish","type":"page","link":"https:\/\/www.msn.unipi.it\/it\/educazione\/scuola\/offerta-educativa\/attivita-infanzia\/amici-del-bosco\/","title":{"rendered":"Amici del bosco"},"content":{"rendered":"<p style=\"text-align: center;\">Attivit\u00e0 multisensoriale <strong>in aula <\/strong>dedicata agli animali del bosco con osservazione di alcuni esemplari naturalizzati, riconoscimento e studio delle tracce, ascolto dei versi e gioco tattile.<\/p>\n<p style=\"text-align: center;\">A seguire una <strong>visita in Museo<\/strong> alla ricerca di altri animali del bosco.<\/p>\n<p>&nbsp;<\/p>\n<p><strong><img loading=\"lazy\" decoding=\"async\" class=\"wp-image-9564 alignleft\" style=\"color: #323232; font-weight: normal;\" src=\"http:\/\/www.msn.unipi.it\/wp-content\/uploads\/2011\/12\/uccellino-copia-150x150.png\" alt=\"\" width=\"74\" height=\"74\" \/><\/strong><\/p>\n<p><span class=\"lightviolet\"><strong>Obiett<\/strong><\/span><span class=\"lightviolet\"><strong>ivi<\/strong> <span style=\"color: #000000;\">&#8211; Stimolare i bambini all&#8217;osservazione degli ambi<\/span><\/span><span class=\"lightviolet\"><span style=\"color: #000000;\">enti naturali, alla conoscenza degli animali e al rispetto dell&#8217;ambiente, acquisendo anche<\/span><\/span><span class=\"lightviolet\" style=\"color: #000000;\"><span class=\"lightviolet\" style=\"color: #000000;\">\u00a0comportamenti corretti da tenere durante le passeggiate nel bosco.<\/span><\/span><span class=\"lightviolet\">\u00a0<\/span><\/p>\n<ul>\n<li><\/li>\n<li><span class=\"lightviolet\"><strong>Descrizione<\/strong> <span style=\"color: #000000;\">&#8211; <strong>Attivit\u00e0<\/strong> dedicata all&#8217;ambiente bosco e ai suoi animali. Dopo una breve introduzione su\u00a0che cos&#8217;\u00e8 un<strong> bosco<\/strong> e quali sono i comportamenti corretti da tenere per esplorarlo; i bambini saranno coinvolti in alcune <strong>attivit\u00e0 ludico-didattiche<\/strong>:<\/span><\/span><\/li>\n<li style=\"text-align: left;\"><strong>Carte degli animali<\/strong> &#8211; a ogni \u00a0bambino sar\u00e0 assegnata una carta con l&#8217;illustrazione di un animale e, con l&#8217;aiuto dell&#8217;operatore, scoprir\u00e0 se il suo animale \u00e8 diurno o notturno; carnivoro, erbivoro o onnivoro.<\/li>\n<li style=\"text-align: left;\"><strong>Tracce nel bosco<\/strong> &#8211; l&#8217;operato<span style=\"color: #000000;\">re spiegher\u00e0 ai bambini che non \u00e8 facile vedere gli animali nel bosco, ma gli animali lasciano molte tracce che indicano la loro presenza; a questo punto l&#8217;operatore mostrer\u00e0 ai bambini <\/span><span style=\"color: #000000;\">varie tracce<span class=\"lightviolet\">\u00a0<span style=\"color: #000000;\">(nidi, resti di pasti, feci, penne, aculei di istrice, ossa&#8230;) invitandoli a riconoscerle usando prima la vista e poi soltanto il tatto.<\/span><\/span><\/span><\/li>\n<li style=\"text-align: left;\"><strong>I<\/strong><span style=\"color: #000000;\"><strong>mpronte nel bosco<\/strong> &#8211; a ogni bambino sar\u00e0 assegnata un&#8217;impronta stencil e, con l&#8217;aiuto dell&#8217;operatore, dovr\u00e0 trovare sui poster delle impronte quella corrispondente scoprendo cos\u00ec a quale animale appartiene.<\/span><\/li>\n<li style=\"text-align: left;\"><strong>Versi nel bosco<\/strong> &#8211; l&#8217;operatore far\u00e0 ascoltare i versi di alcuni animali del bosco, invitando i bambini a riconoscerli.<a href=\"http:\/\/www.msn.unipi.it\/wp-content\/uploads\/2011\/12\/scoiattolo-copia.png\" data-lbwps-width=\"211\" data-lbwps-height=\"301\" data-lbwps-srcsmall=\"https:\/\/www.msn.unipi.it\/wp-content\/uploads\/2011\/12\/scoiattolo-copia.png\"><img loading=\"lazy\" decoding=\"async\" class=\"wp-image-9563 alignright\" src=\"http:\/\/www.msn.unipi.it\/wp-content\/uploads\/2011\/12\/scoiattolo-copia.png\" alt=\"\" width=\"60\" height=\"86\" \/><\/a><\/li>\n<\/ul>\n<p><strong>I colori degli animali<\/strong> &#8211; i bambini potranno osservare da vicino alcuni animali naturalizzati, scoprendo cos\u00ec quali sono i loro veri colori e, infine, coloreranno un disegno di un animale da portare a casa come ricordo dell&#8217;esperienza fatta.<\/p>\n<p style=\"text-align: left;\"><strong>In omaggio alla classe una copia del librino didattico <em>&#8220;Animali del bosco&#8221; .<\/em><\/strong><\/p>\n<p><span class=\"lightviolet\"><strong>Costo ingresso<\/strong>:\u00a0<span style=\"color: #000000;\">gratuito.<\/span><\/span><\/p>\n<p style=\"text-align: left;\"><span class=\"lightviolet\"><strong>Costo attiv<\/strong><\/span><span class=\"lightviolet\"><strong>it\u00e0<\/strong><span style=\"color: #000000;\">: \u20ac 6,00.\u00a0<\/span><\/span><\/p>\n\n\t\t<style type=\"text\/css\">\n\t\t\t#gallery-1 {\n\t\t\t\tmargin: auto;\n\t\t\t}\n\t\t\t#gallery-1 .gallery-item {\n\t\t\t\tfloat: left;\n\t\t\t\tmargin-top: 10px;\n\t\t\t\ttext-align: center;\n\t\t\t\twidth: 20%;\n\t\t\t}\n\t\t\t#gallery-1 img {\n\t\t\t\tborder: 2px solid #cfcfcf;\n\t\t\t}\n\t\t\t#gallery-1 .gallery-caption {\n\t\t\t\tmargin-left: 0;\n\t\t\t}\n\t\t\t\/* see gallery_shortcode() in wp-includes\/media.php *\/\n\t\t<\/style>\n\t\t<div id='gallery-1' class='gallery galleryid-419 gallery-columns-5 gallery-size-thumbnail'><dl class='gallery-item'>\n\t\t\t<dt class='gallery-icon landscape'>\n\t\t\t\t<a href='https:\/\/www.msn.unipi.it\/it\/educazione\/scuola\/offerta-educativa\/attivita-infanzia\/amici-del-bosco\/kit-tracce-150x150\/'><img loading=\"lazy\" decoding=\"async\" width=\"150\" height=\"150\" src=\"https:\/\/www.msn.unipi.it\/wp-content\/uploads\/2011\/12\/Kit-tracce-150x150-150x150.jpg\" class=\"attachment-thumbnail size-thumbnail\" alt=\"\" srcset=\"https:\/\/www.msn.unipi.it\/wp-content\/uploads\/2011\/12\/Kit-tracce-150x150-150x150.jpg 150w, https:\/\/www.msn.unipi.it\/wp-content\/uploads\/2011\/12\/Kit-tracce-150x150-450x450.jpg 450w, https:\/\/www.msn.unipi.it\/wp-content\/uploads\/2011\/12\/Kit-tracce-150x150-768x768.jpg 768w, https:\/\/www.msn.unipi.it\/wp-content\/uploads\/2011\/12\/Kit-tracce-150x150-800x800.jpg 800w, https:\/\/www.msn.unipi.it\/wp-content\/uploads\/2011\/12\/Kit-tracce-150x150.jpg 1059w\" sizes=\"auto, (max-width: 150px) 100vw, 150px\" \/><\/a>\n\t\t\t<\/dt><\/dl><dl class='gallery-item'>\n\t\t\t<dt class='gallery-icon landscape'>\n\t\t\t\t<a href='https:\/\/www.msn.unipi.it\/it\/educazione\/scuola\/offerta-educativa\/attivita-infanzia\/amici-del-bosco\/disegno-1-150x150\/'><img loading=\"lazy\" decoding=\"async\" width=\"150\" height=\"150\" src=\"https:\/\/www.msn.unipi.it\/wp-content\/uploads\/2011\/12\/Disegno-1-150x150-150x150.jpg\" class=\"attachment-thumbnail size-thumbnail\" alt=\"\" srcset=\"https:\/\/www.msn.unipi.it\/wp-content\/uploads\/2011\/12\/Disegno-1-150x150-150x150.jpg 150w, https:\/\/www.msn.unipi.it\/wp-content\/uploads\/2011\/12\/Disegno-1-150x150-450x450.jpg 450w, https:\/\/www.msn.unipi.it\/wp-content\/uploads\/2011\/12\/Disegno-1-150x150-768x768.jpg 768w, https:\/\/www.msn.unipi.it\/wp-content\/uploads\/2011\/12\/Disegno-1-150x150-800x800.jpg 800w, https:\/\/www.msn.unipi.it\/wp-content\/uploads\/2011\/12\/Disegno-1-150x150.jpg 899w\" sizes=\"auto, (max-width: 150px) 100vw, 150px\" \/><\/a>\n\t\t\t<\/dt><\/dl><dl class='gallery-item'>\n\t\t\t<dt class='gallery-icon landscape'>\n\t\t\t\t<a href='https:\/\/www.msn.unipi.it\/it\/educazione\/scuola\/offerta-educativa\/attivita-infanzia\/amici-del-bosco\/disegno-2-150x150\/'><img loading=\"lazy\" decoding=\"async\" width=\"150\" height=\"150\" src=\"https:\/\/www.msn.unipi.it\/wp-content\/uploads\/2011\/12\/Disegno-2-150x150-150x150.jpg\" class=\"attachment-thumbnail size-thumbnail\" alt=\"\" srcset=\"https:\/\/www.msn.unipi.it\/wp-content\/uploads\/2011\/12\/Disegno-2-150x150-150x150.jpg 150w, https:\/\/www.msn.unipi.it\/wp-content\/uploads\/2011\/12\/Disegno-2-150x150-450x450.jpg 450w, https:\/\/www.msn.unipi.it\/wp-content\/uploads\/2011\/12\/Disegno-2-150x150-768x768.jpg 768w, https:\/\/www.msn.unipi.it\/wp-content\/uploads\/2011\/12\/Disegno-2-150x150.jpg 793w\" sizes=\"auto, (max-width: 150px) 100vw, 150px\" \/><\/a>\n\t\t\t<\/dt><\/dl><dl class='gallery-item'>\n\t\t\t<dt class='gallery-icon landscape'>\n\t\t\t\t<a href='https:\/\/www.msn.unipi.it\/it\/educazione\/scuola\/offerta-educativa\/attivita-per-le-classi-1-e-2\/animali-del-bosco\/img_0002-mod\/'><img loading=\"lazy\" decoding=\"async\" width=\"150\" height=\"150\" src=\"https:\/\/www.msn.unipi.it\/wp-content\/uploads\/2018\/07\/IMG_0002-mod-150x150.jpg\" class=\"attachment-thumbnail size-thumbnail\" alt=\"\" \/><\/a>\n\t\t\t<\/dt><\/dl><dl class='gallery-item'>\n\t\t\t<dt class='gallery-icon landscape'>\n\t\t\t\t<a href='https:\/\/www.msn.unipi.it\/it\/educazione\/scuola\/offerta-educativa\/attivita-per-le-classi-1-e-2\/animali-del-bosco\/img_9986-mod\/'><img loading=\"lazy\" decoding=\"async\" width=\"150\" height=\"150\" src=\"https:\/\/www.msn.unipi.it\/wp-content\/uploads\/2018\/07\/IMG_9986-mod-150x150.jpg\" class=\"attachment-thumbnail size-thumbnail\" alt=\"\" \/><\/a>\n\t\t\t<\/dt><\/dl><br style=\"clear: both\" \/>\n\t\t<\/div>\n\n","protected":false},"excerpt":{"rendered":"<p>Attivit\u00e0 multisensoriale in aula dedicata agli animali del bosco con osservazione di alcuni esemplari naturalizzati, riconoscimento e studio delle tracce, ascolto dei versi e gioco tattile. A seguire una visita in Museo alla ricerca di altri animali del bosco. &nbsp; Obiettivi &#8211; Stimolare i bambini all&#8217;osservazione degli ambienti naturali, alla conoscenza degli animali e al&nbsp; <a href=\"https:\/\/www.msn.unipi.it\/it\/educazione\/scuola\/offerta-educativa\/attivita-infanzia\/amici-del-bosco\/\">&hellip;  <i class=\"fa fa-chevron-right\"><\/i><\/a><\/p>\n","protected":false},"author":1,"featured_media":7525,"parent":318,"menu_order":4,"comment_status":"closed","ping_status":"closed","template":"","meta":{"footnotes":""},"class_list":["post-419","page","type-page","status-publish","has-post-thumbnail","hentry"],"yoast_head":"<!-- This site is optimized with the Yoast SEO plugin v26.8 - https:\/\/yoast.com\/product\/yoast-seo-wordpress\/ -->\n<title>Amici del bosco - Museo di Storia Naturale dell&#039;Universit\u00e0 di Pisa<\/title>\n<meta name=\"description\" content=\"Attivit\u00e0 multisensoriale in aula dedicata agli animali del bosco con osservazione di alcuni esemplari naturalizzati, riconoscimento e studio delle tracce,\" \/>\n<meta name=\"robots\" content=\"index, follow, max-snippet:-1, max-image-preview:large, max-video-preview:-1\" \/>\n<link rel=\"canonical\" href=\"https:\/\/www.msn.unipi.it\/it\/educazione\/scuola\/offerta-educativa\/attivita-infanzia\/amici-del-bosco\/\" \/>\n<meta property=\"og:locale\" content=\"it_IT\" \/>\n<meta property=\"og:type\" content=\"article\" \/>\n<meta property=\"og:title\" content=\"Amici del bosco - Museo di Storia Naturale dell&#039;Universit\u00e0 di Pisa\" \/>\n<meta property=\"og:description\" content=\"Attivit\u00e0 multisensoriale in aula dedicata agli animali del bosco con osservazione di alcuni esemplari naturalizzati, riconoscimento e studio delle tracce,\" \/>\n<meta property=\"og:url\" content=\"https:\/\/www.msn.unipi.it\/it\/educazione\/scuola\/offerta-educativa\/attivita-infanzia\/amici-del-bosco\/\" \/>\n<meta property=\"og:site_name\" content=\"Museo di Storia Naturale dell&#039;Universit\u00e0 di Pisa\" \/>\n<meta property=\"article:publisher\" content=\"https:\/\/www.facebook.com\/Museo-di-Storia-Naturale-Universit%c3%a0-di-Pisa-277794215612108\/\" \/>\n<meta property=\"article:modified_time\" content=\"2023-07-20T10:35:39+00:00\" \/>\n<meta property=\"og:image\" content=\"https:\/\/www.msn.unipi.it\/wp-content\/uploads\/2011\/04\/madreporaTG.jpg\" \/>\n\t<meta property=\"og:image:width\" content=\"2048\" \/>\n\t<meta property=\"og:image:height\" content=\"342\" \/>\n\t<meta property=\"og:image:type\" content=\"image\/jpeg\" \/>\n<meta name=\"twitter:card\" content=\"summary_large_image\" \/>\n<meta name=\"twitter:site\" content=\"@msncalci\" \/>\n<meta name=\"twitter:label1\" content=\"Tempo di lettura stimato\" \/>\n\t<meta name=\"twitter:data1\" content=\"3 minuti\" \/>\n<script type=\"application\/ld+json\" class=\"yoast-schema-graph\">{\"@context\":\"https:\/\/schema.org\",\"@graph\":[{\"@type\":\"WebPage\",\"@id\":\"https:\/\/www.msn.unipi.it\/it\/educazione\/scuola\/offerta-educativa\/attivita-infanzia\/amici-del-bosco\/\",\"url\":\"https:\/\/www.msn.unipi.it\/it\/educazione\/scuola\/offerta-educativa\/attivita-infanzia\/amici-del-bosco\/\",\"name\":\"Amici del bosco - Museo di Storia Naturale dell&#039;Universit\u00e0 di Pisa\",\"isPartOf\":{\"@id\":\"https:\/\/www.msn.unipi.it\/it\/#website\"},\"primaryImageOfPage\":{\"@id\":\"https:\/\/www.msn.unipi.it\/it\/educazione\/scuola\/offerta-educativa\/attivita-infanzia\/amici-del-bosco\/#primaryimage\"},\"image\":{\"@id\":\"https:\/\/www.msn.unipi.it\/it\/educazione\/scuola\/offerta-educativa\/attivita-infanzia\/amici-del-bosco\/#primaryimage\"},\"thumbnailUrl\":\"https:\/\/www.msn.unipi.it\/wp-content\/uploads\/2011\/04\/madreporaTG.jpg\",\"datePublished\":\"2011-12-16T09:28:21+00:00\",\"dateModified\":\"2023-07-20T10:35:39+00:00\",\"description\":\"Attivit\u00e0 multisensoriale in aula dedicata agli animali del bosco con osservazione di alcuni esemplari naturalizzati, riconoscimento e studio delle tracce,\",\"breadcrumb\":{\"@id\":\"https:\/\/www.msn.unipi.it\/it\/educazione\/scuola\/offerta-educativa\/attivita-infanzia\/amici-del-bosco\/#breadcrumb\"},\"inLanguage\":\"it-IT\",\"potentialAction\":[{\"@type\":\"ReadAction\",\"target\":[\"https:\/\/www.msn.unipi.it\/it\/educazione\/scuola\/offerta-educativa\/attivita-infanzia\/amici-del-bosco\/\"]}]},{\"@type\":\"ImageObject\",\"inLanguage\":\"it-IT\",\"@id\":\"https:\/\/www.msn.unipi.it\/it\/educazione\/scuola\/offerta-educativa\/attivita-infanzia\/amici-del-bosco\/#primaryimage\",\"url\":\"https:\/\/www.msn.unipi.it\/wp-content\/uploads\/2011\/04\/madreporaTG.jpg\",\"contentUrl\":\"https:\/\/www.msn.unipi.it\/wp-content\/uploads\/2011\/04\/madreporaTG.jpg\",\"width\":2048,\"height\":342},{\"@type\":\"BreadcrumbList\",\"@id\":\"https:\/\/www.msn.unipi.it\/it\/educazione\/scuola\/offerta-educativa\/attivita-infanzia\/amici-del-bosco\/#breadcrumb\",\"itemListElement\":[{\"@type\":\"ListItem\",\"position\":1,\"name\":\"Home\",\"item\":\"https:\/\/www.msn.unipi.it\/it\/\"},{\"@type\":\"ListItem\",\"position\":2,\"name\":\"Educazione\",\"item\":\"https:\/\/www.msn.unipi.it\/it\/educazione\/\"},{\"@type\":\"ListItem\",\"position\":3,\"name\":\"Scuola\",\"item\":\"https:\/\/www.msn.unipi.it\/it\/educazione\/scuola\/\"},{\"@type\":\"ListItem\",\"position\":4,\"name\":\"Offerta educativa 2025-2026\",\"item\":\"https:\/\/www.msn.unipi.it\/it\/educazione\/scuola\/offerta-educativa\/\"},{\"@type\":\"ListItem\",\"position\":5,\"name\":\"Attivit\u00e0 infanzia\",\"item\":\"https:\/\/www.msn.unipi.it\/it\/educazione\/scuola\/offerta-educativa\/attivita-infanzia\/\"},{\"@type\":\"ListItem\",\"position\":6,\"name\":\"Amici del bosco\"}]},{\"@type\":\"WebSite\",\"@id\":\"https:\/\/www.msn.unipi.it\/it\/#website\",\"url\":\"https:\/\/www.msn.unipi.it\/it\/\",\"name\":\"Museo di Storia Naturale dell&#039;Universit\u00e0 di Pisa\",\"description\":\"\",\"publisher\":{\"@id\":\"https:\/\/www.msn.unipi.it\/it\/#organization\"},\"potentialAction\":[{\"@type\":\"SearchAction\",\"target\":{\"@type\":\"EntryPoint\",\"urlTemplate\":\"https:\/\/www.msn.unipi.it\/it\/?s={search_term_string}\"},\"query-input\":{\"@type\":\"PropertyValueSpecification\",\"valueRequired\":true,\"valueName\":\"search_term_string\"}}],\"inLanguage\":\"it-IT\"},{\"@type\":\"Organization\",\"@id\":\"https:\/\/www.msn.unipi.it\/it\/#organization\",\"name\":\"Museo di Storia Naturale dell'Universit\u00e0 di Pisa\",\"url\":\"https:\/\/www.msn.unipi.it\/it\/\",\"logo\":{\"@type\":\"ImageObject\",\"inLanguage\":\"it-IT\",\"@id\":\"https:\/\/www.msn.unipi.it\/it\/#\/schema\/logo\/image\/\",\"url\":\"https:\/\/www.msn.unipi.it\/wp-content\/uploads\/2016\/07\/footer-logo.png\",\"contentUrl\":\"https:\/\/www.msn.unipi.it\/wp-content\/uploads\/2016\/07\/footer-logo.png\",\"width\":220,\"height\":95,\"caption\":\"Museo di Storia Naturale dell'Universit\u00e0 di Pisa\"},\"image\":{\"@id\":\"https:\/\/www.msn.unipi.it\/it\/#\/schema\/logo\/image\/\"},\"sameAs\":[\"https:\/\/www.facebook.com\/Museo-di-Storia-Naturale-Universit\u00e0-di-Pisa-277794215612108\/\",\"https:\/\/x.com\/msncalci\",\"https:\/\/www.instagram.com\/museostorianaturale_calci\/\",\"https:\/\/www.youtube.com\/channel\/UCDaMBe_RegmdCnxLPmryMxw\"]}]}<\/script>\n<!-- \/ Yoast SEO plugin. -->","yoast_head_json":{"title":"Amici del bosco - Museo di Storia Naturale dell&#039;Universit\u00e0 di Pisa","description":"Attivit\u00e0 multisensoriale in aula dedicata agli animali del bosco con osservazione di alcuni esemplari naturalizzati, riconoscimento e studio delle tracce,","robots":{"index":"index","follow":"follow","max-snippet":"max-snippet:-1","max-image-preview":"max-image-preview:large","max-video-preview":"max-video-preview:-1"},"canonical":"https:\/\/www.msn.unipi.it\/it\/educazione\/scuola\/offerta-educativa\/attivita-infanzia\/amici-del-bosco\/","og_locale":"it_IT","og_type":"article","og_title":"Amici del bosco - Museo di Storia Naturale dell&#039;Universit\u00e0 di Pisa","og_description":"Attivit\u00e0 multisensoriale in aula dedicata agli animali del bosco con osservazione di alcuni esemplari naturalizzati, riconoscimento e studio delle tracce,","og_url":"https:\/\/www.msn.unipi.it\/it\/educazione\/scuola\/offerta-educativa\/attivita-infanzia\/amici-del-bosco\/","og_site_name":"Museo di Storia Naturale dell&#039;Universit\u00e0 di Pisa","article_publisher":"https:\/\/www.facebook.com\/Museo-di-Storia-Naturale-Universit%c3%a0-di-Pisa-277794215612108\/","article_modified_time":"2023-07-20T10:35:39+00:00","og_image":[{"width":2048,"height":342,"url":"https:\/\/www.msn.unipi.it\/wp-content\/uploads\/2011\/04\/madreporaTG.jpg","type":"image\/jpeg"}],"twitter_card":"summary_large_image","twitter_site":"@msncalci","twitter_misc":{"Tempo di lettura stimato":"3 minuti"},"schema":{"@context":"https:\/\/schema.org","@graph":[{"@type":"WebPage","@id":"https:\/\/www.msn.unipi.it\/it\/educazione\/scuola\/offerta-educativa\/attivita-infanzia\/amici-del-bosco\/","url":"https:\/\/www.msn.unipi.it\/it\/educazione\/scuola\/offerta-educativa\/attivita-infanzia\/amici-del-bosco\/","name":"Amici del bosco - Museo di Storia Naturale dell&#039;Universit\u00e0 di Pisa","isPartOf":{"@id":"https:\/\/www.msn.unipi.it\/it\/#website"},"primaryImageOfPage":{"@id":"https:\/\/www.msn.unipi.it\/it\/educazione\/scuola\/offerta-educativa\/attivita-infanzia\/amici-del-bosco\/#primaryimage"},"image":{"@id":"https:\/\/www.msn.unipi.it\/it\/educazione\/scuola\/offerta-educativa\/attivita-infanzia\/amici-del-bosco\/#primaryimage"},"thumbnailUrl":"https:\/\/www.msn.unipi.it\/wp-content\/uploads\/2011\/04\/madreporaTG.jpg","datePublished":"2011-12-16T09:28:21+00:00","dateModified":"2023-07-20T10:35:39+00:00","description":"Attivit\u00e0 multisensoriale in aula dedicata agli animali del bosco con osservazione di alcuni esemplari naturalizzati, riconoscimento e studio delle tracce,","breadcrumb":{"@id":"https:\/\/www.msn.unipi.it\/it\/educazione\/scuola\/offerta-educativa\/attivita-infanzia\/amici-del-bosco\/#breadcrumb"},"inLanguage":"it-IT","potentialAction":[{"@type":"ReadAction","target":["https:\/\/www.msn.unipi.it\/it\/educazione\/scuola\/offerta-educativa\/attivita-infanzia\/amici-del-bosco\/"]}]},{"@type":"ImageObject","inLanguage":"it-IT","@id":"https:\/\/www.msn.unipi.it\/it\/educazione\/scuola\/offerta-educativa\/attivita-infanzia\/amici-del-bosco\/#primaryimage","url":"https:\/\/www.msn.unipi.it\/wp-content\/uploads\/2011\/04\/madreporaTG.jpg","contentUrl":"https:\/\/www.msn.unipi.it\/wp-content\/uploads\/2011\/04\/madreporaTG.jpg","width":2048,"height":342},{"@type":"BreadcrumbList","@id":"https:\/\/www.msn.unipi.it\/it\/educazione\/scuola\/offerta-educativa\/attivita-infanzia\/amici-del-bosco\/#breadcrumb","itemListElement":[{"@type":"ListItem","position":1,"name":"Home","item":"https:\/\/www.msn.unipi.it\/it\/"},{"@type":"ListItem","position":2,"name":"Educazione","item":"https:\/\/www.msn.unipi.it\/it\/educazione\/"},{"@type":"ListItem","position":3,"name":"Scuola","item":"https:\/\/www.msn.unipi.it\/it\/educazione\/scuola\/"},{"@type":"ListItem","position":4,"name":"Offerta educativa 2025-2026","item":"https:\/\/www.msn.unipi.it\/it\/educazione\/scuola\/offerta-educativa\/"},{"@type":"ListItem","position":5,"name":"Attivit\u00e0 infanzia","item":"https:\/\/www.msn.unipi.it\/it\/educazione\/scuola\/offerta-educativa\/attivita-infanzia\/"},{"@type":"ListItem","position":6,"name":"Amici del bosco"}]},{"@type":"WebSite","@id":"https:\/\/www.msn.unipi.it\/it\/#website","url":"https:\/\/www.msn.unipi.it\/it\/","name":"Museo di Storia Naturale dell&#039;Universit\u00e0 di Pisa","description":"","publisher":{"@id":"https:\/\/www.msn.unipi.it\/it\/#organization"},"potentialAction":[{"@type":"SearchAction","target":{"@type":"EntryPoint","urlTemplate":"https:\/\/www.msn.unipi.it\/it\/?s={search_term_string}"},"query-input":{"@type":"PropertyValueSpecification","valueRequired":true,"valueName":"search_term_string"}}],"inLanguage":"it-IT"},{"@type":"Organization","@id":"https:\/\/www.msn.unipi.it\/it\/#organization","name":"Museo di Storia Naturale dell'Universit\u00e0 di Pisa","url":"https:\/\/www.msn.unipi.it\/it\/","logo":{"@type":"ImageObject","inLanguage":"it-IT","@id":"https:\/\/www.msn.unipi.it\/it\/#\/schema\/logo\/image\/","url":"https:\/\/www.msn.unipi.it\/wp-content\/uploads\/2016\/07\/footer-logo.png","contentUrl":"https:\/\/www.msn.unipi.it\/wp-content\/uploads\/2016\/07\/footer-logo.png","width":220,"height":95,"caption":"Museo di Storia Naturale dell'Universit\u00e0 di Pisa"},"image":{"@id":"https:\/\/www.msn.unipi.it\/it\/#\/schema\/logo\/image\/"},"sameAs":["https:\/\/www.facebook.com\/Museo-di-Storia-Naturale-Universit\u00e0-di-Pisa-277794215612108\/","https:\/\/x.com\/msncalci","https:\/\/www.instagram.com\/museostorianaturale_calci\/","https:\/\/www.youtube.com\/channel\/UCDaMBe_RegmdCnxLPmryMxw"]}]}},"jetpack_sharing_enabled":true,"_links":{"self":[{"href":"https:\/\/www.msn.unipi.it\/it\/wp-json\/wp\/v2\/pages\/419","targetHints":{"allow":["GET"]}}],"collection":[{"href":"https:\/\/www.msn.unipi.it\/it\/wp-json\/wp\/v2\/pages"}],"about":[{"href":"https:\/\/www.msn.unipi.it\/it\/wp-json\/wp\/v2\/types\/page"}],"author":[{"embeddable":true,"href":"https:\/\/www.msn.unipi.it\/it\/wp-json\/wp\/v2\/users\/1"}],"replies":[{"embeddable":true,"href":"https:\/\/www.msn.unipi.it\/it\/wp-json\/wp\/v2\/comments?post=419"}],"version-history":[{"count":11,"href":"https:\/\/www.msn.unipi.it\/it\/wp-json\/wp\/v2\/pages\/419\/revisions"}],"predecessor-version":[{"id":27527,"href":"https:\/\/www.msn.unipi.it\/it\/wp-json\/wp\/v2\/pages\/419\/revisions\/27527"}],"up":[{"embeddable":true,"href":"https:\/\/www.msn.unipi.it\/it\/wp-json\/wp\/v2\/pages\/318"}],"wp:featuredmedia":[{"embeddable":true,"href":"https:\/\/www.msn.unipi.it\/it\/wp-json\/wp\/v2\/media\/7525"}],"wp:attachment":[{"href":"https:\/\/www.msn.unipi.it\/it\/wp-json\/wp\/v2\/media?parent=419"}],"curies":[{"name":"wp","href":"https:\/\/api.w.org\/{rel}","templated":true}]}}