{"id":479,"date":"2011-12-19T09:58:33","date_gmt":"2011-12-19T09:58:33","guid":{"rendered":"http:\/\/labcd.humnet.unipi.it\/demo\/museocalci\/?page_id=479"},"modified":"2023-07-21T11:53:38","modified_gmt":"2023-07-21T09:53:38","slug":"pesci-in-mostra","status":"publish","type":"page","link":"https:\/\/www.msn.unipi.it\/it\/educazione\/scuola\/offerta-educativa\/attivita-per-le-classi-1-e-2\/pesci-in-mostra\/","title":{"rendered":"Pesci in mostra"},"content":{"rendered":"<p style=\"text-align: center;\">Attivit\u00e0 <strong>in aula<\/strong> sul mondo dei pesci per conoscerne la straordinaria variet\u00e0 attraverso giochi su \u00a0forme, dimensioni e colori. A seguire una visita all\u2019<u>Acquario<\/u> con osservazione dal vivo delle specie d\u2019acqua dolce del territorio e del mondo. Attivit\u00e0 consigliata come primo approccio all\u2019<a href=\"https:\/\/www.msn.unipi.it\/it\/acquario-dacqua-dolce-piu-grande-ditalia\/\">Acquario del Museo<\/a>.<\/p>\n<p>&nbsp;<\/p>\n<p><span class=\"lightviolet\"><strong><a href=\"http:\/\/www.msn.unipi.it\/wp-content\/uploads\/2017\/07\/pesce4-blog.png\" data-lbwps-width=\"567\" data-lbwps-height=\"324\" data-lbwps-srcsmall=\"https:\/\/www.msn.unipi.it\/wp-content\/uploads\/2017\/07\/pesce4-blog-450x257.png\"><img loading=\"lazy\" decoding=\"async\" class=\"alignleft wp-image-9422\" src=\"http:\/\/www.msn.unipi.it\/wp-content\/uploads\/2017\/07\/pesce4-blog.png\" alt=\"\" width=\"84\" height=\"48\" srcset=\"https:\/\/www.msn.unipi.it\/wp-content\/uploads\/2017\/07\/pesce4-blog.png 567w, https:\/\/www.msn.unipi.it\/wp-content\/uploads\/2017\/07\/pesce4-blog-450x257.png 450w\" sizes=\"auto, (max-width: 84px) 100vw, 84px\" \/><\/a>Obiettivi<\/strong> <span style=\"color: #000000;\">&#8211; Presentare ai bambini il variopinto mondo dei pesci attraverso l\u2019osservazione e la conoscenza delle specie presenti nell\u2019<a href=\"http:\/\/www.msn.unipi.it\/it\/acquario-dacqua-dolce-piu-grande-ditalia\/\" target=\"_blank\" rel=\"noopener noreferrer\">Acquario del Museo<\/a>.<\/span><\/span><\/p>\n<ul>\n<li><span class=\"lightviolet\"><strong>Descrizione<\/strong> <span style=\"color: #000000;\">&#8211; Attivit\u00e0 consigliata come primo approccio all\u2019<a href=\"http:\/\/www.msn.unipi.it\/it\/acquario-dacqua-dolce-piu-grande-ditalia\/\" target=\"_blank\" rel=\"noopener noreferrer\">Acquario del Museo<\/a>. Attraverso l\u2019utilizzo di <strong>video<\/strong>, <strong>immagini<\/strong> e <strong>modelli<\/strong>, l\u2019operatore presenter\u00e0 ai bambini il variopinto mondo dei pesci e la loro straordinaria diversit\u00e0 in termini di <strong>forma<\/strong>, <strong>dimensioni<\/strong> e <strong>colori<\/strong>.<\/span><\/span><\/li>\n<li><span class=\"lightviolet\"><span style=\"color: #000000;\"><strong>Le forme<\/strong> &#8211; i bambini potranno sperimentare le varie forme dei pesci con l\u2019uso del <strong>pongo<\/strong>. In seguito potranno posizionare varie forme geometriche in corrispondenza di immagini di vari pesci.<br \/>\n<strong>Qua la pinna!<\/strong> \u2013 a ogni bambino verr\u00e0 fornito il disegno di un pesce e, con l\u2019aiuto dell\u2019operatore, dovr\u00e0 incollare le pinne nella posizione corretta.<\/span><\/span><\/li>\n<\/ul>\n<p><img loading=\"lazy\" decoding=\"async\" class=\"wp-image-9421 alignright\" src=\"http:\/\/www.msn.unipi.it\/wp-content\/uploads\/2017\/07\/pesce2-blog.png\" alt=\"\" width=\"115\" height=\"45\" srcset=\"https:\/\/www.msn.unipi.it\/wp-content\/uploads\/2017\/07\/pesce2-blog.png 850w, https:\/\/www.msn.unipi.it\/wp-content\/uploads\/2017\/07\/pesce2-blog-450x177.png 450w, https:\/\/www.msn.unipi.it\/wp-content\/uploads\/2017\/07\/pesce2-blog-768x303.png 768w, https:\/\/www.msn.unipi.it\/wp-content\/uploads\/2017\/07\/pesce2-blog-846x335.png 846w\" sizes=\"auto, (max-width: 115px) 100vw, 115px\" \/><\/p>\n<ul>\n<li>Infine durante la visita all\u2019<a href=\"http:\/\/www.msn.unipi.it\/it\/acquario-dacqua-dolce-piu-grande-ditalia\/\" target=\"_blank\" rel=\"noopener noreferrer\">Acquario del Museo<\/a>\u00a0a ciascun bambino verr\u00e0 assegnata l\u2019immagine di un pesce che potr\u00e0 ritrovare e osservare dal vivo tra le oltre cinquanta specie d\u2019acqua dolce presenti.<\/li>\n<li><\/li>\n<\/ul>\n<p>&nbsp;<\/p>\n<p style=\"text-align: left;\"><span class=\"lightviolet\"><strong>Costo<\/strong>: <span style=\"color: #000000;\">ingresso \u20ac 6,00 &#8211; attivit\u00e0 \u20ac 4,00.<\/span><\/span><\/p>\n<p>&nbsp;<\/p>\n\n\t\t<style type=\"text\/css\">\n\t\t\t#gallery-1 {\n\t\t\t\tmargin: auto;\n\t\t\t}\n\t\t\t#gallery-1 .gallery-item {\n\t\t\t\tfloat: left;\n\t\t\t\tmargin-top: 10px;\n\t\t\t\ttext-align: center;\n\t\t\t\twidth: 20%;\n\t\t\t}\n\t\t\t#gallery-1 img {\n\t\t\t\tborder: 2px solid #cfcfcf;\n\t\t\t}\n\t\t\t#gallery-1 .gallery-caption {\n\t\t\t\tmargin-left: 0;\n\t\t\t}\n\t\t\t\/* see gallery_shortcode() in wp-includes\/media.php *\/\n\t\t<\/style>\n\t\t<div id='gallery-1' class='gallery galleryid-479 gallery-columns-5 gallery-size-thumbnail'><dl class='gallery-item'>\n\t\t\t<dt class='gallery-icon landscape'>\n\t\t\t\t<a href='https:\/\/www.msn.unipi.it\/it\/educazione\/scuola\/offerta-educativa\/attivita-infanzia\/viva-i-pesci\/piranha-150x150\/'><img loading=\"lazy\" decoding=\"async\" width=\"150\" height=\"150\" src=\"https:\/\/www.msn.unipi.it\/wp-content\/uploads\/2011\/12\/Piranha-150x150-150x150.jpg\" class=\"attachment-thumbnail size-thumbnail\" alt=\"\" srcset=\"https:\/\/www.msn.unipi.it\/wp-content\/uploads\/2011\/12\/Piranha-150x150-150x150.jpg 150w, https:\/\/www.msn.unipi.it\/wp-content\/uploads\/2011\/12\/Piranha-150x150-450x450.jpg 450w, https:\/\/www.msn.unipi.it\/wp-content\/uploads\/2011\/12\/Piranha-150x150-768x768.jpg 768w, https:\/\/www.msn.unipi.it\/wp-content\/uploads\/2011\/12\/Piranha-150x150-800x800.jpg 800w, https:\/\/www.msn.unipi.it\/wp-content\/uploads\/2011\/12\/Piranha-150x150.jpg 900w\" sizes=\"auto, (max-width: 150px) 100vw, 150px\" \/><\/a>\n\t\t\t<\/dt><\/dl><dl class='gallery-item'>\n\t\t\t<dt class='gallery-icon landscape'>\n\t\t\t\t<a href='https:\/\/www.msn.unipi.it\/it\/educazione\/scuola\/offerta-educativa\/attivita-infanzia\/viva-i-pesci\/pesce-tigre-150x150\/'><img loading=\"lazy\" decoding=\"async\" width=\"150\" height=\"150\" src=\"https:\/\/www.msn.unipi.it\/wp-content\/uploads\/2011\/12\/Pesce-tigre-150x150-150x150.jpg\" class=\"attachment-thumbnail size-thumbnail\" alt=\"\" srcset=\"https:\/\/www.msn.unipi.it\/wp-content\/uploads\/2011\/12\/Pesce-tigre-150x150-150x150.jpg 150w, https:\/\/www.msn.unipi.it\/wp-content\/uploads\/2011\/12\/Pesce-tigre-150x150-450x450.jpg 450w, https:\/\/www.msn.unipi.it\/wp-content\/uploads\/2011\/12\/Pesce-tigre-150x150-768x768.jpg 768w, https:\/\/www.msn.unipi.it\/wp-content\/uploads\/2011\/12\/Pesce-tigre-150x150-800x800.jpg 800w, https:\/\/www.msn.unipi.it\/wp-content\/uploads\/2011\/12\/Pesce-tigre-150x150.jpg 1000w\" sizes=\"auto, (max-width: 150px) 100vw, 150px\" \/><\/a>\n\t\t\t<\/dt><\/dl><dl class='gallery-item'>\n\t\t\t<dt class='gallery-icon landscape'>\n\t\t\t\t<a href='https:\/\/www.msn.unipi.it\/it\/educazione\/scuola\/offerta-educativa\/attivita-infanzia\/viva-i-pesci\/angeli-foto-di-francesca-filippi-150x150\/'><img loading=\"lazy\" decoding=\"async\" width=\"150\" height=\"150\" src=\"https:\/\/www.msn.unipi.it\/wp-content\/uploads\/2011\/12\/Angeli-foto-di-Francesca-Filippi-150x150-150x150.jpg\" class=\"attachment-thumbnail size-thumbnail\" alt=\"\" srcset=\"https:\/\/www.msn.unipi.it\/wp-content\/uploads\/2011\/12\/Angeli-foto-di-Francesca-Filippi-150x150-150x150.jpg 150w, https:\/\/www.msn.unipi.it\/wp-content\/uploads\/2011\/12\/Angeli-foto-di-Francesca-Filippi-150x150-450x450.jpg 450w, https:\/\/www.msn.unipi.it\/wp-content\/uploads\/2011\/12\/Angeli-foto-di-Francesca-Filippi-150x150-768x768.jpg 768w, https:\/\/www.msn.unipi.it\/wp-content\/uploads\/2011\/12\/Angeli-foto-di-Francesca-Filippi-150x150-800x800.jpg 800w, https:\/\/www.msn.unipi.it\/wp-content\/uploads\/2011\/12\/Angeli-foto-di-Francesca-Filippi-150x150.jpg 1365w\" sizes=\"auto, (max-width: 150px) 100vw, 150px\" \/><\/a>\n\t\t\t<\/dt><\/dl><dl class='gallery-item'>\n\t\t\t<dt class='gallery-icon portrait'>\n\t\t\t\t<a href='https:\/\/www.msn.unipi.it\/it\/educazione\/scuola\/offerta-educativa\/visite-guidate\/arowana-150x150-2\/'><img loading=\"lazy\" decoding=\"async\" width=\"150\" height=\"150\" src=\"https:\/\/www.msn.unipi.it\/wp-content\/uploads\/2012\/04\/Arowana-150x150-150x150.jpg\" class=\"attachment-thumbnail size-thumbnail\" alt=\"\" srcset=\"https:\/\/www.msn.unipi.it\/wp-content\/uploads\/2012\/04\/Arowana-150x150-150x150.jpg 150w, https:\/\/www.msn.unipi.it\/wp-content\/uploads\/2012\/04\/Arowana-150x150-447x450.jpg 447w, https:\/\/www.msn.unipi.it\/wp-content\/uploads\/2012\/04\/Arowana-150x150-768x773.jpg 768w, https:\/\/www.msn.unipi.it\/wp-content\/uploads\/2012\/04\/Arowana-150x150-795x800.jpg 795w, https:\/\/www.msn.unipi.it\/wp-content\/uploads\/2012\/04\/Arowana-150x150.jpg 1200w\" sizes=\"auto, (max-width: 150px) 100vw, 150px\" \/><\/a>\n\t\t\t<\/dt><\/dl><dl class='gallery-item'>\n\t\t\t<dt class='gallery-icon landscape'>\n\t\t\t\t<a href='https:\/\/www.msn.unipi.it\/it\/educazione\/scuola\/offerta-educativa\/attivita-infanzia\/viva-i-pesci\/20180611_115409-mod\/'><img loading=\"lazy\" decoding=\"async\" width=\"150\" height=\"150\" src=\"https:\/\/www.msn.unipi.it\/wp-content\/uploads\/2018\/07\/20180611_115409-mod-150x150.jpg\" class=\"attachment-thumbnail size-thumbnail\" alt=\"\" \/><\/a>\n\t\t\t<\/dt><\/dl><br style=\"clear: both\" \/>\n\t\t<\/div>\n\n","protected":false},"excerpt":{"rendered":"<p>Attivit\u00e0 in aula sul mondo dei pesci per conoscerne la straordinaria variet\u00e0 attraverso giochi su \u00a0forme, dimensioni e colori. A seguire una visita all\u2019Acquario con osservazione dal vivo delle specie d\u2019acqua dolce del territorio e del mondo. Attivit\u00e0 consigliata come primo approccio all\u2019Acquario del Museo. &nbsp; Obiettivi &#8211; Presentare ai bambini il variopinto mondo dei&nbsp; <a href=\"https:\/\/www.msn.unipi.it\/it\/educazione\/scuola\/offerta-educativa\/attivita-per-le-classi-1-e-2\/pesci-in-mostra\/\">&hellip;  <i class=\"fa fa-chevron-right\"><\/i><\/a><\/p>\n","protected":false},"author":1,"featured_media":7525,"parent":485,"menu_order":0,"comment_status":"closed","ping_status":"closed","template":"","meta":{"footnotes":""},"class_list":["post-479","page","type-page","status-publish","has-post-thumbnail","hentry"],"yoast_head":"<!-- This site is optimized with the Yoast SEO plugin v26.8 - https:\/\/yoast.com\/product\/yoast-seo-wordpress\/ -->\n<title>Pesci in mostra - Museo di Storia Naturale dell&#039;Universit\u00e0 di Pisa<\/title>\n<meta name=\"description\" content=\"Attivit\u00e0 in aula sul mondo dei pesci per conoscerne la straordinaria variet\u00e0 attraverso giochi su \u00a0forme, dimensioni e colori. A seguire una visita\" \/>\n<meta name=\"robots\" content=\"index, follow, max-snippet:-1, max-image-preview:large, max-video-preview:-1\" \/>\n<link rel=\"canonical\" href=\"https:\/\/www.msn.unipi.it\/it\/educazione\/scuola\/offerta-educativa\/attivita-per-le-classi-1-e-2\/pesci-in-mostra\/\" \/>\n<meta property=\"og:locale\" content=\"it_IT\" \/>\n<meta property=\"og:type\" content=\"article\" \/>\n<meta property=\"og:title\" content=\"Pesci in mostra - Museo di Storia Naturale dell&#039;Universit\u00e0 di Pisa\" \/>\n<meta property=\"og:description\" content=\"Attivit\u00e0 in aula sul mondo dei pesci per conoscerne la straordinaria variet\u00e0 attraverso giochi su \u00a0forme, dimensioni e colori. A seguire una visita\" \/>\n<meta property=\"og:url\" content=\"https:\/\/www.msn.unipi.it\/it\/educazione\/scuola\/offerta-educativa\/attivita-per-le-classi-1-e-2\/pesci-in-mostra\/\" \/>\n<meta property=\"og:site_name\" content=\"Museo di Storia Naturale dell&#039;Universit\u00e0 di Pisa\" \/>\n<meta property=\"article:publisher\" content=\"https:\/\/www.facebook.com\/Museo-di-Storia-Naturale-Universit%c3%a0-di-Pisa-277794215612108\/\" \/>\n<meta property=\"article:modified_time\" content=\"2023-07-21T09:53:38+00:00\" \/>\n<meta property=\"og:image\" content=\"https:\/\/www.msn.unipi.it\/wp-content\/uploads\/2011\/04\/madreporaTG.jpg\" \/>\n\t<meta property=\"og:image:width\" content=\"2048\" \/>\n\t<meta property=\"og:image:height\" content=\"342\" \/>\n\t<meta property=\"og:image:type\" content=\"image\/jpeg\" \/>\n<meta name=\"twitter:card\" content=\"summary_large_image\" \/>\n<meta name=\"twitter:site\" content=\"@msncalci\" \/>\n<meta name=\"twitter:label1\" content=\"Tempo di lettura stimato\" \/>\n\t<meta name=\"twitter:data1\" content=\"2 minuti\" \/>\n<script type=\"application\/ld+json\" class=\"yoast-schema-graph\">{\"@context\":\"https:\/\/schema.org\",\"@graph\":[{\"@type\":\"WebPage\",\"@id\":\"https:\/\/www.msn.unipi.it\/it\/educazione\/scuola\/offerta-educativa\/attivita-per-le-classi-1-e-2\/pesci-in-mostra\/\",\"url\":\"https:\/\/www.msn.unipi.it\/it\/educazione\/scuola\/offerta-educativa\/attivita-per-le-classi-1-e-2\/pesci-in-mostra\/\",\"name\":\"Pesci in mostra - Museo di Storia Naturale dell&#039;Universit\u00e0 di Pisa\",\"isPartOf\":{\"@id\":\"https:\/\/www.msn.unipi.it\/it\/#website\"},\"primaryImageOfPage\":{\"@id\":\"https:\/\/www.msn.unipi.it\/it\/educazione\/scuola\/offerta-educativa\/attivita-per-le-classi-1-e-2\/pesci-in-mostra\/#primaryimage\"},\"image\":{\"@id\":\"https:\/\/www.msn.unipi.it\/it\/educazione\/scuola\/offerta-educativa\/attivita-per-le-classi-1-e-2\/pesci-in-mostra\/#primaryimage\"},\"thumbnailUrl\":\"https:\/\/www.msn.unipi.it\/wp-content\/uploads\/2011\/04\/madreporaTG.jpg\",\"datePublished\":\"2011-12-19T09:58:33+00:00\",\"dateModified\":\"2023-07-21T09:53:38+00:00\",\"description\":\"Attivit\u00e0 in aula sul mondo dei pesci per conoscerne la straordinaria variet\u00e0 attraverso giochi su \u00a0forme, dimensioni e colori. A seguire una visita\",\"breadcrumb\":{\"@id\":\"https:\/\/www.msn.unipi.it\/it\/educazione\/scuola\/offerta-educativa\/attivita-per-le-classi-1-e-2\/pesci-in-mostra\/#breadcrumb\"},\"inLanguage\":\"it-IT\",\"potentialAction\":[{\"@type\":\"ReadAction\",\"target\":[\"https:\/\/www.msn.unipi.it\/it\/educazione\/scuola\/offerta-educativa\/attivita-per-le-classi-1-e-2\/pesci-in-mostra\/\"]}]},{\"@type\":\"ImageObject\",\"inLanguage\":\"it-IT\",\"@id\":\"https:\/\/www.msn.unipi.it\/it\/educazione\/scuola\/offerta-educativa\/attivita-per-le-classi-1-e-2\/pesci-in-mostra\/#primaryimage\",\"url\":\"https:\/\/www.msn.unipi.it\/wp-content\/uploads\/2011\/04\/madreporaTG.jpg\",\"contentUrl\":\"https:\/\/www.msn.unipi.it\/wp-content\/uploads\/2011\/04\/madreporaTG.jpg\",\"width\":2048,\"height\":342},{\"@type\":\"BreadcrumbList\",\"@id\":\"https:\/\/www.msn.unipi.it\/it\/educazione\/scuola\/offerta-educativa\/attivita-per-le-classi-1-e-2\/pesci-in-mostra\/#breadcrumb\",\"itemListElement\":[{\"@type\":\"ListItem\",\"position\":1,\"name\":\"Home\",\"item\":\"https:\/\/www.msn.unipi.it\/it\/\"},{\"@type\":\"ListItem\",\"position\":2,\"name\":\"Educazione\",\"item\":\"https:\/\/www.msn.unipi.it\/it\/educazione\/\"},{\"@type\":\"ListItem\",\"position\":3,\"name\":\"Scuola\",\"item\":\"https:\/\/www.msn.unipi.it\/it\/educazione\/scuola\/\"},{\"@type\":\"ListItem\",\"position\":4,\"name\":\"Offerta educativa 2025-2026\",\"item\":\"https:\/\/www.msn.unipi.it\/it\/educazione\/scuola\/offerta-educativa\/\"},{\"@type\":\"ListItem\",\"position\":5,\"name\":\"Attivit\u00e0 per le classi I e II\",\"item\":\"https:\/\/www.msn.unipi.it\/it\/educazione\/scuola\/offerta-educativa\/attivita-per-le-classi-1-e-2\/\"},{\"@type\":\"ListItem\",\"position\":6,\"name\":\"Pesci in mostra\"}]},{\"@type\":\"WebSite\",\"@id\":\"https:\/\/www.msn.unipi.it\/it\/#website\",\"url\":\"https:\/\/www.msn.unipi.it\/it\/\",\"name\":\"Museo di Storia Naturale dell&#039;Universit\u00e0 di Pisa\",\"description\":\"\",\"publisher\":{\"@id\":\"https:\/\/www.msn.unipi.it\/it\/#organization\"},\"potentialAction\":[{\"@type\":\"SearchAction\",\"target\":{\"@type\":\"EntryPoint\",\"urlTemplate\":\"https:\/\/www.msn.unipi.it\/it\/?s={search_term_string}\"},\"query-input\":{\"@type\":\"PropertyValueSpecification\",\"valueRequired\":true,\"valueName\":\"search_term_string\"}}],\"inLanguage\":\"it-IT\"},{\"@type\":\"Organization\",\"@id\":\"https:\/\/www.msn.unipi.it\/it\/#organization\",\"name\":\"Museo di Storia Naturale dell'Universit\u00e0 di Pisa\",\"url\":\"https:\/\/www.msn.unipi.it\/it\/\",\"logo\":{\"@type\":\"ImageObject\",\"inLanguage\":\"it-IT\",\"@id\":\"https:\/\/www.msn.unipi.it\/it\/#\/schema\/logo\/image\/\",\"url\":\"https:\/\/www.msn.unipi.it\/wp-content\/uploads\/2016\/07\/footer-logo.png\",\"contentUrl\":\"https:\/\/www.msn.unipi.it\/wp-content\/uploads\/2016\/07\/footer-logo.png\",\"width\":220,\"height\":95,\"caption\":\"Museo di Storia Naturale dell'Universit\u00e0 di Pisa\"},\"image\":{\"@id\":\"https:\/\/www.msn.unipi.it\/it\/#\/schema\/logo\/image\/\"},\"sameAs\":[\"https:\/\/www.facebook.com\/Museo-di-Storia-Naturale-Universit\u00e0-di-Pisa-277794215612108\/\",\"https:\/\/x.com\/msncalci\",\"https:\/\/www.instagram.com\/museostorianaturale_calci\/\",\"https:\/\/www.youtube.com\/channel\/UCDaMBe_RegmdCnxLPmryMxw\"]}]}<\/script>\n<!-- \/ Yoast SEO plugin. -->","yoast_head_json":{"title":"Pesci in mostra - Museo di Storia Naturale dell&#039;Universit\u00e0 di Pisa","description":"Attivit\u00e0 in aula sul mondo dei pesci per conoscerne la straordinaria variet\u00e0 attraverso giochi su \u00a0forme, dimensioni e colori. A seguire una visita","robots":{"index":"index","follow":"follow","max-snippet":"max-snippet:-1","max-image-preview":"max-image-preview:large","max-video-preview":"max-video-preview:-1"},"canonical":"https:\/\/www.msn.unipi.it\/it\/educazione\/scuola\/offerta-educativa\/attivita-per-le-classi-1-e-2\/pesci-in-mostra\/","og_locale":"it_IT","og_type":"article","og_title":"Pesci in mostra - Museo di Storia Naturale dell&#039;Universit\u00e0 di Pisa","og_description":"Attivit\u00e0 in aula sul mondo dei pesci per conoscerne la straordinaria variet\u00e0 attraverso giochi su \u00a0forme, dimensioni e colori. A seguire una visita","og_url":"https:\/\/www.msn.unipi.it\/it\/educazione\/scuola\/offerta-educativa\/attivita-per-le-classi-1-e-2\/pesci-in-mostra\/","og_site_name":"Museo di Storia Naturale dell&#039;Universit\u00e0 di Pisa","article_publisher":"https:\/\/www.facebook.com\/Museo-di-Storia-Naturale-Universit%c3%a0-di-Pisa-277794215612108\/","article_modified_time":"2023-07-21T09:53:38+00:00","og_image":[{"width":2048,"height":342,"url":"https:\/\/www.msn.unipi.it\/wp-content\/uploads\/2011\/04\/madreporaTG.jpg","type":"image\/jpeg"}],"twitter_card":"summary_large_image","twitter_site":"@msncalci","twitter_misc":{"Tempo di lettura stimato":"2 minuti"},"schema":{"@context":"https:\/\/schema.org","@graph":[{"@type":"WebPage","@id":"https:\/\/www.msn.unipi.it\/it\/educazione\/scuola\/offerta-educativa\/attivita-per-le-classi-1-e-2\/pesci-in-mostra\/","url":"https:\/\/www.msn.unipi.it\/it\/educazione\/scuola\/offerta-educativa\/attivita-per-le-classi-1-e-2\/pesci-in-mostra\/","name":"Pesci in mostra - Museo di Storia Naturale dell&#039;Universit\u00e0 di Pisa","isPartOf":{"@id":"https:\/\/www.msn.unipi.it\/it\/#website"},"primaryImageOfPage":{"@id":"https:\/\/www.msn.unipi.it\/it\/educazione\/scuola\/offerta-educativa\/attivita-per-le-classi-1-e-2\/pesci-in-mostra\/#primaryimage"},"image":{"@id":"https:\/\/www.msn.unipi.it\/it\/educazione\/scuola\/offerta-educativa\/attivita-per-le-classi-1-e-2\/pesci-in-mostra\/#primaryimage"},"thumbnailUrl":"https:\/\/www.msn.unipi.it\/wp-content\/uploads\/2011\/04\/madreporaTG.jpg","datePublished":"2011-12-19T09:58:33+00:00","dateModified":"2023-07-21T09:53:38+00:00","description":"Attivit\u00e0 in aula sul mondo dei pesci per conoscerne la straordinaria variet\u00e0 attraverso giochi su \u00a0forme, dimensioni e colori. A seguire una visita","breadcrumb":{"@id":"https:\/\/www.msn.unipi.it\/it\/educazione\/scuola\/offerta-educativa\/attivita-per-le-classi-1-e-2\/pesci-in-mostra\/#breadcrumb"},"inLanguage":"it-IT","potentialAction":[{"@type":"ReadAction","target":["https:\/\/www.msn.unipi.it\/it\/educazione\/scuola\/offerta-educativa\/attivita-per-le-classi-1-e-2\/pesci-in-mostra\/"]}]},{"@type":"ImageObject","inLanguage":"it-IT","@id":"https:\/\/www.msn.unipi.it\/it\/educazione\/scuola\/offerta-educativa\/attivita-per-le-classi-1-e-2\/pesci-in-mostra\/#primaryimage","url":"https:\/\/www.msn.unipi.it\/wp-content\/uploads\/2011\/04\/madreporaTG.jpg","contentUrl":"https:\/\/www.msn.unipi.it\/wp-content\/uploads\/2011\/04\/madreporaTG.jpg","width":2048,"height":342},{"@type":"BreadcrumbList","@id":"https:\/\/www.msn.unipi.it\/it\/educazione\/scuola\/offerta-educativa\/attivita-per-le-classi-1-e-2\/pesci-in-mostra\/#breadcrumb","itemListElement":[{"@type":"ListItem","position":1,"name":"Home","item":"https:\/\/www.msn.unipi.it\/it\/"},{"@type":"ListItem","position":2,"name":"Educazione","item":"https:\/\/www.msn.unipi.it\/it\/educazione\/"},{"@type":"ListItem","position":3,"name":"Scuola","item":"https:\/\/www.msn.unipi.it\/it\/educazione\/scuola\/"},{"@type":"ListItem","position":4,"name":"Offerta educativa 2025-2026","item":"https:\/\/www.msn.unipi.it\/it\/educazione\/scuola\/offerta-educativa\/"},{"@type":"ListItem","position":5,"name":"Attivit\u00e0 per le classi I e II","item":"https:\/\/www.msn.unipi.it\/it\/educazione\/scuola\/offerta-educativa\/attivita-per-le-classi-1-e-2\/"},{"@type":"ListItem","position":6,"name":"Pesci in mostra"}]},{"@type":"WebSite","@id":"https:\/\/www.msn.unipi.it\/it\/#website","url":"https:\/\/www.msn.unipi.it\/it\/","name":"Museo di Storia Naturale dell&#039;Universit\u00e0 di Pisa","description":"","publisher":{"@id":"https:\/\/www.msn.unipi.it\/it\/#organization"},"potentialAction":[{"@type":"SearchAction","target":{"@type":"EntryPoint","urlTemplate":"https:\/\/www.msn.unipi.it\/it\/?s={search_term_string}"},"query-input":{"@type":"PropertyValueSpecification","valueRequired":true,"valueName":"search_term_string"}}],"inLanguage":"it-IT"},{"@type":"Organization","@id":"https:\/\/www.msn.unipi.it\/it\/#organization","name":"Museo di Storia Naturale dell'Universit\u00e0 di Pisa","url":"https:\/\/www.msn.unipi.it\/it\/","logo":{"@type":"ImageObject","inLanguage":"it-IT","@id":"https:\/\/www.msn.unipi.it\/it\/#\/schema\/logo\/image\/","url":"https:\/\/www.msn.unipi.it\/wp-content\/uploads\/2016\/07\/footer-logo.png","contentUrl":"https:\/\/www.msn.unipi.it\/wp-content\/uploads\/2016\/07\/footer-logo.png","width":220,"height":95,"caption":"Museo di Storia Naturale dell'Universit\u00e0 di Pisa"},"image":{"@id":"https:\/\/www.msn.unipi.it\/it\/#\/schema\/logo\/image\/"},"sameAs":["https:\/\/www.facebook.com\/Museo-di-Storia-Naturale-Universit\u00e0-di-Pisa-277794215612108\/","https:\/\/x.com\/msncalci","https:\/\/www.instagram.com\/museostorianaturale_calci\/","https:\/\/www.youtube.com\/channel\/UCDaMBe_RegmdCnxLPmryMxw"]}]}},"jetpack_sharing_enabled":true,"_links":{"self":[{"href":"https:\/\/www.msn.unipi.it\/it\/wp-json\/wp\/v2\/pages\/479","targetHints":{"allow":["GET"]}}],"collection":[{"href":"https:\/\/www.msn.unipi.it\/it\/wp-json\/wp\/v2\/pages"}],"about":[{"href":"https:\/\/www.msn.unipi.it\/it\/wp-json\/wp\/v2\/types\/page"}],"author":[{"embeddable":true,"href":"https:\/\/www.msn.unipi.it\/it\/wp-json\/wp\/v2\/users\/1"}],"replies":[{"embeddable":true,"href":"https:\/\/www.msn.unipi.it\/it\/wp-json\/wp\/v2\/comments?post=479"}],"version-history":[{"count":12,"href":"https:\/\/www.msn.unipi.it\/it\/wp-json\/wp\/v2\/pages\/479\/revisions"}],"predecessor-version":[{"id":27571,"href":"https:\/\/www.msn.unipi.it\/it\/wp-json\/wp\/v2\/pages\/479\/revisions\/27571"}],"up":[{"embeddable":true,"href":"https:\/\/www.msn.unipi.it\/it\/wp-json\/wp\/v2\/pages\/485"}],"wp:featuredmedia":[{"embeddable":true,"href":"https:\/\/www.msn.unipi.it\/it\/wp-json\/wp\/v2\/media\/7525"}],"wp:attachment":[{"href":"https:\/\/www.msn.unipi.it\/it\/wp-json\/wp\/v2\/media?parent=479"}],"curies":[{"name":"wp","href":"https:\/\/api.w.org\/{rel}","templated":true}]}}