{"id":575,"date":"2012-02-27T12:52:55","date_gmt":"2012-02-27T12:52:55","guid":{"rendered":"http:\/\/labcd.humnet.unipi.it\/demo\/museocalci\/?page_id=575"},"modified":"2025-07-25T07:41:02","modified_gmt":"2025-07-25T05:41:02","slug":"attivita-per-le-classi-3-4-e-5","status":"publish","type":"page","link":"https:\/\/www.msn.unipi.it\/it\/educazione\/scuola\/offerta-educativa\/attivita-per-le-classi-3-4-e-5\/","title":{"rendered":"Attivit\u00e0 per le classi III, IV e V"},"content":{"rendered":"<p style=\"text-align: left;\"><a href=\"https:\/\/www.msn.unipi.it\/wp-content\/uploads\/2019\/06\/primaria.png\" rel=\"attachment wp-att-1254\" data-lbwps-width=\"742\" data-lbwps-height=\"742\" data-lbwps-srcsmall=\"https:\/\/www.msn.unipi.it\/wp-content\/uploads\/2019\/06\/primaria-450x450.png\"><img loading=\"lazy\" decoding=\"async\" class=\"aligncenter wp-image-24985 size-thumbnail\" src=\"https:\/\/www.msn.unipi.it\/wp-content\/uploads\/2022\/10\/megattera-cucciola-pinocchio-150x150.jpg\" alt=\"\" width=\"150\" height=\"150\" srcset=\"https:\/\/www.msn.unipi.it\/wp-content\/uploads\/2022\/10\/megattera-cucciola-pinocchio-150x150.jpg 150w, https:\/\/www.msn.unipi.it\/wp-content\/uploads\/2022\/10\/megattera-cucciola-pinocchio-450x450.jpg 450w, https:\/\/www.msn.unipi.it\/wp-content\/uploads\/2022\/10\/megattera-cucciola-pinocchio.jpg 709w\" sizes=\"auto, (max-width: 150px) 100vw, 150px\" \/><\/a><\/p>\n<p>&nbsp;<\/p>\n<p>&nbsp;<\/p>\n<p><strong>ATTIVIT\u00c0 DI APPROFONDIMENTO<\/strong><\/p>\n<p style=\"text-align: left;\">Ogni attivit\u00e0 di approfondimento ha la<strong>\u00a0durata di 1 ora e 30 minuti<\/strong>.<br \/>\nL\u2019ingresso al museo ha un costo di\u00a0<strong>7,00<\/strong>\u00a0euro a partecipante.<br \/>\nIl costo dell\u2019attivit\u00e0 di approfondimento \u00e8 di <strong>100,00<\/strong>\u00a0euro per ogni gruppo.<\/p>\n<p>&nbsp;<\/p>\n<p><span class=\"lightviolet\"><strong>Biodiversit\u00e0: animali ed ecosistemi<br \/>\n<\/strong><span style=\"color: #000000;\">Attivit\u00e0 dedicata alla conoscenza della biodiversit\u00e0 e all\u2019importanza della sua salvaguardia, con osservazione di specie provenienti da tutto il mondo nella Sala della Biodiversit\u00e0.<\/span><br \/>\n<\/span><\/p>\n<p>&nbsp;<\/p>\n<p><span class=\"lightviolet\"><strong>Mammiferi come noi<\/strong><br \/>\n<span style=\"color: #000000;\">Attivit\u00e0 con ascolto di versi, osservazione di parti scheletriche, analisi delle caratteristiche dei mammiferi e dei loro adattamenti, con osservazione e descrizione delle caratteristiche delle specie esposte nella Galleria dei mammiferi.<\/span><br \/>\n<\/span><\/p>\n<p>&nbsp;<\/p>\n<p><span style=\"color: #000000;\"><strong><span class=\"lightviolet\">Viaggio negli acquari<\/span><\/strong><br \/>\n<\/span>Attivit\u00e0 sui pesci con osservazione e descrizione delle specie d\u2019acqua dolce presenti nella Sala \u201cLe acque del territorio\u201d dedicata alle acque della Toscana e nelle sale che ospitano specie provenienti da tutto il mondo.<\/p>\n<p>&nbsp;<\/p>\n<p><span style=\"color: #000000;\"><span class=\"lightviolet\"><strong>I cetacei e il mare<\/strong><\/span><br \/>\nPercorso nella Galleria dei cetacei alla scoperta di questi mammiferi perfettamente adattati all\u2019ambiente acquatico e cenni sull\u2019inquinamento da plastica in mare e sui danni dei rifiuti negli ecosistemi marini.<br \/>\n<\/span><\/p>\n<p>&nbsp;<\/p>\n<p><span style=\"color: #000000;\"><span class=\"lightviolet\"><strong>Un mare di sensi<br \/>\n<\/strong><span style=\"color: #000000;\">(in collaborazione con l\u2019Istituto Nazionale di Geofisica e Vulcanologia, Sezioni di Pisa e Lerici) <\/span><br \/>\n<span style=\"color: #000000;\">Attivit\u00e0 multisensoriale alla scoperta dei mammiferi marini, dei loro adattamenti all\u2019acqua e del loro modo di percepire l\u2019ambiente circostante attraverso tatto e udito, con cenni al problema dell\u2019inquinamento acustico.\u00a0<\/span><\/span><br \/>\n<\/span><\/p>\n<p>&nbsp;<\/p>\n<p><span style=\"color: #000000;\"><span class=\"lightviolet\"><strong>I detective del bosco<\/strong><\/span><br \/>\nAttivit\u00e0 per indagare le caratteristiche e le abitudini degli animali del bosco, attraverso la scoperta, l\u2019osservazione e il riconoscimento delle tracce che lasciano negli ambienti dove vivono. (Uso della gioco-guida \u201cI tesori del Monte Pisano I. Gli animali\u201d).<br \/>\n<\/span><\/p>\n<p>&nbsp;<\/p>\n<p><span style=\"color: #000000;\"><strong><span class=\"lightviolet\">Viaggiatori nel tempo<br \/>\n<\/span><\/strong>Percorso dalla foresta del Carbonifero agli antenati dei dinosauri nel Triassico fino ai grandi squali del Pliocene: un viaggio nel tempo alla scoperta di come si \u00e8 evoluto il nostro territorio durante le Ere geologiche<br \/>\n<\/span><\/p>\n<p>&nbsp;<\/p>\n<p><span style=\"color: #000000;\"><span class=\"lightviolet\"><strong>Rocce parlanti<\/strong><\/span><br \/>\nAttivit\u00e0 sulla storia della Terra attraverso la teoria della tettonica a placche, dalla Pangea allo stato attuale. Osservazione e manipolazione delle rocce per conoscere la diversa composizione della Terra.<br \/>\n<\/span><\/p>\n<p>&nbsp;<\/p>\n<p><span style=\"color: #000000;\"><span class=\"lightviolet\"><strong>Vita da <em>Homo<\/em> nella preistoria<\/strong><\/span><br \/>\nAttivit\u00e0 sugli uomini e le donne della preistoria nel loro quotidiano: cibi e alimentazione, caccia e raccolta, abitazioni e ripari, cultura e riti (consigliata in abbinamento alla visita guidata plus \u201cIl cammino dell\u2019Uomo\u201d).<br \/>\n<\/span><\/p>\n<p>&nbsp;<\/p>\n<p><span style=\"color: #000000;\"><span class=\"lightviolet\"><strong>Lo scheletro raccontastorie<br \/>\n<\/strong><span style=\"color: #000000;\">(in collaborazione con la Divisione di Paleopatologia, Universit\u00e0 di Pisa) Attivit\u00e0 sullo scheletro umano con visita alla Sala della preistoria del Monte Pisano, osservazione e manipolazione di scheletri antichi e studio delle diversit\u00e0 anatomiche: sesso, et\u00e0 e eventuali tracce di patologie.<\/span><strong><br \/>\n<\/strong><\/span><\/span><\/p>\n<p>&nbsp;<\/p>\n<hr class=\"clear\" \/>\n<p><strong>LABORATORI<\/strong><\/p>\n<p>Ogni laboratorio ha la<strong>\u00a0durata di 1 ora e 30 minuti<\/strong>.<br \/>\nL\u2019ingresso al museo ha un costo di\u00a0<strong>7,00<\/strong>\u00a0euro a partecipante.<br \/>\nIl costo del laboratorio \u00e8 di <strong>120,00<\/strong>\u00a0euro per ogni gruppo.<\/p>\n<p>&nbsp;<\/p>\n<p><span class=\"lightviolet\"><strong>Dinosauriamo!<\/strong><br \/>\n<span style=\"color: #000000;\">Laboratorio dedicato alla diversit\u00e0 dei dinosauri con osservazione e descrizione di modellini in scala e approfondimento sulle strategie di attacco e difesa. Attivit\u00e0 ludico didattiche finalizzate al riconoscimento delle parti anatomiche dei <\/span><br \/>\n<span style=\"color: #000000;\">dinosauri (consigliato in abbinamento alla visita guidata plus \u201cA spasso fra i dinosauri\u201d).<\/span><br \/>\n<\/span><\/p>\n<p>&nbsp;<\/p>\n<p><span class=\"lightviolet\"><strong>Fossili in forma!<\/strong><br \/>\n<span style=\"color: #000000;\">Laboratorio che approfondisce i principali fossili delle ultime tre ere geologiche (Paleozoico, Mesozoico e Cenozoico) con realizzazione di calchi di fossili.<\/span><br \/>\n<\/span><\/p>\n<p>&nbsp;<\/p>\n<p><span class=\"lightviolet\"><strong>Paleontologo o archeologo?<\/strong><br \/>\n<span style=\"color: #000000;\">Laboratorio di confronto tra il lavoro del paleontologo e quello dell\u2019archeologo, con simulazione di uno scavo di reperti fossili e archeologici e visita alla Sala dei dinosauri e alla Sala della preistoria del Monte Pisano.<\/span><br \/>\n<\/span><\/p>\n<p>&nbsp;<\/p>\n<p><span class=\"lightviolet\"><strong>Artisti paleolitici<\/strong><br \/>\n<span style=\"color: #000000;\">Laboratorio sull\u2019arte preistorica, dalle statuette antropomorfe e zoomorfe alle incisioni decorative su ossa e avorio. Realizzazione di una \u201cVenere\u201d in argilla, una delle pi\u00f9 antiche rappresentazioni della figura umana.<\/span><br \/>\n<\/span><\/p>\n<p>&nbsp;<\/p>\n<p><span class=\"lightviolet\"><strong>Artigiani neolitici<\/strong><br \/>\n<span style=\"color: #000000;\">Laboratorio tattile dedicato al Neolitico: un viaggio tra reperti a partire dalla Sala della preistoria del Monte Pisano e realizzazione di un vaso in argilla con la tecnica del colombino.<\/span><br \/>\n<\/span><\/p>\n<p>&nbsp;<\/p>\n<p><span class=\"lightviolet\" style=\"color: #000000;\"><strong><span class=\"lightviolet\">La vita in una goccia d&#8217;acqua<br \/>\n<\/span><\/strong><\/span><span style=\"color: #000000;\">(in collaborazione con la Societ\u00e0 Italiana di Protistologia Onlus) Laboratorio sulla cellula euca<\/span><span style=\"color: #000000;\">riote e sugli organismi unicellulari con video, modelli tridimensionali e la preparazione di un vetrino per l\u2019osservazione al microscopio di cellule vive.<\/span><\/p>\n<p>&nbsp;<\/p>\n<p><span style=\"color: #000000;\"><span class=\"lightviolet\"><strong>I vulcani: fuochi d&#8217;artificio della natura<br \/>\n<\/strong><span style=\"color: #000000;\">(in collaborazione con l\u2019INGV &#8211; Istituto Nazionale di Geofisica e Vulcanologia, Sezione di Pisa) Attivit\u00e0 dedicata ai vulcani con video, osservazione e manipolazione di rocce vulcaniche e simulazione di un\u2019eruzione.<\/span><\/span><\/span><\/p>\n<p>&nbsp;<\/p>\n<p><span style=\"color: #000000;\"><span class=\"lightviolet\"><strong>Api e altri insetti impollinatori<\/strong><\/span><br \/>\nPercorso di osservazione dal vero di esemplari naturalizzati di vari insetti, attivit\u00e0 ludico creative, per sensibilizzare sull\u2019importanza degli insetti impollinatori per il nostro ecosistema.<br \/>\n<\/span><\/p>\n<p>&nbsp;<\/p>\n<p style=\"text-align: left;\"><strong><a href=\"https:\/\/www.msn.unipi.it\/it\/educazione\/scuola\/offerta-educativa\/escursioni\/\" target=\"_blank\" rel=\"noopener noreferrer\">ESCURSIONI<\/a><\/strong><\/p>\n<p>&nbsp;<\/p>\n<p style=\"text-align: left;\"><span class=\"lightviolet\"><strong><a title=\"VISITE GUIDATE\" href=\"https:\/\/www.msn.unipi.it\/it\/educazione\/scuola\/offerta-educativa\/visite-guidate\/\">VISITE GUIDATE<\/a><\/strong><\/span><\/p>\n<p>&nbsp;<\/p>\n<p style=\"text-align: center;\"><img loading=\"lazy\" decoding=\"async\" class=\"aligncenter wp-image-24979 size-medium\" src=\"https:\/\/www.msn.unipi.it\/wp-content\/uploads\/2022\/10\/animali-con-cartina-1-450x225.jpg\" alt=\"\" width=\"450\" height=\"225\" srcset=\"https:\/\/www.msn.unipi.it\/wp-content\/uploads\/2022\/10\/animali-con-cartina-1-450x225.jpg 450w, https:\/\/www.msn.unipi.it\/wp-content\/uploads\/2022\/10\/animali-con-cartina-1-1024x512.jpg 1024w, https:\/\/www.msn.unipi.it\/wp-content\/uploads\/2022\/10\/animali-con-cartina-1-768x384.jpg 768w, https:\/\/www.msn.unipi.it\/wp-content\/uploads\/2022\/10\/animali-con-cartina-1.jpg 1417w\" sizes=\"auto, (max-width: 450px) 100vw, 450px\" \/><\/p>\n","protected":false},"excerpt":{"rendered":"<p>&nbsp; &nbsp; ATTIVIT\u00c0 DI APPROFONDIMENTO Ogni attivit\u00e0 di approfondimento ha la\u00a0durata di 1 ora e 30 minuti. L\u2019ingresso al museo ha un costo di\u00a07,00\u00a0euro a partecipante. Il costo dell\u2019attivit\u00e0 di approfondimento \u00e8 di 100,00\u00a0euro per ogni gruppo. &nbsp; Biodiversit\u00e0: animali ed ecosistemi Attivit\u00e0 dedicata alla conoscenza della biodiversit\u00e0 e all\u2019importanza della sua salvaguardia, con osservazione&nbsp; <a href=\"https:\/\/www.msn.unipi.it\/it\/educazione\/scuola\/offerta-educativa\/attivita-per-le-classi-3-4-e-5\/\">&hellip;  <i class=\"fa fa-chevron-right\"><\/i><\/a><\/p>\n","protected":false},"author":1,"featured_media":7525,"parent":16083,"menu_order":0,"comment_status":"closed","ping_status":"closed","template":"","meta":{"footnotes":""},"class_list":["post-575","page","type-page","status-publish","has-post-thumbnail","hentry"],"yoast_head":"<!-- This site is optimized with the Yoast SEO plugin v26.8 - https:\/\/yoast.com\/product\/yoast-seo-wordpress\/ -->\n<title>Attivit\u00e0 per le classi III, IV e V - Museo di Storia Naturale dell&#039;Universit\u00e0 di Pisa<\/title>\n<meta name=\"description\" content=\"&nbsp; &nbsp; ATTIVIT\u00c0 DI APPROFONDIMENTO Ogni attivit\u00e0 di approfondimento ha la\u00a0durata di 1 ora e 30 minuti. L\u2019ingresso al museo ha un costo di\u00a07,00\u00a0euro\" \/>\n<meta name=\"robots\" content=\"index, follow, max-snippet:-1, max-image-preview:large, max-video-preview:-1\" \/>\n<link rel=\"canonical\" href=\"https:\/\/www.msn.unipi.it\/it\/educazione\/scuola\/offerta-educativa\/attivita-per-le-classi-3-4-e-5\/\" \/>\n<meta property=\"og:locale\" content=\"it_IT\" \/>\n<meta property=\"og:type\" content=\"article\" \/>\n<meta property=\"og:title\" content=\"Attivit\u00e0 per le classi III, IV e V - Museo di Storia Naturale dell&#039;Universit\u00e0 di Pisa\" \/>\n<meta property=\"og:description\" content=\"&nbsp; &nbsp; ATTIVIT\u00c0 DI APPROFONDIMENTO Ogni attivit\u00e0 di approfondimento ha la\u00a0durata di 1 ora e 30 minuti. L\u2019ingresso al museo ha un costo di\u00a07,00\u00a0euro\" \/>\n<meta property=\"og:url\" content=\"https:\/\/www.msn.unipi.it\/it\/educazione\/scuola\/offerta-educativa\/attivita-per-le-classi-3-4-e-5\/\" \/>\n<meta property=\"og:site_name\" content=\"Museo di Storia Naturale dell&#039;Universit\u00e0 di Pisa\" \/>\n<meta property=\"article:publisher\" content=\"https:\/\/www.facebook.com\/Museo-di-Storia-Naturale-Universit%c3%a0-di-Pisa-277794215612108\/\" \/>\n<meta property=\"article:modified_time\" content=\"2025-07-25T05:41:02+00:00\" \/>\n<meta property=\"og:image\" content=\"https:\/\/www.msn.unipi.it\/wp-content\/uploads\/2011\/04\/madreporaTG.jpg\" \/>\n\t<meta property=\"og:image:width\" content=\"2048\" \/>\n\t<meta property=\"og:image:height\" content=\"342\" \/>\n\t<meta property=\"og:image:type\" content=\"image\/jpeg\" \/>\n<meta name=\"twitter:card\" content=\"summary_large_image\" \/>\n<meta name=\"twitter:site\" content=\"@msncalci\" \/>\n<meta name=\"twitter:label1\" content=\"Tempo di lettura stimato\" \/>\n\t<meta name=\"twitter:data1\" content=\"5 minuti\" \/>\n<script type=\"application\/ld+json\" class=\"yoast-schema-graph\">{\"@context\":\"https:\/\/schema.org\",\"@graph\":[{\"@type\":\"WebPage\",\"@id\":\"https:\/\/www.msn.unipi.it\/it\/educazione\/scuola\/offerta-educativa\/attivita-per-le-classi-3-4-e-5\/\",\"url\":\"https:\/\/www.msn.unipi.it\/it\/educazione\/scuola\/offerta-educativa\/attivita-per-le-classi-3-4-e-5\/\",\"name\":\"Attivit\u00e0 per le classi III, IV e V - Museo di Storia Naturale dell&#039;Universit\u00e0 di Pisa\",\"isPartOf\":{\"@id\":\"https:\/\/www.msn.unipi.it\/it\/#website\"},\"primaryImageOfPage\":{\"@id\":\"https:\/\/www.msn.unipi.it\/it\/educazione\/scuola\/offerta-educativa\/attivita-per-le-classi-3-4-e-5\/#primaryimage\"},\"image\":{\"@id\":\"https:\/\/www.msn.unipi.it\/it\/educazione\/scuola\/offerta-educativa\/attivita-per-le-classi-3-4-e-5\/#primaryimage\"},\"thumbnailUrl\":\"https:\/\/www.msn.unipi.it\/wp-content\/uploads\/2011\/04\/madreporaTG.jpg\",\"datePublished\":\"2012-02-27T12:52:55+00:00\",\"dateModified\":\"2025-07-25T05:41:02+00:00\",\"description\":\"&nbsp; &nbsp; ATTIVIT\u00c0 DI APPROFONDIMENTO Ogni attivit\u00e0 di approfondimento ha la\u00a0durata di 1 ora e 30 minuti. L\u2019ingresso al museo ha un costo di\u00a07,00\u00a0euro\",\"breadcrumb\":{\"@id\":\"https:\/\/www.msn.unipi.it\/it\/educazione\/scuola\/offerta-educativa\/attivita-per-le-classi-3-4-e-5\/#breadcrumb\"},\"inLanguage\":\"it-IT\",\"potentialAction\":[{\"@type\":\"ReadAction\",\"target\":[\"https:\/\/www.msn.unipi.it\/it\/educazione\/scuola\/offerta-educativa\/attivita-per-le-classi-3-4-e-5\/\"]}]},{\"@type\":\"ImageObject\",\"inLanguage\":\"it-IT\",\"@id\":\"https:\/\/www.msn.unipi.it\/it\/educazione\/scuola\/offerta-educativa\/attivita-per-le-classi-3-4-e-5\/#primaryimage\",\"url\":\"https:\/\/www.msn.unipi.it\/wp-content\/uploads\/2011\/04\/madreporaTG.jpg\",\"contentUrl\":\"https:\/\/www.msn.unipi.it\/wp-content\/uploads\/2011\/04\/madreporaTG.jpg\",\"width\":2048,\"height\":342},{\"@type\":\"BreadcrumbList\",\"@id\":\"https:\/\/www.msn.unipi.it\/it\/educazione\/scuola\/offerta-educativa\/attivita-per-le-classi-3-4-e-5\/#breadcrumb\",\"itemListElement\":[{\"@type\":\"ListItem\",\"position\":1,\"name\":\"Home\",\"item\":\"https:\/\/www.msn.unipi.it\/it\/\"},{\"@type\":\"ListItem\",\"position\":2,\"name\":\"Educazione\",\"item\":\"https:\/\/www.msn.unipi.it\/it\/educazione\/\"},{\"@type\":\"ListItem\",\"position\":3,\"name\":\"Scuola\",\"item\":\"https:\/\/www.msn.unipi.it\/it\/educazione\/scuola\/\"},{\"@type\":\"ListItem\",\"position\":4,\"name\":\"Offerta educativa 2025-2026\",\"item\":\"https:\/\/www.msn.unipi.it\/it\/educazione\/scuola\/offerta-educativa\/\"},{\"@type\":\"ListItem\",\"position\":5,\"name\":\"Attivit\u00e0 per le classi III, IV e V\"}]},{\"@type\":\"WebSite\",\"@id\":\"https:\/\/www.msn.unipi.it\/it\/#website\",\"url\":\"https:\/\/www.msn.unipi.it\/it\/\",\"name\":\"Museo di Storia Naturale dell&#039;Universit\u00e0 di Pisa\",\"description\":\"\",\"publisher\":{\"@id\":\"https:\/\/www.msn.unipi.it\/it\/#organization\"},\"potentialAction\":[{\"@type\":\"SearchAction\",\"target\":{\"@type\":\"EntryPoint\",\"urlTemplate\":\"https:\/\/www.msn.unipi.it\/it\/?s={search_term_string}\"},\"query-input\":{\"@type\":\"PropertyValueSpecification\",\"valueRequired\":true,\"valueName\":\"search_term_string\"}}],\"inLanguage\":\"it-IT\"},{\"@type\":\"Organization\",\"@id\":\"https:\/\/www.msn.unipi.it\/it\/#organization\",\"name\":\"Museo di Storia Naturale dell'Universit\u00e0 di Pisa\",\"url\":\"https:\/\/www.msn.unipi.it\/it\/\",\"logo\":{\"@type\":\"ImageObject\",\"inLanguage\":\"it-IT\",\"@id\":\"https:\/\/www.msn.unipi.it\/it\/#\/schema\/logo\/image\/\",\"url\":\"https:\/\/www.msn.unipi.it\/wp-content\/uploads\/2016\/07\/footer-logo.png\",\"contentUrl\":\"https:\/\/www.msn.unipi.it\/wp-content\/uploads\/2016\/07\/footer-logo.png\",\"width\":220,\"height\":95,\"caption\":\"Museo di Storia Naturale dell'Universit\u00e0 di Pisa\"},\"image\":{\"@id\":\"https:\/\/www.msn.unipi.it\/it\/#\/schema\/logo\/image\/\"},\"sameAs\":[\"https:\/\/www.facebook.com\/Museo-di-Storia-Naturale-Universit\u00e0-di-Pisa-277794215612108\/\",\"https:\/\/x.com\/msncalci\",\"https:\/\/www.instagram.com\/museostorianaturale_calci\/\",\"https:\/\/www.youtube.com\/channel\/UCDaMBe_RegmdCnxLPmryMxw\"]}]}<\/script>\n<!-- \/ Yoast SEO plugin. -->","yoast_head_json":{"title":"Attivit\u00e0 per le classi III, IV e V - Museo di Storia Naturale dell&#039;Universit\u00e0 di Pisa","description":"&nbsp; &nbsp; ATTIVIT\u00c0 DI APPROFONDIMENTO Ogni attivit\u00e0 di approfondimento ha la\u00a0durata di 1 ora e 30 minuti. L\u2019ingresso al museo ha un costo di\u00a07,00\u00a0euro","robots":{"index":"index","follow":"follow","max-snippet":"max-snippet:-1","max-image-preview":"max-image-preview:large","max-video-preview":"max-video-preview:-1"},"canonical":"https:\/\/www.msn.unipi.it\/it\/educazione\/scuola\/offerta-educativa\/attivita-per-le-classi-3-4-e-5\/","og_locale":"it_IT","og_type":"article","og_title":"Attivit\u00e0 per le classi III, IV e V - Museo di Storia Naturale dell&#039;Universit\u00e0 di Pisa","og_description":"&nbsp; &nbsp; ATTIVIT\u00c0 DI APPROFONDIMENTO Ogni attivit\u00e0 di approfondimento ha la\u00a0durata di 1 ora e 30 minuti. L\u2019ingresso al museo ha un costo di\u00a07,00\u00a0euro","og_url":"https:\/\/www.msn.unipi.it\/it\/educazione\/scuola\/offerta-educativa\/attivita-per-le-classi-3-4-e-5\/","og_site_name":"Museo di Storia Naturale dell&#039;Universit\u00e0 di Pisa","article_publisher":"https:\/\/www.facebook.com\/Museo-di-Storia-Naturale-Universit%c3%a0-di-Pisa-277794215612108\/","article_modified_time":"2025-07-25T05:41:02+00:00","og_image":[{"width":2048,"height":342,"url":"https:\/\/www.msn.unipi.it\/wp-content\/uploads\/2011\/04\/madreporaTG.jpg","type":"image\/jpeg"}],"twitter_card":"summary_large_image","twitter_site":"@msncalci","twitter_misc":{"Tempo di lettura stimato":"5 minuti"},"schema":{"@context":"https:\/\/schema.org","@graph":[{"@type":"WebPage","@id":"https:\/\/www.msn.unipi.it\/it\/educazione\/scuola\/offerta-educativa\/attivita-per-le-classi-3-4-e-5\/","url":"https:\/\/www.msn.unipi.it\/it\/educazione\/scuola\/offerta-educativa\/attivita-per-le-classi-3-4-e-5\/","name":"Attivit\u00e0 per le classi III, IV e V - Museo di Storia Naturale dell&#039;Universit\u00e0 di Pisa","isPartOf":{"@id":"https:\/\/www.msn.unipi.it\/it\/#website"},"primaryImageOfPage":{"@id":"https:\/\/www.msn.unipi.it\/it\/educazione\/scuola\/offerta-educativa\/attivita-per-le-classi-3-4-e-5\/#primaryimage"},"image":{"@id":"https:\/\/www.msn.unipi.it\/it\/educazione\/scuola\/offerta-educativa\/attivita-per-le-classi-3-4-e-5\/#primaryimage"},"thumbnailUrl":"https:\/\/www.msn.unipi.it\/wp-content\/uploads\/2011\/04\/madreporaTG.jpg","datePublished":"2012-02-27T12:52:55+00:00","dateModified":"2025-07-25T05:41:02+00:00","description":"&nbsp; &nbsp; ATTIVIT\u00c0 DI APPROFONDIMENTO Ogni attivit\u00e0 di approfondimento ha la\u00a0durata di 1 ora e 30 minuti. L\u2019ingresso al museo ha un costo di\u00a07,00\u00a0euro","breadcrumb":{"@id":"https:\/\/www.msn.unipi.it\/it\/educazione\/scuola\/offerta-educativa\/attivita-per-le-classi-3-4-e-5\/#breadcrumb"},"inLanguage":"it-IT","potentialAction":[{"@type":"ReadAction","target":["https:\/\/www.msn.unipi.it\/it\/educazione\/scuola\/offerta-educativa\/attivita-per-le-classi-3-4-e-5\/"]}]},{"@type":"ImageObject","inLanguage":"it-IT","@id":"https:\/\/www.msn.unipi.it\/it\/educazione\/scuola\/offerta-educativa\/attivita-per-le-classi-3-4-e-5\/#primaryimage","url":"https:\/\/www.msn.unipi.it\/wp-content\/uploads\/2011\/04\/madreporaTG.jpg","contentUrl":"https:\/\/www.msn.unipi.it\/wp-content\/uploads\/2011\/04\/madreporaTG.jpg","width":2048,"height":342},{"@type":"BreadcrumbList","@id":"https:\/\/www.msn.unipi.it\/it\/educazione\/scuola\/offerta-educativa\/attivita-per-le-classi-3-4-e-5\/#breadcrumb","itemListElement":[{"@type":"ListItem","position":1,"name":"Home","item":"https:\/\/www.msn.unipi.it\/it\/"},{"@type":"ListItem","position":2,"name":"Educazione","item":"https:\/\/www.msn.unipi.it\/it\/educazione\/"},{"@type":"ListItem","position":3,"name":"Scuola","item":"https:\/\/www.msn.unipi.it\/it\/educazione\/scuola\/"},{"@type":"ListItem","position":4,"name":"Offerta educativa 2025-2026","item":"https:\/\/www.msn.unipi.it\/it\/educazione\/scuola\/offerta-educativa\/"},{"@type":"ListItem","position":5,"name":"Attivit\u00e0 per le classi III, IV e V"}]},{"@type":"WebSite","@id":"https:\/\/www.msn.unipi.it\/it\/#website","url":"https:\/\/www.msn.unipi.it\/it\/","name":"Museo di Storia Naturale dell&#039;Universit\u00e0 di Pisa","description":"","publisher":{"@id":"https:\/\/www.msn.unipi.it\/it\/#organization"},"potentialAction":[{"@type":"SearchAction","target":{"@type":"EntryPoint","urlTemplate":"https:\/\/www.msn.unipi.it\/it\/?s={search_term_string}"},"query-input":{"@type":"PropertyValueSpecification","valueRequired":true,"valueName":"search_term_string"}}],"inLanguage":"it-IT"},{"@type":"Organization","@id":"https:\/\/www.msn.unipi.it\/it\/#organization","name":"Museo di Storia Naturale dell'Universit\u00e0 di Pisa","url":"https:\/\/www.msn.unipi.it\/it\/","logo":{"@type":"ImageObject","inLanguage":"it-IT","@id":"https:\/\/www.msn.unipi.it\/it\/#\/schema\/logo\/image\/","url":"https:\/\/www.msn.unipi.it\/wp-content\/uploads\/2016\/07\/footer-logo.png","contentUrl":"https:\/\/www.msn.unipi.it\/wp-content\/uploads\/2016\/07\/footer-logo.png","width":220,"height":95,"caption":"Museo di Storia Naturale dell'Universit\u00e0 di Pisa"},"image":{"@id":"https:\/\/www.msn.unipi.it\/it\/#\/schema\/logo\/image\/"},"sameAs":["https:\/\/www.facebook.com\/Museo-di-Storia-Naturale-Universit\u00e0-di-Pisa-277794215612108\/","https:\/\/x.com\/msncalci","https:\/\/www.instagram.com\/museostorianaturale_calci\/","https:\/\/www.youtube.com\/channel\/UCDaMBe_RegmdCnxLPmryMxw"]}]}},"jetpack_sharing_enabled":true,"_links":{"self":[{"href":"https:\/\/www.msn.unipi.it\/it\/wp-json\/wp\/v2\/pages\/575","targetHints":{"allow":["GET"]}}],"collection":[{"href":"https:\/\/www.msn.unipi.it\/it\/wp-json\/wp\/v2\/pages"}],"about":[{"href":"https:\/\/www.msn.unipi.it\/it\/wp-json\/wp\/v2\/types\/page"}],"author":[{"embeddable":true,"href":"https:\/\/www.msn.unipi.it\/it\/wp-json\/wp\/v2\/users\/1"}],"replies":[{"embeddable":true,"href":"https:\/\/www.msn.unipi.it\/it\/wp-json\/wp\/v2\/comments?post=575"}],"version-history":[{"count":13,"href":"https:\/\/www.msn.unipi.it\/it\/wp-json\/wp\/v2\/pages\/575\/revisions"}],"predecessor-version":[{"id":30920,"href":"https:\/\/www.msn.unipi.it\/it\/wp-json\/wp\/v2\/pages\/575\/revisions\/30920"}],"up":[{"embeddable":true,"href":"https:\/\/www.msn.unipi.it\/it\/wp-json\/wp\/v2\/pages\/16083"}],"wp:featuredmedia":[{"embeddable":true,"href":"https:\/\/www.msn.unipi.it\/it\/wp-json\/wp\/v2\/media\/7525"}],"wp:attachment":[{"href":"https:\/\/www.msn.unipi.it\/it\/wp-json\/wp\/v2\/media?parent=575"}],"curies":[{"name":"wp","href":"https:\/\/api.w.org\/{rel}","templated":true}]}}