{"id":713,"date":"2012-03-23T09:27:26","date_gmt":"2012-03-23T09:27:26","guid":{"rendered":"http:\/\/labcd.humnet.unipi.it\/demo\/museocalci\/?page_id=713"},"modified":"2019-07-29T11:52:43","modified_gmt":"2019-07-29T09:52:43","slug":"fossili-e-miti","status":"publish","type":"page","link":"https:\/\/www.msn.unipi.it\/it\/educazione\/scuola\/offerta-educativa\/fossili-e-miti\/","title":{"rendered":"Fossili e miti"},"content":{"rendered":"<p style=\"text-align: center;\">Approccio trasversale alla paleontologia partendo dai miti con interpretazione di un cranio sconosciuto e studio di un fossile.<\/p>\n<p>&nbsp;<\/p>\n<p style=\"text-align: left;\"><span class=\"lightviolet\"><strong>Obiettivi <\/strong>&#8211;<span style=\"color: #000000;\">\u00a0Far comprendere agli studenti come sono nati i miti nell\u2019antichit\u00e0, quali sono i ritrovamenti da cui hanno avuto origine e come vengono interpretati oggi.<\/span><\/span><\/p>\n<p style=\"text-align: left;\"><span class=\"lightviolet\"><strong>Descrizione<\/strong> <\/span>&#8211;<strong> Attivit\u00e0 pratica<\/strong> dedicata all&#8217;interpretazione dei fossili.\u00a0Gli studenti si troveranno di fronte un <strong>cranio sconosciuto<\/strong> e dovranno immaginare e disegnare l\u2019animale a cui potrebbe essere appartenuto creando cos\u00ec un proprio mito. In base all\u2019esperienza fatta, l\u2019operatore spiegher\u00e0 che l\u2019origine dei <strong>miti<\/strong> era spesso legata al ritrovamento di <strong>fossili<\/strong> di cui gli antichi non conoscevano la vera natura. Gli studenti esamineranno a coppie alcuni fossili veri e si renderanno cos\u00ec conto che anche oggi pu\u00f2 essere difficile dare una corretta interpretazione. L&#8217;attivit\u00e0 si concluder\u00e0 con la visita all&#8217;<strong><a href=\"http:\/\/www.msn.unipi.it\/it\/la-terra-tra-mito-e-scienza-2\/\" target=\"_blank\" rel=\"noopener noreferrer\">Arca di No\u00e8<\/a><\/strong><span class=\"lightviolet\"><span style=\"color: #000000;\">\u00a0per svelare l\u2019origine di alcuni miti famosi.<\/span><\/span><\/p>\n<p style=\"text-align: left;\"><span class=\"lightviolet\"><strong>Costo<\/strong>: <span style=\"color: #000000;\">ingresso \u20ac 5,00, attivit\u00e0 \u20ac 4,00.<\/span><\/span><\/p>\n\n\t\t<style type=\"text\/css\">\n\t\t\t#gallery-1 {\n\t\t\t\tmargin: auto;\n\t\t\t}\n\t\t\t#gallery-1 .gallery-item {\n\t\t\t\tfloat: left;\n\t\t\t\tmargin-top: 10px;\n\t\t\t\ttext-align: center;\n\t\t\t\twidth: 20%;\n\t\t\t}\n\t\t\t#gallery-1 img {\n\t\t\t\tborder: 2px solid #cfcfcf;\n\t\t\t}\n\t\t\t#gallery-1 .gallery-caption {\n\t\t\t\tmargin-left: 0;\n\t\t\t}\n\t\t\t\/* see gallery_shortcode() in wp-includes\/media.php *\/\n\t\t<\/style>\n\t\t<div id='gallery-1' class='gallery galleryid-713 gallery-columns-5 gallery-size-thumbnail'><dl class='gallery-item'>\n\t\t\t<dt class='gallery-icon landscape'>\n\t\t\t\t<a href='https:\/\/www.msn.unipi.it\/it\/educazione\/scuola\/offerta-educativa\/fossili-e-miti\/ciclope-150x150\/'><img loading=\"lazy\" decoding=\"async\" width=\"150\" height=\"150\" src=\"https:\/\/www.msn.unipi.it\/wp-content\/uploads\/2012\/03\/Ciclope-150x150-150x150.jpg\" class=\"attachment-thumbnail size-thumbnail\" alt=\"\" srcset=\"https:\/\/www.msn.unipi.it\/wp-content\/uploads\/2012\/03\/Ciclope-150x150-150x150.jpg 150w, https:\/\/www.msn.unipi.it\/wp-content\/uploads\/2012\/03\/Ciclope-150x150-450x450.jpg 450w, https:\/\/www.msn.unipi.it\/wp-content\/uploads\/2012\/03\/Ciclope-150x150-768x768.jpg 768w, https:\/\/www.msn.unipi.it\/wp-content\/uploads\/2012\/03\/Ciclope-150x150-800x800.jpg 800w, https:\/\/www.msn.unipi.it\/wp-content\/uploads\/2012\/03\/Ciclope-150x150.jpg 1181w\" sizes=\"auto, (max-width: 150px) 100vw, 150px\" \/><\/a>\n\t\t\t<\/dt><\/dl><dl class='gallery-item'>\n\t\t\t<dt class='gallery-icon landscape'>\n\t\t\t\t<a href='https:\/\/www.msn.unipi.it\/it\/educazione\/scuola\/offerta-educativa\/fossili-e-miti\/unicorno-150x150\/'><img loading=\"lazy\" decoding=\"async\" width=\"150\" height=\"150\" src=\"https:\/\/www.msn.unipi.it\/wp-content\/uploads\/2012\/03\/Unicorno-150x150-150x150.jpg\" class=\"attachment-thumbnail size-thumbnail\" alt=\"\" srcset=\"https:\/\/www.msn.unipi.it\/wp-content\/uploads\/2012\/03\/Unicorno-150x150-150x150.jpg 150w, https:\/\/www.msn.unipi.it\/wp-content\/uploads\/2012\/03\/Unicorno-150x150-450x450.jpg 450w, https:\/\/www.msn.unipi.it\/wp-content\/uploads\/2012\/03\/Unicorno-150x150-768x768.jpg 768w, https:\/\/www.msn.unipi.it\/wp-content\/uploads\/2012\/03\/Unicorno-150x150-800x800.jpg 800w, https:\/\/www.msn.unipi.it\/wp-content\/uploads\/2012\/03\/Unicorno-150x150.jpg 1200w\" sizes=\"auto, (max-width: 150px) 100vw, 150px\" \/><\/a>\n\t\t\t<\/dt><\/dl><dl class='gallery-item'>\n\t\t\t<dt class='gallery-icon landscape'>\n\t\t\t\t<a href='https:\/\/www.msn.unipi.it\/it\/educazione\/scuola\/offerta-educativa\/fossili-e-miti\/drago-150x150\/'><img loading=\"lazy\" decoding=\"async\" width=\"150\" height=\"150\" src=\"https:\/\/www.msn.unipi.it\/wp-content\/uploads\/2012\/03\/Drago-150x150-150x150.jpg\" class=\"attachment-thumbnail size-thumbnail\" alt=\"\" srcset=\"https:\/\/www.msn.unipi.it\/wp-content\/uploads\/2012\/03\/Drago-150x150-150x150.jpg 150w, https:\/\/www.msn.unipi.it\/wp-content\/uploads\/2012\/03\/Drago-150x150-450x450.jpg 450w, https:\/\/www.msn.unipi.it\/wp-content\/uploads\/2012\/03\/Drago-150x150-768x768.jpg 768w, https:\/\/www.msn.unipi.it\/wp-content\/uploads\/2012\/03\/Drago-150x150-800x800.jpg 800w, https:\/\/www.msn.unipi.it\/wp-content\/uploads\/2012\/03\/Drago-150x150.jpg 1181w\" sizes=\"auto, (max-width: 150px) 100vw, 150px\" \/><\/a>\n\t\t\t<\/dt><\/dl><dl class='gallery-item'>\n\t\t\t<dt class='gallery-icon landscape'>\n\t\t\t\t<a href='https:\/\/www.msn.unipi.it\/it\/educazione\/scuola\/offerta-educativa\/fossili-e-miti\/conchiglie-plioceniche-150x150\/'><img loading=\"lazy\" decoding=\"async\" width=\"150\" height=\"150\" src=\"https:\/\/www.msn.unipi.it\/wp-content\/uploads\/2012\/03\/Conchiglie-plioceniche-150x150-150x150.jpg\" class=\"attachment-thumbnail size-thumbnail\" alt=\"\" srcset=\"https:\/\/www.msn.unipi.it\/wp-content\/uploads\/2012\/03\/Conchiglie-plioceniche-150x150-150x150.jpg 150w, https:\/\/www.msn.unipi.it\/wp-content\/uploads\/2012\/03\/Conchiglie-plioceniche-150x150-450x450.jpg 450w, https:\/\/www.msn.unipi.it\/wp-content\/uploads\/2012\/03\/Conchiglie-plioceniche-150x150-768x768.jpg 768w, https:\/\/www.msn.unipi.it\/wp-content\/uploads\/2012\/03\/Conchiglie-plioceniche-150x150-800x800.jpg 800w, https:\/\/www.msn.unipi.it\/wp-content\/uploads\/2012\/03\/Conchiglie-plioceniche-150x150.jpg 917w\" sizes=\"auto, (max-width: 150px) 100vw, 150px\" \/><\/a>\n\t\t\t<\/dt><\/dl><dl class='gallery-item'>\n\t\t\t<dt class='gallery-icon landscape'>\n\t\t\t\t<a href='https:\/\/www.msn.unipi.it\/it\/educazione\/scuola\/offerta-educativa\/fossili-e-miti\/ammonite-150x150\/'><img loading=\"lazy\" decoding=\"async\" width=\"150\" height=\"150\" src=\"https:\/\/www.msn.unipi.it\/wp-content\/uploads\/2012\/03\/Ammonite-150x150-150x150.jpg\" class=\"attachment-thumbnail size-thumbnail\" alt=\"\" srcset=\"https:\/\/www.msn.unipi.it\/wp-content\/uploads\/2012\/03\/Ammonite-150x150-150x150.jpg 150w, https:\/\/www.msn.unipi.it\/wp-content\/uploads\/2012\/03\/Ammonite-150x150-450x450.jpg 450w, https:\/\/www.msn.unipi.it\/wp-content\/uploads\/2012\/03\/Ammonite-150x150-768x768.jpg 768w, https:\/\/www.msn.unipi.it\/wp-content\/uploads\/2012\/03\/Ammonite-150x150-800x800.jpg 800w, https:\/\/www.msn.unipi.it\/wp-content\/uploads\/2012\/03\/Ammonite-150x150.jpg 1181w\" sizes=\"auto, (max-width: 150px) 100vw, 150px\" \/><\/a>\n\t\t\t<\/dt><\/dl><br style=\"clear: both\" \/>\n\t\t<\/div>\n\n<p>&nbsp;<\/p>\n","protected":false},"excerpt":{"rendered":"<p>Approccio trasversale alla paleontologia partendo dai miti con interpretazione di un cranio sconosciuto e studio di un fossile. &nbsp; Obiettivi &#8211;\u00a0Far comprendere agli studenti come sono nati i miti nell\u2019antichit\u00e0, quali sono i ritrovamenti da cui hanno avuto origine e come vengono interpretati oggi. Descrizione &#8211; Attivit\u00e0 pratica dedicata all&#8217;interpretazione dei fossili.\u00a0Gli studenti si troveranno&nbsp; <a href=\"https:\/\/www.msn.unipi.it\/it\/educazione\/scuola\/offerta-educativa\/fossili-e-miti\/\">&hellip;  <i class=\"fa fa-chevron-right\"><\/i><\/a><\/p>\n","protected":false},"author":1,"featured_media":7525,"parent":16083,"menu_order":0,"comment_status":"closed","ping_status":"closed","template":"","meta":{"footnotes":""},"class_list":["post-713","page","type-page","status-publish","has-post-thumbnail","hentry"],"yoast_head":"<!-- This site is optimized with the Yoast SEO plugin v26.8 - https:\/\/yoast.com\/product\/yoast-seo-wordpress\/ -->\n<title>Fossili e miti - Museo di Storia Naturale dell&#039;Universit\u00e0 di Pisa<\/title>\n<meta name=\"description\" content=\"Approccio trasversale alla paleontologia partendo dai miti con interpretazione di un cranio sconosciuto e studio di un fossile. &nbsp; Obiettivi -\u00a0Far\" \/>\n<meta name=\"robots\" content=\"index, follow, max-snippet:-1, max-image-preview:large, max-video-preview:-1\" \/>\n<link rel=\"canonical\" href=\"https:\/\/www.msn.unipi.it\/it\/educazione\/scuola\/offerta-educativa\/fossili-e-miti\/\" \/>\n<meta property=\"og:locale\" content=\"it_IT\" \/>\n<meta property=\"og:type\" content=\"article\" \/>\n<meta property=\"og:title\" content=\"Fossili e miti - Museo di Storia Naturale dell&#039;Universit\u00e0 di Pisa\" \/>\n<meta property=\"og:description\" content=\"Approccio trasversale alla paleontologia partendo dai miti con interpretazione di un cranio sconosciuto e studio di un fossile. &nbsp; Obiettivi -\u00a0Far\" \/>\n<meta property=\"og:url\" content=\"https:\/\/www.msn.unipi.it\/it\/educazione\/scuola\/offerta-educativa\/fossili-e-miti\/\" \/>\n<meta property=\"og:site_name\" content=\"Museo di Storia Naturale dell&#039;Universit\u00e0 di Pisa\" \/>\n<meta property=\"article:publisher\" content=\"https:\/\/www.facebook.com\/Museo-di-Storia-Naturale-Universit%c3%a0-di-Pisa-277794215612108\/\" \/>\n<meta property=\"article:modified_time\" content=\"2019-07-29T09:52:43+00:00\" \/>\n<meta property=\"og:image\" content=\"https:\/\/www.msn.unipi.it\/wp-content\/uploads\/2011\/04\/madreporaTG.jpg\" \/>\n\t<meta property=\"og:image:width\" content=\"2048\" \/>\n\t<meta property=\"og:image:height\" content=\"342\" \/>\n\t<meta property=\"og:image:type\" content=\"image\/jpeg\" \/>\n<meta name=\"twitter:card\" content=\"summary_large_image\" \/>\n<meta name=\"twitter:site\" content=\"@msncalci\" \/>\n<meta name=\"twitter:label1\" content=\"Tempo di lettura stimato\" \/>\n\t<meta name=\"twitter:data1\" content=\"1 minuto\" \/>\n<script type=\"application\/ld+json\" class=\"yoast-schema-graph\">{\"@context\":\"https:\/\/schema.org\",\"@graph\":[{\"@type\":\"WebPage\",\"@id\":\"https:\/\/www.msn.unipi.it\/it\/educazione\/scuola\/offerta-educativa\/fossili-e-miti\/\",\"url\":\"https:\/\/www.msn.unipi.it\/it\/educazione\/scuola\/offerta-educativa\/fossili-e-miti\/\",\"name\":\"Fossili e miti - Museo di Storia Naturale dell&#039;Universit\u00e0 di Pisa\",\"isPartOf\":{\"@id\":\"https:\/\/www.msn.unipi.it\/it\/#website\"},\"primaryImageOfPage\":{\"@id\":\"https:\/\/www.msn.unipi.it\/it\/educazione\/scuola\/offerta-educativa\/fossili-e-miti\/#primaryimage\"},\"image\":{\"@id\":\"https:\/\/www.msn.unipi.it\/it\/educazione\/scuola\/offerta-educativa\/fossili-e-miti\/#primaryimage\"},\"thumbnailUrl\":\"https:\/\/www.msn.unipi.it\/wp-content\/uploads\/2011\/04\/madreporaTG.jpg\",\"datePublished\":\"2012-03-23T09:27:26+00:00\",\"dateModified\":\"2019-07-29T09:52:43+00:00\",\"description\":\"Approccio trasversale alla paleontologia partendo dai miti con interpretazione di un cranio sconosciuto e studio di un fossile. &nbsp; Obiettivi -\u00a0Far\",\"breadcrumb\":{\"@id\":\"https:\/\/www.msn.unipi.it\/it\/educazione\/scuola\/offerta-educativa\/fossili-e-miti\/#breadcrumb\"},\"inLanguage\":\"it-IT\",\"potentialAction\":[{\"@type\":\"ReadAction\",\"target\":[\"https:\/\/www.msn.unipi.it\/it\/educazione\/scuola\/offerta-educativa\/fossili-e-miti\/\"]}]},{\"@type\":\"ImageObject\",\"inLanguage\":\"it-IT\",\"@id\":\"https:\/\/www.msn.unipi.it\/it\/educazione\/scuola\/offerta-educativa\/fossili-e-miti\/#primaryimage\",\"url\":\"https:\/\/www.msn.unipi.it\/wp-content\/uploads\/2011\/04\/madreporaTG.jpg\",\"contentUrl\":\"https:\/\/www.msn.unipi.it\/wp-content\/uploads\/2011\/04\/madreporaTG.jpg\",\"width\":2048,\"height\":342},{\"@type\":\"BreadcrumbList\",\"@id\":\"https:\/\/www.msn.unipi.it\/it\/educazione\/scuola\/offerta-educativa\/fossili-e-miti\/#breadcrumb\",\"itemListElement\":[{\"@type\":\"ListItem\",\"position\":1,\"name\":\"Home\",\"item\":\"https:\/\/www.msn.unipi.it\/it\/\"},{\"@type\":\"ListItem\",\"position\":2,\"name\":\"Educazione\",\"item\":\"https:\/\/www.msn.unipi.it\/it\/educazione\/\"},{\"@type\":\"ListItem\",\"position\":3,\"name\":\"Scuola\",\"item\":\"https:\/\/www.msn.unipi.it\/it\/educazione\/scuola\/\"},{\"@type\":\"ListItem\",\"position\":4,\"name\":\"Offerta educativa 2025-2026\",\"item\":\"https:\/\/www.msn.unipi.it\/it\/educazione\/scuola\/offerta-educativa\/\"},{\"@type\":\"ListItem\",\"position\":5,\"name\":\"Fossili e miti\"}]},{\"@type\":\"WebSite\",\"@id\":\"https:\/\/www.msn.unipi.it\/it\/#website\",\"url\":\"https:\/\/www.msn.unipi.it\/it\/\",\"name\":\"Museo di Storia Naturale dell&#039;Universit\u00e0 di Pisa\",\"description\":\"\",\"publisher\":{\"@id\":\"https:\/\/www.msn.unipi.it\/it\/#organization\"},\"potentialAction\":[{\"@type\":\"SearchAction\",\"target\":{\"@type\":\"EntryPoint\",\"urlTemplate\":\"https:\/\/www.msn.unipi.it\/it\/?s={search_term_string}\"},\"query-input\":{\"@type\":\"PropertyValueSpecification\",\"valueRequired\":true,\"valueName\":\"search_term_string\"}}],\"inLanguage\":\"it-IT\"},{\"@type\":\"Organization\",\"@id\":\"https:\/\/www.msn.unipi.it\/it\/#organization\",\"name\":\"Museo di Storia Naturale dell'Universit\u00e0 di Pisa\",\"url\":\"https:\/\/www.msn.unipi.it\/it\/\",\"logo\":{\"@type\":\"ImageObject\",\"inLanguage\":\"it-IT\",\"@id\":\"https:\/\/www.msn.unipi.it\/it\/#\/schema\/logo\/image\/\",\"url\":\"https:\/\/www.msn.unipi.it\/wp-content\/uploads\/2016\/07\/footer-logo.png\",\"contentUrl\":\"https:\/\/www.msn.unipi.it\/wp-content\/uploads\/2016\/07\/footer-logo.png\",\"width\":220,\"height\":95,\"caption\":\"Museo di Storia Naturale dell'Universit\u00e0 di Pisa\"},\"image\":{\"@id\":\"https:\/\/www.msn.unipi.it\/it\/#\/schema\/logo\/image\/\"},\"sameAs\":[\"https:\/\/www.facebook.com\/Museo-di-Storia-Naturale-Universit\u00e0-di-Pisa-277794215612108\/\",\"https:\/\/x.com\/msncalci\",\"https:\/\/www.instagram.com\/museostorianaturale_calci\/\",\"https:\/\/www.youtube.com\/channel\/UCDaMBe_RegmdCnxLPmryMxw\"]}]}<\/script>\n<!-- \/ Yoast SEO plugin. -->","yoast_head_json":{"title":"Fossili e miti - Museo di Storia Naturale dell&#039;Universit\u00e0 di Pisa","description":"Approccio trasversale alla paleontologia partendo dai miti con interpretazione di un cranio sconosciuto e studio di un fossile. &nbsp; Obiettivi -\u00a0Far","robots":{"index":"index","follow":"follow","max-snippet":"max-snippet:-1","max-image-preview":"max-image-preview:large","max-video-preview":"max-video-preview:-1"},"canonical":"https:\/\/www.msn.unipi.it\/it\/educazione\/scuola\/offerta-educativa\/fossili-e-miti\/","og_locale":"it_IT","og_type":"article","og_title":"Fossili e miti - Museo di Storia Naturale dell&#039;Universit\u00e0 di Pisa","og_description":"Approccio trasversale alla paleontologia partendo dai miti con interpretazione di un cranio sconosciuto e studio di un fossile. &nbsp; Obiettivi -\u00a0Far","og_url":"https:\/\/www.msn.unipi.it\/it\/educazione\/scuola\/offerta-educativa\/fossili-e-miti\/","og_site_name":"Museo di Storia Naturale dell&#039;Universit\u00e0 di Pisa","article_publisher":"https:\/\/www.facebook.com\/Museo-di-Storia-Naturale-Universit%c3%a0-di-Pisa-277794215612108\/","article_modified_time":"2019-07-29T09:52:43+00:00","og_image":[{"width":2048,"height":342,"url":"https:\/\/www.msn.unipi.it\/wp-content\/uploads\/2011\/04\/madreporaTG.jpg","type":"image\/jpeg"}],"twitter_card":"summary_large_image","twitter_site":"@msncalci","twitter_misc":{"Tempo di lettura stimato":"1 minuto"},"schema":{"@context":"https:\/\/schema.org","@graph":[{"@type":"WebPage","@id":"https:\/\/www.msn.unipi.it\/it\/educazione\/scuola\/offerta-educativa\/fossili-e-miti\/","url":"https:\/\/www.msn.unipi.it\/it\/educazione\/scuola\/offerta-educativa\/fossili-e-miti\/","name":"Fossili e miti - Museo di Storia Naturale dell&#039;Universit\u00e0 di Pisa","isPartOf":{"@id":"https:\/\/www.msn.unipi.it\/it\/#website"},"primaryImageOfPage":{"@id":"https:\/\/www.msn.unipi.it\/it\/educazione\/scuola\/offerta-educativa\/fossili-e-miti\/#primaryimage"},"image":{"@id":"https:\/\/www.msn.unipi.it\/it\/educazione\/scuola\/offerta-educativa\/fossili-e-miti\/#primaryimage"},"thumbnailUrl":"https:\/\/www.msn.unipi.it\/wp-content\/uploads\/2011\/04\/madreporaTG.jpg","datePublished":"2012-03-23T09:27:26+00:00","dateModified":"2019-07-29T09:52:43+00:00","description":"Approccio trasversale alla paleontologia partendo dai miti con interpretazione di un cranio sconosciuto e studio di un fossile. &nbsp; Obiettivi -\u00a0Far","breadcrumb":{"@id":"https:\/\/www.msn.unipi.it\/it\/educazione\/scuola\/offerta-educativa\/fossili-e-miti\/#breadcrumb"},"inLanguage":"it-IT","potentialAction":[{"@type":"ReadAction","target":["https:\/\/www.msn.unipi.it\/it\/educazione\/scuola\/offerta-educativa\/fossili-e-miti\/"]}]},{"@type":"ImageObject","inLanguage":"it-IT","@id":"https:\/\/www.msn.unipi.it\/it\/educazione\/scuola\/offerta-educativa\/fossili-e-miti\/#primaryimage","url":"https:\/\/www.msn.unipi.it\/wp-content\/uploads\/2011\/04\/madreporaTG.jpg","contentUrl":"https:\/\/www.msn.unipi.it\/wp-content\/uploads\/2011\/04\/madreporaTG.jpg","width":2048,"height":342},{"@type":"BreadcrumbList","@id":"https:\/\/www.msn.unipi.it\/it\/educazione\/scuola\/offerta-educativa\/fossili-e-miti\/#breadcrumb","itemListElement":[{"@type":"ListItem","position":1,"name":"Home","item":"https:\/\/www.msn.unipi.it\/it\/"},{"@type":"ListItem","position":2,"name":"Educazione","item":"https:\/\/www.msn.unipi.it\/it\/educazione\/"},{"@type":"ListItem","position":3,"name":"Scuola","item":"https:\/\/www.msn.unipi.it\/it\/educazione\/scuola\/"},{"@type":"ListItem","position":4,"name":"Offerta educativa 2025-2026","item":"https:\/\/www.msn.unipi.it\/it\/educazione\/scuola\/offerta-educativa\/"},{"@type":"ListItem","position":5,"name":"Fossili e miti"}]},{"@type":"WebSite","@id":"https:\/\/www.msn.unipi.it\/it\/#website","url":"https:\/\/www.msn.unipi.it\/it\/","name":"Museo di Storia Naturale dell&#039;Universit\u00e0 di Pisa","description":"","publisher":{"@id":"https:\/\/www.msn.unipi.it\/it\/#organization"},"potentialAction":[{"@type":"SearchAction","target":{"@type":"EntryPoint","urlTemplate":"https:\/\/www.msn.unipi.it\/it\/?s={search_term_string}"},"query-input":{"@type":"PropertyValueSpecification","valueRequired":true,"valueName":"search_term_string"}}],"inLanguage":"it-IT"},{"@type":"Organization","@id":"https:\/\/www.msn.unipi.it\/it\/#organization","name":"Museo di Storia Naturale dell'Universit\u00e0 di Pisa","url":"https:\/\/www.msn.unipi.it\/it\/","logo":{"@type":"ImageObject","inLanguage":"it-IT","@id":"https:\/\/www.msn.unipi.it\/it\/#\/schema\/logo\/image\/","url":"https:\/\/www.msn.unipi.it\/wp-content\/uploads\/2016\/07\/footer-logo.png","contentUrl":"https:\/\/www.msn.unipi.it\/wp-content\/uploads\/2016\/07\/footer-logo.png","width":220,"height":95,"caption":"Museo di Storia Naturale dell'Universit\u00e0 di Pisa"},"image":{"@id":"https:\/\/www.msn.unipi.it\/it\/#\/schema\/logo\/image\/"},"sameAs":["https:\/\/www.facebook.com\/Museo-di-Storia-Naturale-Universit\u00e0-di-Pisa-277794215612108\/","https:\/\/x.com\/msncalci","https:\/\/www.instagram.com\/museostorianaturale_calci\/","https:\/\/www.youtube.com\/channel\/UCDaMBe_RegmdCnxLPmryMxw"]}]}},"jetpack_sharing_enabled":true,"_links":{"self":[{"href":"https:\/\/www.msn.unipi.it\/it\/wp-json\/wp\/v2\/pages\/713","targetHints":{"allow":["GET"]}}],"collection":[{"href":"https:\/\/www.msn.unipi.it\/it\/wp-json\/wp\/v2\/pages"}],"about":[{"href":"https:\/\/www.msn.unipi.it\/it\/wp-json\/wp\/v2\/types\/page"}],"author":[{"embeddable":true,"href":"https:\/\/www.msn.unipi.it\/it\/wp-json\/wp\/v2\/users\/1"}],"replies":[{"embeddable":true,"href":"https:\/\/www.msn.unipi.it\/it\/wp-json\/wp\/v2\/comments?post=713"}],"version-history":[{"count":9,"href":"https:\/\/www.msn.unipi.it\/it\/wp-json\/wp\/v2\/pages\/713\/revisions"}],"predecessor-version":[{"id":17206,"href":"https:\/\/www.msn.unipi.it\/it\/wp-json\/wp\/v2\/pages\/713\/revisions\/17206"}],"up":[{"embeddable":true,"href":"https:\/\/www.msn.unipi.it\/it\/wp-json\/wp\/v2\/pages\/16083"}],"wp:featuredmedia":[{"embeddable":true,"href":"https:\/\/www.msn.unipi.it\/it\/wp-json\/wp\/v2\/media\/7525"}],"wp:attachment":[{"href":"https:\/\/www.msn.unipi.it\/it\/wp-json\/wp\/v2\/media?parent=713"}],"curies":[{"name":"wp","href":"https:\/\/api.w.org\/{rel}","templated":true}]}}